{"id":1106,"date":"2025-08-28T10:38:28","date_gmt":"2025-08-28T10:38:28","guid":{"rendered":"https:\/\/ecvents.com\/?post_type=product&#038;p=1106"},"modified":"2026-01-07T03:54:38","modified_gmt":"2026-01-07T08:54:38","slug":"duvar-penceresi-egzoz-fani-paneli-j","status":"publish","type":"product","link":"https:\/\/www.ecvents.com\/tr\/product\/duvar-penceresi-egzoz-fani-paneli-j\/","title":{"rendered":"Uzaktan kumandal\u0131 duvara montaj egzoz fan\u0131, KCVENTS 4\/6\u201d geri d\u00f6n\u00fc\u015f\u00fcml\u00fc hava ak\u0131m\u0131 veya backdraft damperi"},"content":{"rendered":"<div class=\"container-PrUkKo\">\n<div class=\"item-hGGxLi\">\n<div class=\"container-arOxqB chrome70-container\">\n<div class=\"inner-FyM8gE inner-item-swzCut\" data-target-id=\"message-box-target-id\" data-testid=\"union_message\">\n<div class=\"message-block-container-aFugD6\" data-testid=\"message-block-container\">\n<div class=\"flex flex-row w-full w-full max-w-full s-font-base text-s-color-text-secondary p-0 rounded-s-radius-s bg-transparent group data-[attr=select-mode]:-mt-10 data-[attr=select-mode]:py-10 data-[attr=select-mode]:px-16 data-[attr=select-mode]:sm:p-10 data-[attr=select-mode]:hover:bg-s-color-bg-base data-[attr=select-mode]:hover:rounded-s-radius-xs data-[attr=select-mode]:has-[:checked]:bg-s-color-bg-trans data-[attr=select-mode]:has-[:checked]:rounded-s-radius-xs data-[attr=select-mode]:pointer-events-none\" data-testid=\"receive_message\">\n<div class=\"flex flex-col flex-grow max-w-full min-w-0\">\n<div class=\"flex flex-row w-full\" data-testid=\"message_content\" data-message-id=\"18262907875209218\">\n<div class=\"w-full\" data-plugin-identifier=\"Symbol(infra:receive-message-box:text)\">\n<div class=\"container-ZYIsnH flow-markdown-body theme-samantha-Nbr9UN\" dir=\"ltr\" data-testid=\"message_text_content\" data-show-indicator=\"false\">\n<div class=\"auto-hide-last-sibling-br mdbox-table-root table-container-GhL7Lo\" data-scroll-inline-overflow=\"false\" data-scroll-inline-at-start=\"true\" data-scroll-inline-start-overflow=\"false\" data-scroll-inline-at-end=\"true\" data-scroll-inline-end-overflow=\"false\">\n<div class=\"table-scroll-container-hgHkfW mdbox-table-scroll-container\">\n<h3 data-imt_insert_failed=\"1\">1) H\u0131zl\u0131 Kar\u015f\u0131la\u015ft\u0131rma: Geri D\u00f6n\u00fc\u015ft\u00fcr\u00fclebilir ve Backdraft Damper<\/h3>\n<p data-imt_insert_failed=\"1\">Havaland\u0131rma hedefinize uygun s\u00fcr\u00fcm\u00fc se\u00e7in. ikisine de ihtiyac\u0131n varsa\u00a0<strong>giri\u015f ve egzoz<\/strong>, se\u00e7\u00a0<strong>Ters \u00e7evrilebilir hava ak\u0131m\u0131<\/strong>. sadece ihtiyac\u0131n varsa\u00a0<strong>tek y\u00f6nl\u00fc egzoz<\/strong>\u00a0ve geri ak\u0131\u015f\u0131 azaltmak, se\u00e7mek\u00a0<strong>geri tepme<\/strong>.<\/p>\n<div class=\"overflow-x-auto\">\n<table class=\"min-w-full\">\n<thead>\n<tr>\n<th class=\"whitespace-nowrap px-3 py-2\">e\u015fya<\/th>\n<th class=\"whitespace-nowrap px-3 py-2\">Ters \u00e7evrilebilir hava ak\u0131m\u0131 versiyonu<\/th>\n<th class=\"whitespace-nowrap px-3 py-2\">Backdraft damper versiyonu<\/th>\n<\/tr>\n<\/thead>\n<tbody>\n<tr>\n<td class=\"px-3 py-2\">Hava ak\u0131m\u0131 y\u00f6n\u00fc<\/td>\n<td class=\"px-3 py-2\">Ters \u00e7evrilebilir (giri\u015f \u2194 egzoz)<\/td>\n<td class=\"px-3 py-2\">egzoz<\/td>\n<\/tr>\n<tr>\n<td class=\"px-3 py-2\">geri tepme<\/td>\n<td class=\"px-3 py-2\">hi\u00e7<\/td>\n<td class=\"px-3 py-2\">Evet (geri ak\u0131\u015f\u0131 \u00f6nlemeye yard\u0131mc\u0131 olur; b\u00f6cekleri engellemeye yard\u0131mc\u0131 olur)<\/td>\n<\/tr>\n<tr>\n<td class=\"px-3 py-2\">en uygun \u015fekilde<\/td>\n<td class=\"px-3 py-2\">Temiz hava al\u0131m\u0131na ihtiya\u00e7 duyan odalar\u00a0<em>-<\/em>\u00a0egzoz esnekli\u011fi<\/td>\n<td class=\"px-3 py-2\">Tek y\u00f6nl\u00fc egzozun tercih edildi\u011fi banyolar\/mutfaklar\/garajlar<\/td>\n<\/tr>\n<tr>\n<td class=\"px-3 py-2\">hakimiyet<\/td>\n<td class=\"px-3 py-2\">Uzaktan Kumanda (s\u00fcr\u00fcm ba\u011f\u0131ml\u0131s\u0131)<\/td>\n<td class=\"px-3 py-2\">Uzaktan kumanda veya duvar anahtar\u0131 (s\u00fcr\u00fcm ba\u011f\u0131ml\u0131s\u0131)<\/td>\n<\/tr>\n<tr>\n<td class=\"px-3 py-2\">h\u0131z kontrol\u00fc<\/td>\n<td class=\"px-3 py-2\">5 a\u015famal\u0131 de\u011fi\u015fken h\u0131z<\/td>\n<td class=\"px-3 py-2\">5 a\u015famal\u0131 de\u011fi\u015fken h\u0131z<\/td>\n<\/tr>\n<tr>\n<td class=\"px-3 py-2\">motor<\/td>\n<td class=\"px-3 py-2\">EC Motoru<\/td>\n<td class=\"px-3 py-2\">EC Motoru<\/td>\n<\/tr>\n<tr>\n<td class=\"px-3 py-2\">g\u00fcr\u00fclt\u00fc etmek<\/td>\n<td class=\"px-3 py-2\">D\u00fc\u015f\u00fck g\u00fcr\u00fclt\u00fcl\u00fc \u00e7al\u0131\u015fma<\/td>\n<td class=\"px-3 py-2\">D\u00fc\u015f\u00fck g\u00fcr\u00fclt\u00fcl\u00fc \u00e7al\u0131\u015fma<\/td>\n<\/tr>\n<tr>\n<td class=\"px-3 py-2\">G\u00fc\u00e7 (ayn\u0131 boyut kar\u015f\u0131la\u015ft\u0131rmas\u0131)<\/td>\n<td class=\"px-3 py-2\"><strong>daha y\u00fcksek g\u00fc\u00e7<\/strong>\u00a0(\u00d6rnek tabloya bak\u0131n)<\/td>\n<td class=\"px-3 py-2\"><strong>daha d\u00fc\u015f\u00fck g\u00fc\u00e7<\/strong>\u00a0(\u00d6rnek tabloya bak\u0131n)<\/td>\n<\/tr>\n<\/tbody>\n<\/table>\n<\/div>\n<hr \/>\n<h3>2) Payla\u015f\u0131lan \u00d6zellikler<\/h3>\n<p>Bu \u00f6zellikler her iki versiyon i\u00e7in de ge\u00e7erlidir (tersinir hava ak\u0131m\u0131 ve backdraft damperi):<\/p>\n<div class=\"overflow-x-auto\">\n<table class=\"min-w-full\">\n<thead>\n<tr>\n<th class=\"whitespace-nowrap px-3 py-2\">Payla\u015f\u0131lan \u00f6\u011fe<\/th>\n<th class=\"whitespace-nowrap px-3 py-2\">belirtme<\/th>\n<\/tr>\n<\/thead>\n<tbody>\n<tr>\n<td class=\"px-3 py-2\">usul<\/td>\n<td class=\"px-3 py-2\">Kcvents<\/td>\n<\/tr>\n<tr>\n<td class=\"px-3 py-2\">tesis<\/td>\n<td class=\"px-3 py-2\">Duvar \/ Pencere Montaj\u0131 (Duvara Monte)<\/td>\n<\/tr>\n<tr>\n<td class=\"px-3 py-2\">uygulama<\/td>\n<td class=\"px-3 py-2\">Otel, End\u00fcstriyel, RV, Garaj, Ev<\/td>\n<\/tr>\n<tr>\n<td class=\"px-3 py-2\">i\u015flev<\/td>\n<td class=\"px-3 py-2\">Egzoz havaland\u0131rmas\u0131 (s\u00fcr\u00fcm spesifik hava ak\u0131m\u0131 y\u00f6n\u00fc ile)<\/td>\n<\/tr>\n<tr>\n<td class=\"px-3 py-2\">g\u00f6vde malzemesi<\/td>\n<td class=\"px-3 py-2\">Plastik \/ ABS (ters \u00e7evrilebilir versiyon simgelerinde ABS muhafazas\u0131)<\/td>\n<\/tr>\n<tr>\n<td class=\"px-3 py-2\">motor tipi<\/td>\n<td class=\"px-3 py-2\">EC Motor (Enerji Tasarrufu)<\/td>\n<\/tr>\n<tr>\n<td class=\"px-3 py-2\">h\u0131z kontrol\u00fc<\/td>\n<td class=\"px-3 py-2\">5 a\u015famal\u0131 h\u0131z ayar\u0131<\/td>\n<\/tr>\n<tr>\n<td class=\"px-3 py-2\">g\u00fcr\u00fclt\u00fc seviyesi<\/td>\n<td class=\"px-3 py-2\">\u2264 40 dB<\/td>\n<\/tr>\n<tr>\n<td class=\"px-3 py-2\">Uygulama Kontrol\u00fc<\/td>\n<td class=\"px-3 py-2\">hi\u00e7<\/td>\n<\/tr>\n<tr>\n<td class=\"px-3 py-2\">kullanma dili<\/td>\n<td class=\"px-3 py-2\">\u0130ngiliz<\/td>\n<\/tr>\n<tr>\n<td class=\"px-3 py-2\">garanti etmek<\/td>\n<td class=\"px-3 py-2\"><strong>3 y\u0131l<\/strong><\/td>\n<\/tr>\n<tr>\n<td class=\"px-3 py-2\">k\u00f6ken<\/td>\n<td class=\"px-3 py-2\">Guangdong, \u00c7in<\/td>\n<\/tr>\n<tr>\n<td class=\"px-3 py-2\">\u00f6zelle\u015ftirme<\/td>\n<td class=\"px-3 py-2\">Logo\/grafik \u00f6zelle\u015ftirme: 3D bask\u0131<\/td>\n<\/tr>\n<\/tbody>\n<\/table>\n<\/div>\n<hr \/>\n<h3>3) Sipari\u015f onay\u0131 i\u00e7in model tablolar<\/h3>\n<p>Se\u00e7ti\u011finiz modeli (boyut, g\u00fc\u00e7, hava ak\u0131\u015f\u0131 ve s\u00fcr\u00fcm) tam olarak onaylamak i\u00e7in a\u015fa\u011f\u0131daki tablolar\u0131 kullan\u0131n.<\/p>\n<h4>a) Ters \u00e7evrilebilir hava ak\u0131m\u0131 modelleri (tersinir y\u00f6n)<\/h4>\n<div class=\"overflow-x-auto\">\n<table class=\"min-w-full\">\n<thead>\n<tr>\n<th class=\"whitespace-nowrap px-3 py-2\">model<\/th>\n<th class=\"whitespace-nowrap px-3 py-2\">Boyut (in\u00e7)<\/th>\n<th class=\"whitespace-nowrap px-3 py-2\">torpil<\/th>\n<th class=\"whitespace-nowrap px-3 py-2\">EC Motor G\u00fcc\u00fc (W)<\/th>\n<th class=\"whitespace-nowrap px-3 py-2\">Hava ak\u0131\u015f\u0131 (m\u00b3\/saat)<\/th>\n<th class=\"whitespace-nowrap px-3 py-2\">nota lar<\/th>\n<\/tr>\n<\/thead>\n<tbody>\n<tr>\n<td class=\"px-3 py-2\"><strong>APC10-J-tersinir<\/strong><\/td>\n<td class=\"px-3 py-2\">4\"<\/td>\n<td class=\"px-3 py-2\">80\u2013245V, 50\u201360Hz<\/td>\n<td class=\"px-3 py-2\"><strong>10W<\/strong><\/td>\n<td class=\"px-3 py-2\"><strong>100<\/strong><\/td>\n<td class=\"px-3 py-2\">Ters \u00e7evrilebilir hava ak\u0131\u015f\u0131;\u00a0<strong>70 saniyelik otomatik d\u00f6ng\u00fc<\/strong>; 5 a\u015famal\u0131 h\u0131z kontrol\u00fc<\/td>\n<\/tr>\n<tr>\n<td class=\"px-3 py-2\"><strong>APC15-J-tersinir<\/strong><\/td>\n<td class=\"px-3 py-2\">6\"<\/td>\n<td class=\"px-3 py-2\">80\u2013245V, 50\u201360Hz<\/td>\n<td class=\"px-3 py-2\"><strong>10W<\/strong><\/td>\n<td class=\"px-3 py-2\"><strong>230<\/strong><\/td>\n<td class=\"px-3 py-2\">Ters \u00e7evrilebilir hava ak\u0131\u015f\u0131;\u00a0<strong>70 saniyelik otomatik d\u00f6ng\u00fc<\/strong>; 5 a\u015famal\u0131 h\u0131z kontrol\u00fc<\/td>\n<\/tr>\n<\/tbody>\n<\/table>\n<\/div>\n<h4>b) Backdraft damper modelleri (yaln\u0131zca egzoz + geri ak\u0131\u015f kar\u015f\u0131t\u0131)<\/h4>\n<div class=\"overflow-x-auto\">\n<table class=\"min-w-full\">\n<thead>\n<tr>\n<th class=\"whitespace-nowrap px-3 py-2\">model<\/th>\n<th class=\"whitespace-nowrap px-3 py-2\">Boyut (in\u00e7)<\/th>\n<th class=\"whitespace-nowrap px-3 py-2\">torpil<\/th>\n<th class=\"whitespace-nowrap px-3 py-2\">EC Motor G\u00fcc\u00fc (W)<\/th>\n<th class=\"whitespace-nowrap px-3 py-2\">Hava ak\u0131\u015f\u0131 (m\u00b3\/saat)<\/th>\n<th class=\"whitespace-nowrap px-3 py-2\">nota lar<\/th>\n<\/tr>\n<\/thead>\n<tbody>\n<tr>\n<td class=\"px-3 py-2\"><strong>APC10-J<\/strong><\/td>\n<td class=\"px-3 py-2\">4\"<\/td>\n<td class=\"px-3 py-2\">220v<\/td>\n<td class=\"px-3 py-2\"><strong>4W<\/strong><\/td>\n<td class=\"px-3 py-2\"><strong>90<\/strong><\/td>\n<td class=\"px-3 py-2\">sadece egzoz;\u00a0<strong>geri tepme<\/strong><\/td>\n<\/tr>\n<tr>\n<td class=\"px-3 py-2\"><strong>APC15-J<\/strong><\/td>\n<td class=\"px-3 py-2\">6\"<\/td>\n<td class=\"px-3 py-2\">(sa\u011flanmad\u0131)<\/td>\n<td class=\"px-3 py-2\"><strong>5W<\/strong><\/td>\n<td class=\"px-3 py-2\"><strong>180<\/strong><\/td>\n<td class=\"px-3 py-2\">sadece egzoz;\u00a0<strong>geri tepme<\/strong><\/td>\n<\/tr>\n<\/tbody>\n<\/table>\n<\/div>\n<h3 data-start=\"74\" data-end=\"153\">\ud83c\udf2c\ufe0f Standart versiyon (\u00f6r. APC-C-EC \/ termostatik sessiz \/ kablolu anahtar)<\/h3>\n<p data-start=\"154\" data-end=\"192\"><strong data-start=\"154\" data-end=\"174\">\u2705 Ana fonksiyon:<\/strong> tek y\u00f6nl\u00fc egzoz<\/p>\n<ul data-start=\"193\" data-end=\"524\">\n<li data-start=\"193\" data-end=\"267\">\n<p data-start=\"195\" data-end=\"267\">\ud83c\udfe0 Koku, nem, duman veya kirleticiler i\u00e7eren i\u00e7 mekan havas\u0131n\u0131 giderir<\/p>\n<\/li>\n<li data-start=\"268\" data-end=\"331\">\n<p data-start=\"270\" data-end=\"331\">\ud83d\udeaa \u0130\u00e7 mekan hava kalitesini iyile\u015ftirmek i\u00e7in a\u00e7\u0131k havada i\u00e7 mekan havas\u0131n\u0131 d\u0131\u015far\u0131 atar<\/p>\n<\/li>\n<li data-start=\"332\" data-end=\"412\">\n<p data-start=\"334\" data-end=\"412\">\ud83d\udca8 Tek y\u00f6nl\u00fc bir \u201chava ta\u015f\u0131y\u0131c\u0131s\u0131\u201d olarak d\u00fc\u015f\u00fcn\u00fcn: sadece i\u00e7 havay\u0131 d\u0131\u015far\u0131 iter<\/p>\n<\/li>\n<li data-start=\"413\" data-end=\"524\">\n<p data-start=\"415\" data-end=\"524\">\ud83c\udf73 \u00d6rnek: Pi\u015firdikten sonra, pi\u015firme dumanlar\u0131n\u0131 ve duman\u0131n\u0131 giderebilir, ancak <strong data-start=\"485\" data-end=\"522\">temiz d\u0131\u015f hava havas\u0131 getiremez<\/strong><\/p>\n<\/li>\n<\/ul>\n<hr data-start=\"526\" data-end=\"529\" \/>\n<h3 data-start=\"531\" data-end=\"594\">\ud83d\udd04 Ters \u00e7evrilebilir versiyon (\u00f6r. APC-C-EC \/ Ters \u00e7evrilebilir model)<\/h3>\n<p data-start=\"595\" data-end=\"658\"><strong data-start=\"595\" data-end=\"615\">\u2705 Ana fonksiyon:<\/strong> \u00c7ift y\u00f6nl\u00fc hava ak\u0131\u015f\u0131 (Egzoz ve Emme)<\/p>\n<ul data-start=\"659\" data-end=\"969\">\n<li data-start=\"659\" data-end=\"722\">\n<p data-start=\"661\" data-end=\"722\">\ud83c\udfe0 Kapal\u0131 kirli havay\u0131 d\u0131\u015far\u0131 atar <strong data-start=\"691\" data-end=\"720\">standart s\u00fcr\u00fcm gibi<\/strong><\/p>\n<\/li>\n<li data-start=\"723\" data-end=\"800\">\n<p data-start=\"725\" data-end=\"800\">\ud83c\udf3f \u0130ki y\u00f6nl\u00fc dola\u015f\u0131m i\u00e7in i\u00e7 mekanlarda taze d\u0131\u015f hava getirmek i\u00e7in ters \u00e7evirebilir<\/p>\n<\/li>\n<li data-start=\"801\" data-end=\"891\">\n<p data-start=\"803\" data-end=\"891\">\ud83d\udca8 \u00d6rnek: \u0130\u00e7 mekan havas\u0131 havan\u0131n t\u0131kanmas\u0131yla, temiz hava getirmek i\u00e7in ters moda ge\u00e7in.<\/p>\n<\/li>\n<li data-start=\"892\" data-end=\"969\">\n<p data-start=\"894\" data-end=\"969\">\ud83d\udd04 Normal mod, i\u00e7 mekan at\u0131k havas\u0131n\u0131 gidermek i\u00e7in standart egzoz olarak \u00e7al\u0131\u015fmaya devam ediyor<\/p>\n<\/li>\n<\/ul>\n<hr data-start=\"971\" data-end=\"974\" \/>\n<h3 data-start=\"976\" data-end=\"1000\">\ud83d\udca1 kullan\u0131c\u0131lar i\u00e7in ipu\u00e7lar\u0131:<\/h3>\n<ul data-start=\"1001\" data-end=\"1192\">\n<li data-start=\"1001\" data-end=\"1093\">\n<p data-start=\"1003\" data-end=\"1093\">Mutfak, banyo veya ihtiya\u00e7 duyulan herhangi bir i\u00e7 mekan i\u00e7in m\u00fckemmel <strong data-start=\"1064\" data-end=\"1091\">Hava kalitesi iyile\u015ftirme<\/strong><\/p>\n<\/li>\n<li data-start=\"1094\" data-end=\"1192\">\n<p data-start=\"1096\" data-end=\"1192\">Ters \u00e7evrilebilir s\u00fcr\u00fcm sa\u011flar <strong data-start=\"1124\" data-end=\"1148\">Esnek havaland\u0131rma<\/strong>, hem hava tazeli\u011fini hem de konforu art\u0131rmak<\/p>\n<\/li>\n<\/ul>\n<p data-start=\"1502\" data-end=\"1528\"><strong data-start=\"1502\" data-end=\"1526\">\ud83d\udd39 Ek notlar:<\/strong><\/p>\n<ul data-start=\"1529\" data-end=\"1703\">\n<li data-start=\"1529\" data-end=\"1570\">\n<p data-start=\"1531\" data-end=\"1570\">Duvar veya pencere montaj\u0131 i\u00e7in ideal<\/p>\n<\/li>\n<li data-start=\"1571\" data-end=\"1638\">\n<p data-start=\"1573\" data-end=\"1638\">Konut, ticari veya end\u00fcstriyel havaland\u0131rma i\u00e7in uygun<\/p>\n<\/li>\n<li data-start=\"1639\" data-end=\"1703\">\n<p data-start=\"1641\" data-end=\"1703\">Tersinir model, i\u00e7 mekan hava sirk\u00fclasyonu esnekli\u011fini art\u0131r\u0131r<\/p>\n<\/li>\n<\/ul>\n<\/div>\n<\/div>\n<\/div>\n<\/div>\n<\/div>\n<\/div>\n<\/div>\n<\/div>\n<\/div>\n<\/div>\n<\/div>\n<\/div>","protected":false},"excerpt":{"rendered":"<p>KCVENTS Duvara monte havaland\u0131rma fan\u0131, banyolarda, mutfaklarda, \u00e7ama\u015f\u0131r odalar\u0131nda ve di\u011fer ev alanlar\u0131nda nem, koku ve bayat havan\u0131n giderilmesine yard\u0131mc\u0131 olur. Kurulum ve kullan\u0131m ihtiya\u00e7lar\u0131n\u0131za uygun 4\"\/6\" boyutlar\u0131 ve farkl\u0131 konfig\u00fcrasyonlar aras\u0131ndan se\u00e7im yap\u0131n.<\/p>\n<ul>\n<li>Banyo\/mutfak\/oda havaland\u0131rmas\u0131 i\u00e7in duvara montaj montaj\u0131<\/li>\n<li>Farkl\u0131 kanal a\u00e7\u0131kl\u0131klar\u0131na uyacak \u015fekilde 4\"\/6\" boyut se\u00e7enekleri<\/li>\n<li>Kolayl\u0131k sa\u011flamak i\u00e7in uzaktan veya anahtar kontrol se\u00e7enekleri<\/li>\n<li>\u00c7evre dostu, enerji tasarruflu \u00e7al\u0131\u015fma<\/li>\n<li>Y\u00fcksek s\u0131cakl\u0131k dayan\u0131m\u0131 (yakla\u015f\u0131k\u00a0<strong>105\u00b0C<\/strong>, s\u00fcr\u00fcme ba\u011fl\u0131 olarak)<\/li>\n<li>\u00c7oklu fi\u015f tipleri: ABD \/ AB \/ \u0130ngiltere \/ AU (\u00d6deme s\u0131ras\u0131nda se\u00e7in)<\/li>\n<\/ul>","protected":false},"featured_media":3913,"comment_status":"open","ping_status":"closed","template":"","meta":{"_acf_changed":false},"product_brand":[62],"product_cat":[28],"product_tag":[31,30,29,34,32,33],"class_list":{"0":"post-1106","1":"product","2":"type-product","3":"status-publish","4":"has-post-thumbnail","6":"product_brand-kcvents","7":"product_cat-exhaust-fan","8":"product_tag-backdraft-damper","9":"product_tag-durable-abs-housing","10":"product_tag-energy-efficient-ec-motor","11":"product_tag-low-noise-operation","12":"product_tag-reversible-airflow","13":"product_tag-variable-speed-control","15":"first","16":"instock","17":"taxable","18":"shipping-taxable","19":"purchasable","20":"product-type-variable","21":"has-default-attributes"},"acf":[],"_links":{"self":[{"href":"https:\/\/www.ecvents.com\/tr\/wp-json\/wp\/v2\/product\/1106","targetHints":{"allow":["GET"]}}],"collection":[{"href":"https:\/\/www.ecvents.com\/tr\/wp-json\/wp\/v2\/product"}],"about":[{"href":"https:\/\/www.ecvents.com\/tr\/wp-json\/wp\/v2\/types\/product"}],"replies":[{"embeddable":true,"href":"https:\/\/www.ecvents.com\/tr\/wp-json\/wp\/v2\/comments?post=1106"}],"wp:featuredmedia":[{"embeddable":true,"href":"https:\/\/www.ecvents.com\/tr\/wp-json\/wp\/v2\/media\/3913"}],"wp:attachment":[{"href":"https:\/\/www.ecvents.com\/tr\/wp-json\/wp\/v2\/media?parent=1106"}],"wp:term":[{"taxonomy":"product_brand","embeddable":true,"href":"https:\/\/www.ecvents.com\/tr\/wp-json\/wp\/v2\/product_brand?post=1106"},{"taxonomy":"product_cat","embeddable":true,"href":"https:\/\/www.ecvents.com\/tr\/wp-json\/wp\/v2\/product_cat?post=1106"},{"taxonomy":"product_tag","embeddable":true,"href":"https:\/\/www.ecvents.com\/tr\/wp-json\/wp\/v2\/product_tag?post=1106"}],"curies":[{"name":"zamk","href":"https:\/\/api.w.org\/{rel}","templated":true}]}}