{"id":253,"date":"2022-05-04T14:23:18","date_gmt":"2022-05-04T14:23:18","guid":{"rendered":"https:\/\/startersites.io\/blocksy\/gadgets\/?post_type=product&#038;p=253"},"modified":"2025-10-29T02:45:09","modified_gmt":"2025-10-29T07:45:09","slug":"ec-banyo-fani","status":"publish","type":"product","link":"https:\/\/www.ecvents.com\/tr\/product\/ec-banyo-fani\/","title":{"rendered":"EC banyo fan\u0131"},"content":{"rendered":"<div class=\"column mcb-column mcb-item-ef2dc8aa4 one laptop-one tablet-one mobile-one column_column vb-item\">\n<div class=\"mcb-column-inner mfn-module-wrapper mcb-column-inner-ef2dc8aa4 mcb-item-column-inner\">\n<div class=\"column_attr mfn-inline-editor clearfix\">\n<p><img loading=\"lazy\" decoding=\"async\" class=\"alignnone size-full wp-image-2485\" src=\"https:\/\/www.kcvents.com\/wp-content\/uploads\/2025\/07\/ec-Motor-Exhaust-Fan.jpg\" alt=\"\" width=\"1000\" height=\"589\" data-no-translation=\"\" \/><\/p>\n<h4>Boyutlar(mm)<\/h4>\n<table>\n<thead>\n<tr>\n<th>model<\/th>\n<th>panel<\/th>\n<th>s\u0131kl\u0131k<\/th>\n<th>\u00e7ap<\/th>\n<\/tr>\n<\/thead>\n<tbody>\n<tr>\n<td>APC10 \u2013 EC<\/td>\n<td>142*142<\/td>\n<td>75<\/td>\n<td>98<\/td>\n<\/tr>\n<tr>\n<td>APC15 \u2013 EC<\/td>\n<td>200*200<\/td>\n<td>75<\/td>\n<td>150<\/td>\n<\/tr>\n<tr>\n<td>APC20 \u2013 EC<\/td>\n<td>250*250<\/td>\n<td>100<\/td>\n<td>180<\/td>\n<\/tr>\n<\/tbody>\n<\/table>\n<h4>\u015eartname:<\/h4>\n<table>\n<thead>\n<tr>\n<th>model<\/th>\n<th>Voltaj (V\/Hz)<\/th>\n<th>G\u00fc\u00e7 (W)<\/th>\n<th>Hava ak\u0131\u015f\u0131 (m\u00b3\/saat)<\/th>\n<th>H\u0131z (s\/dak)<\/th>\n<th>G\u00fcr\u00fclt\u00fc (dB)<\/th>\n<th>Boyut (mm)<\/th>\n<th>Delik Boyutu (mm)<\/th>\n<\/tr>\n<\/thead>\n<tbody>\n<tr>\n<td>APC10 \u2013 EC<\/td>\n<td>220V \u2013 50Hz<\/td>\n<td>4<\/td>\n<td>192<\/td>\n<td>1800<\/td>\n<td>38<\/td>\n<td>142<em>77<\/em>98<\/td>\n<td>102 \u2013 103<\/td>\n<\/tr>\n<tr>\n<td>APC15 \u2013 EC<\/td>\n<td>220V \u2013 50Hz<\/td>\n<td>5<\/td>\n<td>192<\/td>\n<td>1800<\/td>\n<td>40<\/td>\n<td>200<em>87<\/em>150<\/td>\n<td>152 \u2013 158<\/td>\n<\/tr>\n<tr>\n<td>APC20 \u2013 EC<\/td>\n<td>220V \u2013 50Hz<\/td>\n<td>6<\/td>\n<td>258<\/td>\n<td>1800<\/td>\n<td>42<\/td>\n<td>250<em>100<\/em>180<\/td>\n<td>198 \u2013 203<\/td>\n<\/tr>\n<\/tbody>\n<\/table>\n<p>&nbsp;<\/p>\n<\/div>\n<\/div>\n<\/div>\n<div class=\"column mcb-column mcb-item-95b6ace20 one laptop-one tablet-one mobile-one column_column vb-item\">\n<div class=\"mcb-column-inner mfn-module-wrapper mcb-column-inner-95b6ace20 mcb-item-column-inner\">\n<div class=\"column_attr mfn-inline-editor clearfix\">\n<p>&nbsp;<\/p>\n<div class=\"button_align align_center\"><a class=\"button button_right button_size_2\" title=\"\" href=\"mailto:info@kcvents.com\" target=\"_blank\" rel=\"noopener\"><i class=\"icon-direction\" aria-hidden=\"true\"><\/i><span class=\"button_label\">soru\u015fturma<\/span><\/a><\/div>\n<\/div>\n<\/div>\n<\/div>","protected":false},"excerpt":{"rendered":"<ol>\n<li>Y\u00fcksek performansl\u0131 EC motor ile verimli havaland\u0131rma, alan\u0131n\u0131z i\u00e7in en uygun hava ak\u0131\u015f\u0131n\u0131 sa\u011flar. G\u00fc\u00e7l\u00fc ve g\u00fcvenilir performans.<\/li>\n<li>Minimum enerji t\u00fcketirken g\u00fc\u00e7l\u00fc havaland\u0131rma i\u00e7in geli\u015fmi\u015f EC motor teknolojisi. Verimli tasar\u0131m\u0131m\u0131zla faturalardan tasarruf edin.<\/li>\n<li>Yatak odalar\u0131, ofisler veya g\u00fcr\u00fclt\u00fcye duyarl\u0131 alanlar i\u00e7in m\u00fckemmel, f\u0131s\u0131lt\u0131 sessizli\u011fi i\u00e7in tasarlanm\u0131\u015ft\u0131r. Hayran\u0131m\u0131zla huzurlu bir ortam\u0131n tad\u0131n\u0131 \u00e7\u0131kar\u0131n<\/li>\n<li>Sa\u011flam yap\u0131 ve korozyona dayan\u0131kl\u0131 malzemeler dayan\u0131kl\u0131l\u0131k sa\u011flar. G\u00fcvenilirli\u011fin gerekli oldu\u011fu banyolar, mutfaklar veya ticari ortamlar i\u00e7in idealdir.<\/li>\n<li>Basit montaj sistemi ve dahil edilen talimatlar kurulumu kolayla\u015ft\u0131r\u0131r. DIY merakl\u0131lar\u0131 veya profesyonel kurulumcular i\u00e7in sorunsuz kurulum.<\/li>\n<\/ol>\n<p><a class=\"button button_right button_size_2\" title=\"\" href=\"mailto:info@kcvents.com\" target=\"_blank\" rel=\"noopener\"><i class=\"icon-direction\" aria-hidden=\"true\"><\/i><span class=\"button_label\">soru\u015fturma<\/span><\/a>\u00a0<a class=\"button button_right button_size_2\" title=\"\" href=\"https:\/\/www.kcvents.com\/portfolio-item\/ec-motor-exhaust-fan\" target=\"_blank\" rel=\"noopener\"><i class=\"icon-acrobat\" aria-hidden=\"true\"><\/i><span class=\"button_label\">katalog<\/span><\/a><\/p>","protected":false},"featured_media":934,"comment_status":"open","ping_status":"closed","template":"","meta":{"_acf_changed":false},"product_brand":[],"product_cat":[28],"product_tag":[],"class_list":{"0":"post-253","1":"product","2":"type-product","3":"status-publish","4":"has-post-thumbnail","6":"product_cat-exhaust-fan","8":"first","9":"instock","10":"taxable","11":"shipping-taxable","12":"purchasable","13":"product-type-variable","14":"has-default-attributes"},"acf":[],"_links":{"self":[{"href":"https:\/\/www.ecvents.com\/tr\/wp-json\/wp\/v2\/product\/253","targetHints":{"allow":["GET"]}}],"collection":[{"href":"https:\/\/www.ecvents.com\/tr\/wp-json\/wp\/v2\/product"}],"about":[{"href":"https:\/\/www.ecvents.com\/tr\/wp-json\/wp\/v2\/types\/product"}],"replies":[{"embeddable":true,"href":"https:\/\/www.ecvents.com\/tr\/wp-json\/wp\/v2\/comments?post=253"}],"wp:featuredmedia":[{"embeddable":true,"href":"https:\/\/www.ecvents.com\/tr\/wp-json\/wp\/v2\/media\/934"}],"wp:attachment":[{"href":"https:\/\/www.ecvents.com\/tr\/wp-json\/wp\/v2\/media?parent=253"}],"wp:term":[{"taxonomy":"product_brand","embeddable":true,"href":"https:\/\/www.ecvents.com\/tr\/wp-json\/wp\/v2\/product_brand?post=253"},{"taxonomy":"product_cat","embeddable":true,"href":"https:\/\/www.ecvents.com\/tr\/wp-json\/wp\/v2\/product_cat?post=253"},{"taxonomy":"product_tag","embeddable":true,"href":"https:\/\/www.ecvents.com\/tr\/wp-json\/wp\/v2\/product_tag?post=253"}],"curies":[{"name":"zamk","href":"https:\/\/api.w.org\/{rel}","templated":true}]}}