{"id":255,"date":"2022-05-04T14:24:53","date_gmt":"2022-05-04T14:24:53","guid":{"rendered":"https:\/\/startersites.io\/blocksy\/gadgets\/?post_type=product&#038;p=255"},"modified":"2026-02-06T05:03:23","modified_gmt":"2026-02-06T10:03:23","slug":"ec-enerji-geri-kazanim-ventilatoru","status":"publish","type":"product","link":"https:\/\/www.ecvents.com\/tr\/product\/ec-enerji-geri-kazanim-ventilatoru\/","title":{"rendered":"EC Enerji Geri Kazan\u0131m Ventilat\u00f6r\u00fc"},"content":{"rendered":"<div class=\"mcb-wrap-background-overlay\"><\/div>\n<div class=\"column mcb-column mcb-item-rfgurxt one laptop-one tablet-one mobile-one column_column vb-item\">\n<div class=\"mcb-column-inner mfn-module-wrapper mcb-column-inner-rfgurxt mcb-item-column-inner\">\n<div class=\"column_attr mfn-inline-editor clearfix\">\n<h4>Boyutlar (birim: mm):<\/h4>\n<table>\n<thead>\n<tr id=\"thblue\">\n<th>model<\/th>\n<th>A<\/th>\n<th>B<\/th>\n<th>C<\/th>\n<th>D<\/th>\n<th>E<\/th>\n<th>F<\/th>\n<th>G<\/th>\n<th>H<\/th>\n<th>I<\/th>\n<th>J<\/th>\n<th>K<\/th>\n<\/tr>\n<\/thead>\n<tbody>\n<tr>\n<td>CHQR \u2013 180EC<\/td>\n<td>856<\/td>\n<td>750<\/td>\n<td>95<\/td>\n<td>12<\/td>\n<td>305<\/td>\n<td>536<\/td>\n<td>597<\/td>\n<td>186<\/td>\n<td>305<\/td>\n<td>536<\/td>\n<td>582<\/td>\n<\/tr>\n<tr>\n<td>CHQR \u2013 350EC<\/td>\n<td>894<\/td>\n<td>780<\/td>\n<td>145<\/td>\n<td>12<\/td>\n<td>330<\/td>\n<td>618<\/td>\n<td>665<\/td>\n<td>208<\/td>\n<td>330<\/td>\n<td>618<\/td>\n<td>665<\/td>\n<\/tr>\n<tr>\n<td>CHQR \u2013 450EC<\/td>\n<td>984<\/td>\n<td>780<\/td>\n<td>145<\/td>\n<td>21<\/td>\n<td>330<\/td>\n<td>618<\/td>\n<td>665<\/td>\n<td>208<\/td>\n<td>330<\/td>\n<td>618<\/td>\n<td>665<\/td>\n<\/tr>\n<tr>\n<td>CHQR \u2013 550EC<\/td>\n<td>894<\/td>\n<td>780<\/td>\n<td>145<\/td>\n<td>12<\/td>\n<td>330<\/td>\n<td>618<\/td>\n<td>665<\/td>\n<td>208<\/td>\n<td>330<\/td>\n<td>618<\/td>\n<td>665<\/td>\n<\/tr>\n<tr>\n<td>CHQR \u2013 600EC<\/td>\n<td>1096<\/td>\n<td>985<\/td>\n<td>195<\/td>\n<td>12<\/td>\n<td>438<\/td>\n<td>776<\/td>\n<td>822<\/td>\n<td>272<\/td>\n<td>438<\/td>\n<td>776<\/td>\n<td>822<\/td>\n<\/tr>\n<tr>\n<td>CHQR \u2013 800EC<\/td>\n<td>1096<\/td>\n<td>985<\/td>\n<td>195<\/td>\n<td>12<\/td>\n<td>438<\/td>\n<td>776<\/td>\n<td>822<\/td>\n<td>272<\/td>\n<td>438<\/td>\n<td>776<\/td>\n<td>822<\/td>\n<\/tr>\n<\/tbody>\n<\/table>\n<h4>Parametre tablosu:<\/h4>\n<table>\n<thead>\n<tr id=\"thblue\">\n<th>model<\/th>\n<th>Voltaj (V\/Hz)<\/th>\n<th>Hava ak\u0131\u015f\u0131 (m\u00b3\/saat)<\/th>\n<th>Statik Bas\u0131n\u00e7 (PA)<\/th>\n<th>G\u00fc\u00e7 (W)<\/th>\n<th>Is\u0131 D\u00f6viz H\u0131z\u0131 (%)[So\u011futma\/Is\u0131tma]<\/th>\n<th>Entalpi D\u00f6viz Kuru (%)[So\u011futma\/Is\u0131tma]<\/th>\n<th>G\u00fcr\u00fclt\u00fc (dB)<\/th>\n<th>Kanal Boyutu (mm)<\/th>\n<\/tr>\n<\/thead>\n<tbody>\n<tr>\n<td>CHQR \u2013 180EC<\/td>\n<td>180V ~ 240\/50\/60<\/td>\n<td>90~180<\/td>\n<td>115<\/td>\n<td>10~46<\/td>\n<td>60 \/ 79<\/td>\n<td>60 \/ 71<\/td>\n<td>31<\/td>\n<td>100<\/td>\n<\/tr>\n<tr>\n<td>CHQR \u2013 350EC<\/td>\n<td>180V ~ 240\/50\/60<\/td>\n<td>190~350<\/td>\n<td>122<\/td>\n<td>13~56<\/td>\n<td>61 \/ 79<\/td>\n<td>60 \/ 69<\/td>\n<td>33<\/td>\n<td>150<\/td>\n<\/tr>\n<tr>\n<td>CHQR \u2013 450EC<\/td>\n<td>180V ~ 240\/50\/60<\/td>\n<td>220~450<\/td>\n<td>146<\/td>\n<td>15~88<\/td>\n<td>60 \/ 78<\/td>\n<td>60 \/ 70<\/td>\n<td>35<\/td>\n<td>150<\/td>\n<\/tr>\n<tr>\n<td>CHQR \u2013 550EC<\/td>\n<td>180V ~ 240\/50\/60<\/td>\n<td>225~550<\/td>\n<td>158<\/td>\n<td>15~110<\/td>\n<td>58 \/ 80<\/td>\n<td>58 \/ 68<\/td>\n<td>38<\/td>\n<td>150<\/td>\n<\/tr>\n<tr>\n<td>CHQR \u2013 600EC<\/td>\n<td>180V ~ 240\/50\/60<\/td>\n<td>385~650<\/td>\n<td>197<\/td>\n<td>33~190<\/td>\n<td>58 \/ 82<\/td>\n<td>58 \/ 68<\/td>\n<td>40<\/td>\n<td>200<\/td>\n<\/tr>\n<tr>\n<td>CHQR \u2013 800EC<\/td>\n<td>180V ~ 240\/50\/60<\/td>\n<td>480~800<\/td>\n<td>239<\/td>\n<td>45~260<\/td>\n<td>58 \/ 82<\/td>\n<td>58 \/ 67<\/td>\n<td>41<\/td>\n<td>200<\/td>\n<\/tr>\n<\/tbody>\n<\/table>\n<h4>E\u011friler:<\/h4>\n<p><img loading=\"lazy\" decoding=\"async\" class=\"alignnone size-full wp-image-3376\" src=\"https:\/\/www.kcvents.com\/wp-content\/uploads\/2025\/08\/KCQR-EC-xiao.jpg\" alt=\"\" width=\"1500\" height=\"363\" data-no-translation=\"\" \/><\/p>\n<p>&nbsp;<\/p>\n<div class=\"button_align align_center\"><a class=\"button button_right button_size_2\" title=\"\" href=\"mailto:info@kcvents.com\" target=\"_blank\" rel=\"noopener\"><i class=\"icon-direction\" aria-hidden=\"true\"><\/i><span class=\"button_label\">soru\u015fturma<\/span><\/a><\/div>\n<\/div>\n<\/div>\n<\/div>","protected":false},"excerpt":{"rendered":"<p>1. EC Motoru<br \/>\nDaha iyi kontrol ve daha d\u00fc\u015f\u00fck g\u00fc\u00e7 kullan\u0131m\u0131 i\u00e7in de\u011fi\u015fken h\u0131za sahip enerji tasarruflu bir EC motoru kullan\u0131r.<\/p>\n<p>2 Is\u0131 Geri Kazan\u0131m\u0131<br \/>\nIs\u0131tma veya so\u011futma kayb\u0131n\u0131 azaltmak i\u00e7in gelen ve giden hava aras\u0131ndaki \u0131s\u0131y\u0131 aktar\u0131r.<\/p>\n<p>3. Taze hava temini<br \/>\nD\u0131\u015f havay\u0131 getirir ve ayn\u0131 zamanda eski i\u00e7 havay\u0131 giderir.<\/p>\n<p>4. filtre sistemi<br \/>\nToz ve kirleticileri engellemek i\u00e7in y\u0131kanabilir veya de\u011fi\u015ftirilebilir filtreler i\u00e7erir.<\/p>\n<p>5. Kolay Kurulum<br \/>\nKompakt \u00fcnite, duvara veya tavana monte edilebilir. Basit kurulum ve kablolama.<\/p>\n<p><a class=\"button button_right button_size_2\" title=\"\" href=\"mailto:info@kcvents.com\" target=\"_blank\" rel=\"noopener\"><i class=\"icon-direction\" aria-hidden=\"true\"><\/i><span class=\"button_label\">soru\u015fturma<\/span><\/a>\u00a0<a class=\"button button_right button_size_2\" title=\"\" href=\"https:\/\/www.kcvents.com\/wp-content\/uploads\/2025\/07\/KCQR-EC.pdf\" target=\"_blank\" rel=\"noopener\"><i class=\"icon-acrobat\" aria-hidden=\"true\"><\/i><span class=\"button_label\">katalog<\/span><\/a><\/p>","protected":false},"featured_media":926,"comment_status":"open","ping_status":"closed","template":"","meta":{"_acf_changed":false},"product_brand":[],"product_cat":[50],"product_tag":[],"class_list":{"0":"post-255","1":"product","2":"type-product","3":"status-publish","4":"has-post-thumbnail","6":"product_cat-energy-recovery-ventilator","8":"first","9":"instock","10":"taxable","11":"shipping-taxable","12":"purchasable","13":"product-type-variable","14":"has-default-attributes"},"acf":[],"_links":{"self":[{"href":"https:\/\/www.ecvents.com\/tr\/wp-json\/wp\/v2\/product\/255","targetHints":{"allow":["GET"]}}],"collection":[{"href":"https:\/\/www.ecvents.com\/tr\/wp-json\/wp\/v2\/product"}],"about":[{"href":"https:\/\/www.ecvents.com\/tr\/wp-json\/wp\/v2\/types\/product"}],"replies":[{"embeddable":true,"href":"https:\/\/www.ecvents.com\/tr\/wp-json\/wp\/v2\/comments?post=255"}],"wp:featuredmedia":[{"embeddable":true,"href":"https:\/\/www.ecvents.com\/tr\/wp-json\/wp\/v2\/media\/926"}],"wp:attachment":[{"href":"https:\/\/www.ecvents.com\/tr\/wp-json\/wp\/v2\/media?parent=255"}],"wp:term":[{"taxonomy":"product_brand","embeddable":true,"href":"https:\/\/www.ecvents.com\/tr\/wp-json\/wp\/v2\/product_brand?post=255"},{"taxonomy":"product_cat","embeddable":true,"href":"https:\/\/www.ecvents.com\/tr\/wp-json\/wp\/v2\/product_cat?post=255"},{"taxonomy":"product_tag","embeddable":true,"href":"https:\/\/www.ecvents.com\/tr\/wp-json\/wp\/v2\/product_tag?post=255"}],"curies":[{"name":"zamk","href":"https:\/\/api.w.org\/{rel}","templated":true}]}}