{"id":257,"date":"2022-05-04T14:26:24","date_gmt":"2022-05-04T14:26:24","guid":{"rendered":"https:\/\/startersites.io\/blocksy\/gadgets\/?post_type=product&#038;p=257"},"modified":"2025-11-04T21:16:55","modified_gmt":"2025-11-05T02:16:55","slug":"duvara-monte-hepa-fan-vt501-f","status":"publish","type":"product","link":"https:\/\/www.ecvents.com\/tr\/product\/duvara-monte-hepa-fan-vt501-f\/","title":{"rendered":"Duvara monte HEPA fan VT501-F"},"content":{"rendered":"<div class=\"column mcb-column mcb-item-zu642fdg6 one laptop-one tablet-one mobile-one column_column vb-item\">\n<div class=\"mcb-column-inner mfn-module-wrapper mcb-column-inner-zu642fdg6 mcb-item-column-inner\">\n<div class=\"column_attr mfn-inline-editor clearfix\">\n<h4><strong>Kurulum Prosed\u00fcr\u00fc<\/strong><\/h4>\n<p>Odalar\u0131 havaland\u0131rmak, egzoz projesi, enerji tasarrufu sa\u011flamak, temiz havay\u0131 da\u011f\u0131tmak i\u00e7in tasarlanm\u0131\u015ft\u0131r.<\/p>\n<p>VT501\/VT501 \u2013 WF\/VT501 \u2013 MS<\/p>\n<table>\n<tbody>\n<tr>\n<td>h\u0131z<\/td>\n<td>uyku<\/td>\n<td>\u2160<\/td>\n<td>\u2161<\/td>\n<td>\u2162<\/td>\n<\/tr>\n<tr>\n<td>torpil<\/td>\n<td colspan=\"5\">12VDC veya 100 \u2013 240V 50 \u2013 60Hz<\/td>\n<\/tr>\n<tr>\n<td>Ventilat\u00f6r Toplam G\u00fc\u00e7 (W)<\/td>\n<td>2.5<\/td>\n<td>3.0<\/td>\n<td>4.5<\/td>\n<td>8.5<\/td>\n<\/tr>\n<tr>\n<td>Ventilat\u00f6r ak\u0131m\u0131(A)<\/td>\n<td>0.025<\/td>\n<td>0.030<\/td>\n<td>0.045<\/td>\n<td>0.070<\/td>\n<\/tr>\n<tr>\n<td>Hava ak\u0131\u015f\u0131 (m\u00b3\/saat)<\/td>\n<td>20<\/td>\n<td>48<\/td>\n<td>54<\/td>\n<td>60<\/td>\n<\/tr>\n<tr>\n<td>H\u0131z (rpm)<\/td>\n<td>630<\/td>\n<td>1100<\/td>\n<td>1600<\/td>\n<td>2200<\/td>\n<\/tr>\n<tr>\n<td>Ta\u015f\u0131nan hava s\u0131cakl\u0131\u011f\u0131<\/td>\n<td colspan=\"5\">-20\u00b0C(-4\u00b0F) ila +50\u00b0C(122\u00b0F)<\/td>\n<\/tr>\n<tr>\n<td>Is\u0131 de\u011fi\u015fim verimlili\u011fi<\/td>\n<td colspan=\"5\">90%'ye kadar<\/td>\n<\/tr>\n<tr>\n<td>\u0131s\u0131 de\u011fi\u015ftirici \u00e7ekirdek<\/td>\n<td colspan=\"5\">seramik<\/td>\n<\/tr>\n<\/tbody>\n<\/table>\n<p>b\u00fcy\u00fckl\u00fck<\/p>\n<p><img decoding=\"async\" src=\"https:\/\/www.kcvents.com\/wp-content\/uploads\/2021\/12\/VT501-F-size.jpg\" data-no-translation=\"\" \/><\/p>\n<table>\n<thead>\n<tr>\n<th>parametre<\/th>\n<th>de\u011fer<\/th>\n<\/tr>\n<\/thead>\n<tbody>\n<tr>\n<td>\u200b<strong>\u00e7ap birimi<\/strong>\u200b<\/td>\n<td>160 mm<\/td>\n<\/tr>\n<tr>\n<td>\u200b<strong>d\u0131\u015f boru<\/strong>\u200b<\/td>\n<td>163 mm<\/td>\n<\/tr>\n<tr>\n<td>\u200b<strong>\u00c7ap\/duvar kal\u0131nl\u0131\u011f\u0131<\/strong>\u200b<\/td>\n<td>Standart: 250 mm \u2013 500 mm<\/td>\n<\/tr>\n<tr>\n<td>\u200b<strong>montaj t\u00fcp\u00fc<\/strong>(kesilebilir)<\/td>\n<td>250 mm ila 500 mm<\/td>\n<\/tr>\n<tr>\n<td>\u200b<strong>\u0130\u00e7 Kapak<\/strong>\u200b<\/td>\n<td>242 mm \u00d7 242 mm<\/td>\n<\/tr>\n<\/tbody>\n<\/table>\n<\/div>\n<\/div>\n<\/div>\n<div class=\"column mcb-column mcb-item-j0ieo32ou one laptop-one tablet-one mobile-one column_button vb-item\">\n<div class=\"mcb-column-inner mfn-module-wrapper mcb-column-inner-j0ieo32ou mcb-item-button-inner\">\n<div class=\"button_align align_center\"><a class=\"button button_right button_size_2\" title=\"\" href=\"mailto:info@kcvents.com\"><i class=\"icon-direction\" aria-hidden=\"true\"><\/i><span class=\"button_label\">soru\u015fturma<\/span><\/a><\/div>\n<\/div>\n<\/div>","protected":false},"excerpt":{"rendered":"<ol>\n<li>\u00c7ift filtreli hava modu, 24 saat boyunca i\u00e7 mekanda temiz hava ile doldurulur.<\/li>\n<li>Kare fan g\u00f6vdesi, g\u00fczel asma kurulum, \u00e7e\u015fitli dekorasyon stilleri i\u00e7in uygundur.<\/li>\n<li>\u0130\u00e7 havay\u0131 temizleyin, s\u00fcrekli filtre PM2.5, formaldehit vb.<\/li>\n<li>360\u00b0 a\u00e7\u0131l\u0131 hava giri\u015fi i\u00e7in yeni tasar\u0131m.<\/li>\n<li>K\u0131z\u0131l\u00f6tesi sens\u00f6r kontrol\u00fc, kolay kullan\u0131m.<\/li>\n<li>Nem modu\u2014Fan, nem sens\u00f6r\u00fc taraf\u0131ndan otomatik olarak kontrol edilir.<\/li>\n<\/ol>\n<p><a class=\"button button_right button_size_2\" title=\"\" href=\"mailto:info@kcvents.com\" target=\"_blank\" rel=\"noopener\"><i class=\"icon-direction\" aria-hidden=\"true\"><\/i><span class=\"button_label\">soru\u015fturma<\/span><\/a>\u00a0<a class=\"button button_right button_size_2\" title=\"\" href=\"https:\/\/www.kcvents.com\/wp-content\/uploads\/2022\/03\/VT-501-INSTALLATION.pdf\" target=\"_blank\" rel=\"noopener\"><i class=\"icon-acrobat\" aria-hidden=\"true\"><\/i><span class=\"button_label\">katalog<\/span><\/a><\/p>","protected":false},"featured_media":1750,"comment_status":"open","ping_status":"closed","template":"","meta":{"_acf_changed":false},"product_brand":[],"product_cat":[25],"product_tag":[],"class_list":{"0":"post-257","1":"product","2":"type-product","3":"status-publish","4":"has-post-thumbnail","6":"product_cat-single-room-hrv","8":"first","9":"instock","10":"taxable","11":"shipping-taxable","12":"purchasable","13":"product-type-simple"},"acf":[],"_links":{"self":[{"href":"https:\/\/www.ecvents.com\/tr\/wp-json\/wp\/v2\/product\/257","targetHints":{"allow":["GET"]}}],"collection":[{"href":"https:\/\/www.ecvents.com\/tr\/wp-json\/wp\/v2\/product"}],"about":[{"href":"https:\/\/www.ecvents.com\/tr\/wp-json\/wp\/v2\/types\/product"}],"replies":[{"embeddable":true,"href":"https:\/\/www.ecvents.com\/tr\/wp-json\/wp\/v2\/comments?post=257"}],"wp:featuredmedia":[{"embeddable":true,"href":"https:\/\/www.ecvents.com\/tr\/wp-json\/wp\/v2\/media\/1750"}],"wp:attachment":[{"href":"https:\/\/www.ecvents.com\/tr\/wp-json\/wp\/v2\/media?parent=257"}],"wp:term":[{"taxonomy":"product_brand","embeddable":true,"href":"https:\/\/www.ecvents.com\/tr\/wp-json\/wp\/v2\/product_brand?post=257"},{"taxonomy":"product_cat","embeddable":true,"href":"https:\/\/www.ecvents.com\/tr\/wp-json\/wp\/v2\/product_cat?post=257"},{"taxonomy":"product_tag","embeddable":true,"href":"https:\/\/www.ecvents.com\/tr\/wp-json\/wp\/v2\/product_tag?post=257"}],"curies":[{"name":"zamk","href":"https:\/\/api.w.org\/{rel}","templated":true}]}}