{"id":259,"date":"2022-05-04T14:27:46","date_gmt":"2022-05-04T14:27:46","guid":{"rendered":"https:\/\/startersites.io\/blocksy\/gadgets\/?post_type=product&#038;p=259"},"modified":"2026-03-25T01:46:01","modified_gmt":"2026-03-25T06:46:01","slug":"isi-geri-kazanim-ventilatoru-vt125","status":"publish","type":"product","link":"https:\/\/www.ecvents.com\/tr\/product\/isi-geri-kazanim-ventilatoru-vt125\/","title":{"rendered":"Is\u0131 Geri Kazan\u0131m Ventilat\u00f6r\u00fc VT125"},"content":{"rendered":"<h4 class=\"wp-block-heading\">Boyutlar (birim: mm):<\/h4>\n\n\n\n<figure class=\"wp-block-image\"><img decoding=\"async\" src=\"https:\/\/www.kcvents.com\/wp-content\/uploads\/2025\/07\/model-2.png\" alt=\"\" class=\"wp-image-2550\" data-no-translation=\"\"\/><\/figure>\n\n\n\n<h4 class=\"wp-block-heading\">\u00dcr\u00fcn \u00d6zellikleri<\/h4>\n\n\n\n<figure class=\"wp-block-table\"><table><thead><tr><td><strong>alan (\u0130ngilizce)<\/strong><\/td><td><strong>de\u011fer<\/strong><\/td><td><strong>alan (\u0130ngilizce)<\/strong><\/td><td><strong>de\u011fer<\/strong><\/td><\/tr><\/thead><tbody><tr><td><strong>torpil<\/strong><\/td><td>ba\u015fka<\/td><td><strong>Tehlikeli Kimyasallar<\/strong><\/td><td>hi\u00e7<\/td><\/tr><tr><td><strong>marka<\/strong><\/td><td>Kcvents<\/td><td><strong>model numaras\u0131<\/strong><\/td><td>VT125-WF<\/td><\/tr><tr><td><strong>men\u015fe yeri<\/strong><\/td><td>Anakara \u00c7in<\/td><td><strong>belgeleme<\/strong><\/td><td>ce<\/td><\/tr><tr><td><strong>g\u00fc\u00e7<\/strong><\/td><td>12W<\/td><td><strong>Pano Boyutu<\/strong><\/td><td>245 \u00d7 245 mm<\/td><\/tr><tr><td><strong>g\u00fc\u00e7 kayna\u011f\u0131<\/strong><\/td><td>90V-240V 50\/60Hz<\/td><td><strong>ge\u00e7erli alan<\/strong><\/td><td>24 m\u00b2 (258 metrekare)<\/td><\/tr><\/tbody><\/table><\/figure>\n\n\n\n<h4 class=\"wp-block-heading\">Parametre tablosu:<\/h4>\n\n\n\n<figure class=\"wp-block-table\"><table><tbody><tr><th><strong>h\u0131z<\/strong><\/th><th><strong>uyku<\/strong><\/th><th><strong>\u2160<\/strong><\/th><th><strong>\u2161<\/strong><\/th><th><strong>\u2162<\/strong><\/th><\/tr><tr><td>torpil<\/td><td colspan=\"4\">12VDC veya 100 \u2013 240V 50 \u2013 60Hz<\/td><\/tr><tr><td>Ventilat\u00f6r Toplam G\u00fc\u00e7 (W)<\/td><td>5.5<\/td><td>6.0<\/td><td>8.5<\/td><td>12<\/td><\/tr><tr><td>Ventilat\u00f6r ak\u0131m\u0131 (A)<\/td><td>0.035<\/td><td>0.040<\/td><td>0.050<\/td><td>0.080<\/td><\/tr><tr><td>Hava ak\u0131\u015f\u0131 (m\u00b3\/saat)<\/td><td>20<\/td><td>30<\/td><td>45<\/td><td>60<\/td><\/tr><tr><td>H\u0131z (rpm)<\/td><td>1000<\/td><td>1200<\/td><td>2050<\/td><td>2900<\/td><\/tr><tr><td>Ta\u015f\u0131nan hava s\u0131cakl\u0131\u011f\u0131<\/td><td colspan=\"4\">-20\u00b0C (-4\u00b0F) ila +50\u00b0C (122\u00b0F)<\/td><\/tr><tr><td>Is\u0131 de\u011fi\u015fim verimlili\u011fi<\/td><td colspan=\"4\">90%'ye kadar<\/td><\/tr><tr><td>\u0131s\u0131 de\u011fi\u015ftirici \u00e7ekirdek<\/td><td colspan=\"4\">seramik<\/td><\/tr><\/tbody><\/table><\/figure>\n\n\n\n<h4 class=\"wp-block-heading\">sessiz verimlilik. temiz denge. G\u00fcndelik konfor i\u00e7in in\u015fa edilmi\u015ftir.<\/h4>\n\n\n\n<p>bira&nbsp;<strong>VT125\u202fHeat\u202fRecovery\u202fAntilator<\/strong>&nbsp;\u0130yi havan\u0131n ses \u00e7\u0131karmak zorunda olmad\u0131\u011f\u0131n\u0131 kan\u0131tlar. Arka planda sessizce \u00e7al\u0131\u015farak, aksi takdirde kaybolacak olan \u0131s\u0131 enerjisinin 90'a kadar %'sine kadar geri kazan\u0131rken, taze d\u0131\u015f hava ile s\u00fcrekli olarak bayat i\u00e7 havay\u0131 de\u011fi\u015ftirir. Sonu\u00e7: do\u011fal olarak tazelenmi\u015f, dengeli ve rahat bir \u015fekilde canl\u0131 hisseden bir alan.<\/p>\n\n\n\n<p>\u00d6z\u00fcnde, bir&nbsp;<strong>Seramik Is\u0131\u2011Exchange Mod\u00fcl\u00fc<\/strong>&nbsp;D\u0131\u015f havadan gelen ak\u0131\u015fa s\u0131cakl\u0131\u011f\u0131 aktar\u0131r. K\u0131\u015f\u0131n i\u00e7 mekanlar\u0131 rahat tutar ve yaz aylar\u0131nda \u0131s\u0131 kazanc\u0131n\u0131 en aza indirir; konfordan \u00f6d\u00fcn vermeden HVAC y\u00fck\u00fcn\u00fc ve enerji maliyetlerini azalt\u0131r.<\/p>\n\n\n\n<p>taraf\u0131ndan y\u00f6nlendirilen bir&nbsp;<strong>Enerji tasarrufu EcMotoru<\/strong>, VT125, f\u0131s\u0131lt\u0131-sessiz seviyelerde p\u00fcr\u00fczs\u00fcz, verimli hava ak\u0131\u015f\u0131n\u0131 sa\u011flar. Maksimum 60 \u202f\u00b3\/H\u202fairflow'unda bile, yaln\u0131zca 5,5\u201312w\u202fWeP g\u00fc\u00e7 t\u00fcketir ve sessizli\u011fin en \u00f6nemli oldu\u011fu yatak odalar\u0131na, ofislere veya st\u00fcdyo alanlar\u0131na sorunsuz bir \u015fekilde kar\u0131\u015f\u0131r.<\/p>\n\n\n\n<p>A&nbsp;<strong>\u0130nce, rafine profil<\/strong>&nbsp;Alan\u0131n \u00f6nemli oldu\u011fu modern daireler i\u00e7in m\u00fckemmel olan tavanlara, duvarlara veya dolaplara kurulum sa\u011flar. onun&nbsp;<strong>\u00c7ift katmanl\u0131 filtrasyon sistemi<\/strong>&nbsp;Hem kaba hem de ince kirleticileri idare eder: A\u202fPrimary\u202fFilterFor\u202fDust\u202fAnd\u202fLint,Plus OpsiyonelHepaveAktif Karbon\u202fElements\u202fA\u015f\u0131r\u0131 Alerjenler,Odorlar,AveLayar-Ayr\u0131-PartiCles,Ayr\u0131-Fine\u202fParticles,Leating.<\/p>\n\n\n\n<p>Bak\u0131m basittir. Filtreler temizlik i\u00e7in d\u0131\u015far\u0131 kayar ve aray\u00fcz sezgisel kal\u0131r - karma\u015f\u0131kl\u0131k yok, tela\u015f yok. Bir kez kurulduktan sonra, dengeli havan\u0131n sakin berrakl\u0131\u011f\u0131n\u0131n tad\u0131n\u0131 \u00e7\u0131kar\u0131rken sessizce i\u015fini yapar.<\/p>","protected":false},"excerpt":{"rendered":"<p>1.KCVENTS VT125 HRV \u2013 Y\u00fcksek verimli \u0131s\u0131 geri kazan\u0131ml\u0131 vantilat\u00f6r.<br \/>\nIs\u0131y\u0131 geri kazanmak, maliyetleri azaltmak ve i\u00e7 mekan hava kalitesini iyile\u015ftirmek i\u00e7in geli\u015fmi\u015f teknolojiler kullan\u0131l\u0131r.<\/p>\n<p>2 Sessiz \u00e7al\u0131\u015fma: EC motor ile donat\u0131lm\u0131\u015f, d\u00fc\u015f\u00fck g\u00fcr\u00fclt\u00fc ve y\u00fcksek verimlilik sa\u011flayarak onu evler ve ofisler i\u00e7in ideal hale getirir.<\/p>\n<p>3.Compact: \u0130nce tasar\u0131m, k\u00fc\u00e7\u00fck ve orta alanlardaki tavanlara, duvarlara veya dolaplara uyar.<\/p>\n<p>4.Geli\u015fmi\u015f Filtreleme: VT125, toz, alerjen ve kirleticileri uzakla\u015ft\u0131rmak i\u00e7in bir \u00f6n filtre ve iste\u011fe ba\u011fl\u0131 HEPA ve karbon filtreleri i\u00e7erir.<\/p>\n<p>5. Basit kontroller ve d\u00fc\u015f\u00fck bak\u0131m: Kullan\u0131m kolayl\u0131\u011f\u0131 g\u00f6z \u00f6n\u00fcnde bulundurularak tasarlanan VT125, zahmetsiz \u00e7al\u0131\u015fma ve d\u00fc\u015f\u00fck bak\u0131m i\u00e7in sezgisel bir aray\u00fcze sahiptir. En iyi \u0131s\u0131 geri kazan\u0131m\u0131 ve hava sirk\u00fclasyonu sa\u011flayan sorunsuz bir HRV sistemi arayan herkes i\u00e7in idealdir.<\/p>\n<p>&nbsp;<\/p>\n<p><a class=\"button button_right button_size_2\" title=\"\" href=\"mailto:info@kcvents.com\" target=\"_blank\" rel=\"noopener\"><i class=\"icon-direction\" aria-hidden=\"true\"><\/i><span class=\"button_label\">soru\u015fturma<\/span><\/a>\u00a0<a class=\"button button_right button_size_2\" title=\"\" href=\"https:\/\/www.kcvents.com\/wp-content\/uploads\/2025\/07\/VT125.pdf\" target=\"_blank\" rel=\"noopener\"><i class=\"icon-acrobat\" aria-hidden=\"true\"><\/i><span class=\"button_label\">katalog<\/span><\/a><\/p>","protected":false},"featured_media":915,"comment_status":"open","ping_status":"closed","template":"","meta":{"_acf_changed":false},"product_brand":[],"product_cat":[25],"product_tag":[],"class_list":{"0":"post-259","1":"product","2":"type-product","3":"status-publish","4":"has-post-thumbnail","6":"product_cat-single-room-hrv","8":"first","9":"instock","10":"taxable","11":"shipping-taxable","12":"purchasable","13":"product-type-variable","14":"has-default-attributes"},"acf":[],"_links":{"self":[{"href":"https:\/\/www.ecvents.com\/tr\/wp-json\/wp\/v2\/product\/259","targetHints":{"allow":["GET"]}}],"collection":[{"href":"https:\/\/www.ecvents.com\/tr\/wp-json\/wp\/v2\/product"}],"about":[{"href":"https:\/\/www.ecvents.com\/tr\/wp-json\/wp\/v2\/types\/product"}],"replies":[{"embeddable":true,"href":"https:\/\/www.ecvents.com\/tr\/wp-json\/wp\/v2\/comments?post=259"}],"wp:featuredmedia":[{"embeddable":true,"href":"https:\/\/www.ecvents.com\/tr\/wp-json\/wp\/v2\/media\/915"}],"wp:attachment":[{"href":"https:\/\/www.ecvents.com\/tr\/wp-json\/wp\/v2\/media?parent=259"}],"wp:term":[{"taxonomy":"product_brand","embeddable":true,"href":"https:\/\/www.ecvents.com\/tr\/wp-json\/wp\/v2\/product_brand?post=259"},{"taxonomy":"product_cat","embeddable":true,"href":"https:\/\/www.ecvents.com\/tr\/wp-json\/wp\/v2\/product_cat?post=259"},{"taxonomy":"product_tag","embeddable":true,"href":"https:\/\/www.ecvents.com\/tr\/wp-json\/wp\/v2\/product_tag?post=259"}],"curies":[{"name":"zamk","href":"https:\/\/api.w.org\/{rel}","templated":true}]}}