{"id":4538,"date":"2026-03-19T05:47:39","date_gmt":"2026-03-19T10:47:39","guid":{"rendered":"https:\/\/www.ecvents.com\/product\/ec-motor-shutter-exhaust-fan-2\/"},"modified":"2026-03-19T05:47:40","modified_gmt":"2026-03-19T10:47:40","slug":"ec-motor-deklansor-egzoz-fani-2","status":"publish","type":"product","link":"https:\/\/www.ecvents.com\/tr\/product\/ec-motor-deklansor-egzoz-fani-2\/","title":{"rendered":"EC motor deklan\u015f\u00f6r egzoz fan\u0131"},"content":{"rendered":"<div class=\"someee\">\n<h2><strong>Ak\u0131ll\u0131 g\u00fc\u00e7. Sessiz hassasiyet. Ger\u00e7ek havay\u0131 hareket ettirmek i\u00e7in \u00fcretilmi\u015ftir.<\/strong><\/h2>\nbira\u00a0<strong>Ecmotor \u202fShutterExhaust<\/strong>\u00a0havaland\u0131rman\u0131n hissedilmesi, duyulmamas\u0131 gereken durumlarda tasarlanm\u0131\u015ft\u0131r. At\u00f6lyeler, \u00e7at\u0131 katlar\u0131, seralar ve zorlu ticari b\u00f6lgeler i\u00e7in tasarlanan bu \u00fcr\u00fcn, p\u00fcr\u00fczs\u00fcz, kalibre edilmi\u015f yo\u011funlu\u011fa sahip 16 in\u00e7lik bir deklan\u015f\u00f6r sistemi arac\u0131l\u0131\u011f\u0131yla 2,560 CFM havay\u0131 hareket ettirir. A\u202fSmart 10-Speed PWM Controller, \u00e7\u0131k\u0131\u015f\u0131n\u0131 an\u0131nda ayarlar; h\u0131z, ses ve enerji kullan\u0131m\u0131n\u0131 m\u00fckemmel orant\u0131da dengeler. Onun formu dayan\u0131kl\u0131l\u0131k dilini konu\u015fur.\u00a0<strong>Galvanizli \u00e7elik panjurlar<\/strong>\u00a0Bo\u015ftayken s\u0131k\u0131ca kapat\u0131n, toza ve ya\u011fmura kar\u015f\u0131 korurken\u00a0<strong>Aerodinamik Al\u00fcminyum B\u0131\u00e7aklar<\/strong>\u00a0Uzun saatler boyunca s\u00fcrekli kullan\u0131mda serbest\u00e7e d\u00f6n\u00fcn. \u0130\u00e7eride, A\u202fNextGenery\u00a0<strong>Elektronik olarak de\u011fi\u015ftirilmi\u015f motor<\/strong>\u00a0G\u00fcc\u00fc, mekanik zorlanma olmadan sabit torka d\u00f6n\u00fc\u015ft\u00fcr\u00fcr, sadece 67\u201370DBA'da g\u00fc\u00e7l\u00fc hava ak\u0131\u015f\u0131n\u0131 sa\u011flar. Her \u00f6zelli\u011fin bir amac\u0131 vard\u0131r.\u00a0<strong>\u00c7ift bilyal\u0131 rulmanlar<\/strong>,\u00a0<strong>IP44 dereceli s\u0131zd\u0131rmazl\u0131k<\/strong>, ve\u00a0<strong>A\u202fArozyona dayan\u0131kl\u0131 \u00e7er\u00e7eve<\/strong>\u00a0Fan'\u0131n \u00e7al\u0131\u015fma \u00f6mr\u00fcn\u00fc 67.000 saatin \u00f6tesine uzat\u0131n.\u00a0<strong>UIS-Platform Uyumlulu\u011fu<\/strong>\u00a0Yerle\u015fik bellek, her ba\u015flatmada son ayarlar\u0131n\u0131z\u0131 hat\u0131rlat\u0131rken, otomatik ortamlar i\u00e7in entegrasyonu zahmetsiz hale getirir. Garajlardan yeti\u015ftirme odalar\u0131na kadar, dikkat gerektirmeden g\u00fcvenilir hava ak\u0131\u015f\u0131 sa\u011flar - sessiz zeka i\u00e7in \u015fekillendirilmi\u015f end\u00fcstriyel dayan\u0131kl\u0131l\u0131k.\n\n<\/div>\n<hr \/>\nPerformans:\n<div class=\"scroll-table-wrapper\">\n<div class=\"scroll-table\">\n<table id=\"tablepress-65\" class=\"tablepress tablepress-id-65\">\n<thead>\n<tr class=\"row-1\">\n\t<th class=\"column-1\">belirtme<\/th><th class=\"column-2\">titiz<\/th>\n<\/tr>\n<\/thead>\n<tbody class=\"row-striping row-hover\">\n<tr class=\"row-2\">\n\t<td class=\"column-1\">yelpaze boyutu<\/td><td class=\"column-2\">16 in\u00e7 (40,6 cm)<\/td>\n<\/tr>\n<tr class=\"row-3\">\n\t<td class=\"column-1\">Genel boyutlar<\/td><td class=\"column-2\">19.09\" \u00d7 19.09\" \u00d7 7.72\" (48.5 \u00d7 48.5 \u00d7 19.6 cm)<\/td>\n<\/tr>\n<tr class=\"row-4\">\n\t<td class=\"column-1\">Montaj Deli\u011fi Boyutu<\/td><td class=\"column-2\">Yakla\u015f\u0131k 16,92\" \u00d7 16,92\" (43 \u00d7 43 cm)<\/td>\n<\/tr>\n<tr class=\"row-5\">\n\t<td class=\"column-1\">Hava Ak\u0131\u015f\u0131 Kapasitesi<\/td><td class=\"column-2\">2.560 CFM (y\u00fcksek verimli havaland\u0131rma)<\/td>\n<\/tr>\n<tr class=\"row-6\">\n\t<td class=\"column-1\">statik bas\u0131n\u00e7<\/td><td class=\"column-2\">25,9 mm-H\u2082O (yakla\u015f\u0131k 96 Pa)<\/td>\n<\/tr>\n<tr class=\"row-7\">\n\t<td class=\"column-1\">g\u00fcr\u00fclt\u00fc seviyesi<\/td><td class=\"column-2\">Tipik olarak 70 dBA (kaynaklar aras\u0131nda 67-70 dBA aras\u0131nda de\u011fi\u015fir)<\/td>\n<\/tr>\n<tr class=\"row-8\">\n\t<td class=\"column-1\">S\u00fcr\u00fcc\u00fc ve Kontrol<\/td><td class=\"column-2\">PWM ak\u0131ll\u0131 mod\u00fclasyon, 10 vitesli (baz\u0131 modeller 8 vitesli), bellek fonksiyonu ile<\/td>\n<\/tr>\n<tr class=\"row-9\">\n\t<td class=\"column-1\">motor tipi<\/td><td class=\"column-2\">EC (elektronik olarak de\u011fi\u015ftirilmi\u015f) enerji tasarruflu motor, d\u00fc\u015f\u00fck g\u00fcr\u00fclt\u00fc, y\u00fcksek verimlilik<\/td>\n<\/tr>\n<tr class=\"row-10\">\n\t<td class=\"column-1\">G\u00fc\u00e7 \/ Ak\u0131m<\/td><td class=\"column-2\">100 W \/ 1,5 A (100\u2013240 V AC, 50\/60 Hz)<\/td>\n<\/tr>\n<tr class=\"row-11\">\n\t<td class=\"column-1\">Rulmanlar ve \u00d6mr\u00fc<\/td><td class=\"column-2\">\u00c7ift bilyal\u0131 rulmanlar, 67.000 saat s\u00fcreyle L10 \u00f6mr\u00fc<\/td>\n<\/tr>\n<tr class=\"row-12\">\n\t<td class=\"column-1\">Giri\u015f Korumas\u0131<\/td><td class=\"column-2\">IP-44 dereceli, toza ve suya dayan\u0131kl\u0131; korozyona dayan\u0131kl\u0131 yap\u0131sal tasar\u0131m<\/td>\n<\/tr>\n<\/tbody>\n<\/table>\n<!-- #tablepress-65 from cache --><\/div>\n<\/div>\n<div><\/div>\n<div class=\"woocb\"><a class=\"wocb\" href=\"https:\/\/www.beiaole.com\/wp-content\/uploads\/2025\/08\/EC-Motor-Shutter-Exhaust-Fan-1.pdf\" target=\"_blank\" rel=\"noopener\">\u015fekil<\/a><\/div>\n<div><\/div>","protected":false},"excerpt":{"rendered":"<ul>\n<li>\n<h2>Y\u00fcksek verimlilikte hava ak\u0131\u015f\u0131:<\/h2>\n<p>16 in\u00e7likfan hareket eder2,560\u202fCFM(4,350m\u00b3\/H)Statik bas\u0131n\u00e7 ile 96PaG\u00fc\u00e7l\u00fc, dengeli havaland\u0131rma.<\/li>\n<li>\n<h2>Geli\u015fmi\u015f EC\u202fMotorTeknoloji:<\/h2>\n<p>PWM\u202fControl\u202fAbluesspection\u202fH\u0131z Mod\u00fclasyonu,10\u2010Seviye Ayarlama ve \u00dcst\u00fcn Enerji Verimlili\u011fi.<\/li>\n<li>\n<h2>Dayan\u0131kl\u0131-\u0130n\u015faat:<\/h2>\n<p>Korozyona dayan\u0131kl\u0131 \u00e7elik demetler ve hafif a\u011f\u0131rl\u0131kl\u0131 al\u00fcminyum b\u0131\u00e7aklar, s\u00fcreklilik i\u00e7in tasarlanm\u0131\u015f nemli veya tozlu \u00e7evreler.<\/li>\n<li>\n<h2>sessiz g\u00fcc\u00fc:<\/h2>\n<p>67\u201370DBA\u202fDaireVersik ciddi hava ak\u0131\u015f\u0131 aras\u0131nda, a\u011f\u0131r mekanik g\u00fcr\u00fclt\u00fc olmadan ciddi hava ak\u0131\u015f\u0131.<\/li>\n<li>\n<h2>Uzun hizmet<\/h2>\n<p>\u0130kili top rulmanlar\u0131 destek-anl10lifespan 67.000 saatin alt\u0131nda a\u011f\u0131r y\u00fck.<\/li>\n<li>\n<h2>SmartControl\u202fEntegrasyon:<\/h2>\n<p>Tekrarlanabilir havaland\u0131rma ayarlar\u0131 i\u00e7in UIS\u2011platform, haf\u0131za ile haz\u0131rd\u0131r.<\/li>\n<li>\n<h2>\u00c7evre korumas\u0131:<\/h2>\n<p>\u202f44Toz ve Nem i\u00e7in De\u011ferlendirme.<\/li>\n<\/ul>\n<hr \/>","protected":false},"featured_media":4539,"comment_status":"open","ping_status":"open","template":"","meta":{"_acf_changed":false},"product_brand":[],"product_cat":[28],"product_tag":[],"class_list":{"0":"post-4538","1":"product","2":"type-product","3":"status-publish","4":"has-post-thumbnail","6":"product_cat-exhaust-fan","8":"first","9":"instock","10":"sale","11":"purchasable","12":"product-type-simple"},"acf":[],"_links":{"self":[{"href":"https:\/\/www.ecvents.com\/tr\/wp-json\/wp\/v2\/product\/4538","targetHints":{"allow":["GET"]}}],"collection":[{"href":"https:\/\/www.ecvents.com\/tr\/wp-json\/wp\/v2\/product"}],"about":[{"href":"https:\/\/www.ecvents.com\/tr\/wp-json\/wp\/v2\/types\/product"}],"replies":[{"embeddable":true,"href":"https:\/\/www.ecvents.com\/tr\/wp-json\/wp\/v2\/comments?post=4538"}],"wp:featuredmedia":[{"embeddable":true,"href":"https:\/\/www.ecvents.com\/tr\/wp-json\/wp\/v2\/media\/4539"}],"wp:attachment":[{"href":"https:\/\/www.ecvents.com\/tr\/wp-json\/wp\/v2\/media?parent=4538"}],"wp:term":[{"taxonomy":"product_brand","embeddable":true,"href":"https:\/\/www.ecvents.com\/tr\/wp-json\/wp\/v2\/product_brand?post=4538"},{"taxonomy":"product_cat","embeddable":true,"href":"https:\/\/www.ecvents.com\/tr\/wp-json\/wp\/v2\/product_cat?post=4538"},{"taxonomy":"product_tag","embeddable":true,"href":"https:\/\/www.ecvents.com\/tr\/wp-json\/wp\/v2\/product_tag?post=4538"}],"curies":[{"name":"zamk","href":"https:\/\/api.w.org\/{rel}","templated":true}]}}