{"id":4600,"date":"2026-03-19T06:01:12","date_gmt":"2026-03-19T11:01:12","guid":{"rendered":"https:\/\/www.ecvents.com\/?post_type=product&#038;p=4600"},"modified":"2026-03-19T06:02:35","modified_gmt":"2026-03-19T11:02:35","slug":"tavan-nem-alma-cihazi","status":"publish","type":"product","link":"https:\/\/www.ecvents.com\/tr\/product\/tavan-nem-alma-cihazi\/","title":{"rendered":"Tavan nem alma cihaz\u0131"},"content":{"rendered":"<div class=\"someee\">\n<h2><strong>sessiz denge. Kuru konfor. Gizli performans i\u00e7in tasarlanm\u0131\u015ft\u0131r.<\/strong><\/h2>\n<p>bira\u00a0<strong>Tavan nem alma cihaz\u0131<\/strong>\u00a0\u0130\u00e7 mekan konforuna g\u00f6r\u00fcnmez kontrol\u00fc getirir. \u00dcste gizlice monte edilmi\u015f, nemi kontrol alt\u0131nda tutar; her odan\u0131n daha hafif, daha taze ve daha kolay nefes almas\u0131 i\u00e7in sessizce nemi \u00e7\u0131kar\u0131r. \u0130zinsiz giri\u015f yok, da\u011f\u0131n\u0131kl\u0131k yok, sadece sessizce \u00fczerinizde hareket eden s\u00fcrekli sakin bir hava hissi.<\/p>\n<p>onun\u00a0<strong>Kompakt d\u00f6ner kompres\u00f6r<\/strong>\u00a0Kararl\u0131, enerji-ak\u0131ll\u0131 nem alma sa\u011flamak i\u00e7in hassas bir hava ak\u0131\u015f\u0131 sistemi ile e\u015fle\u015ftirilir. G\u00fcr\u00fclt\u00fcy\u00fc optimize edilmi\u015f kanallar ve dengeli bir fan d\u00fczene\u011fi, titre\u015fimi azalt\u0131r ve minimum akustik ayak izi ile s\u00fcrekli \u00e7al\u0131\u015fmaya olanak tan\u0131r. Sessiz tavr\u0131n\u0131n arkas\u0131nda, y\u0131llarca hizmet i\u00e7in tasarlanm\u0131\u015f g\u00fcvenilir g\u00fc\u00e7 yat\u0131yor.<\/p>\n<p>Birimin\u00a0<strong>Galvanizli \u00e7elik g\u00f6vde<\/strong>\u00a0Korozyon direnci i\u00e7in \u00e7ift kaplamal\u0131, yap\u0131sal b\u00fct\u00fcnl\u00fc\u011f\u00fc koruyarak ve zaman i\u00e7inde temiz bir y\u00fczey elde eder. i\u00e7inde,\u00a0<strong>Bak\u0131r boru ve al\u00fcminyum kanat\u00e7\u0131klar<\/strong>\u00a0Is\u0131 de\u011fi\u015fimini verimlilik ve uzun \u00f6m\u00fcrl\u00fcl\u00fckle y\u00f6netin. pek iyi\u00a0<strong>\u00c7ift havaland\u0131rma odas\u0131<\/strong>\u00a0Do\u011fal hava d\u00f6ng\u00fcs\u00fcn\u00fc te\u015fvik eder, nemli durgunlu\u011fu mekan boyunca temiz, nefes alabilen ak\u0131\u015fla de\u011fi\u015ftirir.<\/p>\n<p>etkile\u015fim sezgiseldir. bira\u00a0<strong>86-kutu dokunmatik ekran kontrol\u00fc<\/strong>\u00a0Entegre sens\u00f6rler nem, s\u0131cakl\u0131k, CO\u2082 ve PM2.5 seviyelerini izlerken modlar\u0131 an\u0131nda ayarlar; otomatik hassasiyeti asla denetlemeniz gerekmez.<\/p>\n<\/div>\n<hr \/>\n<p>Performans:<\/p>\n<div class=\"scroll-table-wrapper\">\n<div class=\"scroll-table\">\n<table id=\"tablepress-62\" class=\"tablepress tablepress-id-62\">\n<thead>\n<tr class=\"row-1\">\n\t<th class=\"column-1\">model<\/th><th class=\"column-2\">250gxd<\/th><th class=\"column-3\">350gxd<\/th><th class=\"column-4\">500gxd<\/th><th class=\"column-5\">800gxd<\/th>\n<\/tr>\n<\/thead>\n<tbody class=\"row-striping row-hover\">\n<tr class=\"row-2\">\n\t<td class=\"column-1\">voltaj(v)<\/td><td class=\"column-2\">220<\/td><td class=\"column-3\">220<\/td><td class=\"column-4\">220<\/td><td class=\"column-5\">220<\/td>\n<\/tr>\n<tr class=\"row-3\">\n\t<td class=\"column-1\">Hava hacmi (m\u00b3\/saat)<\/td><td class=\"column-2\">250<\/td><td class=\"column-3\">350<\/td><td class=\"column-4\">500<\/td><td class=\"column-5\">800<\/td>\n<\/tr>\n<tr class=\"row-4\">\n\t<td class=\"column-1\">Hava ak\u0131\u015f\u0131 (m\u00b3\/saat)<\/td><td class=\"column-2\">0~120<\/td><td class=\"column-3\">0~160<\/td><td class=\"column-4\">0~220<\/td><td class=\"column-5\">0~380<\/td>\n<\/tr>\n<tr class=\"row-5\">\n\t<td class=\"column-1\">Nem alma kapasitesi (L\/g\u00fcn)<\/td><td class=\"column-2\">32<\/td><td class=\"column-3\">58<\/td><td class=\"column-4\">70<\/td><td class=\"column-5\">120<\/td>\n<\/tr>\n<tr class=\"row-6\">\n\t<td class=\"column-1\">g\u00fc\u00e7(w)<\/td><td class=\"column-2\">580<\/td><td class=\"column-3\">720<\/td><td class=\"column-4\">850<\/td><td class=\"column-5\">1000<\/td>\n<\/tr>\n<tr class=\"row-7\">\n\t<td class=\"column-1\">Harici statik bas\u0131n\u00e7 (PA)<\/td><td class=\"column-2\">80<\/td><td class=\"column-3\">90<\/td><td class=\"column-4\">100<\/td><td class=\"column-5\">120<\/td>\n<\/tr>\n<tr class=\"row-8\">\n\t<td class=\"column-1\">G\u00fcr\u00fclt\u00fc(dB)<\/td><td class=\"column-2\">38<\/td><td class=\"column-3\">40<\/td><td class=\"column-4\">45<\/td><td class=\"column-5\">65<\/td>\n<\/tr>\n<tr class=\"row-9\">\n\t<td class=\"column-1\">a\u011f\u0131rl\u0131k(kg)<\/td><td class=\"column-2\">48<\/td><td class=\"column-3\">55<\/td><td class=\"column-4\">68<\/td><td class=\"column-5\">62<\/td>\n<\/tr>\n<tr class=\"row-10\">\n\t<td class=\"column-1\">buz \u00e7\u00f6zme modu<\/td><td class=\"column-2\">araba<\/td><td class=\"column-3\">araba<\/td><td class=\"column-4\">araba<\/td><td class=\"column-5\">araba<\/td>\n<\/tr>\n<tr class=\"row-11\">\n\t<td class=\"column-1\">Kontrol modu<\/td><td class=\"column-2\">86 - Kutu Dokunmatik Tu\u015f Ekran\u0131<\/td><td class=\"column-3\">86 - Kutu Dokunmatik Tu\u015f Ekran\u0131<\/td><td class=\"column-4\">86 - Kutu Dokunmatik Tu\u015f Ekran\u0131<\/td><td class=\"column-5\">86 - Kutu Dokunmatik Tu\u015f Ekran\u0131<\/td>\n<\/tr>\n<tr class=\"row-12\">\n\t<td class=\"column-1\">Drenaj modu<\/td><td class=\"column-2\">Hortum \u00fczerinden do\u011frudan drenaj<\/td><td class=\"column-3\">Hortum \u00fczerinden do\u011frudan drenaj<\/td><td class=\"column-4\">Hortum \u00fczerinden do\u011frudan drenaj<\/td><td class=\"column-5\">Hortum \u00fczerinden do\u011frudan drenaj<\/td>\n<\/tr>\n<tr class=\"row-13\">\n\t<td class=\"column-1\">Hava \u00c7\u0131k\u0131\u015f Boyutu (mm)<\/td><td class=\"column-2\">0150<\/td><td class=\"column-3\">0150<\/td><td class=\"column-4\">0150<\/td><td class=\"column-5\">0200(Opsiyonel 0150)<\/td>\n<\/tr>\n<tr class=\"row-14\">\n\t<td class=\"column-1\">Boyutlar(mm)<br \/>\n(uzunluk x geni\u015flik x y\u00fckseklik)<\/td><td class=\"column-2\">1100\u00d7680\u00d7300<\/td><td class=\"column-3\">1100\u00d7680\u00d7300<\/td><td class=\"column-4\">1100\u00d7680\u00d7300<\/td><td class=\"column-5\">1450 \u00d7 1000 \u00d7 350<\/td>\n<\/tr>\n<\/tbody>\n<\/table>\n<!-- #tablepress-62 from cache --><\/div>\n<\/div>\n<div><\/div>\n<div class=\"woocb\"><a class=\"wocb\" href=\"http:\/\/www.beiaole.com\/wp-content\/uploads\/2025\/09\/d5.1.pdf\" target=\"_blank\" rel=\"noopener\">\u015fekil<\/a><\/div>\n<div><\/div>","protected":false},"excerpt":{"rendered":"<ul>\n<li>\n<h2>G\u00fc\u00e7l\u00fc nem alma:<\/h2>\n<p>32\u2013120L'nin nemli bir g\u00fcn boyunca hava ak\u0131\u015flar\u0131 aras\u0131nda 250'den 800m\u00b3\/H'ye de\u011fi\u015fen hava ak\u0131\u015flar\u0131.<\/li>\n<li>\n<h2>D\u00fc\u015f\u00fck g\u00fcr\u00fclt\u00fcl\u00fc i\u015flem:<\/h2>\n<p>Akustik seviyeler, ya\u015fam i\u00e7in veya uyuyan alanlar i\u00e7in d\u00fc\u015f\u00fck-38DB yarat\u0131l\u0131r.<\/li>\n<li>\n<h2>Dayan\u0131kl\u0131\u202fT\u00fcm metal yap\u0131:<\/h2>\n<p>Galvanizli \u00e7elik konut yapma ile koruyucu kaplamaya kar\u015f\u0131 diren\u00e7 g\u00f6sterir, korozyona ve nemli ko\u015fullarda giyilir.<\/li>\n<li>\n<h2>Verimli Is\u0131tma De\u011fi\u015fimi:<\/h2>\n<p>Bak\u0131r borular\u0131 ve aluminum y\u00fczge\u00e7leri, termal transfer ve uzun vadeli istikrar\u0131 en \u00fcst d\u00fczeye \u00e7\u0131kar\u0131r.<\/li>\n<li>\n<h2>Ak\u0131ll\u0131 \u00c7evresel Sens\u00f6rler:<\/h2>\n<p>Yerle\u015fik CO\u202fCon,S\u0131cakl\u0131k,ve\u202fPm2.5Uyarlamal\u0131 \u0130klim Y\u00f6netimi i\u00e7in \u0130zleme.<\/li>\n<li>\n<h2>Kullan\u0131c\u0131 dostu kontrol:<\/h2>\n<p>86 Kutusu Mode Se\u00e7imi ve Sistem Geri Bildirimi \u0130\u00e7in Aray\u00fcze Dokunma.<\/li>\n<li>\n<h2>Esnek idrak ve defrost:<\/h2>\n<p>Otomatik \u00e7orap ve do\u011frudan \u00e7orap drenaj\u0131 bak\u0131m\u0131 basitle\u015ftirir.<\/li>\n<li>\n<h2>Kompakt tavan tasar\u0131m\u0131:<\/h2>\n<p>Ultra ince form fakt\u00f6r\u00fc(300\u2013350mm y\u00fckseklik)-modern tavanlara sorunsuz bir \u015fekilde entegre olur.<\/li>\n<\/ul>\n<hr \/>","protected":false},"featured_media":4631,"comment_status":"open","ping_status":"closed","template":"","meta":{"_acf_changed":false},"product_brand":[],"product_cat":[64],"product_tag":[],"class_list":{"0":"post-4600","1":"product","2":"type-product","3":"status-publish","4":"has-post-thumbnail","6":"product_cat-dehumidifier-series","8":"first","9":"outofstock","10":"taxable","11":"shipping-taxable","12":"purchasable","13":"product-type-variable"},"acf":[],"_links":{"self":[{"href":"https:\/\/www.ecvents.com\/tr\/wp-json\/wp\/v2\/product\/4600","targetHints":{"allow":["GET"]}}],"collection":[{"href":"https:\/\/www.ecvents.com\/tr\/wp-json\/wp\/v2\/product"}],"about":[{"href":"https:\/\/www.ecvents.com\/tr\/wp-json\/wp\/v2\/types\/product"}],"replies":[{"embeddable":true,"href":"https:\/\/www.ecvents.com\/tr\/wp-json\/wp\/v2\/comments?post=4600"}],"wp:featuredmedia":[{"embeddable":true,"href":"https:\/\/www.ecvents.com\/tr\/wp-json\/wp\/v2\/media\/4631"}],"wp:attachment":[{"href":"https:\/\/www.ecvents.com\/tr\/wp-json\/wp\/v2\/media?parent=4600"}],"wp:term":[{"taxonomy":"product_brand","embeddable":true,"href":"https:\/\/www.ecvents.com\/tr\/wp-json\/wp\/v2\/product_brand?post=4600"},{"taxonomy":"product_cat","embeddable":true,"href":"https:\/\/www.ecvents.com\/tr\/wp-json\/wp\/v2\/product_cat?post=4600"},{"taxonomy":"product_tag","embeddable":true,"href":"https:\/\/www.ecvents.com\/tr\/wp-json\/wp\/v2\/product_tag?post=4600"}],"curies":[{"name":"zamk","href":"https:\/\/api.w.org\/{rel}","templated":true}]}}