{"id":4601,"date":"2026-03-19T06:01:12","date_gmt":"2026-03-19T11:01:12","guid":{"rendered":"https:\/\/www.ecvents.com\/?post_type=product&#038;p=4601"},"modified":"2026-03-19T06:02:35","modified_gmt":"2026-03-19T11:02:35","slug":"capraz-akisli-hava-perdesi-q-serisi","status":"publish","type":"product","link":"https:\/\/www.ecvents.com\/tr\/product\/capraz-akisli-hava-perdesi-q-serisi\/","title":{"rendered":"\u00c7apraz ak\u0131\u015fl\u0131 hava perdesi Q serisi"},"content":{"rendered":"<div class=\"someee\">\n<h2><strong>sessiz kalkan. sabit konfor. Her giri\u015fi tan\u0131mlamak i\u00e7in tasarlanm\u0131\u015ft\u0131r.<\/strong><\/h2>\n<p>bira\u00a0<strong>\u00c7apraz ak\u0131\u015fl\u0131 hava perdesi Q\u202fSerisi<\/strong>\u00a0\u0130\u00e7 ve d\u0131\u015f mekan aras\u0131ndaki e\u015fi\u011fe sessiz hassasiyet getirir. G\u00f6revi basit ama gerekli - \u015fartland\u0131r\u0131lm\u0131\u015f havay\u0131 i\u00e7eride tutmak, d\u0131\u015f mekan \u0131s\u0131s\u0131n\u0131 ve tozunu d\u0131\u015far\u0131da tutmak ve yumu\u015fak, g\u00f6r\u00fcnmez bir konfor bariyeri olu\u015fturmak. Ma\u011fazalar, kafeler ve ticari mutfaklar i\u00e7in ideal olan bu, enerji tasarrufu sa\u011flarken ve her kap\u0131y\u0131 davetkar tutarken i\u00e7 mekan iklimini dengeler.<\/p>\n<p>bira\u00a0<strong>Aerodinamik kavisli konut<\/strong>\u00a0Dayan\u0131kl\u0131l\u0131\u011f\u0131 zarafetle harmanlar. Paslanmaya kar\u015f\u0131 dayan\u0131kl\u0131 metalden \u00fcretilmi\u015f, a\u015f\u0131r\u0131 a\u011f\u0131rl\u0131k olmadan sa\u011flam hissediyor. Sa\u011flam giri\u015f \u015feritleri yaln\u0131zca g\u00f6rsel de\u011fildir, tutarl\u0131 kapsama alan\u0131 i\u00e7in hava ak\u0131\u015f\u0131n\u0131 t\u00fcm geni\u015flik boyunca e\u015fit olarak dengeler. Rafine yap\u0131, kurulumu h\u0131zl\u0131 ve bak\u0131m\u0131 zahmetsiz hale getirir.<\/p>\n<p>i\u00e7inde, bir\u00a0<strong>saf bak\u0131r motor<\/strong>\u00a0-\u00a0<strong>Hassas \u00e7apraz ak\u0131\u015f tekerle\u011fi<\/strong>\u00a0Ola\u011fan\u00fcst\u00fc d\u00fc\u015f\u00fck g\u00fcr\u00fclt\u00fc ile g\u00fc\u00e7l\u00fc performans\u0131 koruyun. Hava y\u00f6n\u00fc kolayca bir\u00a0<strong>Yeniden tasarlanm\u0131\u015f k\u0131lavuz \u00e7ubu\u011fu<\/strong>, ve\u00a0<strong>\u0130ki h\u0131zl\u0131 kontrol anahtar\u0131<\/strong>\u00a0Daha y\u00fcksek ay\u0131rma gerekti\u011finde yumu\u015fak bir esintiden g\u00fc\u00e7l\u00fc bir koruyucu ak\u0131\u015fa ge\u00e7er. \u00fczerinde test edilmi\u015f\u00a0<strong>8.000 \u202fsaat s\u00fcrekli \u00e7al\u0131\u015fma<\/strong>, TheQSeries, uzun \u00f6m\u00fcrl\u00fc olacak \u015fekilde in\u015fa edilmi\u015f m\u00fchendisli\u011fin sessiz g\u00fcvencesini sunar.<\/p>\n<\/div>\n<hr \/>\n<p>Performans:<\/p>\n<div class=\"scroll-table-wrapper\">\n<div class=\"scroll-table\">\n<table id=\"tablepress-54\" class=\"tablepress tablepress-id-54\">\n<thead>\n<tr class=\"row-1\">\n\t<th class=\"column-1\">model<\/th><th class=\"column-2\">Boyutlar(mm)<\/th><th class=\"column-3\">voltaj(v)<\/th><th class=\"column-4\">frekans (Hz)<\/th><th class=\"column-5\">g\u00fc\u00e7(w)<\/th><th class=\"column-6\">H\u0131z (m\/s)<\/th><th class=\"column-7\">Hava ak\u0131\u015f\u0131 (m\u00b3\/saat)<\/th><th class=\"column-8\">G\u00fcr\u00fclt\u00fc(dB)<\/th><th class=\"column-9\">a\u011f\u0131rl\u0131k(kg)<\/th>\n<\/tr>\n<\/thead>\n<tbody class=\"row-striping row-hover\">\n<tr class=\"row-2\">\n\t<td class=\"column-1\">FM-125-06<\/td><td class=\"column-2\">600x145\u00d7185<\/td><td class=\"column-3\">220<\/td><td class=\"column-4\">50<\/td><td class=\"column-5\">105<\/td><td class=\"column-6\">9-11<\/td><td class=\"column-7\">1200<\/td><td class=\"column-8\">50<\/td><td class=\"column-9\">5.5<\/td>\n<\/tr>\n<tr class=\"row-3\">\n\t<td class=\"column-1\">FM-125-09<\/td><td class=\"column-2\">900x145\u00d7185<\/td><td class=\"column-3\">220<\/td><td class=\"column-4\">50<\/td><td class=\"column-5\">105<\/td><td class=\"column-6\">9-11<\/td><td class=\"column-7\">1300<\/td><td class=\"column-8\">57<\/td><td class=\"column-9\">7<\/td>\n<\/tr>\n<tr class=\"row-4\">\n\t<td class=\"column-1\">FM-125-10<\/td><td class=\"column-2\">1000 \u00d7 145 \u00d7 185<\/td><td class=\"column-3\">220<\/td><td class=\"column-4\">50<\/td><td class=\"column-5\">130<\/td><td class=\"column-6\">9-11<\/td><td class=\"column-7\">1500<\/td><td class=\"column-8\">58<\/td><td class=\"column-9\">7.5<\/td>\n<\/tr>\n<tr class=\"row-5\">\n\t<td class=\"column-1\">FM-125-12<\/td><td class=\"column-2\">1200x145\u00d7185<\/td><td class=\"column-3\">220<\/td><td class=\"column-4\">50<\/td><td class=\"column-5\">160<\/td><td class=\"column-6\">9-11<\/td><td class=\"column-7\">1700<\/td><td class=\"column-8\">58<\/td><td class=\"column-9\">8.5<\/td>\n<\/tr>\n<tr class=\"row-6\">\n\t<td class=\"column-1\">FM-125-15<\/td><td class=\"column-2\">1500x145\u00d7185<\/td><td class=\"column-3\">220<\/td><td class=\"column-4\">50<\/td><td class=\"column-5\">200<\/td><td class=\"column-6\">9-11<\/td><td class=\"column-7\">2150<\/td><td class=\"column-8\">59<\/td><td class=\"column-9\">10<\/td>\n<\/tr>\n<tr class=\"row-7\">\n\t<td class=\"column-1\">FM-125-18<\/td><td class=\"column-2\">1800\u00d7145x185<\/td><td class=\"column-3\">220<\/td><td class=\"column-4\">50<\/td><td class=\"column-5\">250<\/td><td class=\"column-6\">9-11<\/td><td class=\"column-7\">2600<\/td><td class=\"column-8\">60<\/td><td class=\"column-9\">13<\/td>\n<\/tr>\n<tr class=\"row-8\">\n\t<td class=\"column-1\">FM-125-20<\/td><td class=\"column-2\">2000x145\u00d7185<\/td><td class=\"column-3\">220<\/td><td class=\"column-4\">50<\/td><td class=\"column-5\">280<\/td><td class=\"column-6\">9-11<\/td><td class=\"column-7\">2900<\/td><td class=\"column-8\">61<\/td><td class=\"column-9\">13.5<\/td>\n<\/tr>\n<\/tbody>\n<\/table>\n<!-- #tablepress-54 from cache --><\/div>\n<\/div>\n<div><\/div>\n<div class=\"woocb\"><a class=\"wocb\" href=\"http:\/\/www.beiaole.com\/wp-content\/uploads\/2025\/10\/d4.2.pdf\" target=\"_blank\" rel=\"noopener\">\u015fekil<\/a><\/div>\n<div><\/div>","protected":false},"excerpt":{"rendered":"<ul>\n<li>\n<h2>Kararl\u0131\u202fAirBarrier:<\/h2>\n<p>Etkin s\u0131cakl\u0131k ve toz kontrol\u00fc i\u00e7in i\u00e7 mekan ve d\u0131\u015f ortamlar aras\u0131ndaki ayr\u0131l\u0131klar\u0131 korur.<\/li>\n<li>\n<h2>D\u00fc\u015f\u00fck g\u00fcr\u00fclt\u00fc performans\u0131:<\/h2>\n<p>\u00c7apraz Ak\u0131\u015f Aerodinamik ve Hassasiyet Dengeli Fan \u00c7ark\u0131 sesi 50\u201361DB gibi d\u00fc\u015f\u00fck.<\/li>\n<li>\n<h2>Dayan\u0131kl\u0131\u202fPasl\u0131-ProofGv\u00fccut:<\/h2>\n<p>Uzun s\u00fcreli ticari kullan\u0131m i\u00e7in metal konut, korozyona ve a\u015f\u0131nmaya kar\u015f\u0131 diren\u00e7 g\u00f6sterir.<\/li>\n<li>\n<h2>Ayarlanabilir\u202fAirDireksiyon:<\/h2>\n<p>\u202fTilting K\u0131lavuzu, farkl\u0131 kap\u0131 y\u00fckseklikleri ve trafik ko\u015fullar\u0131 i\u00e7in do\u011fru hava teslimini sa\u011flar.<\/li>\n<li>\n<h2>\u0130ki h\u0131z kontrol\u00fc:<\/h2>\n<p>Basit anahtarl\u0131k h\u0131zl\u0131 i\u015flem i\u00e7in anahtarlama\u2014\u0130htiya\u00e7 duyulan gibi nazik veya y\u00fcksek h\u0131z se\u00e7in.<\/li>\n<li>\n<h2>Enerji verimli tahrik:<\/h2>\n<p>Bak\u0131r motorlu, d\u00fc\u015f\u00fck g\u00fc\u00e7 t\u00fcketimi ile g\u00fc\u00e7l\u00fc \u00e7\u0131kt\u0131y\u0131 s\u00fcrd\u00fcr\u00fcr.<\/li>\n<li>\n<h2>Geni\u015fletilmi\u015f hizmet \u00f6mr\u00fc:<\/h2>\n<p>8.000 saatin \u00fczerinde test edilmi\u015f s\u00fcreklilik g\u00fcvenilir, bak\u0131ml\u0131 \u0131\u015f\u0131k kullan\u0131m\u0131 i\u00e7in.<\/li>\n<\/ul>\n<hr \/>","protected":false},"featured_media":4632,"comment_status":"open","ping_status":"closed","template":"","meta":{"_acf_changed":false},"product_brand":[],"product_cat":[65],"product_tag":[],"class_list":{"0":"post-4601","1":"product","2":"type-product","3":"status-publish","4":"has-post-thumbnail","6":"product_cat-air-curtain","8":"first","9":"instock","10":"taxable","11":"shipping-taxable","12":"purchasable","13":"product-type-variable","14":"has-default-attributes"},"acf":[],"_links":{"self":[{"href":"https:\/\/www.ecvents.com\/tr\/wp-json\/wp\/v2\/product\/4601","targetHints":{"allow":["GET"]}}],"collection":[{"href":"https:\/\/www.ecvents.com\/tr\/wp-json\/wp\/v2\/product"}],"about":[{"href":"https:\/\/www.ecvents.com\/tr\/wp-json\/wp\/v2\/types\/product"}],"replies":[{"embeddable":true,"href":"https:\/\/www.ecvents.com\/tr\/wp-json\/wp\/v2\/comments?post=4601"}],"wp:featuredmedia":[{"embeddable":true,"href":"https:\/\/www.ecvents.com\/tr\/wp-json\/wp\/v2\/media\/4632"}],"wp:attachment":[{"href":"https:\/\/www.ecvents.com\/tr\/wp-json\/wp\/v2\/media?parent=4601"}],"wp:term":[{"taxonomy":"product_brand","embeddable":true,"href":"https:\/\/www.ecvents.com\/tr\/wp-json\/wp\/v2\/product_brand?post=4601"},{"taxonomy":"product_cat","embeddable":true,"href":"https:\/\/www.ecvents.com\/tr\/wp-json\/wp\/v2\/product_cat?post=4601"},{"taxonomy":"product_tag","embeddable":true,"href":"https:\/\/www.ecvents.com\/tr\/wp-json\/wp\/v2\/product_tag?post=4601"}],"curies":[{"name":"zamk","href":"https:\/\/api.w.org\/{rel}","templated":true}]}}