{"id":4602,"date":"2026-03-19T06:01:12","date_gmt":"2026-03-19T11:01:12","guid":{"rendered":"https:\/\/www.ecvents.com\/?post_type=product&#038;p=4602"},"modified":"2026-03-19T06:02:04","modified_gmt":"2026-03-19T11:02:04","slug":"yuksek-basincli-hava-kabini-fani","status":"publish","type":"product","link":"https:\/\/www.ecvents.com\/tr\/product\/yuksek-basincli-hava-kabini-fani\/","title":{"rendered":"Y\u00fcksek bas\u0131n\u00e7l\u0131 hava kabini fan\u0131"},"content":{"rendered":"<div class=\"someee\">\n<h2><strong>Daha y\u00fcksek bas\u0131n\u00e7. daha geni\u015f eri\u015fim. Her ak\u0131\u015fta g\u00fcven.<\/strong><\/h2>\n<p>Havaland\u0131rma yollar\u0131 uzad\u0131\u011f\u0131nda ve diren\u00e7 olu\u015ftu\u011funda,\u00a0<strong>Y\u00fcksek bas\u0131n\u00e7l\u0131 hava kabini fan\u0131<\/strong>\u00a0Performans\u0131 sabit tutar. Y\u00fcksek talep g\u00f6ren ortamlar i\u00e7in \u00fcretilmi\u015ftir (ticari mutfaklar, uzat\u0131lm\u0131\u015f kanallar veya \u00e7oklu b\u00f6lge hava yollar\u0131) bir santrif\u00fcj fan\u0131n g\u00fc\u00e7l\u00fc statik bas\u0131nc\u0131n\u0131 kabin sisteminin hava hareketi verimlili\u011fi ile birle\u015ftirir. Sonu\u00e7: S\u0131radan fanlar\u0131n ivme kaybetti\u011fi yerlerde bas\u0131n\u00e7l\u0131 kalan sa\u011flam, tutarl\u0131 hava ak\u0131\u015f\u0131.<\/p>\n<p>\u00d6z\u00fcnde, bir\u00a0<strong>IP54 dereceli bak\u0131r motor<\/strong>\u00a0Y\u00fcksek mukavemetli al\u00fcminyum kabukla kaplanm\u0131\u015f, dayan\u0131kl\u0131, serin \u00e7al\u0131\u015fan g\u00fc\u00e7 sa\u011flar. onun\u00a0<strong>T\u00fcm metal \u00e7ark<\/strong>\u00a0-\u00a0<strong>Aerodinamik i\u00e7 kanal tasar\u0131m\u0131<\/strong>\u00a0Uzun mesafelerde dengeli, y\u00fcksek h\u0131zl\u0131 hava ak\u0131\u015f\u0131 \u00fcretirken, titre\u015fimi bast\u0131r\u0131r ve g\u00fcr\u00fclt\u00fcy\u00fc \u00e7\u0131k\u0131\u015f s\u0131n\u0131f\u0131 i\u00e7in etkileyici bir \u015fekilde d\u00fc\u015f\u00fck tutar.<\/p>\n<p>Kaslar\u0131na ra\u011fmen, fan kompakt kal\u0131r. bira\u00a0<strong>Entegre motor konfig\u00fcrasyonu<\/strong>\u00a0Restoran ve perakende tesislerinde yayg\u0131n olan s\u0131k\u0131 tavan bo\u015fluklar\u0131na s\u0131\u011fd\u0131rarak genel boyutlar\u0131 azalt\u0131r. S\u00fcrekli \u00e7al\u0131\u015fma i\u00e7in in\u015fa edilmi\u015f, g\u00fcnden g\u00fcne sessiz otorite ile performans sergiliyor.<\/p>\n<p>Ak\u0131ll\u0131 bak\u0131m eri\u015fim noktalar\u0131 tasar\u0131m\u0131 tamamlar.\u00a0<strong>H\u0131zl\u0131 b\u0131rakma denetim kapaklar\u0131<\/strong>\u00a0Ortalama temizlik veya servis dakikalar i\u00e7inde yap\u0131labilir - tam s\u00f6kme yok, uzat\u0131lm\u0131\u015f kesinti yok.<\/p>\n<\/div>\n<hr \/>\n<p>Boyutlar (birim: mm):<\/p>\n<div class=\"scroll-table-wrapper\">\n<div class=\"scroll-table\">\n<table id=\"tablepress-16\" class=\"tablepress tablepress-id-16\">\n<thead>\n<tr class=\"row-1\">\n\t<th class=\"column-1\">model<\/th><th class=\"column-2\">L<\/th><th class=\"column-3\">L1<\/th><th class=\"column-4\">W<\/th><th class=\"column-5\">W1<\/th><th class=\"column-6\">H<\/th><th class=\"column-7\">sesli<\/th><th class=\"column-8\">D1<\/th><th class=\"column-9\">F<\/th><th class=\"column-10\">Hava \u00e7\u0131k\u0131\u015f boyutu<br \/>\n(AXB)<\/th><th class=\"column-11\">Hava giri\u015f boyutu<br \/>\n(CXD)<\/th>\n<\/tr>\n<\/thead>\n<tbody class=\"row-striping row-hover\">\n<tr class=\"row-2\">\n\t<td class=\"column-1\">DT28-6000<\/td><td class=\"column-2\">620<\/td><td class=\"column-3\">520<\/td><td class=\"column-4\">700<\/td><td class=\"column-5\">750<\/td><td class=\"column-6\">615<\/td><td class=\"column-7\">100<\/td><td class=\"column-8\">50<\/td><td class=\"column-9\">25<\/td><td class=\"column-10\">405x285<\/td><td class=\"column-11\">630x565<\/td>\n<\/tr>\n<tr class=\"row-3\">\n\t<td class=\"column-1\">DT30-8000<\/td><td class=\"column-2\">650<\/td><td class=\"column-3\">550<\/td><td class=\"column-4\">750<\/td><td class=\"column-5\">800<\/td><td class=\"column-6\">650<\/td><td class=\"column-7\">100<\/td><td class=\"column-8\">50<\/td><td class=\"column-9\">25<\/td><td class=\"column-10\">430x300<\/td><td class=\"column-11\">680x600<\/td>\n<\/tr>\n<tr class=\"row-4\">\n\t<td class=\"column-1\">DT30-10000<\/td><td class=\"column-2\">650<\/td><td class=\"column-3\">550<\/td><td class=\"column-4\">750<\/td><td class=\"column-5\">800<\/td><td class=\"column-6\">650<\/td><td class=\"column-7\">100<\/td><td class=\"column-8\">50<\/td><td class=\"column-9\">25<\/td><td class=\"column-10\">430x300<\/td><td class=\"column-11\">680x600<\/td>\n<\/tr>\n<tr class=\"row-5\">\n\t<td class=\"column-1\">DT32-12000<\/td><td class=\"column-2\">725<\/td><td class=\"column-3\">625<\/td><td class=\"column-4\">800<\/td><td class=\"column-5\">850<\/td><td class=\"column-6\">725<\/td><td class=\"column-7\">100<\/td><td class=\"column-8\">50<\/td><td class=\"column-9\">25<\/td><td class=\"column-10\">405x330<\/td><td class=\"column-11\">730x675<\/td>\n<\/tr>\n<\/tbody>\n<\/table>\n<!-- #tablepress-16 from cache --><\/div>\n<\/div>\n<div><\/div>\n<div class=\"woocb\"><a class=\"wocb\" href=\"http:\/\/www.beiaole.com\/wp-content\/uploads\/2025\/08\/d2.1.1.pdf\" target=\"_blank\" rel=\"noopener\">\u015fekil<\/a><\/div>\n<div><\/div>\n<div><img loading=\"lazy\" decoding=\"async\" class=\"aligncenter wp-image-15946 size-large\" src=\"http:\/\/www.beiaole.com\/wp-content\/uploads\/2025\/08\/s2.1-1024x813.png\" alt=\"High Pressure Air Cabinet Fan-size\" width=\"1024\" height=\"813\" data-no-translation=\"\" \/><\/div>\n<p>Performans:<\/p>\n<div class=\"scroll-table-wrapper\">\n<div class=\"scroll-table\">\n<table id=\"tablepress-17\" class=\"tablepress tablepress-id-17\">\n<thead>\n<tr class=\"row-1\">\n\t<th class=\"column-1\">model<\/th><th class=\"column-2\">voltaj(v)<\/th><th class=\"column-3\">frekans (Hz)<\/th><th class=\"column-4\">h\u0131z (rpm)<\/th><th class=\"column-5\">g\u00fc\u00e7(w)<\/th><th class=\"column-6\">Hava ak\u0131\u015f\u0131 (m\u00b3\/saat)<\/th><th class=\"column-7\">Statik Bas\u0131n\u00e7 (PA)<\/th><th class=\"column-8\">G\u00fcr\u00fclt\u00fc(dB)<\/th><th class=\"column-9\">N.M(kg)<\/th>\n<\/tr>\n<\/thead>\n<tbody class=\"row-striping row-hover\">\n<tr class=\"row-2\">\n\t<td class=\"column-1\">DT28-6000<\/td><td class=\"column-2\">380<\/td><td class=\"column-3\">50<\/td><td class=\"column-4\">1400-1450<\/td><td class=\"column-5\">1500<\/td><td class=\"column-6\">6500-4800<\/td><td class=\"column-7\">520-710<\/td><td class=\"column-8\">64<\/td><td class=\"column-9\">60<\/td>\n<\/tr>\n<tr class=\"row-3\">\n\t<td class=\"column-1\">DT30-8000<\/td><td class=\"column-2\">380<\/td><td class=\"column-3\">50<\/td><td class=\"column-4\">1400-1450<\/td><td class=\"column-5\">2200<\/td><td class=\"column-6\">8500-6500<\/td><td class=\"column-7\">640-740<\/td><td class=\"column-8\">67<\/td><td class=\"column-9\">68<\/td>\n<\/tr>\n<tr class=\"row-4\">\n\t<td class=\"column-1\">DT30-10000<\/td><td class=\"column-2\">380<\/td><td class=\"column-3\">50<\/td><td class=\"column-4\">1400-1450<\/td><td class=\"column-5\">3000<\/td><td class=\"column-6\">10500-8500<\/td><td class=\"column-7\">720-800<\/td><td class=\"column-8\">70<\/td><td class=\"column-9\">72<\/td>\n<\/tr>\n<tr class=\"row-5\">\n\t<td class=\"column-1\">DT32-12000<\/td><td class=\"column-2\">380<\/td><td class=\"column-3\">50<\/td><td class=\"column-4\">1400-1450<\/td><td class=\"column-5\">4000<\/td><td class=\"column-6\">12500-9000<\/td><td class=\"column-7\">740-850<\/td><td class=\"column-8\">73<\/td><td class=\"column-9\">90<\/td>\n<\/tr>\n<\/tbody>\n<\/table>\n<!-- #tablepress-17 from cache --><\/div>\n<\/div>\n<div><\/div>\n<div class=\"woocb\"><a class=\"wocb\" href=\"http:\/\/www.beiaole.com\/wp-content\/uploads\/2025\/08\/d2.1.2.pdf\" target=\"_blank\" rel=\"noopener\">\u015fekil<\/a><\/div>\n<div><\/div>\n<div><img loading=\"lazy\" decoding=\"async\" class=\"aligncenter wp-image-17232 size-large\" src=\"http:\/\/www.beiaole.com\/wp-content\/uploads\/2025\/08\/x2.1.1-1024x395.jpg\" alt=\"High Pressure Air Cabinet Fan-q1\" width=\"1024\" height=\"395\" data-no-translation=\"\" \/><\/div>\n<div><img loading=\"lazy\" decoding=\"async\" class=\"aligncenter wp-image-17233 size-large\" src=\"http:\/\/www.beiaole.com\/wp-content\/uploads\/2025\/08\/x2.1.2-1024x393.jpg\" alt=\"High Pressure Air Cabinet Fan-q2\" width=\"1024\" height=\"393\" data-no-translation=\"\" \/><\/div>","protected":false},"excerpt":{"rendered":"<ul>\n<li>\n<h2>Y\u00fcksek bas\u0131n\u00e7 performans\u0131:<\/h2>\n<p>Statik bask\u0131 aral\u0131\u011f\u0131 yukar\u0131ya 850'ye kadar uzun veya y\u00fcksek diren\u00e7li kanal a\u011flar\u0131 arac\u0131l\u0131\u011f\u0131yla istikrarl\u0131 bir hava teslimi sa\u011flar.<\/li>\n<li>\n<h2>G\u00fc\u00e7l\u00fc hava ak\u0131\u015f\u0131\u202fOutput:<\/h2>\n<p>4,800\u201312,500m\u00b3\/HAIR'aUrAt1,400rpm\u202f\u00c7ok y\u00f6nl\u00fc Ticari uygulamalar i\u00e7in hareket eder.<\/li>\n<li>\n<h2>Dayan\u0131kl\u0131\u202fIP54-de\u011ferli\u202fMotor:<\/h2>\n<p>Al\u00fcminyum ala\u015f\u0131ml\u0131 konut, \u0131s\u0131tmaya diren\u00e7li, nemlendirme ve ya\u011fl\u0131 ortamlarla saf bak\u0131r \u00e7ekirdek.<\/li>\n<li>\n<h2>T\u00fcm metal \u00e7arklar:<\/h2>\n<p>Y\u00fcksek verimlilik ve uzun mesafeli projeksiyon i\u00e7in do\u011fruluk dengeli.<\/li>\n<li>\n<h2>Kompakt tavan \u2011FIT tasar\u0131m\u0131:<\/h2>\n<p>Entegre motor yap\u0131\u202fAsves\u202fAsves\u202fTanse\u202fAntise\u202fAppices veDuctShafts.<\/li>\n<li>\n<h2>Eri\u015filebilir bak\u0131m:<\/h2>\n<p>Yan inceleme Portlar\u0131, sistem olmadan s\u00f6k\u00fclmeden h\u0131zl\u0131 temizlik ve bile\u015fen de\u011fi\u015ftirme.<\/li>\n<li>\n<h2>Ses ayarl\u0131 i\u015flem:<\/h2>\n<p>Ticari ayarlar i\u00e7in 64'ten 73'e kadar g\u00fcr\u00fclt\u00fc seviyeleri y\u00f6netilebilir akustik denge.<\/li>\n<\/ul>\n<hr \/>","protected":false},"featured_media":4638,"comment_status":"open","ping_status":"closed","template":"","meta":{"_acf_changed":false},"product_brand":[],"product_cat":[66],"product_tag":[],"class_list":{"0":"post-4602","1":"product","2":"type-product","3":"status-publish","4":"has-post-thumbnail","6":"product_cat-cabinet-fan","8":"first","9":"instock","10":"taxable","11":"shipping-taxable","12":"purchasable","13":"product-type-variable","14":"has-default-attributes"},"acf":[],"_links":{"self":[{"href":"https:\/\/www.ecvents.com\/tr\/wp-json\/wp\/v2\/product\/4602","targetHints":{"allow":["GET"]}}],"collection":[{"href":"https:\/\/www.ecvents.com\/tr\/wp-json\/wp\/v2\/product"}],"about":[{"href":"https:\/\/www.ecvents.com\/tr\/wp-json\/wp\/v2\/types\/product"}],"replies":[{"embeddable":true,"href":"https:\/\/www.ecvents.com\/tr\/wp-json\/wp\/v2\/comments?post=4602"}],"wp:featuredmedia":[{"embeddable":true,"href":"https:\/\/www.ecvents.com\/tr\/wp-json\/wp\/v2\/media\/4638"}],"wp:attachment":[{"href":"https:\/\/www.ecvents.com\/tr\/wp-json\/wp\/v2\/media?parent=4602"}],"wp:term":[{"taxonomy":"product_brand","embeddable":true,"href":"https:\/\/www.ecvents.com\/tr\/wp-json\/wp\/v2\/product_brand?post=4602"},{"taxonomy":"product_cat","embeddable":true,"href":"https:\/\/www.ecvents.com\/tr\/wp-json\/wp\/v2\/product_cat?post=4602"},{"taxonomy":"product_tag","embeddable":true,"href":"https:\/\/www.ecvents.com\/tr\/wp-json\/wp\/v2\/product_tag?post=4602"}],"curies":[{"name":"zamk","href":"https:\/\/api.w.org\/{rel}","templated":true}]}}