{"id":4603,"date":"2026-03-19T06:01:12","date_gmt":"2026-03-19T11:01:12","guid":{"rendered":"https:\/\/www.ecvents.com\/?post_type=product&#038;p=4603"},"modified":"2026-03-19T06:02:04","modified_gmt":"2026-03-19T11:02:04","slug":"ev-enerji-geri-kazanim-birimi","status":"publish","type":"product","link":"https:\/\/www.ecvents.com\/tr\/product\/ev-enerji-geri-kazanim-birimi\/","title":{"rendered":"Ev Enerji Geri Kazan\u0131m Birimi"},"content":{"rendered":"<div class=\"someee\">\n<h2><strong>Saf hava. sessiz enerji. Daha sa\u011fl\u0131kl\u0131 ya\u015fam i\u00e7in tasarlanm\u0131\u015ft\u0131r.<\/strong><\/h2>\n<p>bira\u00a0<strong>Ev Enerji Kurtarma Birimi (Bulan\u0131kl\u0131k &amp; PM2.5\u202fSevdal\u0131)<\/strong>\u00a0Temiz i\u00e7 havay\u0131 sessiz bir kesinlik haline getirir. taraf\u0131ndan g\u00fc\u00e7lendirilmi\u015f\u00a0<strong>Y\u00fcksek verimlilik bak\u0131r \u00e7ekirdekli motor<\/strong>\u00a0Hassas rulmanlar, minimum enerji kullan\u0131m\u0131 ile sabit hava sirk\u00fclasyonu sa\u011flar. Kurulduktan sonra, her g\u00fcn olu\u015fturdu\u011fu sakin, daha temiz atmosfer d\u0131\u015f\u0131nda fark edilmeden arka plana sessizce kaybolur.<\/p>\n<p>onun\u00a0<strong>Nano-Geli\u015ftirilmi\u015f Filtrasyon Sistemi<\/strong>, Grafen ile g\u00fc\u00e7lendirilmi\u015f, ince puslu partik\u00fclleri, bakterileri ve art\u0131k kokular\u0131 gidermek i\u00e7in antibakteriyel ve hidrofobik \u00f6zellikleri birle\u015ftirir. Sonu\u00e7, do\u011fal olarak daha hafif hissettiren havad\u0131r - g\u00fcr\u00fclt\u00fc veya kesinti olmadan belirgin \u015fekilde daha taze.<\/p>\n<p>bir sayesinde\u00a0<strong>Ultra ince 20\u202fcm profil<\/strong>, \u00fcnite, modern dairelere \u00f6zg\u00fc tavanlara ve dar alanlara kolayca s\u0131\u011far ve performans\u0131 takdire meyillidir. Ba\u011f\u0131ms\u0131z besleme ve egzoz yollar\u0131, cereyan veya s\u0131cakl\u0131k dalgalanmas\u0131 olmadan e\u015fit hava ak\u0131\u015f\u0131n\u0131 korumak i\u00e7in odalar aras\u0131ndaki bas\u0131nc\u0131 dengeler.<\/p>\n<\/div>\n<hr \/>\n<p>Boyutlar (birim: mm):<\/p>\n<div class=\"scroll-table-wrapper\">\n<div class=\"scroll-table\">\n<table id=\"tablepress-1\" class=\"tablepress tablepress-id-1\">\n<thead>\n<tr class=\"row-1\">\n\t<th class=\"column-1\">model<\/th><th class=\"column-2\">L<\/th><th class=\"column-3\">L1<\/th><th class=\"column-4\">L2<\/th><th class=\"column-5\">W<\/th><th class=\"column-6\">W1<\/th><th class=\"column-7\">W2<\/th><th class=\"column-8\">H<\/th><th class=\"column-9\">H1<\/th><th class=\"column-10\">D<\/th><th class=\"column-11\">E<\/th><th class=\"column-12\">F<\/th>\n<\/tr>\n<\/thead>\n<tbody class=\"row-striping row-hover\">\n<tr class=\"row-2\">\n\t<td class=\"column-1\">QRXF-150<\/td><td class=\"column-2\">867<\/td><td class=\"column-3\">746<\/td><td class=\"column-4\">602<\/td><td class=\"column-5\">816<\/td><td class=\"column-6\">460<\/td><td class=\"column-7\">854<\/td><td class=\"column-8\">222<\/td><td class=\"column-9\">11.5<\/td><td class=\"column-10\">563<\/td><td class=\"column-11\">62<\/td><td class=\"column-12\">100<\/td>\n<\/tr>\n<tr class=\"row-3\">\n\t<td class=\"column-1\">QRXF-250<\/td><td class=\"column-2\">893<\/td><td class=\"column-3\">746<\/td><td class=\"column-4\">602<\/td><td class=\"column-5\">816<\/td><td class=\"column-6\">460<\/td><td class=\"column-7\">854<\/td><td class=\"column-8\">222<\/td><td class=\"column-9\">11.5<\/td><td class=\"column-10\">563<\/td><td class=\"column-11\">75<\/td><td class=\"column-12\">150<\/td>\n<\/tr>\n<tr class=\"row-4\">\n\t<td class=\"column-1\">QRXF-350<\/td><td class=\"column-2\">893<\/td><td class=\"column-3\">746<\/td><td class=\"column-4\">602<\/td><td class=\"column-5\">816<\/td><td class=\"column-6\">460<\/td><td class=\"column-7\">854<\/td><td class=\"column-8\">252<\/td><td class=\"column-9\">11.5<\/td><td class=\"column-10\">563<\/td><td class=\"column-11\">75<\/td><td class=\"column-12\">150<\/td>\n<\/tr>\n<tr class=\"row-5\">\n\t<td class=\"column-1\">QRXF-500<\/td><td class=\"column-2\">885<\/td><td class=\"column-3\">746<\/td><td class=\"column-4\">602<\/td><td class=\"column-5\">816<\/td><td class=\"column-6\">460<\/td><td class=\"column-7\">854<\/td><td class=\"column-8\">282<\/td><td class=\"column-9\">11.5<\/td><td class=\"column-10\">523<\/td><td class=\"column-11\">71<\/td><td class=\"column-12\">200<\/td>\n<\/tr>\n<\/tbody>\n<\/table>\n<!-- #tablepress-1 from cache --><\/div>\n<\/div>\n<div><\/div>\n<div class=\"woocb\"><a class=\"wocb\" href=\"http:\/\/www.beiaole.com\/wp-content\/uploads\/2025\/08\/d1.2.1.pdf\" target=\"_blank\" rel=\"noopener\">\u015fekil<\/a><\/div>\n<div><\/div>\n<div><img loading=\"lazy\" decoding=\"async\" class=\"aligncenter wp-image-15446 size-large\" src=\"http:\/\/www.beiaole.com\/wp-content\/uploads\/2025\/08\/s1.1.2-1024x456.png\" alt=\"Home Energy Recovery Unit(Haze &amp; PM2.5 Removal)-size\" width=\"1024\" height=\"456\" data-no-translation=\"\" \/><\/div>\n<div><\/div>\n<p>Performans:<\/p>\n<div class=\"scroll-table-wrapper\">\n<div class=\"scroll-table\">\n<table id=\"tablepress-2\" class=\"tablepress tablepress-id-2 tbody-has-connected-cells\">\n<thead>\n<tr class=\"row-1\">\n\t<th class=\"column-1\">model<\/th><th class=\"column-2\">voltaj(v)<\/th><th class=\"column-3\">frekans (Hz)<\/th><th class=\"column-4\">vites de\u011fi\u015ftirmek<\/th><th class=\"column-5\">g\u00fc\u00e7(w)<\/th><th class=\"column-6\">Hava ak\u0131\u015f\u0131 (m\u00b3\/saat)<\/th><th class=\"column-7\">Statik Bas\u0131n\u00e7 (PA)<\/th><th class=\"column-8\">Birincil Filtre(%)<\/th><th class=\"column-9\">Y\u00fcksek verimli filtre (%)<\/th><th colspan=\"2\" class=\"column-10\">D\u00f6viz Verimlili\u011fi Oran\u0131 (%)<\/th><th colspan=\"2\" class=\"column-12\">Entalpi D\u00f6viz Kuru (%)<\/th><th class=\"column-14\">G\u00fcr\u00fclt\u00fc(dB)<\/th><th class=\"column-15\">Kanal Boyutu (mm)<\/th><th class=\"column-16\">Uygulama alan\u0131(m\u00b2)<\/th><th class=\"column-17\">N.W(kg)<\/th>\n<\/tr>\n<\/thead>\n<tbody class=\"row-striping row-hover\">\n<tr class=\"row-2\">\n\t<td class=\"column-1\"><\/td><td class=\"column-2\"><\/td><td class=\"column-3\"><\/td><td class=\"column-4\"><\/td><td class=\"column-5\"><\/td><td class=\"column-6\"><\/td><td class=\"column-7\"><\/td><td class=\"column-8\"><\/td><td class=\"column-9\"><\/td><td class=\"column-10\">serinletici<\/td><td class=\"column-11\">\u0131s\u0131tma<\/td><td class=\"column-12\">serinletici<\/td><td class=\"column-13\">\u0131s\u0131tma<\/td><td class=\"column-14\"><\/td><td class=\"column-15\"><\/td><td class=\"column-16\"><\/td><td class=\"column-17\"><\/td>\n<\/tr>\n<tr class=\"row-3\">\n\t<td rowspan=\"2\" class=\"column-1\">QRXF-150<\/td><td rowspan=\"2\" class=\"column-2\">220<\/td><td rowspan=\"2\" class=\"column-3\">50<\/td><td class=\"column-4\">y\u00fcksek<\/td><td class=\"column-5\">100<\/td><td class=\"column-6\">150<\/td><td class=\"column-7\">200<\/td><td rowspan=\"2\" class=\"column-8\">76.1<\/td><td rowspan=\"2\" class=\"column-9\">99.9<\/td><td class=\"column-10\">63<\/td><td class=\"column-11\">78<\/td><td class=\"column-12\">64<\/td><td class=\"column-13\">68<\/td><td class=\"column-14\">37<\/td><td rowspan=\"2\" class=\"column-15\">100<\/td><td rowspan=\"2\" class=\"column-16\">80<\/td><td rowspan=\"2\" class=\"column-17\">25.3<\/td>\n<\/tr>\n<tr class=\"row-4\">\n\t<td class=\"column-4\">al\u00e7akg\u00f6n<\/td><td class=\"column-5\">76<\/td><td class=\"column-6\">120<\/td><td class=\"column-7\">170<\/td><td class=\"column-10\">65<\/td><td class=\"column-11\">79<\/td><td class=\"column-12\">66<\/td><td class=\"column-13\">73<\/td><td class=\"column-14\">35<\/td>\n<\/tr>\n<tr class=\"row-5\">\n\t<td rowspan=\"2\" class=\"column-1\">QRXF-250<\/td><td rowspan=\"2\" class=\"column-2\">220<\/td><td rowspan=\"2\" class=\"column-3\">50<\/td><td class=\"column-4\">y\u00fcksek<\/td><td class=\"column-5\">150<\/td><td class=\"column-6\">250<\/td><td class=\"column-7\">210<\/td><td rowspan=\"2\" class=\"column-8\">76.1<\/td><td rowspan=\"2\" class=\"column-9\">99.9<\/td><td class=\"column-10\">62<\/td><td class=\"column-11\">77<\/td><td class=\"column-12\">64<\/td><td class=\"column-13\">67<\/td><td class=\"column-14\">41<\/td><td rowspan=\"2\" class=\"column-15\">150<\/td><td rowspan=\"2\" class=\"column-16\">80-100<\/td><td rowspan=\"2\" class=\"column-17\">27.5<\/td>\n<\/tr>\n<tr class=\"row-6\">\n\t<td class=\"column-4\">al\u00e7akg\u00f6n<\/td><td class=\"column-5\">132<\/td><td class=\"column-6\">180<\/td><td class=\"column-7\">185<\/td><td class=\"column-10\">65<\/td><td class=\"column-11\">80<\/td><td class=\"column-12\">63<\/td><td class=\"column-13\">69<\/td><td class=\"column-14\">39<\/td>\n<\/tr>\n<tr class=\"row-7\">\n\t<td rowspan=\"2\" class=\"column-1\">QRXF-350<\/td><td rowspan=\"2\" class=\"column-2\">220<\/td><td rowspan=\"2\" class=\"column-3\">50<\/td><td class=\"column-4\">y\u00fcksek<\/td><td class=\"column-5\">200<\/td><td class=\"column-6\">350<\/td><td class=\"column-7\">230<\/td><td rowspan=\"2\" class=\"column-8\">76.1<\/td><td rowspan=\"2\" class=\"column-9\">99.9<\/td><td class=\"column-10\">62<\/td><td class=\"column-11\">78<\/td><td class=\"column-12\">61<\/td><td class=\"column-13\">67<\/td><td class=\"column-14\">41<\/td><td rowspan=\"2\" class=\"column-15\">150<\/td><td rowspan=\"2\" class=\"column-16\">100-130<\/td><td rowspan=\"2\" class=\"column-17\">28<\/td>\n<\/tr>\n<tr class=\"row-8\">\n\t<td class=\"column-4\">al\u00e7akg\u00f6n<\/td><td class=\"column-5\">160<\/td><td class=\"column-6\">250<\/td><td class=\"column-7\">200<\/td><td class=\"column-10\">66<\/td><td class=\"column-11\">81<\/td><td class=\"column-12\">65<\/td><td class=\"column-13\">68<\/td><td class=\"column-14\">39<\/td>\n<\/tr>\n<tr class=\"row-9\">\n\t<td rowspan=\"2\" class=\"column-1\">QRXF-500<\/td><td rowspan=\"2\" class=\"column-2\">220<\/td><td rowspan=\"2\" class=\"column-3\">50<\/td><td class=\"column-4\">y\u00fcksek<\/td><td class=\"column-5\">230<\/td><td class=\"column-6\">550<\/td><td class=\"column-7\">255<\/td><td rowspan=\"2\" class=\"column-8\">76.1<\/td><td rowspan=\"2\" class=\"column-9\">99.9<\/td><td class=\"column-10\">61<\/td><td class=\"column-11\">70<\/td><td class=\"column-12\">64<\/td><td class=\"column-13\">69<\/td><td class=\"column-14\">42<\/td><td rowspan=\"2\" class=\"column-15\">200<\/td><td rowspan=\"2\" class=\"column-16\">150-200<\/td><td rowspan=\"2\" class=\"column-17\">32.2<\/td>\n<\/tr>\n<tr class=\"row-10\">\n\t<td class=\"column-4\">al\u00e7akg\u00f6n<\/td><td class=\"column-5\">177<\/td><td class=\"column-6\">400<\/td><td class=\"column-7\">240<\/td><td class=\"column-10\">59<\/td><td class=\"column-11\">72<\/td><td class=\"column-12\">65<\/td><td class=\"column-13\">69<\/td><td class=\"column-14\">40<\/td>\n<\/tr>\n<\/tbody>\n<\/table>\n<!-- #tablepress-2 from cache --><\/div>\n<\/div>\n<div><\/div>\n<div class=\"woocb\"><a class=\"wocb\" href=\"http:\/\/www.beiaole.com\/wp-content\/uploads\/2025\/08\/d1.2.2.pdf\" target=\"_blank\" rel=\"noopener\">\u015fekil<\/a><\/div>\n<div><\/div>\n<p><img loading=\"lazy\" decoding=\"async\" class=\"aligncenter wp-image-17216 size-large\" src=\"http:\/\/www.beiaole.com\/wp-content\/uploads\/2025\/08\/x1.2.1-1024x463.jpg\" alt=\"Home Energy Recovery Unit(Haze &amp; PM2.5 Removal)-q1\" width=\"1024\" height=\"463\" data-no-translation=\"\" \/><br \/>\n<img loading=\"lazy\" decoding=\"async\" class=\"aligncenter wp-image-17217 size-large\" src=\"http:\/\/www.beiaole.com\/wp-content\/uploads\/2025\/08\/x1.2.2-1024x463.jpg\" alt=\"Home Energy Recovery Unit(Haze &amp; PM2.5 Removal)-q2\" width=\"1024\" height=\"463\" data-no-translation=\"\" \/><\/p>\n<div class=\"viddd\">\n<div class=\"lyte-wrapper\" style=\"width:560px;max-width:100%;margin:5px auto;\"><div class=\"lyMe\" id=\"WYL_XM7wpj8RP5Q\"><div id=\"lyte_XM7wpj8RP5Q\" data-src=\"https:\/\/www.ecvents.com\/wp-content\/plugins\/wp-youtube-lyte\/lyteCache.php?origThumbUrl=%2F%2Fi.ytimg.com%2Fvi%2FXM7wpj8RP5Q%2Fhqdefault.jpg\" class=\"pL\"><div class=\"tC\"><div class=\"tT\"><\/div><\/div><div class=\"play\"><\/div><div class=\"ctrl\"><div class=\"Lctrl\"><\/div><div class=\"Rctrl\"><\/div><\/div><\/div><noscript><a href=\"https:\/\/youtu.be\/XM7wpj8RP5Q\" rel=\"nofollow noopener\" target=\"_blank\"><img loading=\"lazy\" decoding=\"async\" src=\"https:\/\/www.ecvents.com\/wp-content\/plugins\/wp-youtube-lyte\/lyteCache.php?origThumbUrl=https%3A%2F%2Fi.ytimg.com%2Fvi%2FXM7wpj8RP5Q%2F0.jpg\" alt=\"YouTube video thumbnail\" width=\"560\" height=\"295\" data-no-translation=\"\" \/><br \/>Bu videoyu youtube'da izleyin<\/a><\/noscript><\/div><\/div><div class=\"lL\" style=\"max-width:100%;width:560px;margin:5px auto;\"><\/div><\/p>\n<\/div>\n<p><img loading=\"lazy\" decoding=\"async\" class=\"aligncenter wp-image-23089 size-full\" src=\"http:\/\/www.beiaole.com\/wp-content\/uploads\/2022\/01\/KCQR-Energy-Recovery-Unitm1.jpg\" alt=\"Home Energy Recovery Unit-m1\" width=\"1200\" height=\"985\" data-no-translation=\"\" \/><\/p>\n<p><img loading=\"lazy\" decoding=\"async\" class=\"aligncenter wp-image-23093 size-full\" src=\"http:\/\/www.beiaole.com\/wp-content\/uploads\/2022\/01\/KCQR-Energy-Recovery-Unitm2.jpg\" alt=\"Home Energy Recovery Unit-m2\" width=\"1200\" height=\"837\" data-no-translation=\"\" \/><\/p>\n<p><img loading=\"lazy\" decoding=\"async\" class=\"aligncenter wp-image-23092 size-full\" src=\"http:\/\/www.beiaole.com\/wp-content\/uploads\/2022\/01\/KCQR-Energy-Recovery-Unitm3.jpg\" alt=\"Home Energy Recovery Unit-m3\" width=\"1200\" height=\"1383\" data-no-translation=\"\" \/><\/p>\n<p><img loading=\"lazy\" decoding=\"async\" class=\"aligncenter wp-image-23090 size-full\" src=\"http:\/\/www.beiaole.com\/wp-content\/uploads\/2022\/01\/KCQR-Energy-Recovery-Unitm4.jpg\" alt=\"Home Energy Recovery Unit-m4\" width=\"1200\" height=\"531\" data-no-translation=\"\" \/><\/p>\n<p><img loading=\"lazy\" decoding=\"async\" class=\"aligncenter wp-image-23091 size-full\" src=\"http:\/\/www.beiaole.com\/wp-content\/uploads\/2022\/01\/KCQR-Energy-Recovery-Unitm5.jpg\" alt=\"Home Energy Recovery Unit-m5\" width=\"1200\" height=\"1197\" data-no-translation=\"\" \/><\/p>","protected":false},"excerpt":{"rendered":"<ul>\n<li>\n<h2>Y\u00fcksek verimlilikte hava ak\u0131\u015f\u0131:<\/h2>\n<p>120\u2013\u202f550m\u00b3\/H\u202fStatik bas\u0131n\u00e7la 255Pa'ya kadar 255Pa'ya kadar olanlar, konut bo\u015fluklar\u0131nda.<\/li>\n<li>\n<h2>Geli\u015fmi\u015f filtrasyon\u202fSistem:<\/h2>\n<p>\u202f\u00dc\u00e7 Katmanl\u0131 Tasar\u0131m\u202fA\u202fA\u202fA\u202fMetal Pre\u202fFilter,Aktifle\u015ftirilmi\u015f Karbonodor-Lainer,AdEn-11\u2011Ptfe\u202fPartilerPart2.5Par\u00e7as\u0131.<\/li>\n<li>\n<h2>Grafen\u202fNano\u202fKaplama:<\/h2>\n<p>Uzun s\u00fcreli hava g\u00fcvenli\u011fi ve temizli\u011fi i\u00e7in antibakteriyel ve nemli ge\u00e7irgen \u00f6zellikler sa\u011flar.<\/li>\n<li>\n<h2>Enerji Kurtarma \u00c7ekirde\u011fi:<\/h2>\n<p>\u00c7apraz ak\u0131\u015f-entalpi \u00e7ekirdek, 79%'ye kadar \u0131s\u0131 ve nem de\u011fi\u015fimi-D\u00fc\u015f\u00fc\u015fm\u00fc\u015f enerji kayb\u0131 i\u00e7in verimlilik.<\/li>\n<li>\n<h2>\u0130nce\u202fProfil:<\/h2>\n<p>Performanstan \u00f6d\u00fcn vermeden sadece 20 cm kal\u0131nl\u0131kta kal\u0131n tavanl\u0131 kurulumlar.<\/li>\n<li>\n<h2>D\u00fc\u015f\u00fck akustik ayak izi:<\/h2>\n<p>35'ten 42'ye kadar g\u00fcr\u00fclt\u00fc seviyeleri, uykuda veya canl\u0131 b\u00f6lgelerde sessizlikte sessiz i\u015flem.<\/li>\n<li>\n<h2>Kolay hizmet Eri\u015fimi:<\/h2>\n<p>Denetim Portlar\u0131 ve Kald\u0131r\u0131labilir \u00d6n Paneller Aletsiz H\u0131zl\u0131 Filtre Temizleme ve De\u011fi\u015ftirme.<\/li>\n<\/ul>\n<hr \/>","protected":false},"featured_media":4639,"comment_status":"open","ping_status":"closed","template":"","meta":{"_acf_changed":false},"product_brand":[],"product_cat":[71],"product_tag":[],"class_list":{"0":"post-4603","1":"product","2":"type-product","3":"status-publish","4":"has-post-thumbnail","6":"product_cat-energy-recovery-ventilator-2","8":"first","9":"instock","10":"taxable","11":"shipping-taxable","12":"purchasable","13":"product-type-variable","14":"has-default-attributes"},"acf":[],"_links":{"self":[{"href":"https:\/\/www.ecvents.com\/tr\/wp-json\/wp\/v2\/product\/4603","targetHints":{"allow":["GET"]}}],"collection":[{"href":"https:\/\/www.ecvents.com\/tr\/wp-json\/wp\/v2\/product"}],"about":[{"href":"https:\/\/www.ecvents.com\/tr\/wp-json\/wp\/v2\/types\/product"}],"replies":[{"embeddable":true,"href":"https:\/\/www.ecvents.com\/tr\/wp-json\/wp\/v2\/comments?post=4603"}],"wp:featuredmedia":[{"embeddable":true,"href":"https:\/\/www.ecvents.com\/tr\/wp-json\/wp\/v2\/media\/4639"}],"wp:attachment":[{"href":"https:\/\/www.ecvents.com\/tr\/wp-json\/wp\/v2\/media?parent=4603"}],"wp:term":[{"taxonomy":"product_brand","embeddable":true,"href":"https:\/\/www.ecvents.com\/tr\/wp-json\/wp\/v2\/product_brand?post=4603"},{"taxonomy":"product_cat","embeddable":true,"href":"https:\/\/www.ecvents.com\/tr\/wp-json\/wp\/v2\/product_cat?post=4603"},{"taxonomy":"product_tag","embeddable":true,"href":"https:\/\/www.ecvents.com\/tr\/wp-json\/wp\/v2\/product_tag?post=4603"}],"curies":[{"name":"zamk","href":"https:\/\/api.w.org\/{rel}","templated":true}]}}