{"id":4660,"date":"2026-03-19T06:02:09","date_gmt":"2026-03-19T11:02:09","guid":{"rendered":"https:\/\/www.ecvents.com\/?post_type=product&#038;p=4660"},"modified":"2026-03-19T06:02:35","modified_gmt":"2026-03-19T11:02:35","slug":"ev-temiz-hava-vantilatoru","status":"publish","type":"product","link":"https:\/\/www.ecvents.com\/tr\/product\/ev-temiz-hava-vantilatoru\/","title":{"rendered":"ev temiz hava vantilat\u00f6r\u00fc"},"content":{"rendered":"<div class=\"someee\">\n<h2><strong>Temiz hava. Sakin rahatl\u0131k. G\u00fcnl\u00fck ya\u015fam i\u00e7in tasarlanm\u0131\u015ft\u0131r.<\/strong><\/h2>\n<p>bira\u00a0<strong>ev temiz hava vantilat\u00f6r\u00fc<\/strong>\u00a0tek bir hedef etraf\u0131nda in\u015fa edilmi\u015ftir - i\u00e7inde ya\u015fad\u0131\u011f\u0131n\u0131z havay\u0131 do\u011fru hissettirmek. Temiz, dengeli ve sessizce ferahlat\u0131c\u0131. Rafine d\u0131\u015f cephesinin alt\u0131nda, bir\u00a0<strong>Bak\u0131r \u00e7ekirdekli motor<\/strong>\u00a0Hassas bilyal\u0131 rulmanlar, enerji kullan\u0131m\u0131n\u0131 d\u00fc\u015f\u00fck ve konforlu y\u00fcksek tutan p\u00fcr\u00fczs\u00fcz, verimli hava ak\u0131\u015f\u0131 sa\u011flar.<\/p>\n<p>tam\u00a0<strong>T\u00fcm metal g\u00f6vde<\/strong>\u00a0G\u00fcven verici sa\u011flaml\u0131k, korozyona direnme, darbe ve daha az birimi yorabilecek mekanik rezonansa ekler. Bir kez kurulmu\u015f ve y\u0131llarca g\u00fcvenilir bir \u00fcr\u00fcnd\u00fcr - sessiz, sabit ve s\u00fcrekli \u00e7al\u0131\u015fmaya dayanacak \u015fekilde in\u015fa edilmi\u015ftir.<\/p>\n<p>tam da\u00a0<strong>12 cm kal\u0131nl\u0131\u011f\u0131nda<\/strong>, Ventilat\u00f6r, odan\u0131n s\u0131n\u0131rl\u0131 oldu\u011fu tavanlara ve duvar alanlar\u0131na zahmetsizce entegre olur. \u0130ki ba\u011f\u0131ms\u0131z kanal, taslaklar veya s\u0131cakl\u0131k dalgalanmalar\u0131 olmadan do\u011fal hava yenilemesi i\u00e7in odalar aras\u0131nda dengeli bas\u0131nc\u0131 koruyarak tedarik ve egzozu idare eder.<\/p>\n<p>Hava odaya ula\u015fmadan \u00f6nce bir\u00a0<strong>\u00c7ift filtre sistemi<\/strong>: toz i\u00e7in birincil katman ve ince par\u00e7ac\u0131klar ve art\u0131k kokular i\u00e7in y\u00fcksek verimli bir katman. Sonu\u00e7, ince ama belirgindir - daha hafif bir atmosfer, daha temiz sabahlar ve daha sakin nefes alma.<\/p>\n<\/div>\n<hr \/>\n<p>Boyutlar (birim: mm):<\/p>\n<div class=\"scroll-table-wrapper\">\n<div class=\"scroll-table\">\n<table id=\"tablepress-9\" class=\"tablepress tablepress-id-9\">\n<thead>\n<tr class=\"row-1\">\n\t<th class=\"column-1\">model<\/th><th class=\"column-2\">L<\/th><th class=\"column-3\">L1<\/th><th class=\"column-4\">W<\/th><th class=\"column-5\">W1<\/th><th class=\"column-6\">H<\/th><th class=\"column-7\">H1<\/th><th class=\"column-8\">D<\/th><th class=\"column-9\">F<\/th><th class=\"column-10\">E<\/th><th class=\"column-11\">G<\/th>\n<\/tr>\n<\/thead>\n<tbody class=\"row-striping row-hover\">\n<tr class=\"row-2\">\n\t<td class=\"column-1\">DUT10-34<\/td><td class=\"column-2\">875<\/td><td class=\"column-3\">845<\/td><td class=\"column-4\">703<\/td><td class=\"column-5\">420<\/td><td class=\"column-6\">123<\/td><td class=\"column-7\">93<\/td><td class=\"column-8\">583<\/td><td class=\"column-9\">192<\/td><td class=\"column-10\">393<\/td><td class=\"column-11\">100<\/td>\n<\/tr>\n<tr class=\"row-3\">\n\t<td class=\"column-1\">DUT15-45<\/td><td class=\"column-2\">875<\/td><td class=\"column-3\">845<\/td><td class=\"column-4\">673<\/td><td class=\"column-5\">420<\/td><td class=\"column-6\">197<\/td><td class=\"column-7\">167<\/td><td class=\"column-8\">583<\/td><td class=\"column-9\">192<\/td><td class=\"column-10\">393<\/td><td class=\"column-11\">150<\/td>\n<\/tr>\n<tr class=\"row-4\">\n\t<td class=\"column-1\">DUT20-60<\/td><td class=\"column-2\">875<\/td><td class=\"column-3\">845<\/td><td class=\"column-4\">700<\/td><td class=\"column-5\">420<\/td><td class=\"column-6\">247<\/td><td class=\"column-7\">217<\/td><td class=\"column-8\">544<\/td><td class=\"column-9\">192<\/td><td class=\"column-10\">393<\/td><td class=\"column-11\">200<\/td>\n<\/tr>\n<\/tbody>\n<\/table>\n<\/div>\n<\/div>\n<div><\/div>\n<div class=\"woocb\"><a class=\"wocb\" href=\"http:\/\/www.beiaole.com\/wp-content\/uploads\/2025\/08\/d1.5.1.pdf\" target=\"_blank\" rel=\"noopener\">\u015fekil<\/a><\/div>\n<div><\/div>\n<p><img loading=\"lazy\" decoding=\"async\" class=\"aligncenter wp-image-15704 size-large\" src=\"http:\/\/www.beiaole.com\/wp-content\/uploads\/2025\/08\/s1.5-1024x438.png\" alt=\"Home Fresh Air Ventilator-size\" width=\"1024\" height=\"438\" data-no-translation=\"\" \/><br \/>\nPerformans:<\/p>\n<div class=\"scroll-table-wrapper\">\n<div class=\"scroll-table\">\n<table id=\"tablepress-10\" class=\"tablepress tablepress-id-10\">\n<thead>\n<tr class=\"row-1\">\n\t<th class=\"column-1\">model<\/th><th class=\"column-2\">voltaj(v)<\/th><th class=\"column-3\">frekans (Hz)<\/th><th class=\"column-4\">vites de\u011fi\u015ftirmek<\/th><th class=\"column-5\">g\u00fc\u00e7(w)<\/th><th class=\"column-6\">Hava ak\u0131\u015f\u0131 (m\u00b3\/saat)<\/th><th class=\"column-7\">Statik Bas\u0131n\u00e7 (PA)<\/th><th class=\"column-8\">G\u00fcr\u00fclt\u00fc(dB)<\/th><th class=\"column-9\">Birincil Filtre(%)<\/th><th class=\"column-10\">Uygulama alan\u0131(m\u00b2)<\/th><th class=\"column-11\">N.M(kg)<\/th>\n<\/tr>\n<\/thead>\n<tbody class=\"row-striping row-hover\">\n<tr class=\"row-2\">\n\t<td class=\"column-1\">DUT10-34<\/td><td class=\"column-2\">220<\/td><td class=\"column-3\">50<\/td><td class=\"column-4\">H\/L<\/td><td class=\"column-5\">108\/86<\/td><td class=\"column-6\">230\/180<\/td><td class=\"column-7\">210\/110<\/td><td class=\"column-8\">30\/33<\/td><td class=\"column-9\">100<\/td><td class=\"column-10\">80-100<\/td><td class=\"column-11\">17.9<\/td>\n<\/tr>\n<tr class=\"row-3\">\n\t<td class=\"column-1\">DUT15-45<\/td><td class=\"column-2\">220<\/td><td class=\"column-3\">50<\/td><td class=\"column-4\">H\/L<\/td><td class=\"column-5\">151\/124<\/td><td class=\"column-6\">550\/350<\/td><td class=\"column-7\">240\/160<\/td><td class=\"column-8\">36\/33<\/td><td class=\"column-9\">150<\/td><td class=\"column-10\">75-150<\/td><td class=\"column-11\">20.3<\/td>\n<\/tr>\n<tr class=\"row-4\">\n\t<td class=\"column-1\">DUT20-60<\/td><td class=\"column-2\">220<\/td><td class=\"column-3\">50<\/td><td class=\"column-4\">H\/L<\/td><td class=\"column-5\">240\/186<\/td><td class=\"column-6\">1200\/800<\/td><td class=\"column-7\">320\/270<\/td><td class=\"column-8\">45\/41<\/td><td class=\"column-9\">200<\/td><td class=\"column-10\">165-330<\/td><td class=\"column-11\">24.5<\/td>\n<\/tr>\n<\/tbody>\n<\/table>\n<\/div>\n<\/div>\n<div><\/div>\n<div class=\"woocb\"><a class=\"wocb\" href=\"http:\/\/www.beiaole.com\/wp-content\/uploads\/2025\/08\/d1.5.2.pdf\" target=\"_blank\" rel=\"noopener\">\u015fekil<\/a><\/div>\n<div><\/div>","protected":false},"excerpt":{"rendered":"<ul>\n<li>\n<h2>Dengeli hava ak\u0131\u015f\u0131 sistemi:<\/h2>\n<p>\u202fAyn\u0131 havaland\u0131rma i\u00e7in ba\u011f\u0131ms\u0131z giri\u015f ve egzoz kanallar\u0131 ayn\u0131 anda taze ve bayat hava de\u011fi\u015ftirir.<\/li>\n<li>\n<h2>Optimize edilmi\u015f hava hacmi:<\/h2>\n<p>180\u20131200\u202f\u202fLivingAralar boyunca 320-sa\u011flam, dengeli da\u011f\u0131t\u0131m i\u00e7in statik bas\u0131n\u00e7la 320-pas ibadet eder.<\/li>\n<li>\n<h2>\u0130nce, entegre tasar\u0131m:<\/h2>\n<p>Yaln\u0131zca 12 cm kal\u0131nl\u0131k i\u00e7in \u00fcst\u00fcne ayr\u0131k kurulum, tavanlar\u0131n \u00fcst\u00fcndeki veya yak\u0131ndaki mimari bo\u015fluklar.<\/li>\n<li>\n<h2>Dayan\u0131kl\u0131 metal konut:<\/h2>\n<p>Uzun vadeli istikrar i\u00e7in 'korozyon' ve mekanik titre\u015fime kar\u015f\u0131 dayan\u0131kl\u0131d\u0131r.<\/li>\n<li>\n<h2>Enerji verimli tahrik:<\/h2>\n<p>bak\u0131r \u00e7ekirdek motor ve d\u00fc\u015f\u00fck diren\u00e7li hava yolu minimize g\u00fcc\u00fcn kullan\u0131m\u0131 s\u00fcreklilik alt\u0131nda.<\/li>\n<li>\n<h2>D\u00fc\u015f\u00fck g\u00fcr\u00fclt\u00fcl\u00fc i\u015flem:<\/h2>\n<p>Akustik optimizasyon, sesi30\u201345DB'yi destekler, destekleyici, rahats\u0131z edici rahatl\u0131\u011f\u0131 destekler.<\/li>\n<li>\n<h2>Geli\u015fmi\u015f filtrasyon:<\/h2>\n<p>Birincil ve y\u00fcksek verimlilik filtreleri, 'tust', ince par\u00e7ac\u0131klar, ve s\u00fcrekli olarak temiz bir i\u00e7 mekan i\u00e7in kokular.<\/li>\n<\/ul>\n<hr \/>","protected":false},"featured_media":4669,"comment_status":"open","ping_status":"closed","template":"","meta":{"_acf_changed":false},"product_brand":[],"product_cat":[71],"product_tag":[],"class_list":{"0":"post-4660","1":"product","2":"type-product","3":"status-publish","4":"has-post-thumbnail","6":"product_cat-energy-recovery-ventilator-2","8":"first","9":"instock","10":"taxable","11":"shipping-taxable","12":"purchasable","13":"product-type-variable","14":"has-default-attributes"},"acf":[],"_links":{"self":[{"href":"https:\/\/www.ecvents.com\/tr\/wp-json\/wp\/v2\/product\/4660","targetHints":{"allow":["GET"]}}],"collection":[{"href":"https:\/\/www.ecvents.com\/tr\/wp-json\/wp\/v2\/product"}],"about":[{"href":"https:\/\/www.ecvents.com\/tr\/wp-json\/wp\/v2\/types\/product"}],"replies":[{"embeddable":true,"href":"https:\/\/www.ecvents.com\/tr\/wp-json\/wp\/v2\/comments?post=4660"}],"wp:featuredmedia":[{"embeddable":true,"href":"https:\/\/www.ecvents.com\/tr\/wp-json\/wp\/v2\/media\/4669"}],"wp:attachment":[{"href":"https:\/\/www.ecvents.com\/tr\/wp-json\/wp\/v2\/media?parent=4660"}],"wp:term":[{"taxonomy":"product_brand","embeddable":true,"href":"https:\/\/www.ecvents.com\/tr\/wp-json\/wp\/v2\/product_brand?post=4660"},{"taxonomy":"product_cat","embeddable":true,"href":"https:\/\/www.ecvents.com\/tr\/wp-json\/wp\/v2\/product_cat?post=4660"},{"taxonomy":"product_tag","embeddable":true,"href":"https:\/\/www.ecvents.com\/tr\/wp-json\/wp\/v2\/product_tag?post=4660"}],"curies":[{"name":"zamk","href":"https:\/\/api.w.org\/{rel}","templated":true}]}}