{"id":4664,"date":"2026-03-19T06:02:10","date_gmt":"2026-03-19T11:02:10","guid":{"rendered":"https:\/\/www.ecvents.com\/?post_type=product&#038;p=4664"},"modified":"2026-03-19T06:03:03","modified_gmt":"2026-03-19T11:03:03","slug":"tek-yonlu-temiz-havali-havali-fan","status":"publish","type":"product","link":"https:\/\/www.ecvents.com\/tr\/product\/tek-yonlu-temiz-havali-havali-fan\/","title":{"rendered":"Tek y\u00f6nl\u00fc temiz haval\u0131 haval\u0131 fan"},"content":{"rendered":"<div class=\"someee\">\n<h2><strong>S\u00fcrekli tazelik. sessiz g\u00fcvence. performans i\u00e7in tasarland\u0131.<\/strong><\/h2>\n<p>bira\u00a0<strong>Tek y\u00f6nl\u00fc temiz haval\u0131 haval\u0131 fan<\/strong>\u00a0Hassas m\u00fchendisli\u011fi ve abart\u0131s\u0131z verimlili\u011fi bir araya getirir. Modern havaland\u0131rma sistemlerinde s\u00fcrekli \u00e7al\u0131\u015fma i\u00e7in tasarlanan bu, konfor, sa\u011fl\u0131k ve \u00fcretkenli\u011fi destekleyen d\u00fczenli, sessiz bir hava ak\u0131\u015f\u0131n\u0131 sa\u011flar.<\/p>\n<p>Kompakt \u00e7er\u00e7evesinin i\u00e7inde bir\u00a0<strong>bak\u0131r \u00e7ekirdekli motor<\/strong>\u00a0P\u00fcr\u00fczs\u00fcz, d\u00fc\u015f\u00fck titre\u015fimli performans ve uzun servis \u00f6mr\u00fc sa\u011flamak i\u00e7in hassas bilyal\u0131 rulmanlarla \u00e7al\u0131\u015f\u0131r. pek iyi\u00a0<strong>\u0130ki a\u015famal\u0131 filtrasyon sistemi<\/strong>\u2014Birincil ve y\u00fcksek verimlilik\u2014zaman i\u00e7inde tutarl\u0131 hava kalitesini koruyarak, ince toz ve kokular\u0131 do\u011frudan kayna\u011f\u0131nda filtreler.<\/p>\n<p>Fan'\u0131n\u00a0<strong>Ultra ince, dengeli g\u00f6vde<\/strong>\u00a0Minimum kurulum \u00e7abas\u0131yla s\u0131n\u0131rl\u0131 veya mimari alanlara uyum sa\u011flayarak, tavanlar\u0131n \u00fczerinde, kanallar i\u00e7inde veya duvar panellerinin arkas\u0131na kolayca entegre olur. Birimler ayr\u0131ca seri veya paralel olarak ba\u011flanabilir ve sistem gereksinimlerine uygun \u00f6l\u00e7eklenebilir hava ak\u0131\u015f\u0131 mod\u00fclleri olu\u015fturabilir.<\/p>\n<\/div>\n<hr \/>\n<p>Boyutlar (birim: mm):<\/p>\n<div class=\"scroll-table-wrapper\">\n<div class=\"scroll-table\">\n<table id=\"tablepress-14\" class=\"tablepress tablepress-id-14\">\n<thead>\n<tr class=\"row-1\">\n\t<th class=\"column-1\">model<\/th><th class=\"column-2\">L<\/th><th class=\"column-3\">L1<\/th><th class=\"column-4\">L2<\/th><th class=\"column-5\">W<\/th><th class=\"column-6\">W1<\/th><th class=\"column-7\">H<\/th><th class=\"column-8\">H1<\/th><th class=\"column-9\">D<\/th>\n<\/tr>\n<\/thead>\n<tbody class=\"row-striping row-hover\">\n<tr class=\"row-2\">\n\t<td class=\"column-1\">DPT10-35J<\/td><td class=\"column-2\">701<\/td><td class=\"column-3\">523<\/td><td class=\"column-4\">420<\/td><td class=\"column-5\">400<\/td><td class=\"column-6\">447<\/td><td class=\"column-7\">121<\/td><td class=\"column-8\">30<\/td><td class=\"column-9\">100<\/td>\n<\/tr>\n<tr class=\"row-3\">\n\t<td class=\"column-1\">DPT15-45J<\/td><td class=\"column-2\">673<\/td><td class=\"column-3\">523<\/td><td class=\"column-4\">420<\/td><td class=\"column-5\">400<\/td><td class=\"column-6\">447<\/td><td class=\"column-7\">196<\/td><td class=\"column-8\">30<\/td><td class=\"column-9\">150<\/td>\n<\/tr>\n<tr class=\"row-4\">\n\t<td class=\"column-1\">DPT20-55J<\/td><td class=\"column-2\">700<\/td><td class=\"column-3\">523<\/td><td class=\"column-4\">420<\/td><td class=\"column-5\">400<\/td><td class=\"column-6\">447<\/td><td class=\"column-7\">246<\/td><td class=\"column-8\">30<\/td><td class=\"column-9\">200<\/td>\n<\/tr>\n<\/tbody>\n<\/table>\n<!-- #tablepress-14 from cache --><\/div>\n<\/div>\n<div><\/div>\n<div class=\"woocb\"><a class=\"wocb\" href=\"http:\/\/www.beiaole.com\/wp-content\/uploads\/2025\/09\/d1.7.1.pdf\" target=\"_blank\" rel=\"noopener\">\u015fekil<\/a><\/div>\n<div><\/div>\n<p><img loading=\"lazy\" decoding=\"async\" class=\"aligncenter wp-image-15811 size-large\" src=\"http:\/\/www.beiaole.com\/wp-content\/uploads\/2025\/08\/s1.7-1024x500.png\" alt=\"Single Way Fresh Air Inline Fan-size\" width=\"1024\" height=\"500\" data-no-translation=\"\" \/><br \/>\nPerformans:<\/p>\n<div class=\"scroll-table-wrapper\">\n<div class=\"scroll-table\">\n<table id=\"tablepress-15\" class=\"tablepress tablepress-id-15 tbody-has-connected-cells\">\n<thead>\n<tr class=\"row-1\">\n\t<th class=\"column-1\">model<\/th><th class=\"column-2\">voltaj(v)<\/th><th class=\"column-3\">frekans (Hz)<\/th><th class=\"column-4\">vites de\u011fi\u015ftirmek<\/th><th class=\"column-5\">g\u00fc\u00e7(w)<\/th><th class=\"column-6\">Hava ak\u0131\u015f\u0131 (m\u00b3\/saat)<\/th><th class=\"column-7\">Statik Bas\u0131n\u00e7 (PA)<\/th><th class=\"column-8\">G\u00fcr\u00fclt\u00fc(dB)<\/th><th class=\"column-9\">Kanal Boyutu (mm)<\/th><th class=\"column-10\">Uygulama alan\u0131(m\u00b2)<\/th><th class=\"column-11\">N.M(kg)<\/th>\n<\/tr>\n<\/thead>\n<tbody class=\"row-striping row-hover\">\n<tr class=\"row-2\">\n\t<td rowspan=\"2\" class=\"column-1\">DPT10-35J<\/td><td rowspan=\"2\" class=\"column-2\">220<\/td><td rowspan=\"2\" class=\"column-3\">50<\/td><td class=\"column-4\">y\u00fcksek<\/td><td class=\"column-5\">53<\/td><td class=\"column-6\">160<\/td><td class=\"column-7\">192<\/td><td class=\"column-8\">31<\/td><td rowspan=\"2\" class=\"column-9\">100<\/td><td rowspan=\"2\" class=\"column-10\">8-15<\/td><td rowspan=\"2\" class=\"column-11\">9<\/td>\n<\/tr>\n<tr class=\"row-3\">\n\t<td class=\"column-4\">al\u00e7akg\u00f6n<\/td><td class=\"column-5\">44<\/td><td class=\"column-6\">120<\/td><td class=\"column-7\">170<\/td><td class=\"column-8\">25<\/td>\n<\/tr>\n<tr class=\"row-4\">\n\t<td rowspan=\"2\" class=\"column-1\">DPT15-45J<\/td><td rowspan=\"2\" class=\"column-2\">220<\/td><td rowspan=\"2\" class=\"column-3\">50<\/td><td class=\"column-4\">y\u00fcksek<\/td><td class=\"column-5\">88<\/td><td class=\"column-6\">350<\/td><td class=\"column-7\">270<\/td><td class=\"column-8\">42<\/td><td rowspan=\"2\" class=\"column-9\">150<\/td><td rowspan=\"2\" class=\"column-10\">25-30<\/td><td rowspan=\"2\" class=\"column-11\">11<\/td>\n<\/tr>\n<tr class=\"row-5\">\n\t<td class=\"column-4\">al\u00e7akg\u00f6n<\/td><td class=\"column-5\">78<\/td><td class=\"column-6\">290<\/td><td class=\"column-7\">250<\/td><td class=\"column-8\">38<\/td>\n<\/tr>\n<tr class=\"row-6\">\n\t<td rowspan=\"2\" class=\"column-1\">DPT20-55J<\/td><td rowspan=\"2\" class=\"column-2\">220<\/td><td rowspan=\"2\" class=\"column-3\">50<\/td><td class=\"column-4\">y\u00fcksek<\/td><td class=\"column-5\">143<\/td><td class=\"column-6\">650<\/td><td class=\"column-7\">365<\/td><td class=\"column-8\">45<\/td><td rowspan=\"2\" class=\"column-9\">200<\/td><td rowspan=\"2\" class=\"column-10\">30-40<\/td><td rowspan=\"2\" class=\"column-11\">13<\/td>\n<\/tr>\n<tr class=\"row-7\">\n\t<td class=\"column-4\">al\u00e7akg\u00f6n<\/td><td class=\"column-5\">122<\/td><td class=\"column-6\">500<\/td><td class=\"column-7\">300<\/td><td class=\"column-8\">32<\/td>\n<\/tr>\n<\/tbody>\n<\/table>\n<!-- #tablepress-15 from cache --><\/div>\n<\/div>\n<div><\/div>\n<div class=\"woocb\"><a class=\"wocb\" href=\"http:\/\/www.beiaole.com\/wp-content\/uploads\/2025\/09\/d1.7.2.pdf\" target=\"_blank\" rel=\"noopener\">\u015fekil<\/a><\/div>\n<div><\/div>\n<p><img loading=\"lazy\" decoding=\"async\" class=\"aligncenter wp-image-17228 size-large\" src=\"http:\/\/www.beiaole.com\/wp-content\/uploads\/2025\/08\/x1.7-1024x317.jpg\" alt=\"Single Way Fresh Air Inline Fan-q1\" width=\"1024\" height=\"317\" data-no-translation=\"\" \/><\/p>","protected":false},"excerpt":{"rendered":"<ul>\n<li>\n<h2>Hava y\u00f6netimi verimlili\u011fi:<\/h2>\n<p>\u00a0Kararl\u0131, kontroll\u00fc havaland\u0131rma i\u00e7in tasarlanm\u0131\u015f 365\u202fPa'ya kadar statik bas\u0131n\u00e7la 120 ila 650\u202fm\u00b3\/saat aras\u0131nda hava ak\u0131\u015f aral\u0131\u011f\u0131.<\/li>\n<li>\n<h2>Sessiz g\u00fcvenilirlik:<\/h2>\n<p>\u00a025 \u202fDB kadar d\u00fc\u015f\u00fck akustik performans, dolu ve g\u00fcr\u00fclt\u00fcye duyarl\u0131 alanlarda \u00e7al\u0131\u015fmay\u0131 sa\u011flar.<\/li>\n<li>\n<h2>Enerji bilincine sahip s\u00fcr\u00fc\u015f:<\/h2>\n<p>\u00a0Y\u00fcksek verimli bak\u0131r motor ve aerodinamik pervane, s\u00fcrekli g\u00f6revde t\u00fcketimi en aza indirir.<\/li>\n<li>\n<h2>\u00c7ift filtrasyon teknolojisi:<\/h2>\n<p>\u00a0S\u0131ral\u0131 filtrasyon i\u015flemi, kal\u0131c\u0131 hava kalitesi i\u00e7in partik\u00fclleri ve art\u0131k kokular\u0131 ortadan kald\u0131r\u0131r.<\/li>\n<li>\n<h2>Kompakt entegrasyon:<\/h2>\n<p>\u00a0\u0130nce yap\u0131, tavanlarda, kanallarda ve servis koridorlar\u0131nda gizli kurulum sa\u011flar.<\/li>\n<li>\n<h2>Mod\u00fcler tasar\u0131m:<\/h2>\n<p>\u00a0Gerekti\u011finde hava ak\u0131\u015f kapasitesini geni\u015fletmek i\u00e7in bireysel veya a\u011f ba\u011flant\u0131l\u0131 birimler olarak yap\u0131land\u0131r\u0131labilir.<\/li>\n<\/ul>\n<hr \/>","protected":false},"featured_media":4670,"comment_status":"open","ping_status":"closed","template":"","meta":{"_acf_changed":false},"product_brand":[],"product_cat":[71],"product_tag":[],"class_list":{"0":"post-4664","1":"product","2":"type-product","3":"status-publish","4":"has-post-thumbnail","6":"product_cat-energy-recovery-ventilator-2","8":"first","9":"instock","10":"taxable","11":"shipping-taxable","12":"purchasable","13":"product-type-variable","14":"has-default-attributes"},"acf":[],"_links":{"self":[{"href":"https:\/\/www.ecvents.com\/tr\/wp-json\/wp\/v2\/product\/4664","targetHints":{"allow":["GET"]}}],"collection":[{"href":"https:\/\/www.ecvents.com\/tr\/wp-json\/wp\/v2\/product"}],"about":[{"href":"https:\/\/www.ecvents.com\/tr\/wp-json\/wp\/v2\/types\/product"}],"replies":[{"embeddable":true,"href":"https:\/\/www.ecvents.com\/tr\/wp-json\/wp\/v2\/comments?post=4664"}],"wp:featuredmedia":[{"embeddable":true,"href":"https:\/\/www.ecvents.com\/tr\/wp-json\/wp\/v2\/media\/4670"}],"wp:attachment":[{"href":"https:\/\/www.ecvents.com\/tr\/wp-json\/wp\/v2\/media?parent=4664"}],"wp:term":[{"taxonomy":"product_brand","embeddable":true,"href":"https:\/\/www.ecvents.com\/tr\/wp-json\/wp\/v2\/product_brand?post=4664"},{"taxonomy":"product_cat","embeddable":true,"href":"https:\/\/www.ecvents.com\/tr\/wp-json\/wp\/v2\/product_cat?post=4664"},{"taxonomy":"product_tag","embeddable":true,"href":"https:\/\/www.ecvents.com\/tr\/wp-json\/wp\/v2\/product_tag?post=4664"}],"curies":[{"name":"zamk","href":"https:\/\/api.w.org\/{rel}","templated":true}]}}