{"id":4668,"date":"2026-03-19T06:02:10","date_gmt":"2026-03-19T11:02:10","guid":{"rendered":"https:\/\/www.ecvents.com\/?post_type=product&#038;p=4668"},"modified":"2026-03-19T06:03:03","modified_gmt":"2026-03-19T11:03:03","slug":"ip55-motorlu-dolap-fani","status":"publish","type":"product","link":"https:\/\/www.ecvents.com\/tr\/product\/ip55-motorlu-dolap-fani\/","title":{"rendered":"IP55 motorlu dolap fan\u0131"},"content":{"rendered":"<div class=\"someee\">\n<h2><strong>by\u202fBy\u202fDesign.\u202f sessizlikte. S\u00fcrekli havaland\u0131rma i\u00e7in in\u015fa edilmi\u015ftir.<\/strong><\/h2>\n<p>bira <strong>Kabin Fan\u202fPiP55MOTORU<\/strong>\u00a0Dikkat gerektirmeden havay\u0131 serin ve sabit tutar. i\u00e7inde bir\u00a0<strong>Kat\u0131\u202fBak\u0131r-\u00e7ekirdek motoru<\/strong>\u2014 Verimli, g\u00fc\u00e7l\u00fc ve di\u011ferleri durduktan sonra uzun s\u00fcre d\u00f6nmeye devam etmek i\u00e7in in\u015fa edilmi\u015ftir. -li\u00a0<strong>Y\u00fcksek dereceli top rulmanlar\u0131<\/strong>, bu kadar yetenekli bir \u015feyden bekledi\u011finizden daha yumu\u015fak, daha sessiz hareket sa\u011flar.<\/p>\n<p>bira\u00a0<strong>IP55 \u202fAl\u00fcminyum Konut<\/strong>\u00a0Sadece g\u00f6r\u00fcn\u00fc\u015f i\u00e7in de\u011fil; toza, neme ve s\u00fcrekli \u00e7al\u0131\u015fma a\u015f\u0131nmas\u0131na kar\u015f\u0131 sa\u011flam duruyor. bira\u00a0<strong>Metal Fan \u00c7ark\u0131<\/strong>\u00a0Sisteminiz gerektirdi\u011finde y\u00fcksek bas\u0131n\u00e7 ve uzun mesafe ak\u0131\u015f\u0131n\u0131 koruyarak havay\u0131 otorite ile \u00e7al\u0131\u015ft\u0131r\u0131r.<\/p>\n<p>Bak\u0131m ferahlat\u0131c\u0131 derecede basittir.\u00a0<strong>Yan denetim<\/strong>\u00a0Bile\u015fenleri h\u0131zl\u0131 bir \u015fekilde a\u00e7man\u0131za, temizlemenize veya de\u011fi\u015ftirmenize izin verin\u2014Tam s\u00f6kme veya zaman al\u0131c\u0131 ayarlamalara gerek yok. \u015eikayet etmeden \u00e7ok \u00e7al\u0131\u015facak \u015fekilde tasarlanm\u0131\u015f bir fan i\u00e7in basit bir hizmettir.<\/p>\n<\/div>\n<hr \/>\n<p>Boyutlar (birim: mm):<\/p>\n<div class=\"scroll-table-wrapper\">\n<div class=\"scroll-table\">\n<table id=\"tablepress-18\" class=\"tablepress tablepress-id-18\">\n<thead>\n<tr class=\"row-1\">\n\t<th class=\"column-1\">model<\/th><th class=\"column-2\">L<\/th><th class=\"column-3\">L1<\/th><th class=\"column-4\">W<\/th><th class=\"column-5\">W1<\/th><th class=\"column-6\">H<\/th><th class=\"column-7\">sesli<\/th><th class=\"column-8\">D1<\/th><th class=\"column-9\">F<\/th><th class=\"column-10\">Hava \u00e7\u0131k\u0131\u015f boyutu<br \/>\n(AXB)<\/th><th class=\"column-11\">Hava giri\u015f boyutu<br \/>\n(CXD)<\/th>\n<\/tr>\n<\/thead>\n<tbody class=\"row-striping row-hover\">\n<tr class=\"row-2\">\n\t<td class=\"column-1\">KTJ23-20D<\/td><td class=\"column-2\">490<\/td><td class=\"column-3\">452<\/td><td class=\"column-4\">490<\/td><td class=\"column-5\">530<\/td><td class=\"column-6\">372<\/td><td class=\"column-7\">36<\/td><td class=\"column-8\">50<\/td><td class=\"column-9\">25<\/td><td class=\"column-10\">270\u00d7265<\/td><td class=\"column-11\">350x312<\/td>\n<\/tr>\n<tr class=\"row-3\">\n\t<td class=\"column-1\">KTJ23-26D<\/td><td class=\"column-2\">490<\/td><td class=\"column-3\">452<\/td><td class=\"column-4\">490<\/td><td class=\"column-5\">530<\/td><td class=\"column-6\">372<\/td><td class=\"column-7\">36<\/td><td class=\"column-8\">50<\/td><td class=\"column-9\">25<\/td><td class=\"column-10\">300x280<\/td><td class=\"column-11\">430x312<\/td>\n<\/tr>\n<tr class=\"row-4\">\n\t<td class=\"column-1\">KTJ23-31D<\/td><td class=\"column-2\">524<\/td><td class=\"column-3\">486<\/td><td class=\"column-4\">592<\/td><td class=\"column-5\">632<\/td><td class=\"column-6\">440<\/td><td class=\"column-7\">36<\/td><td class=\"column-8\">50<\/td><td class=\"column-9\">25<\/td><td class=\"column-10\">335x320<\/td><td class=\"column-11\">335x320<\/td>\n<\/tr>\n<tr class=\"row-5\">\n\t<td class=\"column-1\">KTJ23-41D<\/td><td class=\"column-2\">524<\/td><td class=\"column-3\">486<\/td><td class=\"column-4\">592<\/td><td class=\"column-5\">632<\/td><td class=\"column-6\">440<\/td><td class=\"column-7\">36<\/td><td class=\"column-8\">50<\/td><td class=\"column-9\">25<\/td><td class=\"column-10\">335x320<\/td><td class=\"column-11\">550x380<\/td>\n<\/tr>\n<tr class=\"row-6\">\n\t<td class=\"column-1\">KTJ23-20<\/td><td class=\"column-2\">490<\/td><td class=\"column-3\">452<\/td><td class=\"column-4\">490<\/td><td class=\"column-5\">530<\/td><td class=\"column-6\">372<\/td><td class=\"column-7\">36<\/td><td class=\"column-8\">50<\/td><td class=\"column-9\">25<\/td><td class=\"column-10\">270\u00d7265<\/td><td class=\"column-11\">350\u00d7312<\/td>\n<\/tr>\n<tr class=\"row-7\">\n\t<td class=\"column-1\">KTJ23-26<\/td><td class=\"column-2\">490<\/td><td class=\"column-3\">452<\/td><td class=\"column-4\">490<\/td><td class=\"column-5\">530<\/td><td class=\"column-6\">372<\/td><td class=\"column-7\">36<\/td><td class=\"column-8\">50<\/td><td class=\"column-9\">25<\/td><td class=\"column-10\">300x280<\/td><td class=\"column-11\">430x312<\/td>\n<\/tr>\n<tr class=\"row-8\">\n\t<td class=\"column-1\">KTJ23-31<\/td><td class=\"column-2\">524<\/td><td class=\"column-3\">486<\/td><td class=\"column-4\">592<\/td><td class=\"column-5\">632<\/td><td class=\"column-6\">440<\/td><td class=\"column-7\">36<\/td><td class=\"column-8\">50<\/td><td class=\"column-9\">25<\/td><td class=\"column-10\">335x320<\/td><td class=\"column-11\">335x320<\/td>\n<\/tr>\n<tr class=\"row-9\">\n\t<td class=\"column-1\">KTJ23-41<\/td><td class=\"column-2\">524<\/td><td class=\"column-3\">486<\/td><td class=\"column-4\">592<\/td><td class=\"column-5\">632<\/td><td class=\"column-6\">440<\/td><td class=\"column-7\">36<\/td><td class=\"column-8\">50<\/td><td class=\"column-9\">25<\/td><td class=\"column-10\">335x320<\/td><td class=\"column-11\">550x380<\/td>\n<\/tr>\n<tr class=\"row-10\">\n\t<td class=\"column-1\">KTJ28-51<\/td><td class=\"column-2\">640<\/td><td class=\"column-3\">568<\/td><td class=\"column-4\">700<\/td><td class=\"column-5\">743<\/td><td class=\"column-6\">535<\/td><td class=\"column-7\">35<\/td><td class=\"column-8\">50<\/td><td class=\"column-9\">25<\/td><td class=\"column-10\">410x358<\/td><td class=\"column-11\">640x465<\/td>\n<\/tr>\n<tr class=\"row-11\">\n\t<td class=\"column-1\">KTJ28-61<\/td><td class=\"column-2\">700<\/td><td class=\"column-3\">628<\/td><td class=\"column-4\">740<\/td><td class=\"column-5\">783<\/td><td class=\"column-6\">600<\/td><td class=\"column-7\">35<\/td><td class=\"column-8\">50<\/td><td class=\"column-9\">25<\/td><td class=\"column-10\">400x460<\/td><td class=\"column-11\">550x460<\/td>\n<\/tr>\n<tr class=\"row-12\">\n\t<td class=\"column-1\">KTJ31-71<\/td><td class=\"column-2\">700<\/td><td class=\"column-3\">628<\/td><td class=\"column-4\">740<\/td><td class=\"column-5\">783<\/td><td class=\"column-6\">600<\/td><td class=\"column-7\">35<\/td><td class=\"column-8\">50<\/td><td class=\"column-9\">25<\/td><td class=\"column-10\">400x460<\/td><td class=\"column-11\">550x460<\/td>\n<\/tr>\n<tr class=\"row-13\">\n\t<td class=\"column-1\">KTJ31-81<\/td><td class=\"column-2\">700<\/td><td class=\"column-3\">628<\/td><td class=\"column-4\">780<\/td><td class=\"column-5\">823<\/td><td class=\"column-6\">600<\/td><td class=\"column-7\">35<\/td><td class=\"column-8\">50<\/td><td class=\"column-9\">25<\/td><td class=\"column-10\">400x460<\/td><td class=\"column-11\">745x535<\/td>\n<\/tr>\n<tr class=\"row-14\">\n\t<td class=\"column-1\">KTJ35-100<\/td><td class=\"column-2\">810<\/td><td class=\"column-3\">738<\/td><td class=\"column-4\">780<\/td><td class=\"column-5\">823<\/td><td class=\"column-6\">665<\/td><td class=\"column-7\">35<\/td><td class=\"column-8\">50<\/td><td class=\"column-9\">25<\/td><td class=\"column-10\">440x460<\/td><td class=\"column-11\">745x535<\/td>\n<\/tr>\n<tr class=\"row-15\">\n\t<td class=\"column-1\">KTJ35-120<\/td><td class=\"column-2\">810<\/td><td class=\"column-3\">738<\/td><td class=\"column-4\">880<\/td><td class=\"column-5\">923<\/td><td class=\"column-6\">715<\/td><td class=\"column-7\">35<\/td><td class=\"column-8\">50<\/td><td class=\"column-9\">25<\/td><td class=\"column-10\">440x460<\/td><td class=\"column-11\">745x535<\/td>\n<\/tr>\n<tr class=\"row-16\">\n\t<td class=\"column-1\">KTJ40-150<\/td><td class=\"column-2\">848<\/td><td class=\"column-3\">753<\/td><td class=\"column-4\">947<\/td><td class=\"column-5\">1067<\/td><td class=\"column-6\">802<\/td><td class=\"column-7\">35<\/td><td class=\"column-8\">50<\/td><td class=\"column-9\">25<\/td><td class=\"column-10\">455x460<\/td><td class=\"column-11\">835x600<\/td>\n<\/tr>\n<tr class=\"row-17\">\n\t<td class=\"column-1\">KTJ40-200<\/td><td class=\"column-2\">900<\/td><td class=\"column-3\">801<\/td><td class=\"column-4\">1012<\/td><td class=\"column-5\">1132<\/td><td class=\"column-6\">820<\/td><td class=\"column-7\">35<\/td><td class=\"column-8\">50<\/td><td class=\"column-9\">25<\/td><td class=\"column-10\">455x460<\/td><td class=\"column-11\">900\u00d7700<\/td>\n<\/tr>\n<\/tbody>\n<\/table>\n<!-- #tablepress-18 from cache --><\/div>\n<\/div>\n<div><\/div>\n<div class=\"woocb\"><a class=\"wocb\" href=\"http:\/\/www.beiaole.com\/wp-content\/uploads\/2025\/08\/d2.2.1.pdf\" target=\"_blank\" rel=\"noopener\">\u015fekil<\/a><\/div>\n<div><\/div>\n<p><img loading=\"lazy\" decoding=\"async\" class=\"aligncenter wp-image-15965 size-large\" src=\"http:\/\/www.beiaole.com\/wp-content\/uploads\/2025\/08\/s2.2-1024x679.png\" alt=\"Cabinet Fan With IP55 Motor-size\" width=\"1024\" height=\"679\" data-no-translation=\"\" \/><br \/>\nPerformans:<\/p>\n<div class=\"scroll-table-wrapper\">\n<div class=\"scroll-table\">\n<table id=\"tablepress-19\" class=\"tablepress tablepress-id-19\">\n<thead>\n<tr class=\"row-1\">\n\t<th class=\"column-1\">model<\/th><th class=\"column-2\">voltaj(v)<\/th><th class=\"column-3\">frekans (Hz)<\/th><th class=\"column-4\">h\u0131z (rpm)<\/th><th class=\"column-5\">g\u00fc\u00e7(w)<\/th><th class=\"column-6\">Hava ak\u0131\u015f\u0131 (m\u00b3\/saat)<\/th><th class=\"column-7\">Statik Bas\u0131n\u00e7 (PA)<\/th><th class=\"column-8\">G\u00fcr\u00fclt\u00fc(dB)<\/th><th class=\"column-9\">N.M(kg)<\/th>\n<\/tr>\n<\/thead>\n<tbody class=\"row-striping row-hover\">\n<tr class=\"row-2\">\n\t<td class=\"column-1\">KTJ23-20D<\/td><td class=\"column-2\">220<\/td><td class=\"column-3\">50<\/td><td class=\"column-4\">1350<\/td><td class=\"column-5\">250<\/td><td class=\"column-6\">2000<\/td><td class=\"column-7\">400<\/td><td class=\"column-8\">55<\/td><td class=\"column-9\">26<\/td>\n<\/tr>\n<tr class=\"row-3\">\n\t<td class=\"column-1\">KTJ23-26D<\/td><td class=\"column-2\">220<\/td><td class=\"column-3\">50<\/td><td class=\"column-4\">1350<\/td><td class=\"column-5\">370<\/td><td class=\"column-6\">2600<\/td><td class=\"column-7\">420<\/td><td class=\"column-8\">56<\/td><td class=\"column-9\">27<\/td>\n<\/tr>\n<tr class=\"row-4\">\n\t<td class=\"column-1\">KTJ23-31D<\/td><td class=\"column-2\">220<\/td><td class=\"column-3\">50<\/td><td class=\"column-4\">1350<\/td><td class=\"column-5\">550<\/td><td class=\"column-6\">3100<\/td><td class=\"column-7\">440<\/td><td class=\"column-8\">61<\/td><td class=\"column-9\">33<\/td>\n<\/tr>\n<tr class=\"row-5\">\n\t<td class=\"column-1\">KTJ23-41D<\/td><td class=\"column-2\">220<\/td><td class=\"column-3\">50<\/td><td class=\"column-4\">1350<\/td><td class=\"column-5\">750<\/td><td class=\"column-6\">4100<\/td><td class=\"column-7\">460<\/td><td class=\"column-8\">65<\/td><td class=\"column-9\">34<\/td>\n<\/tr>\n<tr class=\"row-6\">\n\t<td class=\"column-1\">KTJ23-20<\/td><td class=\"column-2\">380<\/td><td class=\"column-3\">50<\/td><td class=\"column-4\">1350<\/td><td class=\"column-5\">250<\/td><td class=\"column-6\">2000<\/td><td class=\"column-7\">400<\/td><td class=\"column-8\">55<\/td><td class=\"column-9\">25.5<\/td>\n<\/tr>\n<tr class=\"row-7\">\n\t<td class=\"column-1\">KTJ23-26<\/td><td class=\"column-2\">380<\/td><td class=\"column-3\">50<\/td><td class=\"column-4\">1350<\/td><td class=\"column-5\">370<\/td><td class=\"column-6\">2600<\/td><td class=\"column-7\">420<\/td><td class=\"column-8\">56<\/td><td class=\"column-9\">26<\/td>\n<\/tr>\n<tr class=\"row-8\">\n\t<td class=\"column-1\">KTJ23-31<\/td><td class=\"column-2\">380<\/td><td class=\"column-3\">50<\/td><td class=\"column-4\">1350<\/td><td class=\"column-5\">550<\/td><td class=\"column-6\">3100<\/td><td class=\"column-7\">440<\/td><td class=\"column-8\">61<\/td><td class=\"column-9\">33<\/td>\n<\/tr>\n<tr class=\"row-9\">\n\t<td class=\"column-1\">KTJ23-41<\/td><td class=\"column-2\">380<\/td><td class=\"column-3\">50<\/td><td class=\"column-4\">1350<\/td><td class=\"column-5\">750<\/td><td class=\"column-6\">4100<\/td><td class=\"column-7\">460<\/td><td class=\"column-8\">65<\/td><td class=\"column-9\">34<\/td>\n<\/tr>\n<tr class=\"row-10\">\n\t<td class=\"column-1\">KTJ28-51<\/td><td class=\"column-2\">380<\/td><td class=\"column-3\">50<\/td><td class=\"column-4\">940<\/td><td class=\"column-5\">750<\/td><td class=\"column-6\">5100<\/td><td class=\"column-7\">400<\/td><td class=\"column-8\">67<\/td><td class=\"column-9\">58.5<\/td>\n<\/tr>\n<tr class=\"row-11\">\n\t<td class=\"column-1\">KTJ28-61<\/td><td class=\"column-2\">380<\/td><td class=\"column-3\">50<\/td><td class=\"column-4\">940<\/td><td class=\"column-5\">1100<\/td><td class=\"column-6\">6100<\/td><td class=\"column-7\">420<\/td><td class=\"column-8\">68<\/td><td class=\"column-9\">66<\/td>\n<\/tr>\n<tr class=\"row-12\">\n\t<td class=\"column-1\">KTJ31-71<\/td><td class=\"column-2\">380<\/td><td class=\"column-3\">50<\/td><td class=\"column-4\">940<\/td><td class=\"column-5\">1500<\/td><td class=\"column-6\">7100<\/td><td class=\"column-7\">440<\/td><td class=\"column-8\">69<\/td><td class=\"column-9\">70<\/td>\n<\/tr>\n<tr class=\"row-13\">\n\t<td class=\"column-1\">KTJ31-81<\/td><td class=\"column-2\">380<\/td><td class=\"column-3\">50<\/td><td class=\"column-4\">940<\/td><td class=\"column-5\">1500<\/td><td class=\"column-6\">8100<\/td><td class=\"column-7\">461<\/td><td class=\"column-8\">70<\/td><td class=\"column-9\">72<\/td>\n<\/tr>\n<tr class=\"row-14\">\n\t<td class=\"column-1\">KTJ35-100<\/td><td class=\"column-2\">380<\/td><td class=\"column-3\">50<\/td><td class=\"column-4\">940<\/td><td class=\"column-5\">2200<\/td><td class=\"column-6\">10000<\/td><td class=\"column-7\">551<\/td><td class=\"column-8\">71<\/td><td class=\"column-9\">84.5<\/td>\n<\/tr>\n<tr class=\"row-15\">\n\t<td class=\"column-1\">KTJ35-120<\/td><td class=\"column-2\">380<\/td><td class=\"column-3\">50<\/td><td class=\"column-4\">940<\/td><td class=\"column-5\">2500<\/td><td class=\"column-6\">12000<\/td><td class=\"column-7\">591<\/td><td class=\"column-8\">72<\/td><td class=\"column-9\">86.5<\/td>\n<\/tr>\n<tr class=\"row-16\">\n\t<td class=\"column-1\">KTJ40-150<\/td><td class=\"column-2\">380<\/td><td class=\"column-3\">50<\/td><td class=\"column-4\">940<\/td><td class=\"column-5\">3000<\/td><td class=\"column-6\">15000<\/td><td class=\"column-7\">700<\/td><td class=\"column-8\">75<\/td><td class=\"column-9\">111<\/td>\n<\/tr>\n<tr class=\"row-17\">\n\t<td class=\"column-1\">KTJ40-200<\/td><td class=\"column-2\">380<\/td><td class=\"column-3\">50<\/td><td class=\"column-4\">940<\/td><td class=\"column-5\">5000<\/td><td class=\"column-6\">20000<\/td><td class=\"column-7\">725<\/td><td class=\"column-8\">77<\/td><td class=\"column-9\">128<\/td>\n<\/tr>\n<\/tbody>\n<\/table>\n<!-- #tablepress-19 from cache --><\/div>\n<\/div>\n<div><\/div>\n<div class=\"woocb\"><a class=\"wocb\" href=\"http:\/\/www.beiaole.com\/wp-content\/uploads\/2025\/08\/d2.2.2.pdf\" target=\"_blank\" rel=\"noopener\">\u015fekil<\/a><\/div>\n<div><\/div>\n<p><img loading=\"lazy\" decoding=\"async\" class=\"aligncenter wp-image-17237 size-large\" src=\"http:\/\/www.beiaole.com\/wp-content\/uploads\/2025\/08\/x2.2-1024x312.jpg\" alt=\"Cabinet Fan With IP55 Motor-q1\" width=\"1024\" height=\"312\" data-no-translation=\"\" \/><\/p>","protected":false},"excerpt":{"rendered":"<ul>\n<li>\n<h2>IP55\u202fKoruma:<\/h2>\n<p>\u00a0M\u00fch\u00fcrl\u00fc al\u00fcminyum g\u00f6vde, zorlu ko\u015fullarda g\u00fcvenilir performans i\u00e7in toz ve nemi bloke eder.<\/li>\n<li>\n<h2>Bak\u0131r \u00e7ekirdekli motor:<\/h2>\n<p>\u00a0Bilyal\u0131 rulmanl\u0131 enerji verimli motor, sessiz, dayan\u0131kl\u0131 ve istikrarl\u0131 \u00e7al\u0131\u015fma sa\u011flar.<\/li>\n<li>\n<h2>G\u00fc\u00e7l\u00fc hava \u00e7\u0131k\u0131\u015f\u0131:<\/h2>\n<p>\u00a02.000'den 20.000'e 'ye kadar hava ak\u0131\u015f\u0131 statik bas\u0131n\u00e7 yukar\u0131ya 725Pa'ya kadar.<\/li>\n<li>\n<h2>T\u00fcm metal-in\u015faat:<\/h2>\n<p>\u00a0Y\u00fcksek dereceli \u00e7elik ve aluminum in\u015fas\u0131 korozyona ve s\u00fcrekli kullan\u0131m s\u0131ras\u0131nda titre\u015fime kar\u015f\u0131 diren\u00e7 g\u00f6sterir.<\/li>\n<li>\n<h2>D\u00fc\u015f\u00fck g\u00fcr\u00fclt\u00fc, y\u00fcksek performans:<\/h2>\n<p>55 ve 77\u202fDB, dengeleme g\u00fcc\u00fc ve end\u00fcstriyel uzaylar i\u00e7in rahatl\u0131k aras\u0131nda \u00e7al\u0131\u015f\u0131r.<\/li>\n<li>\n<h2>Kolay bak\u0131m:<\/h2>\n<p>Eri\u015filebilir Denetim Portlar\u0131 H\u0131zl\u0131 Servise \u0130zin Vermek; Hay\u0131r Tam Olarak G\u00f6zden D\u00fc\u015f\u00fcr\u00fclmesi Gerekir.<\/li>\n<li>\n<h2>Kararl\u0131\u202fKo\u015fu:<\/h2>\n<p>D\u00fc\u015f\u00fck titre\u015fimli tasar\u0131m, sabit hava ak\u0131\u015f\u0131n\u0131 ve uzun hizmeti destekler.<\/li>\n<\/ul>\n<hr \/>","protected":false},"featured_media":4697,"comment_status":"open","ping_status":"closed","template":"","meta":{"_acf_changed":false},"product_brand":[],"product_cat":[66],"product_tag":[],"class_list":{"0":"post-4668","1":"product","2":"type-product","3":"status-publish","4":"has-post-thumbnail","6":"product_cat-cabinet-fan","8":"first","9":"instock","10":"taxable","11":"shipping-taxable","12":"purchasable","13":"product-type-variable","14":"has-default-attributes"},"acf":[],"_links":{"self":[{"href":"https:\/\/www.ecvents.com\/tr\/wp-json\/wp\/v2\/product\/4668","targetHints":{"allow":["GET"]}}],"collection":[{"href":"https:\/\/www.ecvents.com\/tr\/wp-json\/wp\/v2\/product"}],"about":[{"href":"https:\/\/www.ecvents.com\/tr\/wp-json\/wp\/v2\/types\/product"}],"replies":[{"embeddable":true,"href":"https:\/\/www.ecvents.com\/tr\/wp-json\/wp\/v2\/comments?post=4668"}],"wp:featuredmedia":[{"embeddable":true,"href":"https:\/\/www.ecvents.com\/tr\/wp-json\/wp\/v2\/media\/4697"}],"wp:attachment":[{"href":"https:\/\/www.ecvents.com\/tr\/wp-json\/wp\/v2\/media?parent=4668"}],"wp:term":[{"taxonomy":"product_brand","embeddable":true,"href":"https:\/\/www.ecvents.com\/tr\/wp-json\/wp\/v2\/product_brand?post=4668"},{"taxonomy":"product_cat","embeddable":true,"href":"https:\/\/www.ecvents.com\/tr\/wp-json\/wp\/v2\/product_cat?post=4668"},{"taxonomy":"product_tag","embeddable":true,"href":"https:\/\/www.ecvents.com\/tr\/wp-json\/wp\/v2\/product_tag?post=4668"}],"curies":[{"name":"zamk","href":"https:\/\/api.w.org\/{rel}","templated":true}]}}