{"id":4687,"date":"2026-03-19T06:02:42","date_gmt":"2026-03-19T11:02:42","guid":{"rendered":"https:\/\/www.ecvents.com\/?post_type=product&#038;p=4687"},"modified":"2026-03-19T06:03:04","modified_gmt":"2026-03-19T11:03:04","slug":"ticari-temiz-hava-vantilatoru","status":"publish","type":"product","link":"https:\/\/www.ecvents.com\/tr\/product\/ticari-temiz-hava-vantilatoru\/","title":{"rendered":"Ticari temiz hava vantilat\u00f6r\u00fc"},"content":{"rendered":"<div class=\"someee\">\n<h2>temiz hava. sessiz denge. S\u00fcrekli havaland\u0131rma i\u00e7in in\u015fa edilmi\u015ftir.<\/h2>\n<p>bira\u00a0<strong>Ticari temiz hava vantilat\u00f6r\u00fc<\/strong>\u00a0\u0130\u00e7 mekan havas\u0131n\u0131 sessizce daha iyi hale getirmek i\u00e7in tasarlanm\u0131\u015ft\u0131r - olmas\u0131 gerekti\u011fi gibi daha taze, daha temiz ve daha rahat. Odan\u0131n atmosferini kendine dikkat \u00e7ekmeden dengeleyerek bayat hava g\u00f6nderirken temiz hava getirir.<\/p>\n<p>\u00d6z\u00fcnde bir\u00a0<strong>T\u00fcm bak\u0131r enerji tasarrufu sa\u011flayan motor<\/strong>\u00a0Sabit ve verimli performans i\u00e7in y\u00fcksek kaliteli bilyal\u0131 rulmanlarla e\u015fle\u015ftirilmi\u015ftir. Kabin ve hava kanal\u0131 bir\u00a0<strong>tek aerodinamik yap\u0131<\/strong>, enerji t\u00fcketimini d\u00fc\u015f\u00fcr\u00fcrken hava ak\u0131\u015f\u0131n\u0131n d\u00fczg\u00fcn ve \u00e7al\u0131\u015fma f\u0131s\u0131lt\u0131-sessiz kalmas\u0131n\u0131 sa\u011flar.<\/p>\n<p>T\u00fcm metal g\u00f6vde, her ticari sistemin ihtiya\u00e7 duydu\u011fu sa\u011flam g\u00fcvenilirli\u011fi ekler. -den olu\u015fmu\u015f\u00a0<strong>Y\u00fcksek kaliteli \u00e7elik<\/strong>, pas, titre\u015fim ve deformasyona kar\u015f\u0131 dayan\u0131kl\u0131d\u0131r - ofisler, restoranlar, spor salonlar\u0131 veya havaland\u0131rman\u0131n g\u00fcn boyunca istikrarl\u0131 ve sessizce \u00e7al\u0131\u015fmas\u0131 gereken toplant\u0131 odalar\u0131 i\u00e7in idealdir.<\/p>\n<p>onun\u00a0<strong>Ba\u011f\u0131ms\u0131z besleme ve egzoz kanallar\u0131<\/strong>\u00a0Onu ay\u0131r\u0131n. Taze d\u0131\u015f hava, ayn\u0131 anda bayat i\u00e7 hava t\u00fckenirken i\u00e7eri akar. Sonu\u00e7, havas\u0131z cepler veya d\u00fczensiz s\u0131cakl\u0131klar olmayan dengeli, rahat bir ortamd\u0131r - sadece taze, rahat havan\u0131n tutarl\u0131 bir esintisi.<\/p>\n<\/div>\n<hr \/>\n<p>Boyutlar (birim: mm):<\/p>\n<div class=\"scroll-table-wrapper\">\n<div class=\"scroll-table\">\n<table id=\"tablepress-11\" class=\"tablepress tablepress-id-11\">\n<thead>\n<tr class=\"row-1\">\n\t<th class=\"column-1\">model<\/th><th class=\"column-2\">L<\/th><th class=\"column-3\">L1<\/th><th class=\"column-4\">W<\/th><th class=\"column-5\">W1<\/th><th class=\"column-6\">H<\/th><th class=\"column-7\">H1<\/th><th class=\"column-8\">D<\/th><th class=\"column-9\">G<\/th>\n<\/tr>\n<\/thead>\n<tbody class=\"row-striping row-hover\">\n<tr class=\"row-2\">\n\t<td class=\"column-1\">DUT20-66<\/td><td class=\"column-2\">869<\/td><td class=\"column-3\">731<\/td><td class=\"column-4\">795<\/td><td class=\"column-5\">698<\/td><td class=\"column-6\">365<\/td><td class=\"column-7\">17<\/td><td class=\"column-8\">400<\/td><td class=\"column-9\">200<\/td>\n<\/tr>\n<tr class=\"row-3\">\n\t<td class=\"column-1\">DUT25-76<\/td><td class=\"column-2\">869<\/td><td class=\"column-3\">731<\/td><td class=\"column-4\">795<\/td><td class=\"column-5\">698<\/td><td class=\"column-6\">365<\/td><td class=\"column-7\">17<\/td><td class=\"column-8\">400<\/td><td class=\"column-9\">250<\/td>\n<\/tr>\n<\/tbody>\n<\/table>\n<!-- #tablepress-11 from cache --><\/div>\n<\/div>\n<div><\/div>\n<div class=\"woocb\"><a class=\"wocb\" href=\"http:\/\/www.beiaole.com\/wp-content\/uploads\/2025\/08\/d1.6.1.pdf\" target=\"_blank\" rel=\"noopener\">\u015fekil<\/a><\/div>\n<div><\/div>\n<p><img loading=\"lazy\" decoding=\"async\" class=\"aligncenter wp-image-15778 size-large\" src=\"http:\/\/www.beiaole.com\/wp-content\/uploads\/2025\/08\/s1.6.1-1024x308.png\" alt=\"Commercial Fresh Air Ventilator-size1\" width=\"1024\" height=\"308\" data-no-translation=\"\" \/><br \/>\nBoyutlar (birim: mm):<\/p>\n<div class=\"scroll-table-wrapper\">\n<div class=\"scroll-table\">\n<table id=\"tablepress-12\" class=\"tablepress tablepress-id-12\">\n<thead>\n<tr class=\"row-1\">\n\t<th class=\"column-1\">model<\/th><th class=\"column-2\">L<\/th><th class=\"column-3\">L1<\/th><th class=\"column-4\">L2<\/th><th class=\"column-5\">W<\/th><th class=\"column-6\">W1<\/th><th class=\"column-7\">H<\/th><th class=\"column-8\">H1<\/th><th class=\"column-9\">D<\/th><th class=\"column-10\">C<\/th><th class=\"column-11\">F<\/th><th class=\"column-12\"> MXN (Hava giri\u015f\/\u00e7\u0131k\u0131\u015f boyutu)<\/th>\n<\/tr>\n<\/thead>\n<tbody class=\"row-striping row-hover\">\n<tr class=\"row-2\">\n\t<td class=\"column-1\">DUT25-3000F<\/td><td class=\"column-2\">1000<\/td><td class=\"column-3\">1050<\/td><td class=\"column-4\">897<\/td><td class=\"column-5\">580<\/td><td class=\"column-6\">621<\/td><td class=\"column-7\">376<\/td><td class=\"column-8\">17<\/td><td class=\"column-9\">500<\/td><td class=\"column-10\">85<\/td><td class=\"column-11\">25<\/td><td class=\"column-12\">270x270<\/td>\n<\/tr>\n<tr class=\"row-3\">\n\t<td class=\"column-1\">DUT25-4000F<\/td><td class=\"column-2\">1000<\/td><td class=\"column-3\">1050<\/td><td class=\"column-4\">897<\/td><td class=\"column-5\">580<\/td><td class=\"column-6\">621<\/td><td class=\"column-7\">376<\/td><td class=\"column-8\">17<\/td><td class=\"column-9\">500<\/td><td class=\"column-10\">85<\/td><td class=\"column-11\">25<\/td><td class=\"column-12\">270x270<\/td>\n<\/tr>\n<\/tbody>\n<\/table>\n<!-- #tablepress-12 from cache --><\/div>\n<\/div>\n<div><\/div>\n<div class=\"woocb\"><a class=\"wocb\" href=\"http:\/\/www.beiaole.com\/wp-content\/uploads\/2025\/08\/d1.6.2.pdf\" target=\"_blank\" rel=\"noopener\">\u015fekil<\/a><\/div>\n<div><\/div>\n<p><img loading=\"lazy\" decoding=\"async\" class=\"aligncenter wp-image-15779 size-large\" src=\"http:\/\/www.beiaole.com\/wp-content\/uploads\/2025\/08\/s1.6.2-1024x290.png\" alt=\"Commercial Fresh Air Ventilator-size2\" width=\"1024\" height=\"290\" data-no-translation=\"\" \/><br \/>\nPerformans:<\/p>\n<div class=\"scroll-table-wrapper\">\n<div class=\"scroll-table\">\n<table id=\"tablepress-13\" class=\"tablepress tablepress-id-13\">\n<thead>\n<tr class=\"row-1\">\n\t<th class=\"column-1\">model<\/th><th class=\"column-2\">voltaj(v)<\/th><th class=\"column-3\">frekans (Hz)<\/th><th class=\"column-4\">vites de\u011fi\u015ftirmek<\/th><th class=\"column-5\">g\u00fc\u00e7(w)<\/th><th class=\"column-6\">Hava ak\u0131\u015f\u0131 (m\u00b3\/saat)<\/th><th class=\"column-7\">Statik Bas\u0131n\u00e7 (PA)<\/th><th class=\"column-8\">G\u00fcr\u00fclt\u00fc(dB)<\/th><th class=\"column-9\">Kanal Boyutu (mm)<\/th><th class=\"column-10\">Uygulama alan\u0131(m\u00b2)<\/th><th class=\"column-11\">N.M(kg)<\/th>\n<\/tr>\n<\/thead>\n<tbody class=\"row-striping row-hover\">\n<tr class=\"row-2\">\n\t<td class=\"column-1\">DUT20-66<\/td><td class=\"column-2\">220<\/td><td class=\"column-3\">50<\/td><td class=\"column-4\">H\/L<\/td><td class=\"column-5\">500\/435<\/td><td class=\"column-6\">1500\/1200<\/td><td class=\"column-7\">350\/320<\/td><td class=\"column-8\">50\/45<\/td><td class=\"column-9\">200<\/td><td class=\"column-10\">250-500<\/td><td class=\"column-11\">39<\/td>\n<\/tr>\n<tr class=\"row-3\">\n\t<td class=\"column-1\">DUT25-76<\/td><td class=\"column-2\">220<\/td><td class=\"column-3\">50<\/td><td class=\"column-4\">H\/L<\/td><td class=\"column-5\">565\/450<\/td><td class=\"column-6\">2000\/1700<\/td><td class=\"column-7\">370\/340<\/td><td class=\"column-8\">53\/50<\/td><td class=\"column-9\">250<\/td><td class=\"column-10\">330-660<\/td><td class=\"column-11\">39<\/td>\n<\/tr>\n<tr class=\"row-4\">\n\t<td class=\"column-1\">DUT25-3000F<\/td><td class=\"column-2\">220<\/td><td class=\"column-3\">50<\/td><td class=\"column-4\">H\/L<\/td><td class=\"column-5\">722\/665<\/td><td class=\"column-6\">3000\/2600<\/td><td class=\"column-7\">410\/385<\/td><td class=\"column-8\">60\/55<\/td><td class=\"column-9\">\/<\/td><td class=\"column-10\">\/<\/td><td class=\"column-11\">52<\/td>\n<\/tr>\n<tr class=\"row-5\">\n\t<td class=\"column-1\">DUT25-4000F<\/td><td class=\"column-2\">220<\/td><td class=\"column-3\">50<\/td><td class=\"column-4\">H\/L<\/td><td class=\"column-5\">752\/695<\/td><td class=\"column-6\">4000\/3600<\/td><td class=\"column-7\">445\/390<\/td><td class=\"column-8\">62\/60<\/td><td class=\"column-9\">\/<\/td><td class=\"column-10\">\/<\/td><td class=\"column-11\">55<\/td>\n<\/tr>\n<\/tbody>\n<\/table>\n<!-- #tablepress-13 from cache --><\/div>\n<\/div>\n<div><\/div>\n<div class=\"woocb\"><a class=\"wocb\" href=\"http:\/\/www.beiaole.com\/wp-content\/uploads\/2025\/08\/d1.6.3.pdf\" target=\"_blank\" rel=\"noopener\">\u015fekil<\/a><\/div>\n<div><\/div>","protected":false},"excerpt":{"rendered":"<ul>\n<li>\n<h2>\u00c7ift besleme ve egzoz sistemi:<\/h2>\n<p>\u00a0Ayn\u0131 anda temiz hava sa\u011flar ve dengeli havaland\u0131rma i\u00e7in bayat havay\u0131 giderir.<\/li>\n<li>\n<h2>Enerji tasarruflu bak\u0131r motor:<\/h2>\n<p>\u00a0Sessiz, verimli, uzun \u00f6m\u00fcrl\u00fc \u00e7al\u0131\u015fma i\u00e7in bilyal\u0131 rulmanl\u0131 t\u00fcm bak\u0131r \u00e7ekirdek.<\/li>\n<li>\n<h2>Entegre kabin ve kanal tasar\u0131m\u0131:<\/h2>\n<p>\u00a0Tek par\u00e7al\u0131 aerodinamik yap\u0131, sabit ak\u0131\u015f i\u00e7in titre\u015fimi ve hava direncini azalt\u0131r.<\/li>\n<li>\n<h2>Dayan\u0131kl\u0131 t\u00fcm metal yap\u0131:<\/h2>\n<p>\u00a0Y\u00fcksek kaliteli \u00e7elik sac g\u00f6vde, s\u00fcrekli g\u00f6rev i\u00e7in korozyona ve darbeye kar\u015f\u0131 dayan\u0131kl\u0131d\u0131r.<\/li>\n<li>\n<h2>Sessiz performans:<\/h2>\n<p>\u00a045\u202f\u202f\u202f62\u202fDB'ye kadar g\u00fcr\u00fclt\u00fc seviyeleri, ticari alanlar\u0131 rahat ve dikkat da\u011f\u0131t\u0131c\u0131 olmadan tutar.<\/li>\n<li>\n<h2>G\u00fc\u00e7l\u00fc hava ak\u0131\u015f\u0131 aral\u0131\u011f\u0131:<\/h2>\n<p>\u00a0Orta ve b\u00fcy\u00fck odalar i\u00e7in 445Pa'ya kadar statik bas\u0131n\u00e7la 1.200 \u202f ila 4.000 \u202f m\u00b3\/s aras\u0131 hava hacmi.<\/li>\n<li>\n<h2>D\u00fc\u015f\u00fck enerji t\u00fcketimi:<\/h2>\n<p>\u00a0Verimli motor tasar\u0131m\u0131, at\u0131k olmadan y\u00fcksek \u00e7\u0131kt\u0131 sa\u011flar.<\/li>\n<li>\n<h2>Kolay bak\u0131m:<\/h2>\n<p>\u00a0Kompakt yap\u0131 ve eri\u015filebilir d\u00fczen, kurulum ve servisi basit hale getirir.<\/li>\n<\/ul>\n<hr \/>","protected":false},"featured_media":4698,"comment_status":"open","ping_status":"closed","template":"","meta":{"_acf_changed":false},"product_brand":[],"product_cat":[71],"product_tag":[],"class_list":{"0":"post-4687","1":"product","2":"type-product","3":"status-publish","4":"has-post-thumbnail","6":"product_cat-energy-recovery-ventilator-2","8":"first","9":"outofstock","10":"taxable","11":"shipping-taxable","12":"purchasable","13":"product-type-variable"},"acf":[],"_links":{"self":[{"href":"https:\/\/www.ecvents.com\/tr\/wp-json\/wp\/v2\/product\/4687","targetHints":{"allow":["GET"]}}],"collection":[{"href":"https:\/\/www.ecvents.com\/tr\/wp-json\/wp\/v2\/product"}],"about":[{"href":"https:\/\/www.ecvents.com\/tr\/wp-json\/wp\/v2\/types\/product"}],"replies":[{"embeddable":true,"href":"https:\/\/www.ecvents.com\/tr\/wp-json\/wp\/v2\/comments?post=4687"}],"wp:featuredmedia":[{"embeddable":true,"href":"https:\/\/www.ecvents.com\/tr\/wp-json\/wp\/v2\/media\/4698"}],"wp:attachment":[{"href":"https:\/\/www.ecvents.com\/tr\/wp-json\/wp\/v2\/media?parent=4687"}],"wp:term":[{"taxonomy":"product_brand","embeddable":true,"href":"https:\/\/www.ecvents.com\/tr\/wp-json\/wp\/v2\/product_brand?post=4687"},{"taxonomy":"product_cat","embeddable":true,"href":"https:\/\/www.ecvents.com\/tr\/wp-json\/wp\/v2\/product_cat?post=4687"},{"taxonomy":"product_tag","embeddable":true,"href":"https:\/\/www.ecvents.com\/tr\/wp-json\/wp\/v2\/product_tag?post=4687"}],"curies":[{"name":"zamk","href":"https:\/\/api.w.org\/{rel}","templated":true}]}}