{"id":4692,"date":"2026-03-19T06:02:43","date_gmt":"2026-03-19T11:02:43","guid":{"rendered":"https:\/\/www.ecvents.com\/?post_type=product&#038;p=4692"},"modified":"2026-03-19T06:04:03","modified_gmt":"2026-03-19T11:04:03","slug":"ktj-kabine-fan-serisi","status":"publish","type":"product","link":"https:\/\/www.ecvents.com\/tr\/product\/ktj-kabine-fan-serisi\/","title":{"rendered":"KTJ Kabine Fan Serisi"},"content":{"rendered":"<div class=\"someee\">\n<h2><strong>Temiz hava. sessiz verimlilik. S\u00fcrekli havaland\u0131rma i\u00e7in \u00fcretilmi\u015ftir.<\/strong><\/h2>\n<p>bira\u00a0<strong>KTJ\u202fCabineTfan Serisi<\/strong>\u00a0ekstra g\u00fcr\u00fclt\u00fc veya karma\u015f\u0131kl\u0131k olmadan g\u00fcvenilir, sabit hava ak\u0131\u015f\u0131na ihtiya\u00e7 duyan alanlar i\u00e7in tasarlanm\u0131\u015ft\u0131r. Kompakt, dayan\u0131kl\u0131 ve verimli, kesintisiz havaland\u0131rman\u0131n ger\u00e7ekten \u00f6nemli oldu\u011fu ofislerde, at\u00f6lyelerde, depolarda ve end\u00fcstriyel tesislerde havan\u0131n sorunsuz bir \u015fekilde dola\u015fmas\u0131n\u0131 sa\u011flar.<\/p>\n<p>Her birimin kalbinde bir\u00a0<strong>T\u00fcm bak\u0131r \u202fEnerji-Tasarruflu\u202fMotor<\/strong>\u00a0taraf\u0131ndan desteklenen\u00a0<strong>Y\u00fcksek kaliteli \u202fBiller<\/strong>, uzun \u00f6m\u00fcr, kararl\u0131 \u00e7al\u0131\u015fma ve f\u0131s\u0131lt\u0131-sessiz performans sa\u011flar. Kabin ve hava kanal\u0131, titre\u015fimi ve mekanik g\u00fcr\u00fclt\u00fcy\u00fc en aza indirirken sabit bas\u0131n\u00e7 ve tutarl\u0131 hava ak\u0131\u015f\u0131 sa\u011flayan tek bir aerodinamik yap\u0131ya entegre edilmi\u015ftir.<\/p>\n<p>Serideki her fan, bir\u00a0<strong>Yerle\u015fik filtrasyon sistemi<\/strong>\u00a0Hava yeniden dola\u015f\u0131mdan \u00f6nce toz, koku ve havadaki par\u00e7ac\u0131klar\u0131 hapsetmek, ortamlar\u0131 daha temiz ve daha rahat tutmak. Zorlu ko\u015fullarda taze, dengeli hava kalitesini korumak i\u00e7in basit, entegre bir \u00e7\u00f6z\u00fcmd\u00fcr.<\/p>\n<p>bira\u00a0<strong>KTJ\u202fCabineTfan Serisi<\/strong>\u00a0sa\u011flam oldu\u011fu kadar \u00e7ok y\u00f6nl\u00fcd\u00fcr. aras\u0131nda de\u011fi\u015fen hava ak\u0131m\u0131 kapasiteleri ile\u00a0<strong>2.000\u202f ila\u202f6.100m\u00b3\/saat<\/strong>, bu hayranlar, k\u00fc\u00e7\u00fck ofislerden veya sunucu odalar\u0131ndan b\u00fcy\u00fck fabrika salonlar\u0131na kadar her \u00f6l\u00e7ekteki ortamlar\u0131 idare edebilir. Her \u00fcnitenin kompakt tasar\u0131m\u0131, dar alanlarda kolay kurulum ve yerle\u015fik\u00a0<strong>Muayene<\/strong>\u00a0Filtre eri\u015fimini ve servisini zahmetsiz hale getirin\u2014S\u00f6kme gerektirmez.<\/p>\n<p>Sessiz, g\u00fc\u00e7l\u00fc ve uzun \u00f6m\u00fcrl\u00fc olacak \u015fekilde tasarlanm\u0131\u015f KTJCabineTfan serisi, havay\u0131 hareket ettirmekten daha fazlas\u0131n\u0131 yapar\u2014\u202fAsl\u0131, dengeler ve i\u00e7 mekan ikliminizi g\u00fcvenilir bir \u015fekilde korur.<\/p>\n<\/div>\n<hr \/>\n<p>Boyutlar (birim: mm):<\/p>\n<div class=\"scroll-table-wrapper\">\n<div class=\"scroll-table\">\n<table id=\"tablepress-20\" class=\"tablepress tablepress-id-20\">\n<thead>\n<tr class=\"row-1\">\n\t<th class=\"column-1\">model<\/th><th class=\"column-2\">L<\/th><th class=\"column-3\">L1<\/th><th class=\"column-4\">W<\/th><th class=\"column-5\">W1<\/th><th class=\"column-6\">H<\/th><th class=\"column-7\">H1<\/th><th class=\"column-8\">D1<\/th><th class=\"column-9\">F<\/th><th class=\"column-10\">Hava \u00e7\u0131k\u0131\u015f boyutu<br \/>\n(AXB)<\/th><th class=\"column-11\">Hava giri\u015f boyutu<br \/>\n(CXD)<\/th>\n<\/tr>\n<\/thead>\n<tbody class=\"row-striping row-hover\">\n<tr class=\"row-2\">\n\t<td class=\"column-1\">KTJ22-20DG<\/td><td class=\"column-2\">719<\/td><td class=\"column-3\">452<\/td><td class=\"column-4\">490<\/td><td class=\"column-5\">530<\/td><td class=\"column-6\">372<\/td><td class=\"column-7\">36<\/td><td class=\"column-8\">50<\/td><td class=\"column-9\">25<\/td><td class=\"column-10\">270x265<\/td><td class=\"column-11\">430x312<\/td>\n<\/tr>\n<tr class=\"row-3\">\n\t<td class=\"column-1\">KTJ23-31DG<\/td><td class=\"column-2\">753<\/td><td class=\"column-3\">524<\/td><td class=\"column-4\">592<\/td><td class=\"column-5\">632<\/td><td class=\"column-6\">440<\/td><td class=\"column-7\">36<\/td><td class=\"column-8\">50<\/td><td class=\"column-9\">25<\/td><td class=\"column-10\">335\u00d7320<\/td><td class=\"column-11\">550x380<\/td>\n<\/tr>\n<tr class=\"row-4\">\n\t<td class=\"column-1\">KTJ23-41DG<\/td><td class=\"column-2\">753<\/td><td class=\"column-3\">524<\/td><td class=\"column-4\">592<\/td><td class=\"column-5\">632<\/td><td class=\"column-6\">440<\/td><td class=\"column-7\">36<\/td><td class=\"column-8\">50<\/td><td class=\"column-9\">25<\/td><td class=\"column-10\">335x320<\/td><td class=\"column-11\">550x380<\/td>\n<\/tr>\n<tr class=\"row-5\">\n\t<td class=\"column-1\">KTJ22-20G<\/td><td class=\"column-2\">719<\/td><td class=\"column-3\">452<\/td><td class=\"column-4\">490<\/td><td class=\"column-5\">530<\/td><td class=\"column-6\">372<\/td><td class=\"column-7\">36<\/td><td class=\"column-8\">50<\/td><td class=\"column-9\">25<\/td><td class=\"column-10\">270x265<\/td><td class=\"column-11\">430x312<\/td>\n<\/tr>\n<tr class=\"row-6\">\n\t<td class=\"column-1\">KTJ23-31G<\/td><td class=\"column-2\">753<\/td><td class=\"column-3\">524<\/td><td class=\"column-4\">592<\/td><td class=\"column-5\">632<\/td><td class=\"column-6\">440<\/td><td class=\"column-7\">36<\/td><td class=\"column-8\">50<\/td><td class=\"column-9\">25<\/td><td class=\"column-10\">335x320<\/td><td class=\"column-11\">550x380<\/td>\n<\/tr>\n<tr class=\"row-7\">\n\t<td class=\"column-1\">KTJ23-41G<\/td><td class=\"column-2\">753<\/td><td class=\"column-3\">524<\/td><td class=\"column-4\">592<\/td><td class=\"column-5\">632<\/td><td class=\"column-6\">440<\/td><td class=\"column-7\">36<\/td><td class=\"column-8\">50<\/td><td class=\"column-9\">25<\/td><td class=\"column-10\">335x320<\/td><td class=\"column-11\">550x380<\/td>\n<\/tr>\n<tr class=\"row-8\">\n\t<td class=\"column-1\">KTJ28-51G<\/td><td class=\"column-2\">869<\/td><td class=\"column-3\">568<\/td><td class=\"column-4\">700<\/td><td class=\"column-5\">743<\/td><td class=\"column-6\">535<\/td><td class=\"column-7\">35<\/td><td class=\"column-8\">50<\/td><td class=\"column-9\">25<\/td><td class=\"column-10\">410x358<\/td><td class=\"column-11\">640x465<\/td>\n<\/tr>\n<tr class=\"row-9\">\n\t<td class=\"column-1\">KTJ28-61G<\/td><td class=\"column-2\">929<\/td><td class=\"column-3\">628<\/td><td class=\"column-4\">740<\/td><td class=\"column-5\">783<\/td><td class=\"column-6\">600<\/td><td class=\"column-7\">35<\/td><td class=\"column-8\">50<\/td><td class=\"column-9\">25<\/td><td class=\"column-10\">400x460<\/td><td class=\"column-11\">550x460<\/td>\n<\/tr>\n<\/tbody>\n<\/table>\n<!-- #tablepress-20 from cache --><\/div>\n<\/div>\n<div><\/div>\n<div class=\"woocb\"><a class=\"wocb\" href=\"http:\/\/www.beiaole.com\/wp-content\/uploads\/2025\/08\/d2.3.1.pdf\" target=\"_blank\" rel=\"noopener\">\u015fekil<\/a><\/div>\n<div><\/div>\n<p><img loading=\"lazy\" decoding=\"async\" class=\"aligncenter wp-image-15995 size-large\" src=\"http:\/\/www.beiaole.com\/wp-content\/uploads\/2025\/08\/s2.3-1024x695.png\" alt=\"KTJ Cabinet Fan Series-size\" width=\"1024\" height=\"695\" data-no-translation=\"\" \/><br \/>\nPerformans:<\/p>\n<div class=\"scroll-table-wrapper\">\n<div class=\"scroll-table\">\n<table id=\"tablepress-21\" class=\"tablepress tablepress-id-21\">\n<thead>\n<tr class=\"row-1\">\n\t<th class=\"column-1\">model<\/th><th class=\"column-2\">voltaj(v)<\/th><th class=\"column-3\">frekans (Hz)<\/th><th class=\"column-4\">g\u00fc\u00e7(w)<\/th><th class=\"column-5\">Hava ak\u0131\u015f\u0131 (m\u00b3\/saat)<\/th><th class=\"column-6\">Statik Bas\u0131n\u00e7 (PA)<\/th><th class=\"column-7\">h\u0131z (rpm)<\/th><th class=\"column-8\">G\u00fcr\u00fclt\u00fc(dB)<\/th><th class=\"column-9\">N.M(kg)<\/th>\n<\/tr>\n<\/thead>\n<tbody class=\"row-striping row-hover\">\n<tr class=\"row-2\">\n\t<td class=\"column-1\">KTJ22-20DG<\/td><td class=\"column-2\">220<\/td><td class=\"column-3\">50<\/td><td class=\"column-4\">250<\/td><td class=\"column-5\">2000<\/td><td class=\"column-6\">430<\/td><td class=\"column-7\">1340<\/td><td class=\"column-8\">55<\/td><td class=\"column-9\">32<\/td>\n<\/tr>\n<tr class=\"row-3\">\n\t<td class=\"column-1\">KTJ23-31DG<\/td><td class=\"column-2\">220<\/td><td class=\"column-3\">50<\/td><td class=\"column-4\">550<\/td><td class=\"column-5\">3100<\/td><td class=\"column-6\">440<\/td><td class=\"column-7\">1340<\/td><td class=\"column-8\">61<\/td><td class=\"column-9\">41<\/td>\n<\/tr>\n<tr class=\"row-4\">\n\t<td class=\"column-1\">KTJ23-41DG<\/td><td class=\"column-2\">220<\/td><td class=\"column-3\">50<\/td><td class=\"column-4\">750<\/td><td class=\"column-5\">4100<\/td><td class=\"column-6\">460<\/td><td class=\"column-7\">1340<\/td><td class=\"column-8\">65<\/td><td class=\"column-9\">43<\/td>\n<\/tr>\n<tr class=\"row-5\">\n\t<td class=\"column-1\">KTJ22-20G<\/td><td class=\"column-2\">380<\/td><td class=\"column-3\">50<\/td><td class=\"column-4\">250<\/td><td class=\"column-5\">2000<\/td><td class=\"column-6\">430<\/td><td class=\"column-7\">1340<\/td><td class=\"column-8\">55<\/td><td class=\"column-9\">32<\/td>\n<\/tr>\n<tr class=\"row-6\">\n\t<td class=\"column-1\">KTJ23-31G<\/td><td class=\"column-2\">380<\/td><td class=\"column-3\">50<\/td><td class=\"column-4\">550<\/td><td class=\"column-5\">3100<\/td><td class=\"column-6\">440<\/td><td class=\"column-7\">1340<\/td><td class=\"column-8\">61<\/td><td class=\"column-9\">41<\/td>\n<\/tr>\n<tr class=\"row-7\">\n\t<td class=\"column-1\">KTJ23-41G<\/td><td class=\"column-2\">380<\/td><td class=\"column-3\">50<\/td><td class=\"column-4\">750<\/td><td class=\"column-5\">4100<\/td><td class=\"column-6\">460<\/td><td class=\"column-7\">1340<\/td><td class=\"column-8\">65<\/td><td class=\"column-9\">43<\/td>\n<\/tr>\n<tr class=\"row-8\">\n\t<td class=\"column-1\">KTJ28-51G<\/td><td class=\"column-2\">380<\/td><td class=\"column-3\">50<\/td><td class=\"column-4\">750<\/td><td class=\"column-5\">5100<\/td><td class=\"column-6\">300<\/td><td class=\"column-7\">940<\/td><td class=\"column-8\">67<\/td><td class=\"column-9\">60<\/td>\n<\/tr>\n<tr class=\"row-9\">\n\t<td class=\"column-1\">KTJ28-61G<\/td><td class=\"column-2\">380<\/td><td class=\"column-3\">50<\/td><td class=\"column-4\">1100<\/td><td class=\"column-5\">6100<\/td><td class=\"column-6\">410<\/td><td class=\"column-7\">940<\/td><td class=\"column-8\">68<\/td><td class=\"column-9\">70.3<\/td>\n<\/tr>\n<\/tbody>\n<\/table>\n<!-- #tablepress-21 from cache --><\/div>\n<\/div>\n<div><\/div>\n<div class=\"woocb\"><a class=\"wocb\" href=\"http:\/\/www.beiaole.com\/wp-content\/uploads\/2025\/08\/d2.3.2.pdf\" target=\"_blank\" rel=\"noopener\">\u015fekil<\/a><\/div>\n<div><\/div>\n<p><img loading=\"lazy\" decoding=\"async\" class=\"aligncenter wp-image-17241 size-large\" src=\"http:\/\/www.beiaole.com\/wp-content\/uploads\/2025\/08\/x2.3-1024x344.jpg\" alt=\"KTJ Cabinet Fan Series-q1\" width=\"1024\" height=\"344\" data-no-translation=\"\" \/><\/p>","protected":false},"excerpt":{"rendered":"<ul>\n<li>\n<h2>Entegre\u202fKabineT ve\u202fDubl\u202fDesign:<\/h2>\n<p>Sakall\u0131, g\u00fc\u00e7l\u00fc hava ak\u0131\u015f\u0131 i\u00e7in t\u00fcrb\u00fclans ve titre\u015fimi en aza indirir.<\/li>\n<li>\n<h2>Enerji tasarruflu bak\u0131r motor:<\/h2>\n<p>Y\u00fcksek verimlilikte motor ve rulmanlar d\u00fc\u015f\u00fck g\u00fcr\u00fclt\u00fc, uzun \u00f6m\u00fcrl\u00fc \u00e7al\u0131\u015fma sa\u011flar.<\/li>\n<li>\n<h2>Yerle\u015fik filtrasyon sistemi:<\/h2>\n<p>Hava giri\u015fi odaya girmeden \u00f6nce toz, kokular ve ince par\u00e7ac\u0131klar yakalar.<\/li>\n<li>\n<h2>Esnek\u202fPerformans aral\u0131\u011f\u0131:<\/h2>\n<p>\u202fAras\u0131nda teslim eder<strong>2.000 ve 6.100 \u202f m\u00b3\/saat<\/strong>460Pa'ya kadar statik bas\u0131n\u00e7 yukar\u0131.<\/li>\n<li>\n<h2>Sessiz i\u015flem:<\/h2>\n<p>\u202fG\u00fcr\u00fclt\u00fc Seviyeleri\u202fA\u015fa\u011f\u0131\u202fAsl\u0131\u202fAs<strong>55\u201368\u202fDB<\/strong>Hem ticari hem de end\u00fcstriyel ayarlar i\u00e7in onu ideal hale getirin.<\/li>\n<li>\n<h2>T\u00fcm metal-in\u015faat:<\/h2>\n<p>Y\u00fcksek dereceli \u00e7elik kabinete dayan\u0131kl\u0131l\u0131k a\u015f\u0131nd\u0131rma, bas\u0131n\u00e7, ve giyimden d\u00fc\u015f\u00fck a\u011f\u0131r kullan\u0131m.<\/li>\n<li>\n<h2>Basit bak\u0131m:<\/h2>\n<p>\u202fSanatl\u0131l\u0131k Denetim Portlar\u0131 H\u0131zl\u0131 Filtre De\u011fi\u015fiklikleri ve s\u00f6kmeden hizmet i\u00e7in.<\/li>\n<li>\n<h2>Dayan\u0131kl\u0131 ve g\u00fcvenilir:<\/h2>\n<p>S\u00fcreklilikte, nemli veya tozlu ortamlar i\u00e7in tasarlanm\u0131\u015ft\u0131r.<\/li>\n<\/ul>\n<hr \/>","protected":false},"featured_media":4699,"comment_status":"open","ping_status":"closed","template":"","meta":{"_acf_changed":false},"product_brand":[],"product_cat":[66],"product_tag":[],"class_list":{"0":"post-4692","1":"product","2":"type-product","3":"status-publish","4":"has-post-thumbnail","6":"product_cat-cabinet-fan","8":"first","9":"instock","10":"taxable","11":"shipping-taxable","12":"purchasable","13":"product-type-variable","14":"has-default-attributes"},"acf":[],"_links":{"self":[{"href":"https:\/\/www.ecvents.com\/tr\/wp-json\/wp\/v2\/product\/4692","targetHints":{"allow":["GET"]}}],"collection":[{"href":"https:\/\/www.ecvents.com\/tr\/wp-json\/wp\/v2\/product"}],"about":[{"href":"https:\/\/www.ecvents.com\/tr\/wp-json\/wp\/v2\/types\/product"}],"replies":[{"embeddable":true,"href":"https:\/\/www.ecvents.com\/tr\/wp-json\/wp\/v2\/comments?post=4692"}],"wp:featuredmedia":[{"embeddable":true,"href":"https:\/\/www.ecvents.com\/tr\/wp-json\/wp\/v2\/media\/4699"}],"wp:attachment":[{"href":"https:\/\/www.ecvents.com\/tr\/wp-json\/wp\/v2\/media?parent=4692"}],"wp:term":[{"taxonomy":"product_brand","embeddable":true,"href":"https:\/\/www.ecvents.com\/tr\/wp-json\/wp\/v2\/product_brand?post=4692"},{"taxonomy":"product_cat","embeddable":true,"href":"https:\/\/www.ecvents.com\/tr\/wp-json\/wp\/v2\/product_cat?post=4692"},{"taxonomy":"product_tag","embeddable":true,"href":"https:\/\/www.ecvents.com\/tr\/wp-json\/wp\/v2\/product_tag?post=4692"}],"curies":[{"name":"zamk","href":"https:\/\/api.w.org\/{rel}","templated":true}]}}