{"id":4704,"date":"2026-03-19T06:03:40","date_gmt":"2026-03-19T11:03:40","guid":{"rendered":"https:\/\/www.ecvents.com\/?post_type=product&#038;p=4704"},"modified":"2026-03-19T06:04:04","modified_gmt":"2026-03-19T11:04:04","slug":"dolap-kutusu-vantilatoru","status":"publish","type":"product","link":"https:\/\/www.ecvents.com\/tr\/product\/dolap-kutusu-vantilatoru\/","title":{"rendered":"Dolap Kutusu Vantilat\u00f6r\u00fc"},"content":{"rendered":"<div class=\"someee\">\n<h2><strong>Sert hava ak\u0131\u015f\u0131. sessiz g\u00fcven. Ger\u00e7ek mutfaklar i\u00e7in \u00fcretilmi\u015ftir.<\/strong><\/h2>\n<p>bira\u00a0<strong>Kabine\u202fBoxFan<\/strong>\u00a0asla yava\u015flamayan mutfaklar i\u00e7in yap\u0131ld\u0131\u2014\u0131s\u0131, buhar ve g\u00fcr\u00fclt\u00fcn\u00fcn g\u00fcnl\u00fck ritmin bir par\u00e7as\u0131 oldu\u011fu yer. Sonuna kadar in\u015fa edilmi\u015f, sessiz kalmak i\u00e7in in\u015fa edilmi\u015f ve hava temizli\u011fini endi\u015felenecek bir \u015fey daha az hale getirmek i\u00e7in in\u015fa edilmi\u015f bir fan.<\/p>\n<p>\u00d6z\u00fcnde bir\u00a0<strong>Lotus-yaprakl\u0131 tahrik<\/strong>, bir ile kaplanm\u0131\u015f\u00a0<strong>Nano\u202fAnti-Ya\u011fl\u0131-Ta\u015f\u0131<\/strong>\u00a0Bu, ya\u011f ve birikmeyi \u00f6nler. Bu ak\u0131ll\u0131 tasar\u0131m, hava ak\u0131\u015f\u0131n\u0131 temiz ve tutarl\u0131 tutar ve zaman i\u00e7inde kal\u0131nt\u0131lardan kaynaklanan yava\u015flamay\u0131 ortadan kald\u0131r\u0131r. Sonu\u00e7, her g\u00fcn vardiyadan sonra net, g\u00fc\u00e7l\u00fc performans de\u011fi\u015fimidir.<\/p>\n<p>bira\u00a0<strong>Kapal\u0131\u202fT\u00fcm\u2011B\u0131r\u0131\u00e7\u202fPROTE\u202fIP54\u202fPORT ile\u202fPORT<\/strong>\u00a0Is\u0131ya, neme ve ya\u011fa kar\u015f\u0131 g\u00fc\u00e7l\u00fcd\u00fcr. Zorlu ortamlarda kesintisiz \u00e7al\u0131\u015fmay\u0131 idare etmek i\u00e7in esnek, kararl\u0131 ve \u00fcretilmi\u015ftir. Muhafaza e\u015fit derecede g\u00fcvenilirdir - kapl\u0131 a\u011f\u0131r bir metal dolap\u00a0<strong>Ses emici paneller<\/strong>\u00a0Her iki tarafta da g\u00fcr\u00fclt\u00fcy\u00fc rahat\u00e7a d\u00fc\u015f\u00fck tutmak i\u00e7in arka planda u\u011fultuyu azalt\u0131r, b\u00f6ylece mutfaklar dikkat da\u011f\u0131tmadan odaklan\u0131r.<\/p>\n<p>Pratiklik her a\u00e7\u0131dan in\u015fa edilmi\u015ftir:\u00a0<strong>\u00c7ift \u202fMuayene\u202fKap\u0131lar<\/strong>\u00a0Bak\u0131m\u0131 h\u0131zl\u0131 ve basit hale getirin - alet yok, s\u00f6kme yok. Ve temizlik zaman\u0131 geldi\u011finde,\u00a0<strong>Entegre ya\u011f ve su kanalizasyonlar\u0131<\/strong>\u00a0Tabanda, y\u0131kamalar\u0131 zahmetsiz hale getirin, sistemi temiz ve bir sonraki aceleye haz\u0131r tutun.<\/p>\n<p>Dayan\u0131kl\u0131, verimli ve ak\u0131ll\u0131ca tasarlanm\u0131\u015f kabine \u202fBox\u202fFan\u202fParkada sessizce \u00e7al\u0131\u015f\u0131r, tam olarak ihtiyac\u0131n\u0131z olan\u0131 yapar\u2014g\u00fc\u00e7l\u00fc havay\u0131 havaland\u0131rmak, duman\u0131 temizlemek ve mutfa\u011f\u0131n havas\u0131n\u0131 rahat ve nefes alabilir tutmak.<\/p>\n<\/div>\n<hr \/>\n<p>Boyutlar (birim: mm):<\/p>\n<div class=\"scroll-table-wrapper\">\n<div class=\"scroll-table\">\n<table id=\"tablepress-22\" class=\"tablepress tablepress-id-22\">\n<thead>\n<tr class=\"row-1\">\n\t<th class=\"column-1\">model<\/th><th class=\"column-2\">L<\/th><th class=\"column-3\">L1<\/th><th class=\"column-4\">W<\/th><th class=\"column-5\">W1<\/th><th class=\"column-6\">H<\/th><th class=\"column-7\">H1<\/th><th class=\"column-8\">D1<\/th><th class=\"column-9\">F<\/th><th class=\"column-10\">Hava \u00e7\u0131k\u0131\u015f boyutu<br \/>\n(AXB)<\/th><th class=\"column-11\">Hava giri\u015f boyutu<br \/>\n(CXD)<\/th>\n<\/tr>\n<\/thead>\n<tbody class=\"row-striping row-hover\">\n<tr class=\"row-2\">\n\t<td class=\"column-1\">KTJ25-20DT<\/td><td class=\"column-2\">510<\/td><td class=\"column-3\">473<\/td><td class=\"column-4\">429<\/td><td class=\"column-5\">468<\/td><td class=\"column-6\">376<\/td><td class=\"column-7\">36<\/td><td class=\"column-8\">51<\/td><td class=\"column-9\">25<\/td><td class=\"column-10\">270x280<\/td><td class=\"column-11\">270x270<\/td>\n<\/tr>\n<tr class=\"row-3\">\n\t<td class=\"column-1\">KTJ25-31DT<\/td><td class=\"column-2\">580<\/td><td class=\"column-3\">543<\/td><td class=\"column-4\">500<\/td><td class=\"column-5\">540<\/td><td class=\"column-6\">376<\/td><td class=\"column-7\">36<\/td><td class=\"column-8\">51<\/td><td class=\"column-9\">25<\/td><td class=\"column-10\">300\u00d7280<\/td><td class=\"column-11\">335\u00d7312<\/td>\n<\/tr>\n<tr class=\"row-4\">\n\t<td class=\"column-1\">KTJ25-41DT<\/td><td class=\"column-2\">580<\/td><td class=\"column-3\">543<\/td><td class=\"column-4\">500<\/td><td class=\"column-5\">540<\/td><td class=\"column-6\">376<\/td><td class=\"column-7\">36<\/td><td class=\"column-8\">51<\/td><td class=\"column-9\">25<\/td><td class=\"column-10\">300x280<\/td><td class=\"column-11\">335x312<\/td>\n<\/tr>\n<\/tbody>\n<\/table>\n<!-- #tablepress-22 from cache --><\/div>\n<\/div>\n<div><\/div>\n<div class=\"woocb\"><a class=\"wocb\" href=\"http:\/\/www.beiaole.com\/wp-content\/uploads\/2025\/09\/d2.4.1.pdf\" target=\"_blank\" rel=\"noopener\">\u015fekil<\/a><\/div>\n<div><\/div>\n<p><img loading=\"lazy\" decoding=\"async\" class=\"aligncenter wp-image-16013 size-large\" src=\"http:\/\/www.beiaole.com\/wp-content\/uploads\/2025\/08\/s2.4-1024x756.png\" alt=\"Cabinet Box Fan-size\" width=\"1024\" height=\"756\" data-no-translation=\"\" \/><br \/>\nPerformans:<\/p>\n<div class=\"scroll-table-wrapper\">\n<div class=\"scroll-table\">\n<table id=\"tablepress-23\" class=\"tablepress tablepress-id-23\">\n<thead>\n<tr class=\"row-1\">\n\t<th class=\"column-1\">model<\/th><th class=\"column-2\">voltaj(v)<\/th><th class=\"column-3\">frekans (Hz)<\/th><th class=\"column-4\">vites de\u011fi\u015ftirmek<\/th><th class=\"column-5\">g\u00fc\u00e7(w)<\/th><th class=\"column-6\">Hava ak\u0131\u015f\u0131 (m\u00b3\/saat)<\/th><th class=\"column-7\">Statik Bas\u0131n\u00e7 (PA)<\/th><th class=\"column-8\">G\u00fcr\u00fclt\u00fc(dB)<\/th><th class=\"column-9\">N.M(kg)<\/th>\n<\/tr>\n<\/thead>\n<tbody class=\"row-striping row-hover\">\n<tr class=\"row-2\">\n\t<td class=\"column-1\">KTJ25-20DT<\/td><td class=\"column-2\">220<\/td><td class=\"column-3\">50<\/td><td class=\"column-4\">H\/L<\/td><td class=\"column-5\">470\/345<\/td><td class=\"column-6\">2000\/1600<\/td><td class=\"column-7\">395\/350<\/td><td class=\"column-8\">49\/46<\/td><td class=\"column-9\">20<\/td>\n<\/tr>\n<tr class=\"row-3\">\n\t<td class=\"column-1\">KTJ25-31DT<\/td><td class=\"column-2\">220<\/td><td class=\"column-3\">50<\/td><td class=\"column-4\">H\/L<\/td><td class=\"column-5\">480\/427<\/td><td class=\"column-6\">3000\/2600<\/td><td class=\"column-7\">410\/385<\/td><td class=\"column-8\">57\/54<\/td><td class=\"column-9\">24<\/td>\n<\/tr>\n<tr class=\"row-4\">\n\t<td class=\"column-1\">KTJ25-41DT<\/td><td class=\"column-2\">220<\/td><td class=\"column-3\">50<\/td><td class=\"column-4\">H\/L<\/td><td class=\"column-5\">510\/457<\/td><td class=\"column-6\">4000\/3600<\/td><td class=\"column-7\">445\/390<\/td><td class=\"column-8\">62\/60<\/td><td class=\"column-9\">25<\/td>\n<\/tr>\n<\/tbody>\n<\/table>\n<!-- #tablepress-23 from cache --><\/div>\n<\/div>\n<div><\/div>\n<div class=\"woocb\"><a class=\"wocb\" href=\"http:\/\/www.beiaole.com\/wp-content\/uploads\/2025\/09\/d2.4.2.pdf\" target=\"_blank\" rel=\"noopener\">\u015fekil<\/a><\/div>\n<div><\/div>\n<p><img loading=\"lazy\" decoding=\"async\" class=\"aligncenter wp-image-17245 size-large\" src=\"http:\/\/www.beiaole.com\/wp-content\/uploads\/2025\/08\/x2.4-1024x356.jpg\" alt=\"Cabinet Box Fan-q1\" width=\"1024\" height=\"356\" data-no-translation=\"\" \/><\/p>","protected":false},"excerpt":{"rendered":"<ul>\n<li>\n<h2>Ya\u011fa dayan\u0131kl\u0131 Fan \u00e7ark\u0131:<\/h2>\n<p>Lotus\u2011LeafTasar\u0131m ile Nano kaplamas\u0131 \u0130ptaller Ya\u011f birikintisi, p\u00fcr\u00fczs\u00fcz hava ak\u0131\u015f\u0131n\u0131 s\u00fcrd\u00fcr\u00fcr ve temizlenme s\u00fcresini azalt\u0131r.<\/li>\n<li>\n<h2>M\u00fch\u00fcrl\u00fc bak\u0131r motor:<\/h2>\n<p>\u202fP54 rated\u202fMotor\u202fsessizce ve g\u00fcvenilir bir \u015fekilde rutubetli, ya\u011fl\u0131, veya y\u00fcksek s\u0131cakl\u0131kta olan mutfak ko\u015fullar\u0131.<\/li>\n<li>\n<h2>G\u00fc\u00e7l\u00fc performans:<\/h2>\n<p>4.000\u202fm\u00b3\/H\u202fCross 445Pa'ya 445Pa'ya kadar de\u011fi\u015fken uzaylar i\u00e7in hava ak\u0131\u015f\u0131 yukar\u0131.<\/li>\n<li>\n<h2>D\u00fc\u015f\u00fck g\u00fcr\u00fclt\u00fcl\u00fc i\u015flem:<\/h2>\n<p>Her iki taraf\u0131 da \u202fSound\u2011absorbing panelleri-biraz\u202f46-62DB'ye g\u00f6re daha rahat bir \u00e7evre.<\/li>\n<li>\n<h2>Kolay bak\u0131m:<\/h2>\n<p>\u0130kili Denetim Kap\u0131lar\u0131 H\u0131zl\u0131 Eri\u015fime \u0130zin Veriyor ve Hazinede Yerle\u015fik ve Suyu Bo\u015falt\u0131yor Temizli\u011fi Basitle\u015ftirin.<\/li>\n<li>\n<h2>Uzun \u00f6m\u00fcrl\u00fc dayan\u0131kl\u0131l\u0131k:<\/h2>\n<p>T\u00fcm metal-in\u015faat, ticari tasavvufun s\u00fcreklilik i\u00e7in s\u00fcreklilik i\u00e7in korozyona, titre\u015fime ve tahribata kar\u015f\u0131 koyar.<\/li>\n<li>\n<h2>Kompakt\u202fBoxTasar\u0131m:<\/h2>\n<p>Etkili hava da\u011f\u0131t\u0131m\u0131 i\u00e7in optimize edilmi\u015f, s\u0131k\u0131 mekanik bo\u015fluklara uydurma.<\/li>\n<\/ul>\n<hr \/>","protected":false},"featured_media":4730,"comment_status":"open","ping_status":"closed","template":"","meta":{"_acf_changed":false},"product_brand":[],"product_cat":[66],"product_tag":[],"class_list":{"0":"post-4704","1":"product","2":"type-product","3":"status-publish","4":"has-post-thumbnail","6":"product_cat-cabinet-fan","8":"first","9":"instock","10":"taxable","11":"shipping-taxable","12":"purchasable","13":"product-type-variable","14":"has-default-attributes"},"acf":[],"_links":{"self":[{"href":"https:\/\/www.ecvents.com\/tr\/wp-json\/wp\/v2\/product\/4704","targetHints":{"allow":["GET"]}}],"collection":[{"href":"https:\/\/www.ecvents.com\/tr\/wp-json\/wp\/v2\/product"}],"about":[{"href":"https:\/\/www.ecvents.com\/tr\/wp-json\/wp\/v2\/types\/product"}],"replies":[{"embeddable":true,"href":"https:\/\/www.ecvents.com\/tr\/wp-json\/wp\/v2\/comments?post=4704"}],"wp:featuredmedia":[{"embeddable":true,"href":"https:\/\/www.ecvents.com\/tr\/wp-json\/wp\/v2\/media\/4730"}],"wp:attachment":[{"href":"https:\/\/www.ecvents.com\/tr\/wp-json\/wp\/v2\/media?parent=4704"}],"wp:term":[{"taxonomy":"product_brand","embeddable":true,"href":"https:\/\/www.ecvents.com\/tr\/wp-json\/wp\/v2\/product_brand?post=4704"},{"taxonomy":"product_cat","embeddable":true,"href":"https:\/\/www.ecvents.com\/tr\/wp-json\/wp\/v2\/product_cat?post=4704"},{"taxonomy":"product_tag","embeddable":true,"href":"https:\/\/www.ecvents.com\/tr\/wp-json\/wp\/v2\/product_tag?post=4704"}],"curies":[{"name":"zamk","href":"https:\/\/api.w.org\/{rel}","templated":true}]}}