{"id":4708,"date":"2026-03-19T06:03:40","date_gmt":"2026-03-19T11:03:40","guid":{"rendered":"https:\/\/www.ecvents.com\/?post_type=product&#038;p=4708"},"modified":"2026-03-19T06:04:04","modified_gmt":"2026-03-19T11:04:04","slug":"seri-halinde","status":"publish","type":"product","link":"https:\/\/www.ecvents.com\/tr\/product\/seri-halinde\/","title":{"rendered":"S\u0131ral\u0131 Seri"},"content":{"rendered":"<div class=\"someee\">\n<h2><strong>sabit hava ak\u0131\u015f\u0131. sessiz verimlilik. G\u00fcnl\u00fck havaland\u0131rma i\u00e7in \u00fcretilmi\u015ftir.<\/strong><\/h2>\n<p>bira\u00a0<strong>Sat\u0131r dizisifan<\/strong>\u00a0her \u015feyi dengeli hissettiren sessiz temellerden biridir. Havay\u0131 istikrarl\u0131 bir \u015fekilde hareket ettirir, verimli bir \u015fekilde \u00e7al\u0131\u015f\u0131r ve arka plana - her g\u00fcn dikkat gerektirmeden \u00e7al\u0131\u015fan ekipman t\u00fcr\u00fcne - kar\u0131\u015f\u0131r.<\/p>\n<p>\u00d6z\u00fcnde bir\u00a0<strong>T\u00fcm bak\u0131r motor<\/strong>, tutarl\u0131 bir g\u00fc\u00e7 ve enerji tasarrufu dengesi i\u00e7in hassas m\u00fchendislik. e\u015fle\u015ftirilmi\u015f\u00a0<strong>Y\u00fcksek kaliteli \u202fBiller<\/strong>, sorunsuz ve sessiz \u00e7al\u0131\u015f\u0131r, arka planda kaybolan sadece hafif bir u\u011fultu \u00fcretir. Entegre bir par\u00e7al\u0131 motor ve hava kanal\u0131 tasar\u0131m\u0131, titre\u015fim ve t\u00fcrb\u00fclans, \u00fcreten temiz, kararl\u0131 hava ak\u0131\u015f\u0131 ile y\u00fcksek bas\u0131n\u00e7 ve minimal enerji kayb\u0131n\u0131 azalt\u0131r.<\/p>\n<p>dan in\u015fa edilmi\u015f\u00a0<strong>Kal\u0131n, y\u00fcksek dereceli \u00e7elik<\/strong>, v\u00fccut sa\u011flam ve esnektir. S\u00fcrekli \u00e7al\u0131\u015fmaya dayanacak \u015fekilde in\u015fa edilmi\u015f b\u00fck\u00fclmeye, korozyona ve a\u015f\u0131nmaya kar\u015f\u0131 dayan\u0131kl\u0131d\u0131r. Kompakt, \u00e7al\u0131\u015fmaya haz\u0131r in\u015fa, g\u00fc\u00e7l\u00fcy\u00fc zilsiz, zahmetsizce, onu da kurmakt\u0131r.<\/p>\n<p>Birden fazla boyutta, \u202fHizmetli-Seriler\u202fAptallar-Projelere uyaraklar-i\u00e7erikler-projeler-i\u00e7erikler-ve i\u015ften i\u015fyerlerine ve i\u015fyerlerine kadar Onun\u202fPar\u00e7ay\u0131, ihaleyi, zahmetsizce, ihaleyi, zahmetsizce, zahmetsizce, zahmetsizce, ihaleyi, zahmetsizce, zahmetsizce, ihaleye \u00e7\u0131kart\u0131r.<\/p>\n<p>Basit, sessiz ve g\u00fcvenilir\u2014i\u00e7ine dizisi-Fan\u202fG\u00f6stermek hakk\u0131nda de\u011fil. Havay\u0131 do\u011fru, g\u00fcnden sonraki g\u00fcne kadar tutmakla ilgilidir.<\/p>\n<\/div>\n<hr \/>\n<p>Boyutlar (birim: mm):<\/p>\n<div class=\"scroll-table-wrapper\">\n<div class=\"scroll-table\">\n<table id=\"tablepress-26\" class=\"tablepress tablepress-id-26\">\n<thead>\n<tr class=\"row-1\">\n\t<th class=\"column-1\">model<\/th><th class=\"column-2\">L<\/th><th class=\"column-3\">L1<\/th><th class=\"column-4\">L2<\/th><th class=\"column-5\">W<\/th><th class=\"column-6\">W1<\/th><th class=\"column-7\">H<\/th><th class=\"column-8\">H1<\/th><th class=\"column-9\">E<\/th><th class=\"column-10\">I<\/th>\n<\/tr>\n<\/thead>\n<tbody class=\"row-striping row-hover\">\n<tr class=\"row-2\">\n\t<td class=\"column-1\">DPT10-11<\/td><td class=\"column-2\">246<\/td><td class=\"column-3\">181<\/td><td class=\"column-4\">122.5<\/td><td class=\"column-5\">206<\/td><td class=\"column-6\">111.5<\/td><td class=\"column-7\">194<\/td><td class=\"column-8\">139<\/td><td class=\"column-9\">98<\/td><td class=\"column-10\">98<\/td>\n<\/tr>\n<tr class=\"row-3\">\n\t<td class=\"column-1\">DPT10-11F<\/td><td class=\"column-2\">246<\/td><td class=\"column-3\">181<\/td><td class=\"column-4\">122.5<\/td><td class=\"column-5\">206<\/td><td class=\"column-6\">111.5<\/td><td class=\"column-7\">194<\/td><td class=\"column-8\">139<\/td><td class=\"column-9\">98<\/td><td class=\"column-10\">98<\/td>\n<\/tr>\n<tr class=\"row-4\">\n\t<td class=\"column-1\">DPT15-34<\/td><td class=\"column-2\">306<\/td><td class=\"column-3\">230<\/td><td class=\"column-4\">122.5<\/td><td class=\"column-5\">247<\/td><td class=\"column-6\">141.5<\/td><td class=\"column-7\">259<\/td><td class=\"column-8\">176<\/td><td class=\"column-9\">150<\/td><td class=\"column-10\">150<\/td>\n<\/tr>\n<tr class=\"row-5\">\n\t<td class=\"column-1\">DPT15-34F<\/td><td class=\"column-2\">306<\/td><td class=\"column-3\">230<\/td><td class=\"column-4\">122.5<\/td><td class=\"column-5\">247<\/td><td class=\"column-6\">141.5<\/td><td class=\"column-7\">259<\/td><td class=\"column-8\">176<\/td><td class=\"column-9\">150<\/td><td class=\"column-10\">150<\/td>\n<\/tr>\n<tr class=\"row-6\">\n\t<td class=\"column-1\">DPT20-45F<\/td><td class=\"column-2\">369<\/td><td class=\"column-3\">297<\/td><td class=\"column-4\">170<\/td><td class=\"column-5\">290<\/td><td class=\"column-6\">185.5<\/td><td class=\"column-7\">325<\/td><td class=\"column-8\">220<\/td><td class=\"column-9\">200<\/td><td class=\"column-10\">200<\/td>\n<\/tr>\n<tr class=\"row-7\">\n\t<td class=\"column-1\">DPT20-65F<\/td><td class=\"column-2\">369<\/td><td class=\"column-3\">297<\/td><td class=\"column-4\">170<\/td><td class=\"column-5\">290<\/td><td class=\"column-6\">185.5<\/td><td class=\"column-7\">325<\/td><td class=\"column-8\">220<\/td><td class=\"column-9\">200<\/td><td class=\"column-10\">200<\/td>\n<\/tr>\n<tr class=\"row-8\">\n\t<td class=\"column-1\">DPT20-75<\/td><td class=\"column-2\">403<\/td><td class=\"column-3\">331<\/td><td class=\"column-4\">198<\/td><td class=\"column-5\">323<\/td><td class=\"column-6\">226<\/td><td class=\"column-7\">362<\/td><td class=\"column-8\">295<\/td><td class=\"column-9\">200<\/td><td class=\"column-10\">200<\/td>\n<\/tr>\n<\/tbody>\n<\/table>\n<!-- #tablepress-26 from cache --><\/div>\n<\/div>\n<div><\/div>\n<div class=\"woocb\"><a class=\"wocb\" href=\"http:\/\/www.beiaole.com\/wp-content\/uploads\/2025\/09\/d3.2.1.pdf\" target=\"_blank\" rel=\"noopener\">\u015fekil<\/a><\/div>\n<div><\/div>\n<p><img loading=\"lazy\" decoding=\"async\" class=\"aligncenter wp-image-16164 size-large\" src=\"http:\/\/www.beiaole.com\/wp-content\/uploads\/2025\/08\/s3.2-1024x450.png\" alt=\"In-Line Series-size\" width=\"1024\" height=\"450\" data-no-translation=\"\" \/><br \/>\nPerformans:<\/p>\n<div class=\"scroll-table-wrapper\">\n<div class=\"scroll-table\">\n<table id=\"tablepress-27\" class=\"tablepress tablepress-id-27\">\n<thead>\n<tr class=\"row-1\">\n\t<th class=\"column-1\">model<\/th><th class=\"column-2\">voltaj(v)<\/th><th class=\"column-3\">frekans (Hz)<\/th><th class=\"column-4\">vites de\u011fi\u015ftirmek<\/th><th class=\"column-5\">g\u00fc\u00e7(w)<\/th><th class=\"column-6\">Hava ak\u0131\u015f\u0131 (m\u00b3\/saat)<\/th><th class=\"column-7\">Statik Bas\u0131n\u00e7 (PA)<\/th><th class=\"column-8\">G\u00fcr\u00fclt\u00fc(dB)<\/th><th class=\"column-9\">Kanal Boyutu (mm)<\/th><th class=\"column-10\">Uygulama alan\u0131(m\u00b2)<\/th><th class=\"column-11\">N.M(kg)<\/th><th class=\"column-12\">Kutu\/par\u00e7a<\/th>\n<\/tr>\n<\/thead>\n<tbody class=\"row-striping row-hover\">\n<tr class=\"row-2\">\n\t<td class=\"column-1\">DPT10-11<\/td><td class=\"column-2\">220<\/td><td class=\"column-3\">50<\/td><td class=\"column-4\">H\/L<\/td><td class=\"column-5\">28\/23<\/td><td class=\"column-6\">150\/100<\/td><td class=\"column-7\">65\/55<\/td><td class=\"column-8\">40\/35<\/td><td class=\"column-9\">100<\/td><td class=\"column-10\">6-10<\/td><td class=\"column-11\">2.3<\/td><td class=\"column-12\">8<\/td>\n<\/tr>\n<tr class=\"row-3\">\n\t<td class=\"column-1\">DPT10-11F<\/td><td class=\"column-2\">220<\/td><td class=\"column-3\">50<\/td><td class=\"column-4\">H\/L<\/td><td class=\"column-5\">30\/26<\/td><td class=\"column-6\">250\/180<\/td><td class=\"column-7\">106\/80<\/td><td class=\"column-8\">45\/40<\/td><td class=\"column-9\">100<\/td><td class=\"column-10\">10-12<\/td><td class=\"column-11\">2.3<\/td><td class=\"column-12\">8<\/td>\n<\/tr>\n<tr class=\"row-4\">\n\t<td class=\"column-1\">DPT15-34<\/td><td class=\"column-2\">220<\/td><td class=\"column-3\">50<\/td><td class=\"column-4\">H\/L<\/td><td class=\"column-5\">33\/27<\/td><td class=\"column-6\">400\/300<\/td><td class=\"column-7\">127\/120<\/td><td class=\"column-8\">42\/38<\/td><td class=\"column-9\">150<\/td><td class=\"column-10\">10-25<\/td><td class=\"column-11\">3.5<\/td><td class=\"column-12\">4<\/td>\n<\/tr>\n<tr class=\"row-5\">\n\t<td class=\"column-1\">DPT15-34F<\/td><td class=\"column-2\">220<\/td><td class=\"column-3\">50<\/td><td class=\"column-4\">H\/L<\/td><td class=\"column-5\">70\/53<\/td><td class=\"column-6\">600\/500<\/td><td class=\"column-7\">170\/150<\/td><td class=\"column-8\">46\/42<\/td><td class=\"column-9\">150<\/td><td class=\"column-10\">10-25<\/td><td class=\"column-11\">4.6<\/td><td class=\"column-12\">4<\/td>\n<\/tr>\n<tr class=\"row-6\">\n\t<td class=\"column-1\">DPT20-45F<\/td><td class=\"column-2\">220<\/td><td class=\"column-3\">50<\/td><td class=\"column-4\">H\/L<\/td><td class=\"column-5\">120\/106<\/td><td class=\"column-6\">900\/750<\/td><td class=\"column-7\">207\/190<\/td><td class=\"column-8\">48\/46<\/td><td class=\"column-9\">200<\/td><td class=\"column-10\">25-38<\/td><td class=\"column-11\">7.8<\/td><td class=\"column-12\">1<\/td>\n<\/tr>\n<tr class=\"row-7\">\n\t<td class=\"column-1\">DPT20-65F<\/td><td class=\"column-2\">220<\/td><td class=\"column-3\">50<\/td><td class=\"column-4\">H\/L<\/td><td class=\"column-5\">190\/180<\/td><td class=\"column-6\">1500\/1350<\/td><td class=\"column-7\">220\/200<\/td><td class=\"column-8\">52\/50<\/td><td class=\"column-9\">200<\/td><td class=\"column-10\">48-80<\/td><td class=\"column-11\">8.5<\/td><td class=\"column-12\">1<\/td>\n<\/tr>\n<tr class=\"row-8\">\n\t<td class=\"column-1\">DPT20-75<\/td><td class=\"column-2\">220<\/td><td class=\"column-3\">50<\/td><td class=\"column-4\">H\/L<\/td><td class=\"column-5\">270\/265<\/td><td class=\"column-6\">2100\/1800<\/td><td class=\"column-7\">380\/290<\/td><td class=\"column-8\">62\/55<\/td><td class=\"column-9\">200<\/td><td class=\"column-10\">80-90<\/td><td class=\"column-11\">10.5<\/td><td class=\"column-12\">1<\/td>\n<\/tr>\n<\/tbody>\n<\/table>\n<!-- #tablepress-27 from cache --><\/div>\n<\/div>\n<div><\/div>\n<div class=\"woocb\"><a class=\"wocb\" href=\"http:\/\/www.beiaole.com\/wp-content\/uploads\/2025\/09\/d3.2.2.pdf\" target=\"_blank\" rel=\"noopener\">\u015fekil<\/a><\/div>\n<div><\/div>\n<p><img loading=\"lazy\" decoding=\"async\" class=\"aligncenter wp-image-17253 size-large\" src=\"http:\/\/www.beiaole.com\/wp-content\/uploads\/2025\/08\/x3.2-1024x304.jpg\" alt=\"In-Line Series-q1\" width=\"1024\" height=\"304\" data-no-translation=\"\" \/><\/p>","protected":false},"excerpt":{"rendered":"<ul>\n<li>\n<h2>Enerji tasarruflu bak\u0131r motor:<\/h2>\n<p>Y\u00fcksek hassasiyetli rulmanlar ile t\u00fcm bak\u0131r \u00e7ekirdekler sessiz, verimli \u00e7al\u0131\u015fmay\u0131 sa\u011flar.<\/li>\n<li>\n<h2>Tek par\u00e7a\u202fAirDuckStrubut yap\u0131s\u0131:<\/h2>\n<p>Aerodinamik hava ak\u0131\u015f\u0131 i\u00e7in aerodinamik ve muhafaza tasar\u0131m\u0131, direni\u015fi azalt\u0131r.<\/li>\n<li>\n<h2>T\u00fcm metal-in\u015faat:<\/h2>\n<p>Kal\u0131n \u00e7elik konut \u202fPas, ibrahim, ve uzun vadeli dayan\u0131kl\u0131l\u0131k i\u00e7in etkiye kar\u015f\u0131 diren\u00e7 g\u00f6sterir.<\/li>\n<li>\n<h2>Y\u00fcksek hava performans\u0131:<\/h2>\n<p>150'den 2,100m\u00b3\/H ve bas\u0131n\u00e7 yukar\u0131ya 380Pa'ya kadar hava ak\u0131\u015f\u0131n\u0131 sa\u011flar.<\/li>\n<li>\n<h2>Sessiz i\u015flem:<\/h2>\n<p>Optimize edilmi\u015f \u00e7ark implerdinamik, modele ve h\u0131za ba\u011fl\u0131 olarak 62DB'nin alt\u0131nda g\u00fcr\u00fclt\u00fcy\u00fc tutar.<\/li>\n<li>\n<h2>\u00c7ift h\u0131z kontrol\u00fc:<\/h2>\n<p>Y\u00fcksek\/\u202fD\u00fc\u015f\u00fck Di\u015fliler\u202fAnlaus-ayarlamaya izin ver-mek\u00e2n ve mevsimsel gereksinimler.<\/li>\n<li>\n<h2>Kompakt ve esnek:<\/h2>\n<p>\u202fDuduSu\u00e7uk, \u00d8100mm'den \u00d8200mm'ye, \u0130deal\u202fK\u0131sa \u0130\u00e7i veya Ticari Sistemler i\u00e7in idealdir.<\/li>\n<li>\n<h2>D\u00fc\u015f\u00fck bak\u0131m:<\/h2>\n<p>Basit kurulum ve eri\u015filebilir bile\u015fenler, temizlik ve servisi kolayla\u015ft\u0131r\u0131r.<\/li>\n<\/ul>\n<hr \/>","protected":false},"featured_media":4731,"comment_status":"open","ping_status":"closed","template":"","meta":{"_acf_changed":false},"product_brand":[],"product_cat":[27],"product_tag":[],"class_list":{"0":"post-4708","1":"product","2":"type-product","3":"status-publish","4":"has-post-thumbnail","6":"product_cat-inline-duct-fan","8":"first","9":"instock","10":"taxable","11":"shipping-taxable","12":"purchasable","13":"product-type-variable","14":"has-default-attributes"},"acf":[],"_links":{"self":[{"href":"https:\/\/www.ecvents.com\/tr\/wp-json\/wp\/v2\/product\/4708","targetHints":{"allow":["GET"]}}],"collection":[{"href":"https:\/\/www.ecvents.com\/tr\/wp-json\/wp\/v2\/product"}],"about":[{"href":"https:\/\/www.ecvents.com\/tr\/wp-json\/wp\/v2\/types\/product"}],"replies":[{"embeddable":true,"href":"https:\/\/www.ecvents.com\/tr\/wp-json\/wp\/v2\/comments?post=4708"}],"wp:featuredmedia":[{"embeddable":true,"href":"https:\/\/www.ecvents.com\/tr\/wp-json\/wp\/v2\/media\/4731"}],"wp:attachment":[{"href":"https:\/\/www.ecvents.com\/tr\/wp-json\/wp\/v2\/media?parent=4708"}],"wp:term":[{"taxonomy":"product_brand","embeddable":true,"href":"https:\/\/www.ecvents.com\/tr\/wp-json\/wp\/v2\/product_brand?post=4708"},{"taxonomy":"product_cat","embeddable":true,"href":"https:\/\/www.ecvents.com\/tr\/wp-json\/wp\/v2\/product_cat?post=4708"},{"taxonomy":"product_tag","embeddable":true,"href":"https:\/\/www.ecvents.com\/tr\/wp-json\/wp\/v2\/product_tag?post=4708"}],"curies":[{"name":"zamk","href":"https:\/\/api.w.org\/{rel}","templated":true}]}}