{"id":4716,"date":"2026-03-19T06:03:41","date_gmt":"2026-03-19T11:03:41","guid":{"rendered":"https:\/\/www.ecvents.com\/?post_type=product&#038;p=4716"},"modified":"2026-03-19T06:04:04","modified_gmt":"2026-03-19T11:04:04","slug":"2-seri-serisinde","status":"publish","type":"product","link":"https:\/\/www.ecvents.com\/tr\/product\/2-seri-serisinde\/","title":{"rendered":"S\u0131ral\u0131 Seri 2 Yol"},"content":{"rendered":"<div class=\"someee\">\n<h2><strong>\u00c7ift ak\u0131\u015fl\u0131. sabit g\u00fc\u00e7. S\u00fcrekli havaland\u0131rma i\u00e7in \u00fcretilmi\u015ftir.<\/strong><\/h2>\n<p>bira\u00a0<strong>Sat\u0131r dizileri2Yolcu<\/strong>\u00a0Uzun kanal \u00e7al\u0131\u015fmalar\u0131nda havan\u0131n sorunsuz ve sessizce hareket etmesini sa\u011flamak i\u00e7in tasarlanm\u0131\u015ft\u0131r - kompakt boyutta, yap\u0131da sa\u011flam ve her ayr\u0131nt\u0131da verimli. Arka planda sessizce \u00e7al\u0131\u015fan ve dikkat \u00e7ekmeden her g\u00fcn g\u00fcvenilir hava ak\u0131\u015f\u0131 sa\u011flayan havaland\u0131rma ekipman\u0131 t\u00fcr\u00fcd\u00fcr.<\/p>\n<p>\u00d6z\u00fcnde, bir\u00a0<strong>T\u00fcm bak\u0131r \u202fEnerji-Tasarruflu\u202fMotor<\/strong>\u00a0e\u015fle\u015ftirilmi\u015f\u00a0<strong>Y\u00fcksek kaliteli \u202fBiller<\/strong>\u00a0P\u00fcr\u00fczs\u00fcz, d\u00fc\u015f\u00fck g\u00fcr\u00fclt\u00fcl\u00fc \u00e7al\u0131\u015fma ve ola\u011fan\u00fcst\u00fc uzun \u00f6m\u00fcr sa\u011flar. Motor, \u00e7ark ve hava kanal\u0131, havan\u0131n minimum diren\u00e7le serbest\u00e7e hareket etmesini sa\u011flayan tek bir aerodinamik yap\u0131 olarak tasarlanm\u0131\u015ft\u0131r. Bu hassas entegrasyon yaln\u0131zca titre\u015fimi azaltmakla kalmaz, ayn\u0131 zamanda hizmet \u00f6mr\u00fc boyunca istikrarl\u0131 performans ve daha d\u00fc\u015f\u00fck enerji kullan\u0131m\u0131n\u0131 da korur.<\/p>\n<p>dan in\u015fa edilmi\u015f\u00a0<strong>Y\u00fcksek dereceli \u00e7elik<\/strong>, All\u2011Metal g\u00f6vde, onu idare etti\u011finiz andan itibaren sa\u011flam ve g\u00fcvenilir hissediyor. Tek par\u00e7a olarak olu\u015fturulan \u015fasi, hem konut hem de end\u00fcstriyel ko\u015fullarda dayan\u0131kl\u0131l\u0131k i\u00e7in in\u015fa edilmi\u015f pas, deformasyon ve mekanik strese kar\u015f\u0131 dayan\u0131kl\u0131d\u0131r.<\/p>\n<p>seri teklifler\u00a0<strong>\u00c7oklu model se\u00e7enekleri<\/strong>\u00a0Farkl\u0131 hava ak\u0131\u015f kapasiteleri ve kanal boyutlar\u0131 ile \u00e7ok \u00e7e\u015fitli havaland\u0131rma sistemlerine uyarlanabilir hale getirir. Di\u011fer taraftarlarla seri i\u00e7inde bir ba\u011flant\u0131 veya havay\u0131 uzakla\u015ft\u0131rmak ve bask\u0131y\u0131 geni\u015fletmek i\u00e7in ba\u011f\u0131ms\u0131z bir \u00e7\u00f6z\u00fcm olarak i\u015flev g\u00f6rebilir. G\u00fcc\u00fcne ra\u011fmen, sistemin her k\u00f6\u015fesinde verimli, dengeli hava ak\u0131\u015f\u0131n\u0131 s\u00fcrd\u00fcrerek sessizce \u00e7al\u0131\u015f\u0131r.<\/p>\n<p>G\u00fc\u00e7l\u00fc, istikrarl\u0131 ve ak\u0131ll\u0131ca kompakt, in\u2011line\u202f2\u202fHayran\u0131-Fan-S\u0131ralamas\u0131z Havaland\u0131rma.<\/p>\n<\/div>\n<hr \/>\n<p>Boyutlar (birim: mm):<\/p>\n<div class=\"scroll-table-wrapper\">\n<div class=\"scroll-table\">\n<table id=\"tablepress-28\" class=\"tablepress tablepress-id-28\">\n<thead>\n<tr class=\"row-1\">\n\t<th class=\"column-1\">model<\/th><th class=\"column-2\">L<\/th><th class=\"column-3\">L1<\/th><th class=\"column-4\">L2<\/th><th class=\"column-5\">e<\/th><th class=\"column-6\">W<\/th><th class=\"column-7\">W1<\/th><th class=\"column-8\">H<\/th><th class=\"column-9\">H1<\/th><th class=\"column-10\">i<\/th>\n<\/tr>\n<\/thead>\n<tbody class=\"row-striping row-hover\">\n<tr class=\"row-2\">\n\t<td class=\"column-1\">DPT10-11(1T2)<\/td><td class=\"column-2\">246<\/td><td class=\"column-3\">181<\/td><td class=\"column-4\">122.5<\/td><td class=\"column-5\">75<\/td><td class=\"column-6\">210<\/td><td class=\"column-7\">111.5<\/td><td class=\"column-8\">194<\/td><td class=\"column-9\">139<\/td><td class=\"column-10\">98<\/td>\n<\/tr>\n<tr class=\"row-3\">\n\t<td class=\"column-1\">DPT10-11F(1T2)<\/td><td class=\"column-2\">246<\/td><td class=\"column-3\">180<\/td><td class=\"column-4\">122.5<\/td><td class=\"column-5\">75<\/td><td class=\"column-6\">210<\/td><td class=\"column-7\">111.5<\/td><td class=\"column-8\">194<\/td><td class=\"column-9\">139<\/td><td class=\"column-10\">98<\/td>\n<\/tr>\n<tr class=\"row-4\">\n\t<td class=\"column-1\">DPT15-34(1T2)<\/td><td class=\"column-2\">306<\/td><td class=\"column-3\">230<\/td><td class=\"column-4\">122.5<\/td><td class=\"column-5\">100<\/td><td class=\"column-6\">243<\/td><td class=\"column-7\">141.5<\/td><td class=\"column-8\">259<\/td><td class=\"column-9\">176<\/td><td class=\"column-10\">150<\/td>\n<\/tr>\n<\/tbody>\n<\/table>\n<!-- #tablepress-28 from cache --><\/div>\n<\/div>\n<div><\/div>\n<div class=\"woocb\"><a class=\"wocb\" href=\"http:\/\/www.beiaole.com\/wp-content\/uploads\/2025\/09\/d3.3.1.pdf\" target=\"_blank\" rel=\"noopener\">\u015fekil<\/a><\/div>\n<div><\/div>\n<p><img loading=\"lazy\" decoding=\"async\" class=\"aligncenter wp-image-16183 size-large\" src=\"http:\/\/www.beiaole.com\/wp-content\/uploads\/2025\/08\/s3.3-1024x442.png\" alt=\"In-Line Series 2 Ways-size\" width=\"1024\" height=\"442\" data-no-translation=\"\" \/><br \/>\nPerformans:<\/p>\n<div class=\"scroll-table-wrapper\">\n<div class=\"scroll-table\">\n<table id=\"tablepress-29\" class=\"tablepress tablepress-id-29\">\n<thead>\n<tr class=\"row-1\">\n\t<th class=\"column-1\">model<\/th><th class=\"column-2\">voltaj(v)<\/th><th class=\"column-3\">frekans (Hz)<\/th><th class=\"column-4\">vites de\u011fi\u015ftirmek<\/th><th class=\"column-5\">g\u00fc\u00e7(w)<\/th><th class=\"column-6\">Hava ak\u0131\u015f\u0131 (m\u00b3\/saat)<\/th><th class=\"column-7\">Statik Bas\u0131n\u00e7 (PA)<\/th><th class=\"column-8\">G\u00fcr\u00fclt\u00fc(dB)<\/th><th class=\"column-9\">Kanal Boyutu (mm)<\/th><th class=\"column-10\">Uygulama alan\u0131(m\u00b2)<\/th><th class=\"column-11\">N.M(kg)<\/th><th class=\"column-12\">Kutu\/par\u00e7a<\/th>\n<\/tr>\n<\/thead>\n<tbody class=\"row-striping row-hover\">\n<tr class=\"row-2\">\n\t<td class=\"column-1\">DPT10-11(1T2)<\/td><td class=\"column-2\">220<\/td><td class=\"column-3\">50<\/td><td class=\"column-4\">H\/L<\/td><td class=\"column-5\">28\/23<\/td><td class=\"column-6\">160\/130<\/td><td class=\"column-7\">75\/65<\/td><td class=\"column-8\">38\/35<\/td><td class=\"column-9\">in80\/out100<\/td><td class=\"column-10\">7-15<\/td><td class=\"column-11\">2.3<\/td><td class=\"column-12\">4<\/td>\n<\/tr>\n<tr class=\"row-3\">\n\t<td class=\"column-1\">DPT10-11F(1T2)<\/td><td class=\"column-2\">220<\/td><td class=\"column-3\">50<\/td><td class=\"column-4\">H\/L<\/td><td class=\"column-5\">30\/26<\/td><td class=\"column-6\">200\/180<\/td><td class=\"column-7\">200\/180<\/td><td class=\"column-8\">43\/38<\/td><td class=\"column-9\">in80\/out100<\/td><td class=\"column-10\">7-15<\/td><td class=\"column-11\">2.6<\/td><td class=\"column-12\">4<\/td>\n<\/tr>\n<tr class=\"row-4\">\n\t<td class=\"column-1\">DPT15-34(1T2)<\/td><td class=\"column-2\">220<\/td><td class=\"column-3\">50<\/td><td class=\"column-4\">H\/L<\/td><td class=\"column-5\">42\/43<\/td><td class=\"column-6\">400\/320<\/td><td class=\"column-7\">155\/145<\/td><td class=\"column-8\">52\/49<\/td><td class=\"column-9\">IN100\/OUT150<\/td><td class=\"column-10\">7-15<\/td><td class=\"column-11\">4.6<\/td><td class=\"column-12\">4<\/td>\n<\/tr>\n<\/tbody>\n<\/table>\n<!-- #tablepress-29 from cache --><\/div>\n<\/div>\n<div><\/div>\n<div class=\"woocb\"><a class=\"wocb\" href=\"http:\/\/www.beiaole.com\/wp-content\/uploads\/2025\/09\/d3.3.2.pdf\" target=\"_blank\" rel=\"noopener\">\u015fekil<\/a><\/div>\n<div><\/div>\n<p><img loading=\"lazy\" decoding=\"async\" class=\"aligncenter wp-image-17257 size-large\" src=\"http:\/\/www.beiaole.com\/wp-content\/uploads\/2025\/08\/x3.3-1024x329.jpg\" alt=\"In-Line Series 2 Ways-q1\" width=\"1024\" height=\"329\" data-no-translation=\"\" \/><\/p>","protected":false},"excerpt":{"rendered":"<ul>\n<li>\n<h2>\u00c7ift giri\u015f tasar\u0131m\u0131:<\/h2>\n<p>1\u20112-2 hava yolu yap\u0131s\u0131, uzun kanallar arac\u0131l\u0131\u011f\u0131yla bas\u0131n\u00e7l\u0131 istikrar ve hava da\u011f\u0131l\u0131m\u0131n\u0131 optimize eder.<\/li>\n<li>\n<h2>Enerji verimli bak\u0131r motor:<\/h2>\n<p>Dayan\u0131kl\u0131, d\u00fc\u015f\u00fck g\u00fcr\u00fclt\u00fcl\u00fc motorlu rulmanl\u0131 motor, p\u00fcr\u00fczs\u00fcz, s\u00fcrekli \u00e7al\u0131\u015fma.<\/li>\n<li>\n<h2>T\u00fcm metal-in\u015faat:<\/h2>\n<p>Uzun s\u00fcreli sanayi kullan\u0131m\u0131 i\u00e7in tek par\u00e7al\u0131 \u00e7elik konut, pas, \u00e7arp\u0131tma, ve titre\u015fmeye kar\u015f\u0131 diren\u00e7 g\u00f6sterir.<\/li>\n<li>\n<h2>Kompakt, Ak\u0131\u015fkanl\u0131 Sistem:<\/h2>\n<p>Yerle\u015fik motor ve kanal hizalamas\u0131, t\u00fcrb\u00fclans\u0131 azalt\u0131r ve hava ak\u0131\u015f\u0131n\u0131 artt\u0131r\u0131r.<\/li>\n<li>\n<h2>Sessiz performans:<\/h2>\n<p>G\u00fcr\u00fclt\u00fc Seviyeleri AslOsLowAs35\u201352DB\u202fAyr\u0131cal\u0131kta bile canl\u0131 veya canl\u0131 ya da ofis bo\u015fluklar\u0131.<\/li>\n<li>\n<h2>Y\u00fcksek hava bas\u0131nc\u0131<\/h2>\n<p>200 Pa'ya statik bas\u0131n\u00e7 yukar\u0131ya do\u011fru, geni\u015fletilmi\u015f kanallar arac\u0131l\u0131\u011f\u0131yla g\u00fc\u00e7l\u00fc havaland\u0131rma.<\/li>\n<li>\n<h2>Esnek Entegrasyon:<\/h2>\n<p>Ba\u011f\u0131ms\u0131zl\u0131k veya \u00e7oklu hayran sistemi uygulamalar\u0131 i\u00e7in birden fazla boyutta kullan\u0131labilir.<\/li>\n<li>\n<h2>D\u00fc\u015f\u00fck bak\u0131m:<\/h2>\n<p>Temizlik ve hizmet i\u00e7in kolay eri\u015fim ile kompakt beden.<\/li>\n<\/ul>\n<hr \/>","protected":false},"featured_media":4732,"comment_status":"open","ping_status":"closed","template":"","meta":{"_acf_changed":false},"product_brand":[],"product_cat":[27],"product_tag":[],"class_list":{"0":"post-4716","1":"product","2":"type-product","3":"status-publish","4":"has-post-thumbnail","6":"product_cat-inline-duct-fan","8":"first","9":"instock","10":"taxable","11":"shipping-taxable","12":"purchasable","13":"product-type-variable","14":"has-default-attributes"},"acf":[],"_links":{"self":[{"href":"https:\/\/www.ecvents.com\/tr\/wp-json\/wp\/v2\/product\/4716","targetHints":{"allow":["GET"]}}],"collection":[{"href":"https:\/\/www.ecvents.com\/tr\/wp-json\/wp\/v2\/product"}],"about":[{"href":"https:\/\/www.ecvents.com\/tr\/wp-json\/wp\/v2\/types\/product"}],"replies":[{"embeddable":true,"href":"https:\/\/www.ecvents.com\/tr\/wp-json\/wp\/v2\/comments?post=4716"}],"wp:featuredmedia":[{"embeddable":true,"href":"https:\/\/www.ecvents.com\/tr\/wp-json\/wp\/v2\/media\/4732"}],"wp:attachment":[{"href":"https:\/\/www.ecvents.com\/tr\/wp-json\/wp\/v2\/media?parent=4716"}],"wp:term":[{"taxonomy":"product_brand","embeddable":true,"href":"https:\/\/www.ecvents.com\/tr\/wp-json\/wp\/v2\/product_brand?post=4716"},{"taxonomy":"product_cat","embeddable":true,"href":"https:\/\/www.ecvents.com\/tr\/wp-json\/wp\/v2\/product_cat?post=4716"},{"taxonomy":"product_tag","embeddable":true,"href":"https:\/\/www.ecvents.com\/tr\/wp-json\/wp\/v2\/product_tag?post=4716"}],"curies":[{"name":"zamk","href":"https:\/\/api.w.org\/{rel}","templated":true}]}}