{"id":4720,"date":"2026-03-19T06:03:42","date_gmt":"2026-03-19T11:03:42","guid":{"rendered":"https:\/\/www.ecvents.com\/?post_type=product&#038;p=4720"},"modified":"2026-03-19T06:04:04","modified_gmt":"2026-03-19T11:04:04","slug":"sessiz-kanal-fan","status":"publish","type":"product","link":"https:\/\/www.ecvents.com\/tr\/product\/sessiz-kanal-fan\/","title":{"rendered":"Sessiz Kanal Fan"},"content":{"rendered":"<div class=\"someee\">\n<h2><strong>sessiz ak\u0131\u015f. G\u00fc\u00e7l\u00fc performans. S\u00fcrekli konfor i\u00e7in \u00fcretilmi\u015ftir.<\/strong><\/h2>\n<p>bira\u00a0<strong>sessiz\u202fDudulFan<\/strong>\u00a0tek bir ama\u00e7 i\u00e7in tasarlanm\u0131\u015ft\u0131r\u2014havan\u0131n sessiz, verimli ve g\u00fcvenilir bir \u015fekilde hareket etmesini sa\u011flamak i\u00e7in tasarlanm\u0131\u015ft\u0131r. Bir kez kurdu\u011funuz, a\u00e7t\u0131\u011f\u0131n\u0131z ve sonra unuttu\u011funuz t\u00fcrden bir fan, \u00e7\u00fcnk\u00fc i\u015fini yapmaya devam ediyor - ses veya tela\u015f olmadan sabit hava ak\u0131\u015f\u0131.<\/p>\n<p>kalbinde bir\u00a0<strong>T\u00fcm bak\u0131r \u202fEnerji-Tasarruflu\u202fMotor<\/strong>\u00a0e\u015fle\u015ftirilmi\u015f\u00a0<strong>Y\u00fcksek kaliteli \u202fBiller<\/strong>, neredeyse hi\u00e7 g\u00fcr\u00fclt\u00fc olmadan kararl\u0131, uzun s\u00fcreli \u00e7al\u0131\u015fma sa\u011flar. Entegre hava kanal\u0131 ve g\u00f6vde tasar\u0131m\u0131, titre\u015fimi ve t\u00fcrb\u00fclans\u0131 en aza indirirken hava ak\u0131\u015f\u0131n\u0131n sorunsuz hareket etmesini sa\u011flar. Sonu\u00e7, zahmetsiz hissettiren ve neredeyse g\u00f6r\u00fcnmez g\u00f6r\u00fcnen g\u00fc\u00e7l\u00fc, tutarl\u0131 havaland\u0131rmad\u0131r.<\/p>\n<p>ile in\u015fa edilmi\u015f\u00a0<strong>T\u00fcm metal \u00e7elik kabuk<\/strong>, fan g\u00f6vdesi ger\u00e7ek dayan\u0131kl\u0131l\u0131k sunar. Pas, \u0131s\u0131 ve deformasyona kar\u015f\u0131 dayan\u0131kl\u0131d\u0131r\u2014at\u00f6lyeler, mutfaklar, ofisler veya daireler gibi nemli veya zorlu alanlar i\u00e7in idealdir. Kompakt ama g\u00fc\u00e7l\u00fc olan her birim, s\u0131radan fanlar\u0131n yetersiz kald\u0131\u011f\u0131 derin kanal a\u011flar\u0131n\u0131 bile yenileyen y\u00fcksek hava bas\u0131nc\u0131 ve uzun mesafeli hava ak\u0131\u015f\u0131 \u00fcretir.<\/p>\n<p>Birden fazla model ve boyutta mevcut olan SilentDudulFan, \u00e7e\u015fitli sistemlere kolayca uyum sa\u011flar: daha k\u00fc\u00e7\u00fck alanlar i\u00e7in tek ba\u015f\u0131na kullan\u0131n veya uzun kanallar boyunca bas\u0131nc\u0131 art\u0131rmak i\u00e7in di\u011fer s\u0131ral\u0131 fanlarla birle\u015ftirin. G\u00fcvenilir, verimli ve sessiz dayan\u0131kl\u0131l\u0131k i\u00e7in tasarlanm\u0131\u015f, ortam\u0131n\u0131z\u0131n ba\u011fl\u0131 oldu\u011fu hava ak\u0131\u015f\u0131n\u0131 sessizce sa\u011flar.<\/p>\n<\/div>\n<hr \/>\n<p>Boyutlar (birim: mm):<\/p>\n<div class=\"scroll-table-wrapper\">\n<div class=\"scroll-table\">\n<table id=\"tablepress-30\" class=\"tablepress tablepress-id-30\">\n<thead>\n<tr class=\"row-1\">\n\t<th class=\"column-1\">model<\/th><th class=\"column-2\">L<\/th><th class=\"column-3\">L1<\/th><th class=\"column-4\">L2<\/th><th class=\"column-5\">W<\/th><th class=\"column-6\">W1<\/th><th class=\"column-7\">H<\/th><th class=\"column-8\">H1<\/th><th class=\"column-9\">D<\/th>\n<\/tr>\n<\/thead>\n<tbody class=\"row-striping row-hover\">\n<tr class=\"row-2\">\n\t<td class=\"column-1\">DPT10-24H<\/td><td class=\"column-2\">533<\/td><td class=\"column-3\">352<\/td><td class=\"column-4\">251<\/td><td class=\"column-5\">397<\/td><td class=\"column-6\">447<\/td><td class=\"column-7\">121<\/td><td class=\"column-8\">30<\/td><td class=\"column-9\">100<\/td>\n<\/tr>\n<tr class=\"row-3\">\n\t<td class=\"column-1\">DPT15-34H<\/td><td class=\"column-2\">504<\/td><td class=\"column-3\">352<\/td><td class=\"column-4\">251<\/td><td class=\"column-5\">397<\/td><td class=\"column-6\">447<\/td><td class=\"column-7\">196<\/td><td class=\"column-8\">30<\/td><td class=\"column-9\">150<\/td>\n<\/tr>\n<tr class=\"row-4\">\n\t<td class=\"column-1\">DPT15-45H<\/td><td class=\"column-2\">504<\/td><td class=\"column-3\">352<\/td><td class=\"column-4\">251<\/td><td class=\"column-5\">397<\/td><td class=\"column-6\">447<\/td><td class=\"column-7\">196<\/td><td class=\"column-8\">30<\/td><td class=\"column-9\">150<\/td>\n<\/tr>\n<tr class=\"row-5\">\n\t<td class=\"column-1\">DPT20-56H<\/td><td class=\"column-2\">531<\/td><td class=\"column-3\">353<\/td><td class=\"column-4\">251<\/td><td class=\"column-5\">397<\/td><td class=\"column-6\">447<\/td><td class=\"column-7\">246<\/td><td class=\"column-8\">30<\/td><td class=\"column-9\">200<\/td>\n<\/tr>\n<tr class=\"row-6\">\n\t<td class=\"column-1\">DPT20-66H<\/td><td class=\"column-2\">531<\/td><td class=\"column-3\">353<\/td><td class=\"column-4\">251<\/td><td class=\"column-5\">397<\/td><td class=\"column-6\">447<\/td><td class=\"column-7\">246<\/td><td class=\"column-8\">30<\/td><td class=\"column-9\">200<\/td>\n<\/tr>\n<\/tbody>\n<\/table>\n<!-- #tablepress-30 from cache --><\/div>\n<\/div>\n<div><\/div>\n<div class=\"woocb\"><a class=\"wocb\" href=\"http:\/\/www.beiaole.com\/wp-content\/uploads\/2025\/09\/d3.4.1.pdf\" target=\"_blank\" rel=\"noopener\">\u015fekil<\/a><\/div>\n<div><\/div>\n<p><img loading=\"lazy\" decoding=\"async\" class=\"aligncenter wp-image-16553 size-large\" src=\"http:\/\/www.beiaole.com\/wp-content\/uploads\/2025\/08\/s3.4-1024x589.png\" alt=\"Silent Duct Fan-size\" width=\"1024\" height=\"589\" data-no-translation=\"\" \/><br \/>\nPerformans:<\/p>\n<div class=\"scroll-table-wrapper\">\n<div class=\"scroll-table\">\n<table id=\"tablepress-31\" class=\"tablepress tablepress-id-31\">\n<thead>\n<tr class=\"row-1\">\n\t<th class=\"column-1\">model<\/th><th class=\"column-2\">voltaj(v)<\/th><th class=\"column-3\">frekans (Hz)<\/th><th class=\"column-4\">vites de\u011fi\u015ftirmek<\/th><th class=\"column-5\">g\u00fc\u00e7(w)<\/th><th class=\"column-6\">Hava ak\u0131\u015f\u0131 (m\u00b3\/saat)<\/th><th class=\"column-7\">Statik Bas\u0131n\u00e7 (PA)<\/th><th class=\"column-8\">G\u00fcr\u00fclt\u00fc(dB)<\/th><th class=\"column-9\">Kanal Boyutu (mm)<\/th><th class=\"column-10\">Uygulama alan\u0131(m\u00b2)<\/th><th class=\"column-11\">N.M(kg)<\/th>\n<\/tr>\n<\/thead>\n<tbody class=\"row-striping row-hover\">\n<tr class=\"row-2\">\n\t<td class=\"column-1\">DPT10-24H<\/td><td class=\"column-2\">220<\/td><td class=\"column-3\">50<\/td><td class=\"column-4\">H\/L<\/td><td class=\"column-5\">48\/38<\/td><td class=\"column-6\">230\/180<\/td><td class=\"column-7\">160<\/td><td class=\"column-8\">25<\/td><td class=\"column-9\">100<\/td><td class=\"column-10\">8-15<\/td><td class=\"column-11\">6.5<\/td>\n<\/tr>\n<tr class=\"row-3\">\n\t<td class=\"column-1\">DPT15-34H<\/td><td class=\"column-2\">220<\/td><td class=\"column-3\">50<\/td><td class=\"column-4\">H\/L<\/td><td class=\"column-5\">60\/45<\/td><td class=\"column-6\">350\/250<\/td><td class=\"column-7\">220<\/td><td class=\"column-8\">30<\/td><td class=\"column-9\">150<\/td><td class=\"column-10\">20-25<\/td><td class=\"column-11\">8.4<\/td>\n<\/tr>\n<tr class=\"row-4\">\n\t<td class=\"column-1\">DPT15-45H<\/td><td class=\"column-2\">220<\/td><td class=\"column-3\">50<\/td><td class=\"column-4\">H\/L<\/td><td class=\"column-5\">84\/78<\/td><td class=\"column-6\">500\/420<\/td><td class=\"column-7\">260<\/td><td class=\"column-8\">34<\/td><td class=\"column-9\">150<\/td><td class=\"column-10\">25-30<\/td><td class=\"column-11\">8.8<\/td>\n<\/tr>\n<tr class=\"row-5\">\n\t<td class=\"column-1\">DPT20-56H<\/td><td class=\"column-2\">220<\/td><td class=\"column-3\">50<\/td><td class=\"column-4\">H\/L<\/td><td class=\"column-5\">104\/80<\/td><td class=\"column-6\">920\/700<\/td><td class=\"column-7\">365<\/td><td class=\"column-8\">38<\/td><td class=\"column-9\">200<\/td><td class=\"column-10\">40-47<\/td><td class=\"column-11\">10.5<\/td>\n<\/tr>\n<tr class=\"row-6\">\n\t<td class=\"column-1\">DPT20-66H<\/td><td class=\"column-2\">220<\/td><td class=\"column-3\">50<\/td><td class=\"column-4\">H\/L<\/td><td class=\"column-5\">135\/103<\/td><td class=\"column-6\">1200\/1050<\/td><td class=\"column-7\">410<\/td><td class=\"column-8\">45<\/td><td class=\"column-9\">200<\/td><td class=\"column-10\">40-60<\/td><td class=\"column-11\">10.6<\/td>\n<\/tr>\n<\/tbody>\n<\/table>\n<!-- #tablepress-31 from cache --><\/div>\n<\/div>\n<div><\/div>\n<div class=\"woocb\"><a class=\"wocb\" href=\"http:\/\/www.beiaole.com\/wp-content\/uploads\/2025\/09\/d3.4.2.pdf\" target=\"_blank\" rel=\"noopener\">\u015fekil<\/a><\/div>\n<div><\/div>\n<p><img loading=\"lazy\" decoding=\"async\" class=\"aligncenter wp-image-17261 size-large\" src=\"http:\/\/www.beiaole.com\/wp-content\/uploads\/2025\/08\/x3.4-1024x334.jpg\" alt=\"Silent Duct Fan-q1\" width=\"1024\" height=\"334\" data-no-translation=\"\" \/><\/p>","protected":false},"excerpt":{"rendered":"<ul>\n<li>\n<h2>Sessiz i\u015flem:<\/h2>\n<p>Geli\u015fmi\u015f motor ve dengeli aerodinamik tasar\u0131m, bar\u0131\u015f\u00e7\u0131l ortamlar i\u00e7in(25\u201345db) d\u00fc\u015f\u00fck g\u00fcr\u00fclt\u00fc seviyelerini korur.<\/li>\n<li>\n<h2>Verimli bak\u0131r motor:<\/h2>\n<p>\u202fEnerji-T\u00fcm Kurtarma-Bilgisayarl\u0131-motorlu-mouth, idari, kararl\u0131 performans i\u00e7in.<\/li>\n<li>\n<h2>G\u00fc\u00e7 ve Dayan\u0131kl\u0131l\u0131k:<\/h2>\n<p>T\u00fcm metal \u00e7elik konut, y\u0131llarca korozyona ve s\u00fcrekli kullan\u0131ma kar\u015f\u0131 diren\u00e7 g\u00f6sterir.<\/li>\n<li>\n<h2>P\u00fcr\u00fczs\u00fcz hava ak\u0131\u015f\u0131 sistemi:<\/h2>\n<p>Entegre motor ve kanal yap\u0131s\u0131, e\u015fit hava da\u011f\u0131l\u0131m\u0131 i\u00e7in diren\u00e7 ve titre\u015fimi azalt\u0131r.<\/li>\n<li>\n<h2>G\u00fc\u00e7l\u00fc performans:<\/h2>\n<p>Hava ak\u0131\u015f\u0131,230'dan 1,200m\u00b3\/H'ye statik bas\u0131n\u00e7 yukar\u0131ya do\u011fru 410Pa'ya kadar\u2014ideal\u202fUzun uzun bir kanal \u00e7al\u0131\u015fmas\u0131na kadar uzan\u0131r.<\/li>\n<li>\n<h2>\u00c7ift h\u0131z se\u00e7enekleri:<\/h2>\n<p>Y\u00fcksek\/\u202fD\u00fc\u015f\u00fck vitesler\u202fKontrol\u00fc a\u015f\u0131r\u0131 havaland\u0131rma g\u00fcc\u00fc ve g\u00fc\u00e7 kullan\u0131m\u0131 sa\u011flar.<\/li>\n<li>\n<h2>Kompakt ve esnek:<\/h2>\n<p>\u202fDuduSu\u00e7ular \u00d8100\u2013\u00d8200mm,Konut i\u00e7in m\u00fckemmel, Ticari, veya End\u00fcstriyel Kurulumlar i\u00e7in m\u00fckemmeldir.<\/li>\n<li>\n<h2>D\u00fc\u015f\u00fck bak\u0131m:<\/h2>\n<p>Sa\u011flam yap\u0131 ve eri\u015filebilir tasar\u0131m, temizlemeyi ve hizmet etmeyi basitle\u015ftirir.<\/li>\n<\/ul>\n<hr \/>","protected":false},"featured_media":4733,"comment_status":"open","ping_status":"closed","template":"","meta":{"_acf_changed":false},"product_brand":[],"product_cat":[27],"product_tag":[],"class_list":{"0":"post-4720","1":"product","2":"type-product","3":"status-publish","4":"has-post-thumbnail","6":"product_cat-inline-duct-fan","8":"first","9":"instock","10":"taxable","11":"shipping-taxable","12":"purchasable","13":"product-type-variable","14":"has-default-attributes"},"acf":[],"_links":{"self":[{"href":"https:\/\/www.ecvents.com\/tr\/wp-json\/wp\/v2\/product\/4720","targetHints":{"allow":["GET"]}}],"collection":[{"href":"https:\/\/www.ecvents.com\/tr\/wp-json\/wp\/v2\/product"}],"about":[{"href":"https:\/\/www.ecvents.com\/tr\/wp-json\/wp\/v2\/types\/product"}],"replies":[{"embeddable":true,"href":"https:\/\/www.ecvents.com\/tr\/wp-json\/wp\/v2\/comments?post=4720"}],"wp:featuredmedia":[{"embeddable":true,"href":"https:\/\/www.ecvents.com\/tr\/wp-json\/wp\/v2\/media\/4733"}],"wp:attachment":[{"href":"https:\/\/www.ecvents.com\/tr\/wp-json\/wp\/v2\/media?parent=4720"}],"wp:term":[{"taxonomy":"product_brand","embeddable":true,"href":"https:\/\/www.ecvents.com\/tr\/wp-json\/wp\/v2\/product_brand?post=4720"},{"taxonomy":"product_cat","embeddable":true,"href":"https:\/\/www.ecvents.com\/tr\/wp-json\/wp\/v2\/product_cat?post=4720"},{"taxonomy":"product_tag","embeddable":true,"href":"https:\/\/www.ecvents.com\/tr\/wp-json\/wp\/v2\/product_tag?post=4720"}],"curies":[{"name":"zamk","href":"https:\/\/api.w.org\/{rel}","templated":true}]}}