{"id":4726,"date":"2026-03-19T06:03:43","date_gmt":"2026-03-19T11:03:43","guid":{"rendered":"https:\/\/www.ecvents.com\/?post_type=product&#038;p=4726"},"modified":"2026-03-19T06:04:31","modified_gmt":"2026-03-19T11:04:31","slug":"1-ila-2-ince-sirali-fan","status":"publish","type":"product","link":"https:\/\/www.ecvents.com\/tr\/product\/1-ila-2-ince-sirali-fan\/","title":{"rendered":"1 ila 2 ince s\u0131ral\u0131 fan"},"content":{"rendered":"<div class=\"someee\">\n<h2><strong>Kompakt g\u00fc\u00e7. sessiz \u00e7al\u0131\u015fma. Dar alanlar i\u00e7in \u00fcretilmi\u015ftir.<\/strong><\/h2>\n<p>bira\u00a0<strong>1\u202f\u202f\u202f\u202f\u202f\u202f2Slim\u202fSlim-Slim-Fan<\/strong>\u00a0Hava ak\u0131\u015f\u0131n\u0131n kritik oldu\u011fu ancak her santimetrenin \u00f6nemli oldu\u011fu alanlar i\u00e7in yap\u0131lm\u0131\u015ft\u0131r. \u0130nce profili ile tavanlara, dar kanallara veya kompakt kurulumlara zahmetsizce s\u0131\u011far ve uzun \u00e7al\u0131\u015fmalarda havan\u0131n e\u015fit ve sessiz hareket etmesini sa\u011flamak i\u00e7in gereken sabit, y\u00fcksek bas\u0131n\u00e7l\u0131 hava ak\u0131\u015f\u0131n\u0131 sa\u011flar.<\/p>\n<p>i\u00e7inde, bir\u00a0<strong>T\u00fcm bak\u0131r \u202fEnerji-Tasarruflu\u202fMotor<\/strong>\u00a0e\u015fle\u015ftirilmi\u015f\u00a0<strong>Y\u00fcksek kaliteli \u202fBiller<\/strong>\u00a0S\u00fcrekli \u00e7al\u0131\u015fma alt\u0131nda d\u00fczg\u00fcn, d\u00fc\u015f\u00fck titre\u015fimli performans sa\u011flar. Kabin ve hava kanal\u0131n\u0131n tek bir aerodinamik \u00fcnite olu\u015fturdu\u011fu entegre tasar\u0131m, stabiliteyi art\u0131r\u0131r, mekanik g\u00fcr\u00fclt\u00fcy\u00fc azalt\u0131r ve her kullan\u0131mda verimli hava ak\u0131\u015f\u0131n\u0131 sa\u011flar.<\/p>\n<p>kaplanm\u0131\u015f\u00a0<strong>Y\u00fcksek dereceli \u00e7elik<\/strong>, muhafaza sa\u011flam ve uzun \u00f6m\u00fcrl\u00fc hisseder. Pas, darbe ve b\u00fck\u00fclmeye kar\u015f\u0131 dayan\u0131kl\u0131, apartman tavanlar\u0131ndan at\u00f6lyelere veya yeti\u015ftirme odalar\u0131na kadar zorlu ortamlarda yo\u011fun kullan\u0131ma dayan\u0131r. Sa\u011flam yap\u0131s\u0131na ra\u011fmen, kompakt, kurulumu kolay ve son derece sessiz kal\u0131r.<\/p>\n<p>Birden fazla boyut ve y\u00fcksek\/d\u00fc\u015f\u00fck h\u0131z ayarlar\u0131 ile 1\u202f-2\u202fSlimInline\u202fFan, herhangi bir havaland\u0131rma a\u011f\u0131na sorunsuz bir \u015fekilde s\u0131\u011far. Daha k\u00fc\u00e7\u00fck odalar i\u00e7in ba\u011f\u0131ms\u0131z bir \u00e7\u00f6z\u00fcm olarak i\u015flev g\u00f6rebilir veya daha b\u00fcy\u00fck, daha karma\u015f\u0131k sistemler i\u00e7in di\u011fer fanlarla birlikte \u00e7al\u0131\u015fabilir. Nereye yerle\u015ftirildi\u011fi \u00f6nemli de\u011fil, sessizce performans g\u00f6sterir - her alan\u0131 dengeli ve taze tutan g\u00fc\u00e7l\u00fc, tutarl\u0131 hava ak\u0131\u015f\u0131 sa\u011flar.<\/p>\n<\/div>\n<hr \/>\n<p>Boyutlar (birim: mm):<\/p>\n<div class=\"scroll-table-wrapper\">\n<div class=\"scroll-table\">\n<table id=\"tablepress-32\" class=\"tablepress tablepress-id-32\">\n<thead>\n<tr class=\"row-1\">\n\t<th class=\"column-1\">model<\/th><th class=\"column-2\">L<\/th><th class=\"column-3\">L1<\/th><th class=\"column-4\">L2<\/th><th class=\"column-5\">W<\/th><th class=\"column-6\">W1<\/th><th class=\"column-7\">H<\/th><th class=\"column-8\">H1<\/th><th class=\"column-9\">D<\/th>\n<\/tr>\n<\/thead>\n<tbody class=\"row-striping row-hover\">\n<tr class=\"row-2\">\n\t<td class=\"column-1\">DPT07-12H(1T2)<\/td><td class=\"column-2\">406<\/td><td class=\"column-3\">300<\/td><td class=\"column-4\">198<\/td><td class=\"column-5\">300<\/td><td class=\"column-6\">340<\/td><td class=\"column-7\">85<\/td><td class=\"column-8\">15<\/td><td class=\"column-9\">65<\/td>\n<\/tr>\n<tr class=\"row-3\">\n\t<td class=\"column-1\">DPT10-24H(1T2)<\/td><td class=\"column-2\">580<\/td><td class=\"column-3\">403<\/td><td class=\"column-4\">300<\/td><td class=\"column-5\">400<\/td><td class=\"column-6\">437<\/td><td class=\"column-7\">121<\/td><td class=\"column-8\">30<\/td><td class=\"column-9\">100<\/td>\n<\/tr>\n<tr class=\"row-4\">\n\t<td class=\"column-1\">DPT15-34H(1T2)<\/td><td class=\"column-2\">551<\/td><td class=\"column-3\">403<\/td><td class=\"column-4\">300<\/td><td class=\"column-5\">400<\/td><td class=\"column-6\">437<\/td><td class=\"column-7\">196<\/td><td class=\"column-8\">30<\/td><td class=\"column-9\">150<\/td>\n<\/tr>\n<tr class=\"row-5\">\n\t<td class=\"column-1\">DPT15-45H(1T2)<\/td><td class=\"column-2\">551<\/td><td class=\"column-3\">403<\/td><td class=\"column-4\">300<\/td><td class=\"column-5\">400<\/td><td class=\"column-6\">437<\/td><td class=\"column-7\">196<\/td><td class=\"column-8\">30<\/td><td class=\"column-9\">150<\/td>\n<\/tr>\n<\/tbody>\n<\/table>\n<!-- #tablepress-32 from cache --><\/div>\n<\/div>\n<div><\/div>\n<div class=\"woocb\"><a class=\"wocb\" href=\"http:\/\/www.beiaole.com\/wp-content\/uploads\/2025\/09\/d3.5.1.pdf\" target=\"_blank\" rel=\"noopener\">\u015fekil<\/a><\/div>\n<div><\/div>\n<p><img loading=\"lazy\" decoding=\"async\" class=\"aligncenter wp-image-16569 size-large\" src=\"http:\/\/www.beiaole.com\/wp-content\/uploads\/2025\/08\/s3.5-1024x489.png\" alt=\"1 to 2 Slim Inline Fan-size\" width=\"1024\" height=\"489\" data-no-translation=\"\" \/><br \/>\nPerformans:<\/p>\n<div class=\"scroll-table-wrapper\">\n<div class=\"scroll-table\">\n<table id=\"tablepress-33\" class=\"tablepress tablepress-id-33\">\n<thead>\n<tr class=\"row-1\">\n\t<th class=\"column-1\">model<\/th><th class=\"column-2\">voltaj(v)<\/th><th class=\"column-3\">frekans (Hz)<\/th><th class=\"column-4\">vites de\u011fi\u015ftirmek<\/th><th class=\"column-5\">g\u00fc\u00e7(w)<\/th><th class=\"column-6\">Hava ak\u0131\u015f\u0131 (m\u00b3\/saat)<\/th><th class=\"column-7\">Statik Bas\u0131n\u00e7 (PA)<\/th><th class=\"column-8\">G\u00fcr\u00fclt\u00fc(dB)<\/th><th class=\"column-9\">Kanal Boyutu (mm)<\/th><th class=\"column-10\">Uygulama alan\u0131(m\u00b2)<\/th><th class=\"column-11\">N.M(kg)<\/th>\n<\/tr>\n<\/thead>\n<tbody class=\"row-striping row-hover\">\n<tr class=\"row-2\">\n\t<td class=\"column-1\">DPT07-12H(1T2)<\/td><td class=\"column-2\">220<\/td><td class=\"column-3\">50<\/td><td class=\"column-4\">H\/L<\/td><td class=\"column-5\">25\/18<\/td><td class=\"column-6\">110\/80<\/td><td class=\"column-7\">155<\/td><td class=\"column-8\">20<\/td><td class=\"column-9\">75<\/td><td class=\"column-10\">5-10<\/td><td class=\"column-11\">5.0<\/td>\n<\/tr>\n<tr class=\"row-3\">\n\t<td class=\"column-1\">DPT10-24H(1T2)<\/td><td class=\"column-2\">220<\/td><td class=\"column-3\">50<\/td><td class=\"column-4\">H\/L<\/td><td class=\"column-5\">48\/38<\/td><td class=\"column-6\">230\/180<\/td><td class=\"column-7\">160<\/td><td class=\"column-8\">25<\/td><td class=\"column-9\">100<\/td><td class=\"column-10\">8-15<\/td><td class=\"column-11\">6.5<\/td>\n<\/tr>\n<tr class=\"row-4\">\n\t<td class=\"column-1\">DPT15-34H(1T2)<\/td><td class=\"column-2\">220<\/td><td class=\"column-3\">50<\/td><td class=\"column-4\">H\/L<\/td><td class=\"column-5\">60\/45<\/td><td class=\"column-6\">350\/250<\/td><td class=\"column-7\">220<\/td><td class=\"column-8\">30<\/td><td class=\"column-9\">150<\/td><td class=\"column-10\">20-25<\/td><td class=\"column-11\">8.4<\/td>\n<\/tr>\n<tr class=\"row-5\">\n\t<td class=\"column-1\">DPT15-45H(1T2)<\/td><td class=\"column-2\">220<\/td><td class=\"column-3\">50<\/td><td class=\"column-4\">H\/L<\/td><td class=\"column-5\">84\/78<\/td><td class=\"column-6\">500\/420<\/td><td class=\"column-7\">260<\/td><td class=\"column-8\">34<\/td><td class=\"column-9\">150<\/td><td class=\"column-10\">25-30<\/td><td class=\"column-11\">8.8<\/td>\n<\/tr>\n<\/tbody>\n<\/table>\n<!-- #tablepress-33 from cache --><\/div>\n<\/div>\n<div><\/div>\n<div class=\"woocb\"><a class=\"wocb\" href=\"http:\/\/www.beiaole.com\/wp-content\/uploads\/2025\/09\/d3.5.2.pdf\" target=\"_blank\" rel=\"noopener\">\u015fekil<\/a><\/div>\n<div><\/div>\n<p><img loading=\"lazy\" decoding=\"async\" class=\"aligncenter wp-image-17265 size-large\" src=\"http:\/\/www.beiaole.com\/wp-content\/uploads\/2025\/08\/x3.5-1024x307.jpg\" alt=\"1 to 2 Slim Inline Fan-q1\" width=\"1024\" height=\"307\" data-no-translation=\"\" \/><\/p>","protected":false},"excerpt":{"rendered":"<ul>\n<li>\n<h2>\u0130nce ve \u202fCompactTasar\u0131m:<\/h2>\n<p>Hava ak\u0131m\u0131ndan veya hava ak\u0131\u015f\u0131n\u0131n \u00f6d\u00fcn vermeden kurulumlar\u0131n\u0131 kolayca s\u0131k\u0131ca uygular.<\/li>\n<li>\n<h2>Y\u00fcksek verimlilik bak\u0131r motor:<\/h2>\n<p>Enerji tasarrufu tasar\u0131m\u0131, sorunsuz ve sessizce s\u00fcrekli kullan\u0131m.<\/li>\n<li>\n<h2>Bilyal\u0131 rulman istikrar\u0131:<\/h2>\n<p>Hassasiyet\u00e7i M\u00fchendislik Rulmanlar Minimal bak\u0131m ile uzun vadeli operasyonu sa\u011flama.<\/li>\n<li>\n<h2>Dayan\u0131kl\u0131\u202fT\u00fcm metal yap\u0131:<\/h2>\n<p>A\u011f\u0131r hizmet tipi \u00e7elik konut, deformasyona, deformasyona, ve end\u00fcstriyel oryoziye kar\u015f\u0131 diren\u00e7 g\u00f6sterir.<\/li>\n<li>\n<h2>G\u00fc\u00e7l\u00fc hava performans\u0131:<\/h2>\n<p>110'dan 500'e m\u00b3\/h ve bas\u0131n\u00e7 yukar\u0131ya 260Pa'ya sabit, uzun-uzak havaland\u0131rma.<\/li>\n<li>\n<h2>Sessiz i\u015flem:<\/h2>\n<p>\u202fSeviyeler, d\u00fc\u015f\u00fck\u202f20\u201334DB\u202fContalar\u0131D\u00fczenli ve dikkat da\u011f\u0131t\u0131c\u0131 ortamlar\u0131 korur.<\/li>\n<li>\n<h2>Esnek Entegrasyon:<\/h2>\n<p>Havaland\u0131rma performans\u0131n\u0131 art\u0131rmak i\u00e7in birden fazla hayranla tek ba\u015f\u0131na \u00e7al\u0131\u015f\u0131r.<\/li>\n<li>\n<h2>D\u00fc\u015f\u00fck enerji kullan\u0131m\u0131:<\/h2>\n<p>25\u201384w, elektrik kayb\u0131 olmadan g\u00fc\u00e7l\u00fc hava ak\u0131\u015f\u0131 sunan t\u00fcketir.<\/li>\n<\/ul>\n<hr \/>","protected":false},"featured_media":4734,"comment_status":"open","ping_status":"closed","template":"","meta":{"_acf_changed":false},"product_brand":[],"product_cat":[27],"product_tag":[],"class_list":{"0":"post-4726","1":"product","2":"type-product","3":"status-publish","4":"has-post-thumbnail","6":"product_cat-inline-duct-fan","8":"first","9":"instock","10":"taxable","11":"shipping-taxable","12":"purchasable","13":"product-type-variable","14":"has-default-attributes"},"acf":[],"_links":{"self":[{"href":"https:\/\/www.ecvents.com\/tr\/wp-json\/wp\/v2\/product\/4726","targetHints":{"allow":["GET"]}}],"collection":[{"href":"https:\/\/www.ecvents.com\/tr\/wp-json\/wp\/v2\/product"}],"about":[{"href":"https:\/\/www.ecvents.com\/tr\/wp-json\/wp\/v2\/types\/product"}],"replies":[{"embeddable":true,"href":"https:\/\/www.ecvents.com\/tr\/wp-json\/wp\/v2\/comments?post=4726"}],"wp:featuredmedia":[{"embeddable":true,"href":"https:\/\/www.ecvents.com\/tr\/wp-json\/wp\/v2\/media\/4734"}],"wp:attachment":[{"href":"https:\/\/www.ecvents.com\/tr\/wp-json\/wp\/v2\/media?parent=4726"}],"wp:term":[{"taxonomy":"product_brand","embeddable":true,"href":"https:\/\/www.ecvents.com\/tr\/wp-json\/wp\/v2\/product_brand?post=4726"},{"taxonomy":"product_cat","embeddable":true,"href":"https:\/\/www.ecvents.com\/tr\/wp-json\/wp\/v2\/product_cat?post=4726"},{"taxonomy":"product_tag","embeddable":true,"href":"https:\/\/www.ecvents.com\/tr\/wp-json\/wp\/v2\/product_tag?post=4726"}],"curies":[{"name":"zamk","href":"https:\/\/api.w.org\/{rel}","templated":true}]}}