{"id":4736,"date":"2026-03-19T06:04:07","date_gmt":"2026-03-19T11:04:07","guid":{"rendered":"https:\/\/www.ecvents.com\/?post_type=product&#038;p=4736"},"modified":"2026-03-19T06:04:31","modified_gmt":"2026-03-19T11:04:31","slug":"tek-yonlu-sirali-kutu-fan-2","status":"publish","type":"product","link":"https:\/\/www.ecvents.com\/tr\/product\/tek-yonlu-sirali-kutu-fan-2\/","title":{"rendered":"Tek y\u00f6nl\u00fc s\u0131ral\u0131 kutu fan\u0131"},"content":{"rendered":"<div class=\"someee\">\n<h2><strong>g\u00fc\u00e7l\u00fc ak\u0131\u015f. istikrarl\u0131 performans. S\u00fcrekli havaland\u0131rma i\u00e7in \u00fcretilmi\u015ftir.<\/strong><\/h2>\n<p>bira\u00a0<strong>Tek yollu sat\u0131r i\u00e7i kutuplu<\/strong>\u00a0G\u00fcr\u00fclt\u00fc veya karma\u015f\u0131kl\u0131k olmadan g\u00fcvenilir hava ak\u0131\u015f\u0131 talep edenler i\u00e7in tasarlanm\u0131\u015ft\u0131r. Kompakt, dayan\u0131kl\u0131 ve verimli, uzun kanal sistemlerinde tutarl\u0131 bir havaland\u0131rma sa\u011flar - bir kez kurdu\u011funuz ve sonra unuttu\u011funuz i\u00e7in unuttu\u011funuz ve i\u015fini yapmaya devam etti\u011fi i\u00e7in.<\/p>\n<p>Sistemin merkezinde bir\u00a0<strong>T\u00fcm bak\u0131r \u202fEnerji-Tasarruflu\u202fMotor<\/strong>\u00a0e\u015fle\u015ftirilmi\u015f\u00a0<strong>Y\u00fcksek kaliteli \u202fBiller<\/strong>\u00a0Uzun s\u00fcreli kararl\u0131l\u0131k ve ultra sessiz \u00e7al\u0131\u015fma i\u00e7in. Motor ve hava kanal\u0131, havan\u0131n minimum diren\u00e7le sorunsuz bir \u015fekilde ge\u00e7mesine izin veren tek bir aerodinamik \u00fcnite olarak tasarlanm\u0131\u015ft\u0131r. Bu hassas tasar\u0131m, enerji t\u00fcketimini d\u00fc\u015f\u00fck tutarken g\u00fc\u00e7l\u00fc hava ak\u0131\u015f\u0131 ve dengeli bas\u0131n\u00e7 sa\u011flar.<\/p>\n<p>-den in\u015fa edilmi\u015f\u00a0<strong>Y\u00fcksek dereceli \u00e7elik<\/strong>, All\u2011Metal muhafazas\u0131, fana sa\u011flam a\u011f\u0131rl\u0131\u011f\u0131 ve g\u00fcvenilirli\u011fini verir. Pas, titre\u015fim ve deformasyona kar\u015f\u0131 dayan\u0131kl\u0131 tek par\u00e7al\u0131 bir kabuk olarak \u00fcretilmi\u015ftir\u2014end\u00fcstriyel kurulumlar, at\u00f6lyeler veya ticari havaland\u0131rma sistemleri gibi zorlu ortamlar i\u00e7in idealdir.<\/p>\n<p>Onu \u00f6zellikle \u00e7ok y\u00f6nl\u00fc yapan \u015fey, onun\u00a0<strong>Esnek boyutland\u0131rma ve uyumluluk<\/strong>. 300'den 4.000 m\u00b3\/h'ye de\u011fi\u015fen \u00e7oklu modeller ve hava ak\u0131\u015f\u0131 kapasiteleri ile, hem k\u00fc\u00e7\u00fck hem de b\u00fcy\u00fck alanlara uyum sa\u011flar, ba\u011f\u0131ms\u0131z bir birim veya bir-bir\u00e7ok-fani i\u015f par\u00e7as\u0131 olarak \u00e7al\u0131\u015f\u0131r. Kurulum, do\u011frudur, ve sonra ko\u015fan, d\u00fc\u015f\u00fck g\u00fcr\u00fclt\u00fcl\u00fc performans ve kararl\u0131 \u00e7\u0131kt\u0131, herhangi bir havaland\u0131rma sisteminin sessiz bir k\u00f6\u015fe ta\u015f\u0131d\u0131r.<\/p>\n<p>Sessiz g\u00fc\u00e7, verimli tasar\u0131m ve g\u00fcvenilir hava ak\u0131\u015f\u0131 \u2014 tek y\u00f6nl\u00fc hat i\u00e7i kutu fan, dikkat istemeden hava sistemlerinizi dengeli ve alanlar\u0131n\u0131z\u0131 rahat tutar.<\/p>\n<\/div>\n<hr \/>\n<p>Boyutlar (birim: mm):<\/p>\n<div class=\"scroll-table-wrapper\">\n<div class=\"scroll-table\">\n<table id=\"tablepress-34\" class=\"tablepress tablepress-id-34\">\n<thead>\n<tr class=\"row-1\">\n\t<th class=\"column-1\">model<\/th><th class=\"column-2\">L<\/th><th class=\"column-3\">L1<\/th><th class=\"column-4\">W<\/th><th class=\"column-5\">W1<\/th><th class=\"column-6\">H<\/th><th class=\"column-7\">H1<\/th><th class=\"column-8\">C<\/th>\n<\/tr>\n<\/thead>\n<tbody class=\"row-striping row-hover\">\n<tr class=\"row-2\">\n\t<td class=\"column-1\">DPT15-40<\/td><td class=\"column-2\">450<\/td><td class=\"column-3\">200<\/td><td class=\"column-4\">310<\/td><td class=\"column-5\">349<\/td><td class=\"column-6\">226<\/td><td class=\"column-7\">30<\/td><td class=\"column-8\">150<\/td>\n<\/tr>\n<tr class=\"row-3\">\n\t<td class=\"column-1\">DPT20-70<\/td><td class=\"column-2\">463<\/td><td class=\"column-3\">263<\/td><td class=\"column-4\">325<\/td><td class=\"column-5\">363<\/td><td class=\"column-6\">240<\/td><td class=\"column-7\">126.5<\/td><td class=\"column-8\">200<\/td>\n<\/tr>\n<tr class=\"row-4\">\n\t<td class=\"column-1\">DPT20-150<\/td><td class=\"column-2\">513<\/td><td class=\"column-3\">313<\/td><td class=\"column-4\">385<\/td><td class=\"column-5\">423<\/td><td class=\"column-6\">260<\/td><td class=\"column-7\">136.5<\/td><td class=\"column-8\">200<\/td>\n<\/tr>\n<tr class=\"row-5\">\n\t<td class=\"column-1\">DPT25-210<\/td><td class=\"column-2\">553<\/td><td class=\"column-3\">353<\/td><td class=\"column-4\">417<\/td><td class=\"column-5\">455<\/td><td class=\"column-6\">300<\/td><td class=\"column-7\">155.5<\/td><td class=\"column-8\">250<\/td>\n<\/tr>\n<tr class=\"row-6\">\n\t<td class=\"column-1\">DPT25-260<\/td><td class=\"column-2\">570<\/td><td class=\"column-3\">370<\/td><td class=\"column-4\">442<\/td><td class=\"column-5\">480<\/td><td class=\"column-6\">300<\/td><td class=\"column-7\">155.5<\/td><td class=\"column-8\">250<\/td>\n<\/tr>\n<tr class=\"row-7\">\n\t<td class=\"column-1\">DPT25-320<\/td><td class=\"column-2\">615<\/td><td class=\"column-3\">423<\/td><td class=\"column-4\">500<\/td><td class=\"column-5\">538<\/td><td class=\"column-6\">375<\/td><td class=\"column-7\">173.5<\/td><td class=\"column-8\">300<\/td>\n<\/tr>\n<\/tbody>\n<\/table>\n<!-- #tablepress-34 from cache --><\/div>\n<\/div>\n<div><\/div>\n<div class=\"woocb\"><a class=\"wocb\" href=\"http:\/\/www.beiaole.com\/wp-content\/uploads\/2025\/08\/d3.6.1.pdf\" target=\"_blank\" rel=\"noopener\">\u015fekil<\/a><\/div>\n<div><\/div>\n<p><img loading=\"lazy\" decoding=\"async\" class=\"aligncenter wp-image-16592 size-large\" src=\"http:\/\/www.beiaole.com\/wp-content\/uploads\/2025\/08\/s3.6-1024x475.png\" alt=\"Single Way Inline Box Fan-size\" width=\"1024\" height=\"475\" data-no-translation=\"\" \/><br \/>\nPerformans:<\/p>\n<div class=\"scroll-table-wrapper\">\n<div class=\"scroll-table\">\n<table id=\"tablepress-35\" class=\"tablepress tablepress-id-35\">\n<thead>\n<tr class=\"row-1\">\n\t<th class=\"column-1\">model<\/th><th class=\"column-2\">voltaj(v)<\/th><th class=\"column-3\">frekans (Hz)<\/th><th class=\"column-4\">vites de\u011fi\u015ftirmek<\/th><th class=\"column-5\">g\u00fc\u00e7(w)<\/th><th class=\"column-6\">Hava ak\u0131\u015f\u0131 (m\u00b3\/saat)<\/th><th class=\"column-7\">Statik Bas\u0131n\u00e7 (PA)<\/th><th class=\"column-8\">G\u00fcr\u00fclt\u00fc(dB)<\/th><th class=\"column-9\">Kanal Boyutu (mm)<\/th><th class=\"column-10\">Uygulama alan\u0131(m\u00b2)<\/th><th class=\"column-11\">N.W(kg)<\/th>\n<\/tr>\n<\/thead>\n<tbody class=\"row-striping row-hover\">\n<tr class=\"row-2\">\n\t<td class=\"column-1\">DPT15-40<\/td><td class=\"column-2\">220<\/td><td class=\"column-3\">50<\/td><td class=\"column-4\">H\/L<\/td><td class=\"column-5\">53\/70<\/td><td class=\"column-6\">300\/400<\/td><td class=\"column-7\">150-170<\/td><td class=\"column-8\">40<\/td><td class=\"column-9\">150<\/td><td class=\"column-10\">20-25<\/td><td class=\"column-11\">7.5<\/td>\n<\/tr>\n<tr class=\"row-3\">\n\t<td class=\"column-1\">DPT20-70<\/td><td class=\"column-2\">220<\/td><td class=\"column-3\">50<\/td><td class=\"column-4\">H\/L<\/td><td class=\"column-5\">110\/95<\/td><td class=\"column-6\">500\/700<\/td><td class=\"column-7\">180\/160<\/td><td class=\"column-8\">45<\/td><td class=\"column-9\">200<\/td><td class=\"column-10\">30-35<\/td><td class=\"column-11\">8.5<\/td>\n<\/tr>\n<tr class=\"row-4\">\n\t<td class=\"column-1\">DPT20-150<\/td><td class=\"column-2\">220<\/td><td class=\"column-3\">50<\/td><td class=\"column-4\">H\/L<\/td><td class=\"column-5\">160\/120<\/td><td class=\"column-6\">1200\/1500<\/td><td class=\"column-7\">350\/320<\/td><td class=\"column-8\">48<\/td><td class=\"column-9\">200<\/td><td class=\"column-10\">60-80<\/td><td class=\"column-11\">15.5<\/td>\n<\/tr>\n<tr class=\"row-5\">\n\t<td class=\"column-1\">DPT25-210<\/td><td class=\"column-2\">220<\/td><td class=\"column-3\">50<\/td><td class=\"column-4\">H\/L<\/td><td class=\"column-5\">240\/150<\/td><td class=\"column-6\">1700\/2100<\/td><td class=\"column-7\">400\/370<\/td><td class=\"column-8\">50<\/td><td class=\"column-9\">250<\/td><td class=\"column-10\">85-120<\/td><td class=\"column-11\">19.0<\/td>\n<\/tr>\n<tr class=\"row-6\">\n\t<td class=\"column-1\">DPT25-260<\/td><td class=\"column-2\">220<\/td><td class=\"column-3\">50<\/td><td class=\"column-4\">H\/L<\/td><td class=\"column-5\">300\/200<\/td><td class=\"column-6\">2300\/2600<\/td><td class=\"column-7\">450\/420<\/td><td class=\"column-8\">55<\/td><td class=\"column-9\">250<\/td><td class=\"column-10\">150-210<\/td><td class=\"column-11\">20.0<\/td>\n<\/tr>\n<tr class=\"row-7\">\n\t<td class=\"column-1\">DPT30-320<\/td><td class=\"column-2\">220<\/td><td class=\"column-3\">50<\/td><td class=\"column-4\">H\/L<\/td><td class=\"column-5\">350\/450<\/td><td class=\"column-6\">2800\/3200<\/td><td class=\"column-7\">500\/530<\/td><td class=\"column-8\">62<\/td><td class=\"column-9\">300<\/td><td class=\"column-10\">240-270<\/td><td class=\"column-11\">22.0<\/td>\n<\/tr>\n<tr class=\"row-8\">\n\t<td class=\"column-1\">DPT30-400<\/td><td class=\"column-2\">220<\/td><td class=\"column-3\">50<\/td><td class=\"column-4\">H\/L<\/td><td class=\"column-5\">510\/457<\/td><td class=\"column-6\">4000\/3600<\/td><td class=\"column-7\">560\/530<\/td><td class=\"column-8\">66<\/td><td class=\"column-9\">300<\/td><td class=\"column-10\">300-270<\/td><td class=\"column-11\">25.0<\/td>\n<\/tr>\n<\/tbody>\n<\/table>\n<!-- #tablepress-35 from cache --><\/div>\n<\/div>\n<div><\/div>\n<div class=\"woocb\"><a class=\"wocb\" href=\"http:\/\/www.beiaole.com\/wp-content\/uploads\/2025\/08\/d3.6.2.pdf\" target=\"_blank\" rel=\"noopener\">\u015fekil<\/a><\/div>\n<div><\/div>\n<p><img loading=\"lazy\" decoding=\"async\" class=\"aligncenter wp-image-17269 size-large\" src=\"http:\/\/www.beiaole.com\/wp-content\/uploads\/2025\/08\/x3.6-1024x298.jpg\" alt=\"Single Way Inline Box Fan-q1\" width=\"1024\" height=\"298\" data-no-translation=\"\" \/><\/p>","protected":false},"excerpt":{"rendered":"<ul>\n<li>\n<h2>Verimli bak\u0131r motor:<\/h2>\n<p>\u202fEnerji-Taspaolu-motor\u202fBil rulmanlar\u0131 ile istikrarl\u0131 performans ve d\u00fc\u015f\u00fck g\u00fcr\u00fclt\u00fcl\u00fc \u00e7al\u0131\u015fma sa\u011flar.<\/li>\n<li>\n<h2>T\u00fcm metal konutlar:<\/h2>\n<p>Uzun vadeli sanayici g\u00fcvenede \u202fTek par\u00e7al\u0131 \u00e7elik-in\u015faat\u00e7\u0131koroz ve titre\u015fime kar\u015f\u0131 diren\u00e7 g\u00f6sterir.<\/li>\n<li>\n<h2>Y\u00fcksek bas\u0131n\u00e7l\u0131 hava ak\u0131\u015f\u0131:<\/h2>\n<p>Uzun kanall\u0131 \u00e7al\u0131\u015fmalar yoluyla etkili havaland\u0131rma i\u00e7in 560 Pa'ya statik bas\u0131n\u00e7 \u00fcretir.<\/li>\n<li>\n<h2>Sessiz i\u015flem:<\/h2>\n<p>Optimize edilmi\u015f hava kanal\u0131 tasar\u0131m\u0131, noise'a k\u00fc\u00e7\u00fck olarak, modele ve h\u0131za ba\u011fl\u0131 olarak k\u00fc\u00e7\u00fck bir 40\u201366DB'ye indirger.<\/li>\n<li>\n<h2>Esnek performans:<\/h2>\n<p>\u0130ki h\u0131z kontrol(y\u00fcksek\u202f\/d\u00fc\u015f\u00fck)\u202fG\u00fc\u00e7 ve verimlilik\u202fFarkl\u0131 hava ak\u0131\u015f\u0131 i\u00e7in ihtiya\u00e7lar.<\/li>\n<li>\n<h2>G\u00fc\u00e7l\u00fc hava \u00e7\u0131k\u0131\u015f\u0131:<\/h2>\n<p>300 ve 4.000 \u202f m\u00b3\/h\u202fAreas up\u202fUp\u202f\u202fAsla-itanitial-sa\u011fdansl\u0131 uygulamalar- dan 300\u202f\u202f\u202f\u202f\u202f\u202fAral\u0131klar-Up\u202fAral\u0131klar-Up\u202fAral\u0131klar-End\u00fcstriel uygulamalar aras\u0131nda teslim eder.<\/li>\n<li>\n<h2>Kolay kurulum ve bak\u0131m:<\/h2>\n<p>Kompakt beden ve eri\u015filebilir tasar\u0131m, herhangi bir havaland\u0131rma sistemi i\u00e7in kurulumu ve temizlemeyi basitle\u015ftirir.<\/li>\n<li>\n<h2>Uzun \u00f6m\u00fcrl\u00fc dayan\u0131kl\u0131l\u0131k:<\/h2>\n<p>S\u00fcrekli kullan\u0131m i\u00e7in tasarlanm\u0131\u015f kararl\u0131 kullan\u0131m ve minimum k\u00f6t\u00fc giyim zaman\u0131.<\/li>\n<\/ul>\n<hr \/>","protected":false},"featured_media":4763,"comment_status":"open","ping_status":"closed","template":"","meta":{"_acf_changed":false},"product_brand":[],"product_cat":[27],"product_tag":[],"class_list":{"0":"post-4736","1":"product","2":"type-product","3":"status-publish","4":"has-post-thumbnail","6":"product_cat-inline-duct-fan","8":"first","9":"outofstock","10":"taxable","11":"shipping-taxable","12":"purchasable","13":"product-type-variable"},"acf":[],"_links":{"self":[{"href":"https:\/\/www.ecvents.com\/tr\/wp-json\/wp\/v2\/product\/4736","targetHints":{"allow":["GET"]}}],"collection":[{"href":"https:\/\/www.ecvents.com\/tr\/wp-json\/wp\/v2\/product"}],"about":[{"href":"https:\/\/www.ecvents.com\/tr\/wp-json\/wp\/v2\/types\/product"}],"replies":[{"embeddable":true,"href":"https:\/\/www.ecvents.com\/tr\/wp-json\/wp\/v2\/comments?post=4736"}],"wp:featuredmedia":[{"embeddable":true,"href":"https:\/\/www.ecvents.com\/tr\/wp-json\/wp\/v2\/media\/4763"}],"wp:attachment":[{"href":"https:\/\/www.ecvents.com\/tr\/wp-json\/wp\/v2\/media?parent=4736"}],"wp:term":[{"taxonomy":"product_brand","embeddable":true,"href":"https:\/\/www.ecvents.com\/tr\/wp-json\/wp\/v2\/product_brand?post=4736"},{"taxonomy":"product_cat","embeddable":true,"href":"https:\/\/www.ecvents.com\/tr\/wp-json\/wp\/v2\/product_cat?post=4736"},{"taxonomy":"product_tag","embeddable":true,"href":"https:\/\/www.ecvents.com\/tr\/wp-json\/wp\/v2\/product_tag?post=4736"}],"curies":[{"name":"zamk","href":"https:\/\/api.w.org\/{rel}","templated":true}]}}