{"id":4743,"date":"2026-03-19T06:04:08","date_gmt":"2026-03-19T11:04:08","guid":{"rendered":"https:\/\/www.ecvents.com\/?post_type=product&#038;p=4743"},"modified":"2026-03-19T06:04:59","modified_gmt":"2026-03-19T11:04:59","slug":"metal-yuvarlak-santrifuj-hatli-fan","status":"publish","type":"product","link":"https:\/\/www.ecvents.com\/tr\/product\/metal-yuvarlak-santrifuj-hatli-fan\/","title":{"rendered":"Metal Yuvarlak Santrif\u00fcj Hatl\u0131 Fan"},"content":{"rendered":"<div class=\"someee\">\n<h2><strong>Sa\u011flam yap\u0131. sabit bas\u0131n\u00e7. Uzun vadeli g\u00fcvenilirlik i\u00e7in \u00fcretilmi\u015ftir.<\/strong><\/h2>\n<p>bira\u00a0<strong>Metal\u202fYuvarlak\u202fAntrif\u00fcjl\u00fc-Sat\u0131rl\u0131k-Fan<\/strong>\u00a0basit bir ama\u00e7 i\u00e7in tasarlanm\u0131\u015ft\u0131r\u2014 havan\u0131n g\u00fcnden g\u00fcne sorunsuz, sessiz ve g\u00fc\u00e7l\u00fc bir \u015fekilde hareket etmesini sa\u011flamak. Bir kez kurdu\u011funuz, tamamen g\u00fcvendi\u011finiz ve nadiren tekrar d\u00fc\u015f\u00fcnd\u00fc\u011f\u00fcn\u00fcz g\u00fcvenilir bir makinedir.<\/p>\n<p>\u00f6z\u00fcnde bir oturur\u00a0<strong>T\u00fcm bak\u0131r \u202fEnerji-Tasarruflu\u202fMotor<\/strong>, dayan\u0131kl\u0131l\u0131k ve verimlilik i\u00e7in tasarlanm\u0131\u015ft\u0131r. birlikte\u00a0<strong>Y\u00fcksek kaliteli \u202fBiller<\/strong>, minimum titre\u015fim veya g\u00fcr\u00fclt\u00fc ile \u00e7al\u0131\u015f\u0131r - y\u0131llarca s\u00fcrekli kullan\u0131mda g\u00fcvenilir performans sa\u011flar. Motorun dengesi ve dayan\u0131kl\u0131l\u0131\u011f\u0131, onu g\u00fcvenilir havaland\u0131rman\u0131n sessiz, sabit kalbi haline getirir.<\/p>\n<p>Fan'\u0131n g\u00fcc\u00fc ondan geliyor\u00a0<strong>T\u00fcm metal-in\u015faat<\/strong>, Sertlik ve koruma i\u00e7in kal\u0131n \u00e7elikten \u00fcretilmi\u015ftir. Diki\u015fsiz muhafaza, korozyona, b\u00fck\u00fclmeye ve b\u00fck\u00fclmeye kar\u015f\u0131 dayan\u0131kl\u0131d\u0131r\u2014bu, onu nem ve bas\u0131nc\u0131n s\u00fcrekli zorluklar oldu\u011fu seralar, at\u00f6lyeler, bodrumlar veya fabrika ortamlar\u0131 i\u00e7in m\u00fckemmel bir \u015fekilde uygun hale getirir. Kurulduktan sonra, ayarlamalara gerek kalmadan sorunsuz bir \u015fekilde \u00e7al\u0131\u015f\u0131r.<\/p>\n<p>kompakt formda ancak performans a\u00e7\u0131s\u0131ndan g\u00fc\u00e7l\u00fc,\u00a0<strong>Santrif\u00fcj \u00e7ark<\/strong>\u00a0Tasar\u0131m, tutarl\u0131 performans gerektiren kanall\u0131 uygulamalar i\u00e7in ideal olan y\u00fcksek bas\u0131n\u00e7 ve uzun mesafeli hava ak\u0131\u015f\u0131 sa\u011flar. 100 mm ila 315\u202fm ila 315\u202fml'den 315\u202fa kadar \u00e7oklu boyutlar\u0131 ile, ba\u011f\u0131ms\u0131z bir birim olarak veya daha y\u00fcksek hava hacmi i\u00e7in di\u011fer fanlarla birlikte kullan\u0131ls\u0131n kolayca entegre olur.<\/p>\n<p>G\u00fcvenilir, enerji verimli ve \u00e7al\u0131\u015fmada sessiz, metal yuvarlak merkezka\u00e7 sat\u0131r i\u00e7i fan a\u015f\u0131r\u0131 vaat etmez\u2014sadece sabit hava ak\u0131\u015f\u0131 sa\u011flar, tam olarak ihtiya\u00e7 duyulan yerde.<\/p>\n<\/div>\n<hr \/>\n<p>Boyutlar (birim: mm):<\/p>\n<div class=\"scroll-table-wrapper\">\n<div class=\"scroll-table\">\n<table id=\"tablepress-36\" class=\"tablepress tablepress-id-36\">\n<thead>\n<tr class=\"row-1\">\n\t<th class=\"column-1\">model<\/th><th class=\"column-2\">a<\/th><th class=\"column-3\">b<\/th><th class=\"column-4\">c<\/th><th class=\"column-5\">ed<\/th>\n<\/tr>\n<\/thead>\n<tbody class=\"row-striping row-hover\">\n<tr class=\"row-2\">\n\t<td class=\"column-1\">DJT10-25B<\/td><td class=\"column-2\">195<\/td><td class=\"column-3\">30<\/td><td class=\"column-4\">237<\/td><td class=\"column-5\">98<\/td>\n<\/tr>\n<tr class=\"row-3\">\n\t<td class=\"column-1\">DJT12-35B<\/td><td class=\"column-2\">196<\/td><td class=\"column-3\">30<\/td><td class=\"column-4\">237<\/td><td class=\"column-5\">123<\/td>\n<\/tr>\n<tr class=\"row-4\">\n\t<td class=\"column-1\">DJT15-45B<\/td><td class=\"column-2\">238<\/td><td class=\"column-3\">30<\/td><td class=\"column-4\">326<\/td><td class=\"column-5\">148<\/td>\n<\/tr>\n<tr class=\"row-5\">\n\t<td class=\"column-1\">DJT16-45B<\/td><td class=\"column-2\">240<\/td><td class=\"column-3\">30<\/td><td class=\"column-4\">326<\/td><td class=\"column-5\">158<\/td>\n<\/tr>\n<tr class=\"row-6\">\n\t<td class=\"column-1\">DJT20-46B<\/td><td class=\"column-2\">224<\/td><td class=\"column-3\">30<\/td><td class=\"column-4\">326<\/td><td class=\"column-5\">198<\/td>\n<\/tr>\n<tr class=\"row-7\">\n\t<td class=\"column-1\">DJT25-66B<\/td><td class=\"column-2\">224<\/td><td class=\"column-3\">30<\/td><td class=\"column-4\">326<\/td><td class=\"column-5\">248<\/td>\n<\/tr>\n<tr class=\"row-8\">\n\t<td class=\"column-1\">djt31 -66b<\/td><td class=\"column-2\">240<\/td><td class=\"column-3\">30<\/td><td class=\"column-4\">396<\/td><td class=\"column-5\">313<\/td>\n<\/tr>\n<\/tbody>\n<\/table>\n<!-- #tablepress-36 from cache --><\/div>\n<\/div>\n<div><\/div>\n<div class=\"woocb\"><a class=\"wocb\" href=\"http:\/\/www.beiaole.com\/wp-content\/uploads\/2025\/08\/d3.7.1.pdf\" target=\"_blank\" rel=\"noopener\">\u015fekil<\/a><\/div>\n<div><\/div>\n<p><img loading=\"lazy\" decoding=\"async\" class=\"aligncenter wp-image-16614 size-large\" src=\"http:\/\/www.beiaole.com\/wp-content\/uploads\/2025\/08\/s3.7-1024x965.png\" alt=\"Metal Round Centrifugal Inline Fan-size\" width=\"1024\" height=\"965\" data-no-translation=\"\" \/><br \/>\nPerformans:<\/p>\n<div class=\"scroll-table-wrapper\">\n<div class=\"scroll-table\">\n<table id=\"tablepress-37\" class=\"tablepress tablepress-id-37\">\n<thead>\n<tr class=\"row-1\">\n\t<th class=\"column-1\">model<\/th><th class=\"column-2\">voltaj(v)<\/th><th class=\"column-3\">frekans (Hz)<\/th><th class=\"column-4\">Hava ak\u0131\u015f\u0131 (m\u00b3\/saat)<\/th><th class=\"column-5\">g\u00fc\u00e7(w)<\/th><th class=\"column-6\">Statik Bas\u0131n\u00e7 (PA)<\/th><th class=\"column-7\">G\u00fcr\u00fclt\u00fc(dB)<\/th><th class=\"column-8\">Kanal Boyutu (mm)<\/th><th class=\"column-9\">Uygulama alan\u0131(m\u00b2)<\/th><th class=\"column-10\">Ambalaj boyutu (cm)<\/th><th class=\"column-11\">Ambalaj a\u011f\u0131rl\u0131\u011f\u0131 (kg)<\/th>\n<\/tr>\n<\/thead>\n<tbody class=\"row-striping row-hover\">\n<tr class=\"row-2\">\n\t<td class=\"column-1\">DJT10-25B<\/td><td class=\"column-2\">220~240<\/td><td class=\"column-3\">50<\/td><td class=\"column-4\">300<\/td><td class=\"column-5\">61<\/td><td class=\"column-6\">377<\/td><td class=\"column-7\">62<\/td><td class=\"column-8\">\u00d8100<\/td><td class=\"column-9\">12-16<\/td><td class=\"column-10\">31*31*25<\/td><td class=\"column-11\">3.5<\/td>\n<\/tr>\n<tr class=\"row-3\">\n\t<td class=\"column-1\">DJT12-35B<\/td><td class=\"column-2\">220~240<\/td><td class=\"column-3\">50<\/td><td class=\"column-4\">385<\/td><td class=\"column-5\">62<\/td><td class=\"column-6\">339<\/td><td class=\"column-7\">61<\/td><td class=\"column-8\">\u00d8125<\/td><td class=\"column-9\">16-21<\/td><td class=\"column-10\">31*31*25<\/td><td class=\"column-11\">3.5<\/td>\n<\/tr>\n<tr class=\"row-4\">\n\t<td class=\"column-1\">DJT15-45B<\/td><td class=\"column-2\">220~240<\/td><td class=\"column-3\">50<\/td><td class=\"column-4\">700<\/td><td class=\"column-5\">88<\/td><td class=\"column-6\">399<\/td><td class=\"column-7\">66<\/td><td class=\"column-8\">\u00d8150<\/td><td class=\"column-9\">29-38<\/td><td class=\"column-10\">40*40*29<\/td><td class=\"column-11\">5<\/td>\n<\/tr>\n<tr class=\"row-5\">\n\t<td class=\"column-1\">DJT16-45B<\/td><td class=\"column-2\">220~240<\/td><td class=\"column-3\">50<\/td><td class=\"column-4\">760<\/td><td class=\"column-5\">91<\/td><td class=\"column-6\">352<\/td><td class=\"column-7\">67<\/td><td class=\"column-8\">\u00d8160<\/td><td class=\"column-9\">31-42<\/td><td class=\"column-10\">40*40*29<\/td><td class=\"column-11\">5<\/td>\n<\/tr>\n<tr class=\"row-6\">\n\t<td class=\"column-1\">DJT20-46B<\/td><td class=\"column-2\">220~240<\/td><td class=\"column-3\">50<\/td><td class=\"column-4\">1165<\/td><td class=\"column-5\">168<\/td><td class=\"column-6\">594<\/td><td class=\"column-7\">70<\/td><td class=\"column-8\">\u00d8200<\/td><td class=\"column-9\">48-64<\/td><td class=\"column-10\">40*40*29<\/td><td class=\"column-11\">5.8<\/td>\n<\/tr>\n<tr class=\"row-7\">\n\t<td class=\"column-1\">DJT25-66B<\/td><td class=\"column-2\">220~240<\/td><td class=\"column-3\">50<\/td><td class=\"column-4\">1255<\/td><td class=\"column-5\">185<\/td><td class=\"column-6\">596<\/td><td class=\"column-7\">70<\/td><td class=\"column-8\">\u00d8250<\/td><td class=\"column-9\">52-69<\/td><td class=\"column-10\">40*40*29<\/td><td class=\"column-11\">5.9<\/td>\n<\/tr>\n<tr class=\"row-8\">\n\t<td class=\"column-1\">djt31 -66b<\/td><td class=\"column-2\">220~240<\/td><td class=\"column-3\">50<\/td><td class=\"column-4\">1740<\/td><td class=\"column-5\">223<\/td><td class=\"column-6\">720<\/td><td class=\"column-7\">76<\/td><td class=\"column-8\">\u00d8315<\/td><td class=\"column-9\">72-96<\/td><td class=\"column-10\">46*43.5*32<\/td><td class=\"column-11\">7<\/td>\n<\/tr>\n<\/tbody>\n<\/table>\n<!-- #tablepress-37 from cache --><\/div>\n<\/div>\n<div><\/div>\n<div class=\"woocb\"><a class=\"wocb\" href=\"http:\/\/www.beiaole.com\/wp-content\/uploads\/2025\/08\/d3.7.2.pdf\" target=\"_blank\" rel=\"noopener\">\u015fekil<\/a><\/div>\n<div><\/div>\n<p><img loading=\"lazy\" decoding=\"async\" class=\"aligncenter wp-image-17276 size-large\" src=\"http:\/\/www.beiaole.com\/wp-content\/uploads\/2025\/08\/x3.7.1-1024x222.jpg\" alt=\"Metal Round Centrifugal Inline Fan-q1\" width=\"1024\" height=\"222\" data-no-translation=\"\" \/><br \/>\n<img loading=\"lazy\" decoding=\"async\" class=\"aligncenter wp-image-17277 size-large\" src=\"http:\/\/www.beiaole.com\/wp-content\/uploads\/2025\/08\/x3.7.2-1024x215.jpg\" alt=\"Metal Round Centrifugal Inline Fan-q2\" width=\"1024\" height=\"215\" data-no-translation=\"\" \/><\/p>","protected":false},"excerpt":{"rendered":"<ul>\n<li>\n<h2>Dayan\u0131kl\u0131\u202fT\u00fcm metal yap\u0131:<\/h2>\n<p>Uzun vadeli sanayi kullan\u0131m\u0131 i\u00e7in a\u011f\u0131r hizmet \u00e7elik konut konutu pas ve deformasyona kar\u015f\u0131 diren\u00e7 g\u00f6sterir.<\/li>\n<li>\n<h2>Enerji tasarruflu bak\u0131r motor:<\/h2>\n<p>Y\u00fcksek verimlilik motorlu motor, rulmanlarla \u00e7al\u0131\u015f\u0131r, sessizce \u00e7al\u0131\u015f\u0131r ve g\u00fcc\u00fc azalt\u0131r.<\/li>\n<li>\n<h2>Santrif\u00fcj hava ak\u0131\u015f\u0131 sistemi:<\/h2>\n<p>G\u00fc\u00e7l\u00fc statik bas\u0131n\u00e7(377\u2013720Pa)\u202fEfektli hava teslimat\u0131 Uzun kanallar arac\u0131l\u0131\u011f\u0131yla.<\/li>\n<li>\n<h2>Sessiz performans:<\/h2>\n<p>D\u00fc\u015f\u00fck g\u00fcr\u00fclt\u00fc \u00e7\u0131k\u0131\u015f (61\u201376DB) dengeleri, \u00e7al\u0131\u015fma veya ikamet alanlar\u0131n\u0131n akustik rahatl\u0131\u011f\u0131 ile g\u00fc\u00e7.<\/li>\n<li>\n<h2>Kararl\u0131 i\u015flem:<\/h2>\n<p>\u202fAms\u0131z Kabuk ve Dengeli \u00c7ark, Rezonans\u0131 Minimize Edin ve Motor Ya\u015fam\u0131n\u0131 Uzat\u0131n.<\/li>\n<li>\n<h2>Kompakt boyut,\u202fY\u00fcksek \u00e7\u0131k\u0131\u015f:<\/h2>\n<p>Hava ak\u0131\u015f\u0131 aral\u0131\u011f\u0131 300'den 1,740m\u00b3\/H'ye kadar k\u00fc\u00e7\u00fck odalar\u0131 kapsay\u0131c\u0131ya kadar k\u00fc\u00e7\u00fck odalar\u0131 kapsar.<\/li>\n<li>\n<h2>Esnek Entegrasyon:<\/h2>\n<p>Mevcut in\u202fDuduSable \u202fAbluea\u202fSade\u202fSayfa 100\u202f\u00d8100\u2013\u00d8315mm\u202fAsA\u202fAsA\u202fAsla\u202fSayfaDiziSistem G\u00fc\u00e7lendirir.<\/li>\n<li>\n<h2>Kolay kurulum ve bak\u0131m:<\/h2>\n<p>Temizlik ve denetleme i\u00e7in basit montaj ve eri\u015filebilir konut.<\/li>\n<\/ul>\n<hr \/>","protected":false},"featured_media":4764,"comment_status":"open","ping_status":"closed","template":"","meta":{"_acf_changed":false},"product_brand":[],"product_cat":[27],"product_tag":[],"class_list":{"0":"post-4743","1":"product","2":"type-product","3":"status-publish","4":"has-post-thumbnail","6":"product_cat-inline-duct-fan","8":"first","9":"instock","10":"taxable","11":"shipping-taxable","12":"purchasable","13":"product-type-variable","14":"has-default-attributes"},"acf":[],"_links":{"self":[{"href":"https:\/\/www.ecvents.com\/tr\/wp-json\/wp\/v2\/product\/4743","targetHints":{"allow":["GET"]}}],"collection":[{"href":"https:\/\/www.ecvents.com\/tr\/wp-json\/wp\/v2\/product"}],"about":[{"href":"https:\/\/www.ecvents.com\/tr\/wp-json\/wp\/v2\/types\/product"}],"replies":[{"embeddable":true,"href":"https:\/\/www.ecvents.com\/tr\/wp-json\/wp\/v2\/comments?post=4743"}],"wp:featuredmedia":[{"embeddable":true,"href":"https:\/\/www.ecvents.com\/tr\/wp-json\/wp\/v2\/media\/4764"}],"wp:attachment":[{"href":"https:\/\/www.ecvents.com\/tr\/wp-json\/wp\/v2\/media?parent=4743"}],"wp:term":[{"taxonomy":"product_brand","embeddable":true,"href":"https:\/\/www.ecvents.com\/tr\/wp-json\/wp\/v2\/product_brand?post=4743"},{"taxonomy":"product_cat","embeddable":true,"href":"https:\/\/www.ecvents.com\/tr\/wp-json\/wp\/v2\/product_cat?post=4743"},{"taxonomy":"product_tag","embeddable":true,"href":"https:\/\/www.ecvents.com\/tr\/wp-json\/wp\/v2\/product_tag?post=4743"}],"curies":[{"name":"zamk","href":"https:\/\/api.w.org\/{rel}","templated":true}]}}