{"id":4744,"date":"2026-03-19T06:04:08","date_gmt":"2026-03-19T11:04:08","guid":{"rendered":"https:\/\/www.ecvents.com\/?post_type=product&#038;p=4744"},"modified":"2026-03-19T06:04:31","modified_gmt":"2026-03-19T11:04:31","slug":"karisik-akisli-sirali-fan","status":"publish","type":"product","link":"https:\/\/www.ecvents.com\/tr\/product\/karisik-akisli-sirali-fan\/","title":{"rendered":"Kar\u0131\u015f\u0131k ak\u0131\u015fl\u0131 s\u0131ral\u0131 fan"},"content":{"rendered":"<div class=\"someee\">\n<h2><strong>g\u00fc\u00e7l\u00fc ak\u0131\u015f. sessiz istikrar. S\u00fcrekli hava hareketi i\u00e7in \u00fcretilmi\u015ftir.<\/strong><\/h2>\n<p>bira\u00a0<strong>Kar\u0131\u015f\u0131k Ak\u0131\u015f<\/strong>\u00a0Bir kez kurdu\u011funuz ve bir daha d\u00fc\u015f\u00fcnmedi\u011finiz t\u00fcrden bir ekipmand\u0131r - s\u0131radan oldu\u011fu i\u00e7in de\u011fil, sadece \u00e7al\u0131\u015ft\u0131\u011f\u0131 i\u00e7in. G\u00fcnden g\u00fcne, uzun kanallar boyunca havan\u0131n sessiz ve verimli bir \u015fekilde dola\u015fmas\u0131n\u0131 sa\u011flar ve ihtiya\u00e7 duyulan her yerde dengeli havaland\u0131rma sa\u011flar.<\/p>\n<p>\u00f6z\u00fcnde bir\u00a0<strong>T\u00fcm bak\u0131r \u202fEnerji-Tasarruflu\u202fMotor<\/strong>\u00a0-li\u00a0<strong>Y\u00fcksek kaliteli \u202fBiller<\/strong>, y\u0131llarca s\u00fcrekli \u00e7al\u0131\u015fma boyunca sorunsuz, sessiz g\u00fcvenilirlik i\u00e7in tasarlanm\u0131\u015ft\u0131r. Entegre motor muhafazas\u0131 ve hava kanal\u0131 yap\u0131s\u0131, havan\u0131n t\u00fcrb\u00fclans, titre\u015fim veya ekstra g\u00fcr\u00fclt\u00fc olmadan sorunsuz bir \u015fekilde hareket etmesini sa\u011flar; bu sayede uzun mesafelerde bile tutarl\u0131 bas\u0131n\u00e7 ve g\u00fc\u00e7l\u00fc ak\u0131\u015f sa\u011flar.<\/p>\n<p>Dayan\u0131kl\u0131l\u0131k i\u00e7in in\u015fa edilmi\u015f,\u00a0<strong>T\u00fcm metal g\u00f6vde<\/strong>\u00a0Zorlu ko\u015fullarda bile sert ve paslanmadan koruyan hassas haz\u0131rlanm\u0131\u015f \u00e7elikten \u00fcretilmi\u015ftir. bira\u00a0<strong>Kompakt Karma \u2011Ak\u0131\u015f Tasar\u0131m\u0131<\/strong>\u00a0Eksenel ve santrif\u00fcj hava ak\u0131\u015f\u0131n\u0131n g\u00fc\u00e7l\u00fc y\u00f6nlerini birle\u015ftirir: y\u00fcksek bas\u0131n\u00e7, uzun mesafeli da\u011f\u0131t\u0131m ve d\u00fc\u015f\u00fck g\u00fcr\u00fclt\u00fc, tek bir aerodinamik formda.<\/p>\n<p>Kullan\u0131m ve kurulumda esnek olan MixedFlow\u202fInline\u202fFan, evlerden ofislerden yeti\u015ftirme odalar\u0131na, at\u00f6lyelere ve end\u00fcstriyel sistemlere kadar her \u015feye uyar. Birden fazla model boyutu, kanal konfig\u00fcrasyonunuz i\u00e7in m\u00fckemmel e\u015fle\u015fmeyi bulman\u0131z\u0131 veya daha fazla eri\u015fim ve performans i\u00e7in birimleri birle\u015ftirmenizi sa\u011flar.<\/p>\n<p>G\u00fcvenilir, sessiz ve verimli olan bu fan, havan\u0131z\u0131 temiz, sistemlerinizi verimli ve tela\u015f veya bak\u0131m gerektirmeden dengeli bir \u015fekilde \u00e7evrenizi temiz tutar.<\/p>\n<\/div>\n<hr \/>\n<p>Boyutlar (birim: mm):<\/p>\n<div class=\"scroll-table-wrapper\">\n<div class=\"scroll-table\">\n<table id=\"tablepress-48\" class=\"tablepress tablepress-id-48\">\n<thead>\n<tr class=\"row-1\">\n\t<th class=\"column-1\">model<\/th><th class=\"column-2\">L<\/th><th class=\"column-3\">W<\/th><th class=\"column-4\">H<\/th><th class=\"column-5\">E<\/th>\n<\/tr>\n<\/thead>\n<tbody class=\"row-striping row-hover\">\n<tr class=\"row-2\">\n\t<td class=\"column-1\">DPT-100P<\/td><td class=\"column-2\">257<\/td><td class=\"column-3\">180<\/td><td class=\"column-4\">215<\/td><td class=\"column-5\">99<\/td>\n<\/tr>\n<tr class=\"row-3\">\n\t<td class=\"column-1\">DPT-150P<\/td><td class=\"column-2\">302<\/td><td class=\"column-3\">210<\/td><td class=\"column-4\">245<\/td><td class=\"column-5\">148<\/td>\n<\/tr>\n<tr class=\"row-4\">\n\t<td class=\"column-1\">DPT-200P<\/td><td class=\"column-2\">302<\/td><td class=\"column-3\">230<\/td><td class=\"column-4\">270<\/td><td class=\"column-5\">198<\/td>\n<\/tr>\n<tr class=\"row-5\">\n\t<td class=\"column-1\">DPT-250P<\/td><td class=\"column-2\">390<\/td><td class=\"column-3\">280<\/td><td class=\"column-4\">310<\/td><td class=\"column-5\">248<\/td>\n<\/tr>\n<tr class=\"row-6\">\n\t<td class=\"column-1\">DPT-315P<\/td><td class=\"column-2\">450<\/td><td class=\"column-3\">320<\/td><td class=\"column-4\">413<\/td><td class=\"column-5\">313<\/td>\n<\/tr>\n<\/tbody>\n<\/table>\n<!-- #tablepress-48 from cache --><\/div>\n<\/div>\n<div><\/div>\n<div class=\"woocb\"><a class=\"wocb\" href=\"http:\/\/www.beiaole.com\/wp-content\/uploads\/2025\/09\/d3.13.1.pdf\" target=\"_blank\" rel=\"noopener\">\u015fekil<\/a><\/div>\n<div><\/div>\n<p>&nbsp;<\/p>\n<p>Performans:<\/p>\n<div class=\"scroll-table-wrapper\">\n<div class=\"scroll-table\">\n<table id=\"tablepress-49\" class=\"tablepress tablepress-id-49 tbody-has-connected-cells\">\n<thead>\n<tr class=\"row-1\">\n\t<th class=\"column-1\">model<\/th><th class=\"column-2\">voltaj(v)<\/th><th class=\"column-3\">frekans (Hz)<\/th><th class=\"column-4\">vites de\u011fi\u015ftirmek<\/th><th class=\"column-5\">g\u00fc\u00e7(w)<\/th><th class=\"column-6\">Hava ak\u0131\u015f\u0131 (m\u00b3\/saat)<\/th><th class=\"column-7\">Statik Bas\u0131n\u00e7 (PA)<\/th><th class=\"column-8\">h\u0131z (rpm)<\/th><th class=\"column-9\">G\u00fcr\u00fclt\u00fc(dB)<\/th><th class=\"column-10\">N.W(kg)<\/th><th class=\"column-11\">Kanal Boyutu (mm)<\/th><th class=\"column-12\">Kutu\/par\u00e7a<\/th>\n<\/tr>\n<\/thead>\n<tbody class=\"row-striping row-hover\">\n<tr class=\"row-2\">\n\t<td rowspan=\"2\" class=\"column-1\">DPT-100P<\/td><td rowspan=\"2\" class=\"column-2\">220<\/td><td rowspan=\"2\" class=\"column-3\">50<\/td><td class=\"column-4\">y\u00fcksek<\/td><td class=\"column-5\">40<\/td><td class=\"column-6\">204<\/td><td class=\"column-7\">132<\/td><td class=\"column-8\">2400<\/td><td class=\"column-9\">31<\/td><td rowspan=\"2\" class=\"column-10\">1.55<\/td><td rowspan=\"2\" class=\"column-11\">100<\/td><td rowspan=\"2\" class=\"column-12\">6<\/td>\n<\/tr>\n<tr class=\"row-3\">\n\t<td class=\"column-4\">al\u00e7akg\u00f6n<\/td><td class=\"column-5\">30<\/td><td class=\"column-6\">160<\/td><td class=\"column-7\">106<\/td><td class=\"column-8\">1950<\/td><td class=\"column-9\">26<\/td>\n<\/tr>\n<tr class=\"row-4\">\n\t<td rowspan=\"2\" class=\"column-1\">DPT-150P<\/td><td rowspan=\"2\" class=\"column-2\">220<\/td><td rowspan=\"2\" class=\"column-3\">50<\/td><td class=\"column-4\">y\u00fcksek<\/td><td class=\"column-5\">60<\/td><td class=\"column-6\">450<\/td><td class=\"column-7\">280<\/td><td class=\"column-8\">2590<\/td><td class=\"column-9\">33<\/td><td rowspan=\"2\" class=\"column-10\">2.5<\/td><td rowspan=\"2\" class=\"column-11\">150<\/td><td rowspan=\"2\" class=\"column-12\">6<\/td>\n<\/tr>\n<tr class=\"row-5\">\n\t<td class=\"column-4\">al\u00e7akg\u00f6n<\/td><td class=\"column-5\">48<\/td><td class=\"column-6\">360<\/td><td class=\"column-7\">240<\/td><td class=\"column-8\">1950<\/td><td class=\"column-9\">29<\/td>\n<\/tr>\n<tr class=\"row-6\">\n\t<td rowspan=\"2\" class=\"column-1\">DPT-200P<\/td><td rowspan=\"2\" class=\"column-2\">220<\/td><td rowspan=\"2\" class=\"column-3\">50<\/td><td class=\"column-4\">y\u00fcksek<\/td><td class=\"column-5\">145<\/td><td class=\"column-6\">840<\/td><td class=\"column-7\">350<\/td><td class=\"column-8\">2490<\/td><td class=\"column-9\">63<\/td><td rowspan=\"2\" class=\"column-10\">3.1<\/td><td rowspan=\"2\" class=\"column-11\">200<\/td><td rowspan=\"2\" class=\"column-12\">6<\/td>\n<\/tr>\n<tr class=\"row-7\">\n\t<td class=\"column-4\">al\u00e7akg\u00f6n<\/td><td class=\"column-5\">125<\/td><td class=\"column-6\">690<\/td><td class=\"column-7\">270<\/td><td class=\"column-8\">1980<\/td><td class=\"column-9\">55<\/td>\n<\/tr>\n<tr class=\"row-8\">\n\t<td class=\"column-1\">DPT-250P<\/td><td class=\"column-2\">220<\/td><td class=\"column-3\">50<\/td><td class=\"column-4\">\/<\/td><td class=\"column-5\">230<\/td><td class=\"column-6\">1400<\/td><td class=\"column-7\">489<\/td><td class=\"column-8\">2450<\/td><td class=\"column-9\">66<\/td><td class=\"column-10\">7.5<\/td><td class=\"column-11\">250<\/td><td class=\"column-12\">1<\/td>\n<\/tr>\n<tr class=\"row-9\">\n\t<td class=\"column-1\">DPT-315P<\/td><td class=\"column-2\">220<\/td><td class=\"column-3\">50<\/td><td class=\"column-4\">\/<\/td><td class=\"column-5\">360<\/td><td class=\"column-6\">2200<\/td><td class=\"column-7\">690<\/td><td class=\"column-8\">2350<\/td><td class=\"column-9\">69<\/td><td class=\"column-10\">10.4<\/td><td class=\"column-11\">315<\/td><td class=\"column-12\">1<\/td>\n<\/tr>\n<\/tbody>\n<\/table>\n<!-- #tablepress-49 from cache --><\/div>\n<\/div>\n<div><\/div>\n<div class=\"woocb\"><a class=\"wocb\" href=\"http:\/\/www.beiaole.com\/wp-content\/uploads\/2025\/09\/d3.13.2.pdf\" target=\"_blank\" rel=\"noopener\">\u015fekil<\/a><\/div>\n<div><\/div>\n<p><img loading=\"lazy\" decoding=\"async\" class=\"aligncenter wp-image-17281 size-large\" src=\"http:\/\/www.beiaole.com\/wp-content\/uploads\/2025\/08\/x3.13-1024x948.jpg\" alt=\"Mixed Flow Inline Fan-q1\" width=\"1024\" height=\"948\" data-no-translation=\"\" \/><\/p>","protected":false},"excerpt":{"rendered":"<ul>\n<li>\n<h2>Kar\u0131\u015f\u0131k ak\u0131\u015f teknolojisi:<\/h2>\n<p>Birlik, hem y\u00fcksek bas\u0131n\u00e7 hem de uzun hava ak\u0131\u015f\u0131 uzakl\u0131\u011f\u0131 sa\u011flamak i\u00e7in eksenel ve merkezka\u00e7 tasar\u0131mlar.<\/li>\n<li>\n<h2>Enerji tasarrufu sa\u011flayan motor:<\/h2>\n<p>T\u00fcm bak\u0131r, hassasl\u0131k ile rulmanlar, y\u0131llarca kullan\u0131m i\u00e7in d\u00fczg\u00fcn, d\u00fc\u015f\u00fck g\u00fcr\u00fclt\u00fcl\u00fc performans sa\u011flar.<\/li>\n<li>\n<h2>T\u00fcm metal-in\u015faat:<\/h2>\n<p>A\u011f\u0131r hizmet \u00e7elik Shell, korozyona ve deformasyona kar\u015f\u0131 koyar, sanayici ve konutsal ortamlara uygundur.<\/li>\n<li>\n<h2>G\u00fc\u00e7l\u00fc hava ak\u0131\u015f\u0131:<\/h2>\n<p>204'ten 2,200m\u00b3\/h ve statik bas\u0131n\u00e7 yukar\u0131ya 690'a kadar 690'a kadar ola\u011fan\u00fcst\u00fc kapsama alan\u0131 sa\u011flar.<\/li>\n<li>\n<h2>Sessiz i\u015flem:<\/h2>\n<p>Dengeli \u00e7ark tasar\u0131m\u0131, 26\u201369DB'ye ba\u011fl\u0131 olarak g\u00fcr\u00fclt\u00fcy\u00fc d\u00fc\u015f\u00fck olarak d\u00fc\u015f\u00fck tutar. Modele ve h\u0131za ba\u011fl\u0131 olarak.<\/li>\n<li>\n<h2>Kompakt ve g\u00fcvenilir:<\/h2>\n<p>Entegre motor, itici, ve kanal sistemi istikrar\u0131 korur ve bas\u0131n\u00e7 kayb\u0131n\u0131 azalt\u0131r.<\/li>\n<li>\n<h2>Esnek\u202fKurulumu:<\/h2>\n<p>100'den 315'e kadar olan, evler, alanlar, ve sanayi havaland\u0131rmas\u0131 i\u00e7in kullan\u0131labilir.<\/li>\n<li>\n<h2>D\u00fc\u015f\u00fck bak\u0131m:<\/h2>\n<p>H\u0131zl\u0131 bir kurulum i\u00e7in d\u00fczene dayal\u0131 yap\u0131 ve kolay temizlik, a\u015f\u0131r\u0131 uzun hizmet.<\/li>\n<\/ul>\n<hr \/>","protected":false},"featured_media":4765,"comment_status":"open","ping_status":"closed","template":"","meta":{"_acf_changed":false},"product_brand":[],"product_cat":[27],"product_tag":[],"class_list":{"0":"post-4744","1":"product","2":"type-product","3":"status-publish","4":"has-post-thumbnail","6":"product_cat-inline-duct-fan","8":"first","9":"instock","10":"taxable","11":"shipping-taxable","12":"purchasable","13":"product-type-variable","14":"has-default-attributes"},"acf":[],"_links":{"self":[{"href":"https:\/\/www.ecvents.com\/tr\/wp-json\/wp\/v2\/product\/4744","targetHints":{"allow":["GET"]}}],"collection":[{"href":"https:\/\/www.ecvents.com\/tr\/wp-json\/wp\/v2\/product"}],"about":[{"href":"https:\/\/www.ecvents.com\/tr\/wp-json\/wp\/v2\/types\/product"}],"replies":[{"embeddable":true,"href":"https:\/\/www.ecvents.com\/tr\/wp-json\/wp\/v2\/comments?post=4744"}],"wp:featuredmedia":[{"embeddable":true,"href":"https:\/\/www.ecvents.com\/tr\/wp-json\/wp\/v2\/media\/4765"}],"wp:attachment":[{"href":"https:\/\/www.ecvents.com\/tr\/wp-json\/wp\/v2\/media?parent=4744"}],"wp:term":[{"taxonomy":"product_brand","embeddable":true,"href":"https:\/\/www.ecvents.com\/tr\/wp-json\/wp\/v2\/product_brand?post=4744"},{"taxonomy":"product_cat","embeddable":true,"href":"https:\/\/www.ecvents.com\/tr\/wp-json\/wp\/v2\/product_cat?post=4744"},{"taxonomy":"product_tag","embeddable":true,"href":"https:\/\/www.ecvents.com\/tr\/wp-json\/wp\/v2\/product_tag?post=4744"}],"curies":[{"name":"zamk","href":"https:\/\/api.w.org\/{rel}","templated":true}]}}