{"id":4757,"date":"2026-03-19T06:04:09","date_gmt":"2026-03-19T11:04:09","guid":{"rendered":"https:\/\/www.ecvents.com\/?post_type=product&#038;p=4757"},"modified":"2026-03-19T06:04:59","modified_gmt":"2026-03-19T11:04:59","slug":"oda-ici-fan-yetistirme-odasi","status":"publish","type":"product","link":"https:\/\/www.ecvents.com\/tr\/product\/oda-ici-fan-yetistirme-odasi\/","title":{"rendered":"Oda i\u00e7i fan yeti\u015ftirme odas\u0131"},"content":{"rendered":"<div class=\"someee\">\n<h2><strong>Ak\u0131ll\u0131 hava ak\u0131\u015f\u0131. sessiz g\u00fc\u00e7. Hassas kontrol i\u00e7in \u00fcretilmi\u015ftir.<\/strong><\/h2>\n<p>bira\u00a0<strong>Grow\u202fOda\u202fSat\u0131rl\u0131k-Fan<\/strong>\u00a0m\u00fckemmel hava ak\u0131\u015f\u0131n\u0131n sadece hareketle ilgili olmad\u0131\u011f\u0131n\u0131, ayn\u0131 zamanda denge ile ilgili oldu\u011funu anlayan yeti\u015ftiriciler i\u00e7in tasarlanm\u0131\u015ft\u0131r. Sessiz, tutarl\u0131 ve verimli, b\u00fcy\u00fcme ortam\u0131n\u0131z\u0131 sabit tutar\u2014 Enerji ve alan\u0131 korurken verimleri korur.<\/p>\n<p>Sistemin merkezinde bir hassasiyet\u00a0<strong>DC\u202fDe\u011fi\u015fken-Frekans Motoru<\/strong>, 3 fazl\u0131, 6-kutupsuz, geleneksel ac motorlardan daha serin ve daha sessiz \u00e7al\u0131\u015fan f\u0131r\u00e7as\u0131z tasar\u0131m\u00a0<strong>50\u202f%\u202fSu\u00e7lu<\/strong>. taraf\u0131ndan desteklenen\u00a0<strong>NMB\u202f\u00c7ift\u202fBiller<\/strong>, uzun g\u00f6rev d\u00f6ng\u00fclerinde s\u00fcrekli, yorulmayan performans i\u00e7in \u00fcretilmi\u015ftir.<\/p>\n<p>bira\u00a0<strong>T\u00fcm metal g\u00f6vde<\/strong>\u00a0Stabilite, so\u011futma ve elektromanyetik korumay\u0131 geli\u015ftirir. \u0130\u00e7eride, u\u00e7ak s\u00fcper \u015farj cihaz\u0131 tasar\u0131m\u0131ndan ilham alan aerodinamik b\u0131\u00e7aklar, hassas iklim kontrol\u00fc i\u00e7in y\u00fcksek bas\u0131n\u00e7 ve odaklanm\u0131\u015f hava ak\u0131\u015f\u0131 olu\u015fturur. Kaotik de\u011fil, kontroll\u00fc hissettiren g\u00fc\u00e7t\u00fcr.<\/p>\n<p>Bu g\u00fcce ra\u011fmen, b\u00fcy\u00fcme odas\u0131 sat\u0131r i\u00e7i Fan yak\u0131n sessizlikte \u00e7al\u0131\u015f\u0131r. Fan g\u00f6vdesi sar\u0131l\u0131r\u00a0<strong>So\u011fuk haddelenmi\u015f \u00e7elik<\/strong>\u00a0-li\u00a0<strong>Yang\u0131na dayan\u0131kl\u0131 akustik yal\u0131t\u0131m<\/strong>, ve entegre kanal bir\u00a0<strong>Ses emici odac\u0131k<\/strong>. Titre\u015fim \u00f6nleyici ba\u011flant\u0131larla birle\u015fti\u011finde, f\u0131s\u0131lt\u0131-sessiz bir i\u015flem, hatta y\u00fcksek verimlilik sa\u011flar.<\/p>\n<p>entegre\u00a0<strong>Ak\u0131ll\u0131\u202fKontrol\u202fSistem<\/strong>\u00a0Monit\u00f6rler ve kendi kendine ayarlar, fan h\u0131z\u0131n\u0131 sa\u011flar\u00a0<strong>yumu\u015fak ba\u015fl\u0131<\/strong>, ve a\u015f\u0131r\u0131 y\u00fcke, a\u015f\u0131r\u0131 \u0131s\u0131nmaya ve motor kilitlenmeye kar\u015f\u0131 korur. Ayr\u0131ca bir de i\u00e7erir<strong>10\u202fDC\u202fOput<\/strong>PWM veya 10V kontroller, s\u0131cakl\u0131k sens\u00f6rleri, ve otomasyon aray\u00fczleri i\u00e7in. Duvar panelleri ve kablosuz uzaktan kumandalar, profesyonel \u00e7evre d\u00fczenleyiciler gibi geni\u015f bir kontrol\u00f6r yelpazesiyle uyumludur.<\/p>\n<p>IPX4 su ge\u00e7irmez koruma ve tam yal\u0131t\u0131lm\u0131\u015f bir \u00e7elik muhafaza ile, bu havaland\u0131rmadan daha fazlas\u0131d\u0131r\u2014sessiz, ak\u0131ll\u0131 hava y\u00f6netiminden daha fazlas\u0131d\u0131r.<\/p>\n<\/div>\n<hr \/>\n<p>Boyutlar (birim: mm):<\/p>\n<div class=\"scroll-table-wrapper\">\n<div class=\"scroll-table\">\n<table id=\"tablepress-50\" class=\"tablepress tablepress-id-50\">\n<thead>\n<tr class=\"row-1\">\n\t<th class=\"column-1\">model<\/th><th class=\"column-2\">A<\/th><th class=\"column-3\">B<\/th><th class=\"column-4\">C<\/th><th class=\"column-5\">D<\/th><th class=\"column-6\">E<\/th><th class=\"column-7\">F<\/th>\n<\/tr>\n<\/thead>\n<tbody class=\"row-striping row-hover\">\n<tr class=\"row-2\">\n\t<td class=\"column-1\">SE-A150<\/td><td class=\"column-2\">469<\/td><td class=\"column-3\">547<\/td><td class=\"column-4\">148<\/td><td class=\"column-5\">243<\/td><td class=\"column-6\">123<\/td><td class=\"column-7\">4-10<\/td>\n<\/tr>\n<tr class=\"row-3\">\n\t<td class=\"column-1\">SE-A200<\/td><td class=\"column-2\">619<\/td><td class=\"column-3\">699<\/td><td class=\"column-4\">198<\/td><td class=\"column-5\">304<\/td><td class=\"column-6\">174<\/td><td class=\"column-7\">4-10<\/td>\n<\/tr>\n<tr class=\"row-4\">\n\t<td class=\"column-1\">SE-A250<\/td><td class=\"column-2\">769<\/td><td class=\"column-3\">859<\/td><td class=\"column-4\">248<\/td><td class=\"column-5\">353<\/td><td class=\"column-6\">221<\/td><td class=\"column-7\">4-10<\/td>\n<\/tr>\n<tr class=\"row-5\">\n\t<td class=\"column-1\">SE-A315<\/td><td class=\"column-2\">848<\/td><td class=\"column-3\">940<\/td><td class=\"column-4\">313<\/td><td class=\"column-5\">415<\/td><td class=\"column-6\">269<\/td><td class=\"column-7\">4-10<\/td>\n<\/tr>\n<tr class=\"row-6\">\n\t<td class=\"column-1\">SE-A355<\/td><td class=\"column-2\">907<\/td><td class=\"column-3\">1000<\/td><td class=\"column-4\">353<\/td><td class=\"column-5\">453<\/td><td class=\"column-6\">270<\/td><td class=\"column-7\">4-10<\/td>\n<\/tr>\n<\/tbody>\n<\/table>\n<!-- #tablepress-50 from cache --><\/div>\n<\/div>\n<div><\/div>\n<div class=\"woocb\"><a class=\"wocb\" href=\"http:\/\/www.beiaole.com\/wp-content\/uploads\/2025\/08\/d3.14.1.pdf\" target=\"_blank\" rel=\"noopener\">\u015fekil<\/a><\/div>\n<div><\/div>\n<p><img loading=\"lazy\" decoding=\"async\" class=\"aligncenter wp-image-16645 size-large\" src=\"http:\/\/www.beiaole.com\/wp-content\/uploads\/2025\/08\/s3.14-1024x361.png\" alt=\"Grow Room Inline Fan-size\" width=\"1024\" height=\"361\" data-no-translation=\"\" \/><br \/>\nPerformans:<\/p>\n<div class=\"scroll-table-wrapper\">\n<div class=\"scroll-table\">\n<table id=\"tablepress-51\" class=\"tablepress tablepress-id-51 tbody-has-connected-cells\">\n<thead>\n<tr class=\"row-1\">\n\t<th class=\"column-1\">model<\/th><th class=\"column-2\">voltaj(v)<\/th><th class=\"column-3\">frekans (Hz)<\/th><th class=\"column-4\">vites de\u011fi\u015ftirmek<\/th><th class=\"column-5\">h\u0131z (rpm)<\/th><th class=\"column-6\">Hava ak\u0131\u015f\u0131 (m\u00b3\/saat)<\/th><th class=\"column-7\">Statik Bas\u0131n\u00e7 (PA)<\/th><th class=\"column-8\">G\u00fcr\u00fclt\u00fc(dB)<\/th><th class=\"column-9\">Kanal Boyutu (mm)<\/th><th class=\"column-10\">N.W(kg)<\/th><th class=\"column-11\">su ge\u00e7irmezlik derecesi<\/th>\n<\/tr>\n<\/thead>\n<tbody class=\"row-striping row-hover\">\n<tr class=\"row-2\">\n\t<td class=\"column-1\">SE-A150<\/td><td class=\"column-2\">110 ~ 120VAC<br \/>\n220 ~ 240VAC<\/td><td class=\"column-3\">50\/60<\/td><td class=\"column-4\">40<\/td><td class=\"column-5\">5000<\/td><td class=\"column-6\">594<\/td><td class=\"column-7\">500<\/td><td class=\"column-8\">50<\/td><td class=\"column-9\">150\/6 in\u00e7<\/td><td class=\"column-10\">5.0<\/td><td class=\"column-11\">ipx4<\/td>\n<\/tr>\n<tr class=\"row-3\">\n\t<td class=\"column-1\">SE-A200<\/td><td class=\"column-2\">110 ~ 120VAC<br \/>\n220 ~ 240VAC<\/td><td class=\"column-3\">50\/60<\/td><td class=\"column-4\">75<\/td><td class=\"column-5\">3800<\/td><td class=\"column-6\">1205<\/td><td class=\"column-7\">520<\/td><td class=\"column-8\">51<\/td><td class=\"column-9\">200\/8 in\u00e7<\/td><td class=\"column-10\">7.5<\/td><td class=\"column-11\">ipx4<\/td>\n<\/tr>\n<tr class=\"row-4\">\n\t<td class=\"column-1\">SE-A250<\/td><td class=\"column-2\">110 ~ 120VAC<br \/>\n220 ~ 240VAC<\/td><td class=\"column-3\">50\/60<\/td><td class=\"column-4\">150<\/td><td class=\"column-5\">3200<\/td><td class=\"column-6\">1808<\/td><td class=\"column-7\">510<\/td><td class=\"column-8\">55<\/td><td class=\"column-9\">250\/10 in\u00e7<\/td><td class=\"column-10\">13.0<\/td><td class=\"column-11\">ipx4<\/td>\n<\/tr>\n<tr class=\"row-5\">\n\t<td rowspan=\"2\" class=\"column-1\">SE-A315<\/td><td class=\"column-2\">110 ~ 120VAC<\/td><td class=\"column-3\">50\/60<\/td><td class=\"column-4\">260<\/td><td class=\"column-5\">2800<\/td><td class=\"column-6\">2787<\/td><td class=\"column-7\">598<\/td><td class=\"column-8\">60<\/td><td class=\"column-9\">315\/12 in\u00e7<\/td><td class=\"column-10\">21.0<\/td><td class=\"column-11\">ipx4<\/td>\n<\/tr>\n<tr class=\"row-6\">\n\t<td class=\"column-2\">220 ~ 240VAC<\/td><td class=\"column-3\">50\/60<\/td><td class=\"column-4\">320<\/td><td class=\"column-5\">3000<\/td><td class=\"column-6\">2987<\/td><td class=\"column-7\">677<\/td><td class=\"column-8\">62<\/td><td class=\"column-9\">315\/12 in\u00e7<\/td><td class=\"column-10\">21.0<\/td><td class=\"column-11\">ipx4<\/td>\n<\/tr>\n<tr class=\"row-7\">\n\t<td class=\"column-1\">SE-A355<\/td><td class=\"column-2\">110 ~ 120VAC<br \/>\n220 ~ 240VAC<\/td><td class=\"column-3\">50\/60<\/td><td class=\"column-4\">550<\/td><td class=\"column-5\">3000<\/td><td class=\"column-6\">4357<\/td><td class=\"column-7\">716<\/td><td class=\"column-8\">70<\/td><td class=\"column-9\">355\/14 in\u00e7<\/td><td class=\"column-10\">26.3<\/td><td class=\"column-11\">ipx4<\/td>\n<\/tr>\n<\/tbody>\n<\/table>\n<!-- #tablepress-51 from cache --><\/div>\n<\/div>\n<div><\/div>\n<div class=\"woocb\"><a class=\"wocb\" href=\"http:\/\/www.beiaole.com\/wp-content\/uploads\/2025\/08\/d3.14.2.pdf\" target=\"_blank\" rel=\"noopener\">\u015fekil<\/a><\/div>\n<div><\/div>\n<p><img loading=\"lazy\" decoding=\"async\" class=\"aligncenter wp-image-17285 size-large\" src=\"http:\/\/www.beiaole.com\/wp-content\/uploads\/2025\/08\/x3.15-1024x531.png\" alt=\"Grow Room Inline Fan-q1\" width=\"1024\" height=\"531\" data-no-translation=\"\" \/><\/p>","protected":false},"excerpt":{"rendered":"<ul>\n<li>\n<h2>Y\u00fcksek verimlilik f\u0131r\u00e7as\u0131z motor:<\/h2>\n<p>3-faz,6\u2011Pole\u202fDC\u202fDe\u011fi\u015fken frekansl\u0131 motor Minimal \u0131s\u0131 ile 50\u202f%zz enerji kullan\u0131m\u0131.<\/li>\n<li>\n<h2>NMB\u202fDouble\u202fBall rulmanlar:<\/h2>\n<p>\u202fSmooth, d\u00fc\u015f\u00fck s\u00fcrt\u00fcnme i\u015flemi ve uzun vadeli g\u00fcvenilirlik yetersiz s\u00fcrekli kullan\u0131m\u0131.<\/li>\n<li>\n<h2>Aerodinamik B\u0131\u00e7ak Sistemi:<\/h2>\n<p>U\u00e7ak \u2011\u0130lhaml\u0131\u202fPerli \u00e7ark tasar\u0131m\u0131, verimli havaland\u0131rma i\u00e7in odakl\u0131, y\u00fcksek bas\u0131n\u00e7l\u0131 hava ak\u0131\u015f\u0131 yarat\u0131r.<\/li>\n<li>\n<h2>F\u0131s\u0131lt\u0131-sessiz i\u015flem:<\/h2>\n<p>Ate\u015fe dayan\u0131kl\u0131-akustik yal\u0131t\u0131m ve anti-titre\u015fim, g\u00fcr\u00fclt\u00fcy\u00fc azalt\u0131p d\u00fc\u015f\u00fck olarak 50DB'ye indirgemektedir.<\/li>\n<li>\n<h2>Ak\u0131ll\u0131 h\u0131z kontrol\u00fc:<\/h2>\n<p>\u202fSmart\u202fSmart\u202fController ile yumu\u015fak ba\u015flang\u0131\u00e7,pwm,ve 0\u201310v sinyal uyumlulu\u011fu ile yerle\u015fik.<\/li>\n<li>\n<h2>Otomasyon\u202fHaz\u0131r:<\/h2>\n<p>S\u0131cakl\u0131k ve nemlilik sens\u00f6rlerini, duvar kontrol panellerini, dijital d\u00fczenleyicileri, ve ak\u0131ll\u0131 uygulamalar Xiaoheihe(siyah kutu) gibi.<\/li>\n<li>\n<h2>Sa\u011flam\u2011All\u2011Metal\u202fBuild:<\/h2>\n<p>So\u011fuk haddelenmi\u015f \u00e7elik konut, IPX4 suya dayan\u0131kl\u0131l\u0131k ve dayan\u0131kl\u0131l\u0131k i\u00e7in dayan\u0131kl\u0131l\u0131k yetersiz sert ko\u015fullar.<\/li>\n<li>\n<h2>G\u00fc\u00e7l\u00fc hava teslimat\u0131:<\/h2>\n<p>594\u202fm\u00b3\/H\u202f\u202fAximumCoverage i\u00e7in 594m\u00b3\/H\u202f\u202fAirflow\u202fAnd statik bas\u0131n\u00e7 yukar\u0131ya\u202f594m\u00b3\/H\u202f4,357m\u00b3\/H ve statik bas\u0131n\u00e7 yukar\u0131ya\u202f\u202fAximumCoverage.<\/li>\n<li>\n<h2>Kapsaml\u0131 koruma:<\/h2>\n<p>\u202fAnd\u0131rma, a\u015f\u0131r\u0131 \u0131s\u0131nma ve motor kilidine kar\u015f\u0131 korumalar, m\u00fckemmel performans\u0131n korunmas\u0131.<\/li>\n<\/ul>\n<hr \/>","protected":false},"featured_media":4791,"comment_status":"open","ping_status":"closed","template":"","meta":{"_acf_changed":false},"product_brand":[],"product_cat":[27],"product_tag":[],"class_list":{"0":"post-4757","1":"product","2":"type-product","3":"status-publish","4":"has-post-thumbnail","6":"product_cat-inline-duct-fan","8":"first","9":"instock","10":"taxable","11":"shipping-taxable","12":"purchasable","13":"product-type-variable","14":"has-default-attributes"},"acf":[],"_links":{"self":[{"href":"https:\/\/www.ecvents.com\/tr\/wp-json\/wp\/v2\/product\/4757","targetHints":{"allow":["GET"]}}],"collection":[{"href":"https:\/\/www.ecvents.com\/tr\/wp-json\/wp\/v2\/product"}],"about":[{"href":"https:\/\/www.ecvents.com\/tr\/wp-json\/wp\/v2\/types\/product"}],"replies":[{"embeddable":true,"href":"https:\/\/www.ecvents.com\/tr\/wp-json\/wp\/v2\/comments?post=4757"}],"wp:featuredmedia":[{"embeddable":true,"href":"https:\/\/www.ecvents.com\/tr\/wp-json\/wp\/v2\/media\/4791"}],"wp:attachment":[{"href":"https:\/\/www.ecvents.com\/tr\/wp-json\/wp\/v2\/media?parent=4757"}],"wp:term":[{"taxonomy":"product_brand","embeddable":true,"href":"https:\/\/www.ecvents.com\/tr\/wp-json\/wp\/v2\/product_brand?post=4757"},{"taxonomy":"product_cat","embeddable":true,"href":"https:\/\/www.ecvents.com\/tr\/wp-json\/wp\/v2\/product_cat?post=4757"},{"taxonomy":"product_tag","embeddable":true,"href":"https:\/\/www.ecvents.com\/tr\/wp-json\/wp\/v2\/product_tag?post=4757"}],"curies":[{"name":"zamk","href":"https:\/\/api.w.org\/{rel}","templated":true}]}}