{"id":4771,"date":"2026-03-19T06:04:34","date_gmt":"2026-03-19T11:04:34","guid":{"rendered":"https:\/\/www.ecvents.com\/?post_type=product&#038;p=4771"},"modified":"2026-03-19T06:05:00","modified_gmt":"2026-03-19T11:05:00","slug":"hava-suzme-kutusu","status":"publish","type":"product","link":"https:\/\/www.ecvents.com\/tr\/product\/hava-suzme-kutusu\/","title":{"rendered":"hava s\u00fczme kutusu"},"content":{"rendered":"<div class=\"someee\">\n<h2><strong>Temiz hava. sabit ak\u0131\u015f. G\u00fcnl\u00fck mekanlar i\u00e7in \u00fcretilmi\u015ftir.<\/strong><\/h2>\n<p>bira\u00a0<strong>Hava filtreleme kutusu<\/strong>\u00a0En \u00f6nemli \u015feyle sessizce ilgilenir - temiz, nefes alabilen hava. Kompakt ama g\u00fc\u00e7l\u00fc, bir araya getiriyor\u00a0<strong>\u00dc\u00e7 kat filtre<\/strong>\u00a0G\u00f6r\u00fcn\u00fcr tozdan g\u00f6r\u00fcnmez par\u00e7ac\u0131klara kadar her \u015feyi \u00e7\u0131karmak, evlere, ofislere ve \u00e7al\u0131\u015fma alanlar\u0131na daha hafif, daha taze ve daha kolay nefes almas\u0131 daha kolay hissettiren hava vermek.<\/p>\n<p>ile ba\u015flar\u00a0<strong>Birincil Filtre<\/strong>, \u00e7ok katl\u0131 bir tasar\u0131ma ve sisteme girmeden \u00f6nce sa\u00e7, tiftik ve di\u011fer b\u00fcy\u00fck havadaki par\u00e7ac\u0131klar\u0131 yakalamak i\u00e7in b\u00fcy\u00fck toz tutma kapasitesine sahip. Sonraki,\u00a0<strong>aktif\u202fCarbon\u202fFilter<\/strong>\u00a0Y\u00fcksek kaliteli gran\u00fcler karbon ile kokular\u0131 ve zararl\u0131 gazlar\u0131 emer ve kapal\u0131 ortamlarda biriken g\u00fcnl\u00fck kokular\u0131 n\u00f6tralize eder.<\/p>\n<p>Son olarak,\u00a0<strong>HEPA\u202fY\u00fcksek verimlilik\u202fFiltre<\/strong>\u00a0Safla\u015ft\u0131rmay\u0131 mikroskobik seviyeye ta\u015f\u0131r. kadar k\u00fc\u00e7\u00fck par\u00e7ac\u0131klar\u0131 uzakla\u015ft\u0131rabilir\u00a0<strong>PM2.5<\/strong>\u00a0ve yakalamak\u00a0<strong>99\u202f% of\u202fFinet\u202fTust,\u202fPollen,\u202fAnd\u202fBeceria<\/strong>, her nefesi yenileyen temiz bir hava d\u00f6ng\u00fcs\u00fcn\u00fc tamamlar.<\/p>\n<p>Her sahne, bir par\u00e7as\u0131n\u0131, s\u00fcrekli, dengeli bir hava ak\u0131\u015f\u0131n\u0131, minimal diren\u00e7le oynar<strong>Kay\u0131p oran\u0131\u202f\u202f\u202f0.3\u202f%<\/strong>). 100 mm'den 250 mm'ye kadar \u00e7oklu kanalda kullan\u0131labilir, bu da ku\u015fkusuz bir \u015fekilde yeniye ya da var olan bir havaland\u0131rma sistemine entegre olur. Hafif, dayan\u0131kl\u0131 ve kolayl\u0131k sa\u011flamak, hava filtreleme kutusu, herhangi bir kapal\u0131 ortam i\u00e7in etkin bir \u00e7\u00f6z\u00fcmd\u00fcr.<\/p>\n<\/div>\n<hr \/>\n<p>Performans:<\/p>\n<div class=\"scroll-table-wrapper\">\n<div class=\"scroll-table\">\n<table id=\"tablepress-52\" class=\"tablepress tablepress-id-52\">\n<thead>\n<tr class=\"row-1\">\n\t<th class=\"column-1\">model<\/th><th class=\"column-2\">Kanal Boyutu (mm)<\/th><th class=\"column-3\">Boyutlar (L\u00d7G\u00d7Y) (mm)<\/th><th class=\"column-4\">Birincil Filtre Boyutu<br \/>\n(mm)<\/th><th class=\"column-5\">Aktif karbon filtre boyutu (mm)<\/th><th class=\"column-6\">Y\u00fcksek verimli HEPA filtre boyutu (mm)<\/th><th class=\"column-7\">Hava hacmi kayb\u0131 oran\u0131<\/th><th class=\"column-8\">N.M(kg)<\/th>\n<\/tr>\n<\/thead>\n<tbody class=\"row-striping row-hover\">\n<tr class=\"row-2\">\n\t<td class=\"column-1\">GLX-100<\/td><td class=\"column-2\">100<\/td><td class=\"column-3\">300x200\u00d7200<\/td><td class=\"column-4\">295x170\u00d710<\/td><td class=\"column-5\">295x170\u00d720<\/td><td class=\"column-6\">295x170x50<\/td><td class=\"column-7\">0.3<\/td><td class=\"column-8\">5.2<\/td>\n<\/tr>\n<tr class=\"row-3\">\n\t<td class=\"column-1\">GLX-150<\/td><td class=\"column-2\">150<\/td><td class=\"column-3\">300x200\u00d7200<\/td><td class=\"column-4\">295x170x10<\/td><td class=\"column-5\">295x170\u00d720<\/td><td class=\"column-6\">295\u00d7170x50<\/td><td class=\"column-7\">0.3<\/td><td class=\"column-8\">5.1<\/td>\n<\/tr>\n<tr class=\"row-4\">\n\t<td class=\"column-1\">GLX-200<\/td><td class=\"column-2\">200<\/td><td class=\"column-3\">430x300x300<\/td><td class=\"column-4\">425\u00d7270x20<\/td><td class=\"column-5\">425x270x20<\/td><td class=\"column-6\">425\u00d7270\u00d750<\/td><td class=\"column-7\">0.3<\/td><td class=\"column-8\">11<\/td>\n<\/tr>\n<tr class=\"row-5\">\n\t<td class=\"column-1\">GLX-250<\/td><td class=\"column-2\">250<\/td><td class=\"column-3\">430x300x300<\/td><td class=\"column-4\">425\u00d7270x20<\/td><td class=\"column-5\">425x270x20<\/td><td class=\"column-6\">425x270x50<\/td><td class=\"column-7\">0.3<\/td><td class=\"column-8\">11.5<\/td>\n<\/tr>\n<\/tbody>\n<\/table>\n<!-- #tablepress-52 from cache --><\/div>\n<\/div>\n<div><\/div>\n<div class=\"woocb\"><a class=\"wocb\" href=\"http:\/\/www.beiaole.com\/wp-content\/uploads\/2025\/08\/d3.15.pdf\" target=\"_blank\" rel=\"noopener\">\u015fekil<\/a><\/div>\n<div><\/div>","protected":false},"excerpt":{"rendered":"<ul>\n<li>\n<h2>\u00dc\u00e7 a\u015famal\u0131 filtrasyon:<\/h2>\n<p>Birincil, aktif karbon ve havadan safs\u0131zl\u0131klar\u0131 yakalamak ve etkisiz hale getirmek i\u00e7in birlikte \u00e7al\u0131\u015f\u0131r.<\/li>\n<li>\n<h2>Y\u00fcksek filtrasyon verimlili\u011fi:<\/h2>\n<p>\u202fFine Parlak Partiler,Pm2.5, Polen,ve Bakteriler i\u00e7in Temizlik Kapal\u0131 Havas\u0131 i\u00e7in 99%'yi kald\u0131r\u0131n.<\/li>\n<li>\n<h2>Koku ve gaz emilim:<\/h2>\n<p>Etkinle\u015ftirilmi\u015f Karbon Katman\u0131, daha taze bir atmosfer i\u00e7in kokular\u0131 ve voc kirleticileri ortadan kald\u0131r\u0131r.<\/li>\n<li>\n<h2>B\u00fcy\u00fck toz tutma kapasitesi:<\/h2>\n<p>\u00c7oklu Katlamal\u0131 Birincil Filtre Yakalar Daha b\u00fcy\u00fck debrisler t\u0131kanmadan veya hava ak\u0131\u015f\u0131n\u0131 azaltarak.<\/li>\n<li>\n<h2>D\u00fc\u015f\u00fck hava direnci:<\/h2>\n<p>Optimize edilmi\u015f tasar\u0131m, sabit havaland\u0131rmay\u0131 (hava hacmi) kayb\u0131 0.3%) sa\u011flar.<\/li>\n<li>\n<h2>Dayan\u0131kl\u0131-\u0130n\u015faat:<\/h2>\n<p>End\u00fcstriyel veya konut uygulamalar\u0131 i\u00e7in g\u00fc\u00e7l\u00fc metalik konut ve kesinlik tak\u0131l\u0131r filtreler.<\/li>\n<li>\n<h2>Kompakt ve kolay kurulum i\u00e7in:<\/h2>\n<p>HVAC ve havaland\u0131rma sistemlerine uygunluklar, 100\u2013250mm esneklik i\u00e7ine\u011fi\u015ftirme boyutlar\u0131na uyar.<\/li>\n<li>\n<h2>H\u0131zl\u0131 bak\u0131m:<\/h2>\n<p>\u202fKald\u0131r\u0131labilir Filtre \u00d6\u011feleri Yenileme ve Temizleme Basit ve Ara\u00e7s\u0131z.<\/li>\n<\/ul>\n<hr \/>","protected":false},"featured_media":4792,"comment_status":"open","ping_status":"closed","template":"","meta":{"_acf_changed":false},"product_brand":[],"product_cat":[72,27],"product_tag":[],"class_list":{"0":"post-4771","1":"product","2":"type-product","3":"status-publish","4":"has-post-thumbnail","6":"product_cat-filter","7":"product_cat-inline-duct-fan","9":"first","10":"instock","11":"taxable","12":"shipping-taxable","13":"purchasable","14":"product-type-variable","15":"has-default-attributes"},"acf":[],"_links":{"self":[{"href":"https:\/\/www.ecvents.com\/tr\/wp-json\/wp\/v2\/product\/4771","targetHints":{"allow":["GET"]}}],"collection":[{"href":"https:\/\/www.ecvents.com\/tr\/wp-json\/wp\/v2\/product"}],"about":[{"href":"https:\/\/www.ecvents.com\/tr\/wp-json\/wp\/v2\/types\/product"}],"replies":[{"embeddable":true,"href":"https:\/\/www.ecvents.com\/tr\/wp-json\/wp\/v2\/comments?post=4771"}],"wp:featuredmedia":[{"embeddable":true,"href":"https:\/\/www.ecvents.com\/tr\/wp-json\/wp\/v2\/media\/4792"}],"wp:attachment":[{"href":"https:\/\/www.ecvents.com\/tr\/wp-json\/wp\/v2\/media?parent=4771"}],"wp:term":[{"taxonomy":"product_brand","embeddable":true,"href":"https:\/\/www.ecvents.com\/tr\/wp-json\/wp\/v2\/product_brand?post=4771"},{"taxonomy":"product_cat","embeddable":true,"href":"https:\/\/www.ecvents.com\/tr\/wp-json\/wp\/v2\/product_cat?post=4771"},{"taxonomy":"product_tag","embeddable":true,"href":"https:\/\/www.ecvents.com\/tr\/wp-json\/wp\/v2\/product_tag?post=4771"}],"curies":[{"name":"zamk","href":"https:\/\/api.w.org\/{rel}","templated":true}]}}