{"id":4776,"date":"2026-03-19T06:04:35","date_gmt":"2026-03-19T11:04:35","guid":{"rendered":"https:\/\/www.ecvents.com\/?post_type=product&#038;p=4776"},"modified":"2026-03-19T06:05:00","modified_gmt":"2026-03-19T11:05:00","slug":"tavan-egzoz-fani","status":"publish","type":"product","link":"https:\/\/www.ecvents.com\/tr\/product\/tavan-egzoz-fani\/","title":{"rendered":"tavan egzoz fan\u0131"},"content":{"rendered":"<div class=\"someee\">\n<h2><strong>sessiz tazelik. G\u00fcvenilir tasar\u0131m. G\u00fcnl\u00fck hava konforu i\u00e7in \u00fcretilmi\u015ftir.<\/strong><\/h2>\n<p>bira\u00a0<strong>Tavan\u202fExhaust\u202fFan<\/strong>\u00a0bir oday\u0131 an\u0131nda daha konforlu hale getiren sessiz ayr\u0131nt\u0131lardan biridir. Nemi, kokular\u0131 ve bayat havay\u0131 p\u00fcr\u00fczs\u00fcz, verimli hava ak\u0131\u015f\u0131yla giderir - geride hissedebilece\u011finiz ancak zar zor duyabilece\u011finiz taze, nefes alabilen rahatl\u0131k b\u0131rak\u0131r.<\/p>\n<p>Kalbinde bir\u00a0<strong>Enerji tasarrufu<\/strong>\u00a0e\u015fle\u015ftirilmi\u015f\u00a0<strong>Y\u00fcksek kaliteli \u202fBiller<\/strong>\u00a0istikrar ve uzun \u00f6m\u00fcr i\u00e7in. Aerodinamik hava kanal\u0131 yap\u0131s\u0131, havay\u0131 verimli ve sessizce dola\u015ft\u0131rarak, \u00e7\u0131ng\u0131rak veya titre\u015fimden uzak sabit performans\u0131 korur. Arka planda \u00e7al\u0131\u015fmak \u00fczere tasarlanm\u0131\u015ft\u0131r - g\u00fcvenilir, sessiz ve \u015fa\u015f\u0131rt\u0131c\u0131 derecede etkili.<\/p>\n<p>Hafif ve \u00e7ok y\u00f6nl\u00fc,\u00a0<strong>Kompakt tam \u2011Plastik tasar\u0131m<\/strong>\u00a0Mutfaklara, banyolara, ofislere ve di\u011fer g\u00fcnl\u00fck alanlara kolayca uyum sa\u011flar. Y\u00fcksek dereceli ABS malzemeden \u00fcretilen fan, \u0131s\u0131ya, neme ve bas\u0131nca kar\u015f\u0131 dayan\u0131kl\u0131d\u0131r\u2014b\u00f6ylece y\u0131llarca s\u00fcrekli kullan\u0131mdan sonra bile paslanma, b\u00fck\u00fclme veya solma olmaz.<\/p>\n<p>Kurulum basit ve g\u00f6ze \u00e7arpmayan:\u00a0<strong>\u0130nce, rafine edilmi\u015f g\u00f6vde<\/strong>\u00a0\u0130\u00e7 tasar\u0131m\u0131 bozmadan tavanlara d\u00fczg\u00fcn bir \u015fekilde s\u0131\u011far. Bak\u0131m zahmetsizdir\u2014Panel, h\u0131zl\u0131 temizlik i\u00e7in kalk\u0131p yeni gibi saniyeler i\u00e7inde yeni performans\u0131 geri y\u00fcklemek i\u00e7in kalkar.<\/p>\n<p>Sessiz, dayan\u0131kl\u0131 ve g\u00fcvenilir olan tavanl\u0131 egzoz fan, her i\u00e7 mekan alan\u0131n\u0131 sessizce biraz daha iyi hale getiren t\u00fcrden bir y\u00fckseltmedir - g\u00fcnl\u00fck hayata ayak uydurmak i\u00e7in in\u015fa edilmi\u015f sabit hava ak\u0131\u015f\u0131 ve kal\u0131c\u0131 konfor.<\/p>\n<\/div>\n<hr \/>\n<p>Boyutlar (birim: mm):<\/p>\n<div class=\"scroll-table-wrapper\">\n<div class=\"scroll-table\">\n<table id=\"tablepress-38\" class=\"tablepress tablepress-id-38\">\n<thead>\n<tr class=\"row-1\">\n\t<th class=\"column-1\">model<\/th><th class=\"column-2\">A<\/th><th class=\"column-3\">B<\/th><th class=\"column-4\">C<\/th><th class=\"column-5\">D<\/th><th class=\"column-6\">e<\/th>\n<\/tr>\n<\/thead>\n<tbody class=\"row-striping row-hover\">\n<tr class=\"row-2\">\n\t<td class=\"column-1\">BPT10-20-12SL<\/td><td class=\"column-2\">200<\/td><td class=\"column-3\">209<\/td><td class=\"column-4\">240<\/td><td class=\"column-5\">30<\/td><td class=\"column-6\">100<\/td>\n<\/tr>\n<tr class=\"row-3\">\n\t<td class=\"column-1\">BPT10-23-155L<\/td><td class=\"column-2\">230<\/td><td class=\"column-3\">238<\/td><td class=\"column-4\">270<\/td><td class=\"column-5\">30<\/td><td class=\"column-6\">100<\/td>\n<\/tr>\n<tr class=\"row-4\">\n\t<td class=\"column-1\">BPT10-25-175L<\/td><td class=\"column-2\">250<\/td><td class=\"column-3\">275<\/td><td class=\"column-4\">310<\/td><td class=\"column-5\">30<\/td><td class=\"column-6\">100<\/td>\n<\/tr>\n<tr class=\"row-5\">\n\t<td class=\"column-1\">BPT10-28-215L<\/td><td class=\"column-2\">275<\/td><td class=\"column-3\">279<\/td><td class=\"column-4\">320<\/td><td class=\"column-5\">30<\/td><td class=\"column-6\">95<\/td>\n<\/tr>\n<tr class=\"row-6\">\n\t<td class=\"column-1\">BPT10-30-30SL<\/td><td class=\"column-2\">300<\/td><td class=\"column-3\">301<\/td><td class=\"column-4\">340<\/td><td class=\"column-5\">30<\/td><td class=\"column-6\">100<\/td>\n<\/tr>\n<tr class=\"row-7\">\n\t<td class=\"column-1\">BPT10-34-40SL<\/td><td class=\"column-2\">340<\/td><td class=\"column-3\">343<\/td><td class=\"column-4\">400<\/td><td class=\"column-5\">30<\/td><td class=\"column-6\">100<\/td>\n<\/tr>\n<tr class=\"row-8\">\n\t<td class=\"column-1\">BPT15-34-50SL<\/td><td class=\"column-2\">340<\/td><td class=\"column-3\">340<\/td><td class=\"column-4\">400<\/td><td class=\"column-5\">30<\/td><td class=\"column-6\">150<\/td>\n<\/tr>\n<\/tbody>\n<\/table>\n<!-- #tablepress-38 from cache --><\/div>\n<\/div>\n<div><\/div>\n<div class=\"woocb\"><a class=\"wocb\" href=\"http:\/\/www.beiaole.com\/wp-content\/uploads\/2025\/08\/d3.8.1.pdf\" target=\"_blank\" rel=\"noopener\">\u015fekil<\/a><\/div>\n<div><\/div>\n<p><img loading=\"lazy\" decoding=\"async\" class=\"aligncenter wp-image-17118 size-full\" src=\"http:\/\/www.beiaole.com\/wp-content\/uploads\/2025\/08\/s3.8.png\" alt=\"Ceiling Exhaust Fan-size\" width=\"896\" height=\"945\" data-no-translation=\"\" \/><br \/>\nPerformans:<\/p>\n<div class=\"scroll-table-wrapper\">\n<div class=\"scroll-table\">\n<table id=\"tablepress-39\" class=\"tablepress tablepress-id-39\">\n<thead>\n<tr class=\"row-1\">\n\t<th class=\"column-1\">model<\/th><th class=\"column-2\">voltaj(v)<\/th><th class=\"column-3\">g\u00fc\u00e7(w)<\/th><th class=\"column-4\">Hava ak\u0131\u015f\u0131 (m\u00b3\/saat)<\/th><th class=\"column-5\">Statik Bas\u0131n\u00e7 (PA)<\/th><th class=\"column-6\">G\u00fcr\u00fclt\u00fc(dB)<\/th><th class=\"column-7\">G.W (kg)<\/th><th class=\"column-8\">Delik Boyutu (mm)<\/th><th class=\"column-9\">Panel Boyutu (mm)<\/th><th class=\"column-10\">Kanal Boyutu (mm)<\/th><th class=\"column-11\">Kutu\/par\u00e7a<\/th>\n<\/tr>\n<\/thead>\n<tbody class=\"row-striping row-hover\">\n<tr class=\"row-2\">\n\t<td class=\"column-1\">BPT10 - 20 - 12SL<\/td><td class=\"column-2\">220<\/td><td class=\"column-3\">30<\/td><td class=\"column-4\">120<\/td><td class=\"column-5\">65<\/td><td class=\"column-6\">42<\/td><td class=\"column-7\">1.4<\/td><td class=\"column-8\">200*200<\/td><td class=\"column-9\">245*245<\/td><td class=\"column-10\">100<\/td><td class=\"column-11\">8<\/td>\n<\/tr>\n<tr class=\"row-3\">\n\t<td class=\"column-1\">BPT10 - 23 - 15SL<\/td><td class=\"column-2\">220<\/td><td class=\"column-3\">40<\/td><td class=\"column-4\">150<\/td><td class=\"column-5\">65<\/td><td class=\"column-6\">42<\/td><td class=\"column-7\">1.4<\/td><td class=\"column-8\">230*230<\/td><td class=\"column-9\">270*270<\/td><td class=\"column-10\">100<\/td><td class=\"column-11\">8<\/td>\n<\/tr>\n<tr class=\"row-4\">\n\t<td class=\"column-1\">BPT10 - 25 - 17SL<\/td><td class=\"column-2\">220<\/td><td class=\"column-3\">40<\/td><td class=\"column-4\">170<\/td><td class=\"column-5\">95<\/td><td class=\"column-6\">41<\/td><td class=\"column-7\">1.7<\/td><td class=\"column-8\">250*250<\/td><td class=\"column-9\">304*304<\/td><td class=\"column-10\">100<\/td><td class=\"column-11\">8<\/td>\n<\/tr>\n<tr class=\"row-5\">\n\t<td class=\"column-1\">BPT10 - 28 - 21SL<\/td><td class=\"column-2\">220<\/td><td class=\"column-3\">34<\/td><td class=\"column-4\">210<\/td><td class=\"column-5\">165<\/td><td class=\"column-6\">43<\/td><td class=\"column-7\">1.8<\/td><td class=\"column-8\">280*280<\/td><td class=\"column-9\">320*320<\/td><td class=\"column-10\">100<\/td><td class=\"column-11\">8<\/td>\n<\/tr>\n<tr class=\"row-6\">\n\t<td class=\"column-1\">BPT10 - 30 - 30SL<\/td><td class=\"column-2\">220<\/td><td class=\"column-3\">45<\/td><td class=\"column-4\">300<\/td><td class=\"column-5\">200<\/td><td class=\"column-6\">45<\/td><td class=\"column-7\">2.1<\/td><td class=\"column-8\">300*300<\/td><td class=\"column-9\">335*335<\/td><td class=\"column-10\">100<\/td><td class=\"column-11\">8<\/td>\n<\/tr>\n<tr class=\"row-7\">\n\t<td class=\"column-1\">BPT10 - 34 - 40SL<\/td><td class=\"column-2\">220<\/td><td class=\"column-3\">45<\/td><td class=\"column-4\">400<\/td><td class=\"column-5\">205<\/td><td class=\"column-6\">46<\/td><td class=\"column-7\">2.2<\/td><td class=\"column-8\">340*340<\/td><td class=\"column-9\">400*400<\/td><td class=\"column-10\">100<\/td><td class=\"column-11\">4<\/td>\n<\/tr>\n<tr class=\"row-8\">\n\t<td class=\"column-1\">BPT15 - 34 - 50SL<\/td><td class=\"column-2\">220<\/td><td class=\"column-3\">50<\/td><td class=\"column-4\">500<\/td><td class=\"column-5\">210<\/td><td class=\"column-6\">47<\/td><td class=\"column-7\">2.2<\/td><td class=\"column-8\">340*340<\/td><td class=\"column-9\">400*400<\/td><td class=\"column-10\">150<\/td><td class=\"column-11\">4<\/td>\n<\/tr>\n<\/tbody>\n<\/table>\n<!-- #tablepress-39 from cache --><\/div>\n<\/div>\n<div><\/div>\n<div class=\"woocb\"><a class=\"wocb\" href=\"http:\/\/www.beiaole.com\/wp-content\/uploads\/2025\/09\/d3.8.2.pdf\" target=\"_blank\" rel=\"noopener\">\u015fekil<\/a><\/div>\n<div><\/div>","protected":false},"excerpt":{"rendered":"<ul>\n<li>\n<h2>Enerji verimli performans:<\/h2>\n<p>Hassasiyet ile t\u00fcm bak\u0131r motorlu rulmanlar sessiz, istikrarl\u0131 \u00e7al\u0131\u015fmay\u0131 y\u0131llar boyunca sa\u011flar.<\/li>\n<li>\n<h2>P\u00fcr\u00fczs\u00fcz hava ak\u0131\u015f\u0131 sistemi:<\/h2>\n<p>\u0130yi yap\u0131land\u0131r\u0131lm\u0131\u015f hava kanal\u0131, minimal diren\u00e7 ve g\u00fcr\u00fclt\u00fc ile havay\u0131 \u00f6zg\u00fcrce hareket ettirir.<\/li>\n<li>\n<h2>Dayan\u0131kl\u0131 ABS Konut:<\/h2>\n<p>G\u00fc\u00e7l\u00fc, hafif, ve korozyona dayan\u0131kl\u0131 malzeme nemlili\u011fe ve \u0131s\u0131ya kadar ayakta durur.<\/li>\n<li>\n<h2>Kompakt tavan \u202fFit:<\/h2>\n<p>Slim ProfileMounds sifonu i\u00e7in sifon\u202fTemiz, g\u00f6ze batmayan\u202fHerhangi bir i\u00e7 mekanda.<\/li>\n<li>\n<h2>D\u00fc\u015f\u00fck g\u00fcr\u00fclt\u00fcl\u00fc i\u015flem:<\/h2>\n<p>\u202fPiyah, mutfak ve ofisler i\u00e7in f\u0131s\u0131lt\u0131 seviyesi ses \u00e7\u0131kt\u0131s\u0131 onu ideal k\u0131lar.<\/li>\n<li>\n<h2>Bak\u0131m kolayl\u0131\u011f\u0131:<\/h2>\n<p>Kolay temizlik ve filtre arac\u0131 olmadan y\u00fcz y\u00fcze\u00e7ince h\u0131zl\u0131 bir \u015fekilde kald\u0131r\u0131n.<\/li>\n<li>\n<h2>\u00c7ok y\u00f6nl\u00fc\u202fModel aral\u0131\u011f\u0131:<\/h2>\n<p>Farkl\u0131 boyutlarda (95\u2013150mm)) Farkl\u0131 boyutlarda d\u00fczenler ve havaland\u0131rma talepleri.<\/li>\n<\/ul>\n<hr \/>","protected":false},"featured_media":4793,"comment_status":"open","ping_status":"closed","template":"","meta":{"_acf_changed":false},"product_brand":[],"product_cat":[28],"product_tag":[],"class_list":{"0":"post-4776","1":"product","2":"type-product","3":"status-publish","4":"has-post-thumbnail","6":"product_cat-exhaust-fan","8":"first","9":"outofstock","10":"taxable","11":"shipping-taxable","12":"purchasable","13":"product-type-variable"},"acf":[],"_links":{"self":[{"href":"https:\/\/www.ecvents.com\/tr\/wp-json\/wp\/v2\/product\/4776","targetHints":{"allow":["GET"]}}],"collection":[{"href":"https:\/\/www.ecvents.com\/tr\/wp-json\/wp\/v2\/product"}],"about":[{"href":"https:\/\/www.ecvents.com\/tr\/wp-json\/wp\/v2\/types\/product"}],"replies":[{"embeddable":true,"href":"https:\/\/www.ecvents.com\/tr\/wp-json\/wp\/v2\/comments?post=4776"}],"wp:featuredmedia":[{"embeddable":true,"href":"https:\/\/www.ecvents.com\/tr\/wp-json\/wp\/v2\/media\/4793"}],"wp:attachment":[{"href":"https:\/\/www.ecvents.com\/tr\/wp-json\/wp\/v2\/media?parent=4776"}],"wp:term":[{"taxonomy":"product_brand","embeddable":true,"href":"https:\/\/www.ecvents.com\/tr\/wp-json\/wp\/v2\/product_brand?post=4776"},{"taxonomy":"product_cat","embeddable":true,"href":"https:\/\/www.ecvents.com\/tr\/wp-json\/wp\/v2\/product_cat?post=4776"},{"taxonomy":"product_tag","embeddable":true,"href":"https:\/\/www.ecvents.com\/tr\/wp-json\/wp\/v2\/product_tag?post=4776"}],"curies":[{"name":"zamk","href":"https:\/\/api.w.org\/{rel}","templated":true}]}}