{"id":4784,"date":"2026-03-19T06:04:36","date_gmt":"2026-03-19T11:04:36","guid":{"rendered":"https:\/\/www.ecvents.com\/?post_type=product&#038;p=4784"},"modified":"2026-03-19T06:04:58","modified_gmt":"2026-03-19T11:04:58","slug":"tavan-egzoz-fani-bpt-10-23s","status":"publish","type":"product","link":"https:\/\/www.ecvents.com\/tr\/product\/tavan-egzoz-fani-bpt-10-23s\/","title":{"rendered":"Tavan egzoz fan\u0131 (BPT-10-23S)"},"content":{"rendered":"<div class=\"someee\">\n<h2><strong>Sessiz hava ak\u0131\u015f\u0131. Kal\u0131c\u0131 konfor. G\u00fcnl\u00fck mekanlar i\u00e7in \u00fcretilmi\u015ftir.<\/strong><\/h2>\n<p>bira\u00a0<strong>Tavan\u202fExhaust\u202fFan\u202f(BPT\u202f10\u201123S)<\/strong>\u00a0dikkat \u00e7ekmeden bir oday\u0131 basit\u00e7e geli\u015ftiren sessiz temellerden biridir. Havay\u0131 taze, nemi d\u00fc\u015f\u00fck tutar ve bo\u015fluklar\u0131 daha rahat tutar\u2014O kadar yumu\u015fak ve sessizce \u00e7al\u0131\u015f\u0131r ki, orada oldu\u011funu bile unutursunuz.<\/p>\n<p>i\u00e7inde, bir\u00a0<strong>T\u00fcm bak\u0131r \u202fEnerji-Tasarruflu\u202fMotor<\/strong>\u00a0e\u015fle\u015ftirilmi\u015f\u00a0<strong>Y\u00fcksek kaliteli \u202fBiller<\/strong>\u00a0\u0130stikrarl\u0131, verimli performans sa\u011flar. Dikkatli bir \u015fekilde tasarlanm\u0131\u015f hava kanal\u0131 ve \u015fasi, direnci ve titre\u015fimi en aza indirmek i\u00e7in birlikte \u00e7al\u0131\u015f\u0131r ve d\u00fc\u015f\u00fck g\u00fcr\u00fclt\u00fc hassasiyeti ile sabit hava ak\u0131\u015f\u0131 sa\u011flar. Bir kez a\u00e7\u0131n ve her g\u00fcn \u00e7al\u0131\u015f\u0131r\u2014sessiz, g\u00fcvenilir ve tutarl\u0131.<\/p>\n<p>-den yap\u0131lm\u0131\u015f\u00a0<strong>Y\u00fcksek dereceli ABS plastik<\/strong>, fan hafif ancak sa\u011flamd\u0131r, pas, neme ve deformasyona kar\u015f\u0131 dayan\u0131kl\u0131d\u0131r\u2014 banyolar, mutfaklar veya neme e\u011filimli herhangi bir alan i\u00e7in m\u00fckemmeldir. onun\u00a0<strong>\u0130nce ve \u202fCompact\u202fProfil<\/strong>\u00a0Modern i\u00e7 mekanlarla zahmetsizce harmanlanan temiz ve sorunsuz bir kurulum i\u00e7in dar tavan alanlar\u0131na s\u0131\u011far.<\/p>\n<p>Bak\u0131m canland\u0131r\u0131c\u0131 bir \u015fekilde basittir: \u00d6n panel, h\u0131zl\u0131 bir silme, temizleme ve bak\u0131m yapma i\u00e7in h\u0131zl\u0131 ve sorunsuz bir \u015fekilde keser. Sabit hava ak\u0131\u015f\u0131 ve d\u00fc\u015f\u00fck g\u00fcr\u00fclt\u00fc i\u015flemi ile (yakla\u015f\u0131k41\u202fDB), havay\u0131 sessizce ve etkin bir \u015fekilde evlerde, ofislerde ve ticari bo\u015fluklarda tutar.<\/p>\n<p>Zarif, verimli ve son olarak in\u015fa edilmi\u015f, tavandan zengin Fan(BPT\u201110\u201123S)\u202fTemiz havas\u0131 ve sessizlik, kal\u0131c\u0131l\u0131k sa\u011flar.<\/p>\n<\/div>\n<hr \/>\n<p>Boyutlar (birim: mm):<\/p>\n<div class=\"scroll-table-wrapper\">\n<div class=\"scroll-table\">\n<table id=\"tablepress-40\" class=\"tablepress tablepress-id-40\">\n<thead>\n<tr class=\"row-1\">\n\t<th class=\"column-1\">model<\/th><th class=\"column-2\">A<\/th><th class=\"column-3\">B<\/th><th class=\"column-4\">C<\/th><th class=\"column-5\">D<\/th><th class=\"column-6\">E<\/th><th class=\"column-7\">F<\/th><th class=\"column-8\">d<\/th><th class=\"column-9\">Delik Boyutu (mm)<\/th>\n<\/tr>\n<\/thead>\n<tbody class=\"row-striping row-hover\">\n<tr class=\"row-2\">\n\t<td class=\"column-1\">BPT-10-23S<\/td><td class=\"column-2\">300<\/td><td class=\"column-3\">300<\/td><td class=\"column-4\">100<\/td><td class=\"column-5\">200<\/td><td class=\"column-6\">270<\/td><td class=\"column-7\">300<\/td><td class=\"column-8\">100<\/td><td class=\"column-9\">300x300<\/td>\n<\/tr>\n<\/tbody>\n<\/table>\n<!-- #tablepress-40 from cache --><\/div>\n<\/div>\n<div><\/div>\n<div class=\"woocb\"><a class=\"wocb\" href=\"http:\/\/www.beiaole.com\/wp-content\/uploads\/2025\/08\/d3.9.1.pdf\" target=\"_blank\" rel=\"noopener\">\u015fekil<\/a><\/div>\n<div><\/div>\n<p><img loading=\"lazy\" decoding=\"async\" class=\"aligncenter wp-image-17138 size-large\" src=\"http:\/\/www.beiaole.com\/wp-content\/uploads\/2025\/08\/s3.10-625x1024.png\" alt=\"Ceiling Exhaust Fan(BPT-10-23S)-size\" width=\"625\" height=\"1024\" data-no-translation=\"\" \/><br \/>\nPerformans:<\/p>\n<div class=\"scroll-table-wrapper\">\n<div class=\"scroll-table\">\n<table id=\"tablepress-41\" class=\"tablepress tablepress-id-41\">\n<thead>\n<tr class=\"row-1\">\n\t<th class=\"column-1\">model<\/th><th class=\"column-2\">Voltaj(V)\/Frekans(Hz)<\/th><th class=\"column-3\">g\u00fc\u00e7(w)<\/th><th class=\"column-4\">Hava ak\u0131\u015f\u0131 (m\u00b3\/saat)<\/th><th class=\"column-5\">Statik Bas\u0131n\u00e7 (PA)<\/th><th class=\"column-6\">g\u00fcr\u00fclt\u00fc(da(a))<\/th><th class=\"column-7\">G.W (kg)<\/th><th class=\"column-8\">Kanal Boyutu (\u03a6mm)<\/th><th class=\"column-9\">Panel Boyutu (mm)<\/th>\n<\/tr>\n<\/thead>\n<tbody class=\"row-striping row-hover\">\n<tr class=\"row-2\">\n\t<td class=\"column-1\">BPT-10-23S<\/td><td class=\"column-2\">200V ~ 50Hz<\/td><td class=\"column-3\">30<\/td><td class=\"column-4\">250<\/td><td class=\"column-5\">150<\/td><td class=\"column-6\">41<\/td><td class=\"column-7\">2.1<\/td><td class=\"column-8\">100<\/td><td class=\"column-9\">300x300<\/td>\n<\/tr>\n<\/tbody>\n<\/table>\n<!-- #tablepress-41 from cache --><\/div>\n<\/div>\n<div><\/div>\n<div class=\"woocb\"><a class=\"wocb\" href=\"http:\/\/www.beiaole.com\/wp-content\/uploads\/2025\/08\/d3.9.2.pdf\" target=\"_blank\" rel=\"noopener\">\u015fekil<\/a><\/div>\n<div><\/div>","protected":false},"excerpt":{"rendered":"<ul>\n<li>\n<h2>Enerji verimli bak\u0131r motor:<\/h2>\n<p>\u202fS\u00fcrekli\u202fSadeli\u202f250m\u00b3\/H hava ak\u0131\u015f\u0131 ile sadece 30W g\u00fcc\u00fcn t\u00fcketimi.<\/li>\n<li>\n<h2>D\u00fc\u015f\u00fck g\u00fcr\u00fclt\u00fcl\u00fc i\u015flem:<\/h2>\n<p>Dengeli \u00e7ark ve kapal\u0131 kanal tasar\u0131m\u0131 Ses seviyelerini koruyupazl\u0131ya kadar 41DB(A).<\/li>\n<li>\n<h2>Dayan\u0131kl\u0131-\u0130n\u015faat:<\/h2>\n<p>Y\u00fcksek g\u00fc\u00e7l\u00fc abs malzeme diren\u00e7leri a\u015f\u0131nd\u0131rma, \u00e7arp\u0131tma, ve nemlilik a\u015f\u0131r\u0131 zamana zarar verir.<\/li>\n<li>\n<h2>Kompakt ve ince form:<\/h2>\n<p>300\u00d7300mm,iiial\u202fTa\u015f\u0131ma Kurulumlar\u0131 ve Modern Tasar\u0131mlar i\u00e7in idealdir.<\/li>\n<li>\n<h2>Basit bak\u0131m:<\/h2>\n<p>Aletsiz ve karma\u015f\u0131k bir montaj i\u00e7in h\u0131zl\u0131 bir \u015fekilde \u00f6n panel.<\/li>\n<li>\n<h2>G\u00fcvenilir performans:<\/h2>\n<p>250m\u00b3\/H\u202fAt150Pastatik bas\u0131n\u00e7, banyolar ve mutfaklar i\u00e7in taze hava ak\u0131\u015f\u0131 sa\u011flar.<\/li>\n<li>\n<h2>Hafif yap\u0131:<\/h2>\n<p>Sadece\u202fAst\u202fAmpre2.1kg,kurulum\u202fG\u00fcvenli,Basit,ve h\u0131zl\u0131.<\/li>\n<\/ul>\n<hr \/>","protected":false},"featured_media":4794,"comment_status":"open","ping_status":"closed","template":"","meta":{"_acf_changed":false},"product_brand":[],"product_cat":[28],"product_tag":[],"class_list":{"0":"post-4784","1":"product","2":"type-product","3":"status-publish","4":"has-post-thumbnail","6":"product_cat-exhaust-fan","8":"first","9":"outofstock","10":"taxable","11":"shipping-taxable","12":"purchasable","13":"product-type-simple"},"acf":[],"_links":{"self":[{"href":"https:\/\/www.ecvents.com\/tr\/wp-json\/wp\/v2\/product\/4784","targetHints":{"allow":["GET"]}}],"collection":[{"href":"https:\/\/www.ecvents.com\/tr\/wp-json\/wp\/v2\/product"}],"about":[{"href":"https:\/\/www.ecvents.com\/tr\/wp-json\/wp\/v2\/types\/product"}],"replies":[{"embeddable":true,"href":"https:\/\/www.ecvents.com\/tr\/wp-json\/wp\/v2\/comments?post=4784"}],"wp:featuredmedia":[{"embeddable":true,"href":"https:\/\/www.ecvents.com\/tr\/wp-json\/wp\/v2\/media\/4794"}],"wp:attachment":[{"href":"https:\/\/www.ecvents.com\/tr\/wp-json\/wp\/v2\/media?parent=4784"}],"wp:term":[{"taxonomy":"product_brand","embeddable":true,"href":"https:\/\/www.ecvents.com\/tr\/wp-json\/wp\/v2\/product_brand?post=4784"},{"taxonomy":"product_cat","embeddable":true,"href":"https:\/\/www.ecvents.com\/tr\/wp-json\/wp\/v2\/product_cat?post=4784"},{"taxonomy":"product_tag","embeddable":true,"href":"https:\/\/www.ecvents.com\/tr\/wp-json\/wp\/v2\/product_tag?post=4784"}],"curies":[{"name":"zamk","href":"https:\/\/api.w.org\/{rel}","templated":true}]}}