{"id":4785,"date":"2026-03-19T06:04:36","date_gmt":"2026-03-19T11:04:36","guid":{"rendered":"https:\/\/www.ecvents.com\/?post_type=product&#038;p=4785"},"modified":"2026-03-19T06:05:27","modified_gmt":"2026-03-19T11:05:27","slug":"duvara-monte-banyo-fani","status":"publish","type":"product","link":"https:\/\/www.ecvents.com\/tr\/product\/duvara-monte-banyo-fani\/","title":{"rendered":"duvara monte banyo fan\u0131"},"content":{"rendered":"<div class=\"someee\">\n<h2><strong>Sessiz performans. sabit tazelik. G\u00fcnl\u00fck konfor i\u00e7in \u00fcretilmi\u015ftir.<\/strong><\/h2>\n<p>bira\u00a0<strong>Duvara monte banyo vantilat\u00f6r\u00fc<\/strong>\u00a0kendine dikkat \u00e7ekmeden bir alan\u0131 daha hafif hissettiren sessiz temellerden biridir. Du\u015flardan sonra buhar\u0131 verimli bir \u015fekilde temizler, kokular\u0131 giderir ve havay\u0131 temiz ve kuru hissetmesini sa\u011flar - sahip oldu\u011funuzda h\u0131zla vazge\u00e7ilmez hale gelen rahatl\u0131k.<\/p>\n<p>\u00d6z\u00fcnde bir\u00a0<strong>T\u00fcm bak\u0131r enerji tasarrufu sa\u011flayan motor<\/strong>\u00a0taraf\u0131ndan desteklenen\u00a0<strong>Y\u00fcksek kaliteli bilyal\u0131 rulmanlar<\/strong>, uzun s\u00fcreli kararl\u0131l\u0131k ve sorunsuz, sessiz \u00e7al\u0131\u015fma i\u00e7in tasarlanm\u0131\u015ft\u0131r. Entegre hava kanal\u0131 tasar\u0131m\u0131, direnci ve titre\u015fimi en aza indirerek g\u00fc\u00e7l\u00fc ancak f\u0131s\u0131lt\u0131 yumu\u015fak bir sabit hava ak\u0131\u015f\u0131 yarat\u0131r.<\/p>\n<p>tamamen yap\u0131lm\u0131\u015f\u00a0<strong>Y\u00fcksek kaliteli ABS\u202fPlastik<\/strong>, Fan hafif, paslanmaya kar\u015f\u0131 dayan\u0131kl\u0131d\u0131r ve nemli ko\u015fullar i\u00e7in m\u00fckemmel \u015fekilde uygundur. \u0130nce, kompakt \u015fekli, herhangi bir banyoya veya \u00e7ama\u015f\u0131r alan\u0131na kar\u0131\u015fan duvarlara veya tavanlara d\u00fczg\u00fcn bir \u015fekilde s\u0131\u011far. S\u00fcrekli kullan\u0131mda bile korozyona, renk bozulmas\u0131na ve deformasyona kar\u015f\u0131 dayan\u0131kl\u0131d\u0131r.<\/p>\n<p>Bak\u0131m daha kolay olamazd\u0131 - sadece h\u0131zl\u0131 bir silme, lekesiz ve sorunsuz \u00e7al\u0131\u015fmas\u0131n\u0131 sa\u011flar. Etraf\u0131nda d\u00fc\u015f\u00fck g\u00fcr\u00fclt\u00fc performans\u0131 ile\u00a0<strong>39\u201343\u202fDB<\/strong>, huzur ve sessizli\u011finizi bozmadan g\u00fcvenilir havaland\u0131rma sa\u011flar.<\/p>\n<p>Basit, verimli ve konfor i\u00e7in in\u015fa edilmi\u015f, duvara monte banyo fan\u0131 asla dikkat gerektirmez - sadece temiz havay\u0131 hareket ettirir, b\u00f6ylece rahatlayabilir ve rahat nefes alabilirsiniz.<\/p>\n<\/div>\n<hr \/>\n<p>Boyutlar (birim: mm):<\/p>\n<div class=\"scroll-table-wrapper\">\n<div class=\"scroll-table\">\n<table id=\"tablepress-42\" class=\"tablepress tablepress-id-42\">\n<thead>\n<tr class=\"row-1\">\n\t<th class=\"column-1\">model<\/th><th class=\"column-2\">A<\/th><th class=\"column-3\">B<\/th><th class=\"column-4\">C<\/th><th class=\"column-5\">D<\/th><th class=\"column-6\">E<\/th>\n<\/tr>\n<\/thead>\n<tbody class=\"row-striping row-hover\">\n<tr class=\"row-2\">\n\t<td class=\"column-1\">APC10-S-N<\/td><td class=\"column-2\">150<\/td><td class=\"column-3\">150<\/td><td class=\"column-4\">97<\/td><td class=\"column-5\">85<\/td><td class=\"column-6\">16<\/td>\n<\/tr>\n<tr class=\"row-3\">\n\t<td class=\"column-1\">APC15-2S-N<\/td><td class=\"column-2\">200<\/td><td class=\"column-3\">200<\/td><td class=\"column-4\">145<\/td><td class=\"column-5\">88<\/td><td class=\"column-6\">16<\/td>\n<\/tr>\n<tr class=\"row-4\">\n\t<td class=\"column-1\">APC20-3S-N<\/td><td class=\"column-2\">252<\/td><td class=\"column-3\">252<\/td><td class=\"column-4\">179<\/td><td class=\"column-5\">98<\/td><td class=\"column-6\">16<\/td>\n<\/tr>\n<\/tbody>\n<\/table>\n<!-- #tablepress-42 from cache --><\/div>\n<\/div>\n<div><\/div>\n<div class=\"woocb\"><a class=\"wocb\" href=\"http:\/\/www.beiaole.com\/wp-content\/uploads\/2025\/08\/d3.10.1.pdf\" target=\"_blank\" rel=\"noopener\">\u015fekil<\/a><\/div>\n<div><\/div>\n<p><img loading=\"lazy\" decoding=\"async\" class=\"aligncenter wp-image-17182 size-large\" src=\"http:\/\/www.beiaole.com\/wp-content\/uploads\/2025\/08\/s3.11-549x1024.png\" alt=\"Wall Mounted Bathroom Fan-size\" width=\"549\" height=\"1024\" data-no-translation=\"\" \/><br \/>\nPerformans:<\/p>\n<div class=\"scroll-table-wrapper\">\n<div class=\"scroll-table\">\n<table id=\"tablepress-43\" class=\"tablepress tablepress-id-43\">\n<thead>\n<tr class=\"row-1\">\n\t<th class=\"column-1\">model<\/th><th class=\"column-2\">Boyut (mm)<\/th><th class=\"column-3\">voltaj(v)<\/th><th class=\"column-4\">frekans (Hz)<\/th><th class=\"column-5\">g\u00fc\u00e7(w)<\/th><th class=\"column-6\">Hava ak\u0131\u015f\u0131 (m\u00b3\/dak)<\/th><th class=\"column-7\">G\u00fcr\u00fclt\u00fc(dB(A))<\/th>\n<\/tr>\n<\/thead>\n<tbody class=\"row-striping row-hover\">\n<tr class=\"row-2\">\n\t<td class=\"column-1\">APC10-S-N<\/td><td class=\"column-2\">100<\/td><td class=\"column-3\">220<\/td><td class=\"column-4\">50<\/td><td class=\"column-5\">9<\/td><td class=\"column-6\">1.5<\/td><td class=\"column-7\">39<\/td>\n<\/tr>\n<tr class=\"row-3\">\n\t<td class=\"column-1\">APC15-2S-N<\/td><td class=\"column-2\">150<\/td><td class=\"column-3\">220<\/td><td class=\"column-4\">50<\/td><td class=\"column-5\">16<\/td><td class=\"column-6\">3.0<\/td><td class=\"column-7\">39<\/td>\n<\/tr>\n<tr class=\"row-4\">\n\t<td class=\"column-1\">APC20-3S-N<\/td><td class=\"column-2\">200<\/td><td class=\"column-3\">220<\/td><td class=\"column-4\">50<\/td><td class=\"column-5\">18<\/td><td class=\"column-6\">4.2<\/td><td class=\"column-7\">43<\/td>\n<\/tr>\n<\/tbody>\n<\/table>\n<!-- #tablepress-43 from cache --><\/div>\n<\/div>\n<div><\/div>\n<div class=\"woocb\"><a class=\"wocb\" href=\"http:\/\/www.beiaole.com\/wp-content\/uploads\/2025\/08\/d3.10.2.pdf\" target=\"_blank\" rel=\"noopener\">\u015fekil<\/a><\/div>\n<div><\/div>","protected":false},"excerpt":{"rendered":"<ul>\n<li>\n<h2>Enerji verimli bak\u0131r motor:<\/h2>\n<p>Saf bak\u0131r \u00e7ekirdekli motorlu rulmanlar, istikrarl\u0131 performans\u0131 ve sessizlikte \u00e7al\u0131\u015fmay\u0131 sa\u011flar.<\/li>\n<li>\n<h2>P\u00fcr\u00fczs\u00fcz hava ak\u0131\u015f\u0131 sistemi:<\/h2>\n<p>Entegre \u015fasi ve hava kanal\u0131 diren\u00e7 azalt ve teslim eder G\u00fc\u00e7l\u00fc\u202fSilent\u202fVentilasyon.<\/li>\n<li>\n<h2>Dayan\u0131kl\u0131 ABS\u202fConstruction:<\/h2>\n<p>Hafif ve korozyona dayan\u0131kl\u0131 beden, \u0131s\u0131ya, nemlili\u011fe ve zamana g\u00f6re deformasyona kar\u015f\u0131 diren\u00e7 g\u00f6sterir.<\/li>\n<li>\n<h2>D\u00fc\u015f\u00fck g\u00fcr\u00fclt\u00fcl\u00fc i\u015flem:<\/h2>\n<p>\u202fAsl\u0131nda\u202fAsly\u202fAsly\u202f39\u201343\u202fDB(A)\u202fHuzurlu Banyo veya Ofis \u00c7evreleri i\u00e7in \u00e7al\u0131\u015f\u0131r.<\/li>\n<li>\n<h2>Kompakt Tasar\u0131m:<\/h2>\n<p>K\u00fc\u00e7\u00fck daireler veya aile banyolar\u0131 i\u00e7in m\u00fckemmel bir \u015fekilde duvarlara veya tavanlara uyar.<\/li>\n<li>\n<h2>Kolay temizlik ve bak\u0131m:<\/h2>\n<p>Uzun s\u00fcreli taze performans i\u00e7in p\u00fcr\u00fczs\u00fcz y\u00fczey siperleri temiz.<\/li>\n<li>\n<h2>\u00c7oklu boyut se\u00e7enekleri:<\/h2>\n<p>100 mm,150mm,ve200mm\u202famimetreler, farkl\u0131 oda ciltlerini e\u015fle\u015ftirmek i\u00e7in kullan\u0131labilir.<\/li>\n<\/ul>\n<hr \/>","protected":false},"featured_media":4819,"comment_status":"open","ping_status":"closed","template":"","meta":{"_acf_changed":false},"product_brand":[],"product_cat":[28],"product_tag":[],"class_list":{"0":"post-4785","1":"product","2":"type-product","3":"status-publish","4":"has-post-thumbnail","6":"product_cat-exhaust-fan","8":"first","9":"outofstock","10":"taxable","11":"shipping-taxable","12":"purchasable","13":"product-type-variable"},"acf":[],"_links":{"self":[{"href":"https:\/\/www.ecvents.com\/tr\/wp-json\/wp\/v2\/product\/4785","targetHints":{"allow":["GET"]}}],"collection":[{"href":"https:\/\/www.ecvents.com\/tr\/wp-json\/wp\/v2\/product"}],"about":[{"href":"https:\/\/www.ecvents.com\/tr\/wp-json\/wp\/v2\/types\/product"}],"replies":[{"embeddable":true,"href":"https:\/\/www.ecvents.com\/tr\/wp-json\/wp\/v2\/comments?post=4785"}],"wp:featuredmedia":[{"embeddable":true,"href":"https:\/\/www.ecvents.com\/tr\/wp-json\/wp\/v2\/media\/4819"}],"wp:attachment":[{"href":"https:\/\/www.ecvents.com\/tr\/wp-json\/wp\/v2\/media?parent=4785"}],"wp:term":[{"taxonomy":"product_brand","embeddable":true,"href":"https:\/\/www.ecvents.com\/tr\/wp-json\/wp\/v2\/product_brand?post=4785"},{"taxonomy":"product_cat","embeddable":true,"href":"https:\/\/www.ecvents.com\/tr\/wp-json\/wp\/v2\/product_cat?post=4785"},{"taxonomy":"product_tag","embeddable":true,"href":"https:\/\/www.ecvents.com\/tr\/wp-json\/wp\/v2\/product_tag?post=4785"}],"curies":[{"name":"zamk","href":"https:\/\/api.w.org\/{rel}","templated":true}]}}