{"id":4789,"date":"2026-03-19T06:04:37","date_gmt":"2026-03-19T11:04:37","guid":{"rendered":"https:\/\/www.ecvents.com\/?post_type=product&#038;p=4789"},"modified":"2026-03-19T06:05:14","modified_gmt":"2026-03-19T11:05:14","slug":"sap-panel-tavan-vantilatoru","status":"publish","type":"product","link":"https:\/\/www.ecvents.com\/tr\/product\/sap-panel-tavan-vantilatoru\/","title":{"rendered":"\u015fap panel tavan vantilat\u00f6r\u00fc"},"content":{"rendered":"<div class=\"someee\">\n<h2><strong>Kompakt g\u00fc\u00e7. sessiz g\u00fcvenilirlik. G\u00fcnl\u00fck konfor i\u00e7in \u00fcretilmi\u015ftir.<\/strong><\/h2>\n<p>bira\u00a0<strong>\u015eapkal\u0131 Panel Tavan Fan<\/strong>\u00a0Kompakt, sade bir bi\u00e7imde sessiz, verimli hava ak\u0131\u015f\u0131 sa\u011flar\u2014\u00d6zet almadan konfor gerektiren alanlar i\u00e7in idealdir. Tavanlara sorunsuz bir \u015fekilde uyum sa\u011flamak i\u00e7in tasarlanan bu, hem konut hem de ticari i\u00e7 mekanlara uygun temiz, modern bir esteti\u011fi korurken havan\u0131n sorunsuz hareket etmesini sa\u011flar.<\/p>\n<p>\u00d6z\u00fcnde bir\u00a0<strong>T\u00fcm bak\u0131r, enerji tasarrufu sa\u011flayan motor<\/strong>\u00a0taraf\u0131ndan desteklenen\u00a0<strong>Y\u00fcksek kaliteli \u202fBiller<\/strong>, uzun \u00f6m\u00fcrl\u00fc stabilite ve d\u00fc\u015f\u00fck g\u00fcr\u00fclt\u00fc performans\u0131 sa\u011flar. Aerodinamik \u015fasi ve hava kanal\u0131 yap\u0131s\u0131, s\u00fcrekli kullan\u0131mda bile, titre\u015fimi azaltacak, sabit hava ak\u0131\u015f\u0131n\u0131 koruyacak ve \u00fcr\u00fcn \u00f6mr\u00fcn\u00fc uzatacak \u015fekilde \u00e7al\u0131\u015facak \u015fekilde tasarlanm\u0131\u015ft\u0131r.<\/p>\n<p>Y\u00fcksek dayan\u0131mdan yap\u0131lm\u0131\u015f\u00a0<strong>abs\u202fplastik<\/strong>, fan hafif ama olduk\u00e7a dayan\u0131kl\u0131d\u0131r. Pas, korozyon ve deformasyona dayan\u0131kl\u0131, mutfak ve banyo gibi nemli ortamlar i\u00e7in m\u00fckemmel bir \u015fekilde uygundur. Sleek300\u00d7300mm\u202fPanel modern mimariyi tamamlarken, kolay montajl\u0131 kurulum, do\u011frudan tavanlara veya havaland\u0131rma \u0131zgaralar\u0131na h\u0131zl\u0131 montaj sa\u011flar.<\/p>\n<p>Bak\u0131m\u0131 ve uzun \u00f6m\u00fcrl\u00fc olmas\u0131 i\u00e7in geli\u015ftirilen AlumPanel-ceiling-Fan, i\u015flevselli\u011fi ince zarafetle e\u015fle\u015ftirir\u2014g\u00fcnd\u00fcz g\u00fcvenilir bir \u015fekilde \u00e7al\u0131\u015fan sessiz bir performans sergiler.<\/p>\n<\/div>\n<hr \/>\n<p>Boyutlar (birim: mm):<\/p>\n<div class=\"scroll-table-wrapper\">\n<div class=\"scroll-table\">\n<table id=\"tablepress-44\" class=\"tablepress tablepress-id-44\">\n<thead>\n<tr class=\"row-1\">\n\t<th class=\"column-1\">model<\/th><th class=\"column-2\">A<\/th><th class=\"column-3\">B<\/th><th class=\"column-4\">C<\/th><th class=\"column-5\">d<\/th><th class=\"column-6\">D<\/th><th class=\"column-7\">E<\/th>\n<\/tr>\n<\/thead>\n<tbody class=\"row-striping row-hover\">\n<tr class=\"row-2\">\n\t<td class=\"column-1\">BPT10-23<\/td><td class=\"column-2\">300<\/td><td class=\"column-3\">300<\/td><td class=\"column-4\">100<\/td><td class=\"column-5\">98<\/td><td class=\"column-6\">363<\/td><td class=\"column-7\">237<\/td>\n<\/tr>\n<\/tbody>\n<\/table>\n<!-- #tablepress-44 from cache --><\/div>\n<\/div>\n<div><\/div>\n<div class=\"woocb\"><a class=\"wocb\" href=\"http:\/\/www.beiaole.com\/wp-content\/uploads\/2025\/08\/d3.11.1.pdf\" target=\"_blank\" rel=\"noopener\">\u015fekil<\/a><\/div>\n<div><\/div>\n<p><img loading=\"lazy\" decoding=\"async\" class=\"aligncenter wp-image-17200 size-large\" src=\"http:\/\/www.beiaole.com\/wp-content\/uploads\/2025\/08\/s3.12-653x1024.png\" alt=\"Alum Panel Ceiling Fan-size\" width=\"653\" height=\"1024\" data-no-translation=\"\" \/><br \/>\nPerformans:<\/p>\n<div class=\"scroll-table-wrapper\">\n<div class=\"scroll-table\">\n<table id=\"tablepress-45\" class=\"tablepress tablepress-id-45\">\n<thead>\n<tr class=\"row-1\">\n\t<th class=\"column-1\">model<\/th><th class=\"column-2\">Voltaj(V)\/Frekans(Hz)<\/th><th class=\"column-3\">g\u00fc\u00e7(w)<\/th><th class=\"column-4\">Hava ak\u0131\u015f\u0131 (m\u00b3\/saat)<\/th><th class=\"column-5\">Statik Bas\u0131n\u00e7 (PA)<\/th><th class=\"column-6\">G\u00fcr\u00fclt\u00fc(dB(A))<\/th><th class=\"column-7\">g.w(kg)<\/th><th class=\"column-8\">Kanal Boyutu<br \/>\n(mm)<\/th><th class=\"column-9\">Panel Boyutu (mm)<\/th><th class=\"column-10\">Delik Boyutu (mm)<\/th>\n<\/tr>\n<\/thead>\n<tbody class=\"row-striping row-hover\">\n<tr class=\"row-2\">\n\t<td class=\"column-1\">BPT-10-23<\/td><td class=\"column-2\">200V ~ 50Hz<\/td><td class=\"column-3\">30<\/td><td class=\"column-4\">180<\/td><td class=\"column-5\">98<\/td><td class=\"column-6\">42<\/td><td class=\"column-7\">2.1<\/td><td class=\"column-8\">100<\/td><td class=\"column-9\">300x300<\/td><td class=\"column-10\">300x300<\/td>\n<\/tr>\n<\/tbody>\n<\/table>\n<!-- #tablepress-45 from cache --><\/div>\n<\/div>\n<div><\/div>\n<div class=\"woocb\"><a class=\"wocb\" href=\"http:\/\/www.beiaole.com\/wp-content\/uploads\/2025\/08\/d3.11.2.pdf\" target=\"_blank\" rel=\"noopener\">\u015fekil<\/a><\/div>\n<div><\/div>","protected":false},"excerpt":{"rendered":"<ul>\n<li>\n<h2>Enerji verimli motor:<\/h2>\n<p>T\u00fcm bak\u0131r \u00e7ekirdek motor, kararl\u0131\u202fSa\u011fl\u0131kl\u0131\u202fG\u00fc\u00e7 tutma g\u00fcc\u00fcn d\u00fc\u015f\u00fck(30\u202fW).<\/li>\n<li>\n<h2>Sabit hava ak\u0131\u015f\u0131:<\/h2>\n<p>hava hacmi<strong>180 \u202f m\u00b3\/saat<\/strong>\u202fve\u202fstatik bask\u0131s\u0131\u202f\u202f<strong>98\u202f<\/strong>G\u00fc\u00e7l\u00fc, tutarl\u0131 performans sa\u011flamak.<\/li>\n<li>\n<h2>D\u00fc\u015f\u00fck g\u00fcr\u00fclt\u00fcl\u00fc i\u015flem:<\/h2>\n<p>\u202fSakin ol<strong>42\u202fDB(A)<\/strong>\u202fAsk\u00e2b\u0131-evler veya ofisler i\u00e7in m\u00fckemmel-uzayl\u0131-m\u00fckemmel bir \u015fey.<\/li>\n<li>\n<h2>Dayan\u0131kl\u0131 ABS\u202fConstruction:<\/h2>\n<p>Pass\u0131z, etkiye dayan\u0131kl\u0131, ve in\u015fa edilmi\u015f nemlili\u011fe ve s\u0131cakl\u0131k dalgalanmalar\u0131na dayanacak \u015fekilde in\u015fa edilmi\u015ftir.<\/li>\n<li>\n<h2>Kompakt Tasar\u0131m:<\/h2>\n<p>\u202fFlush\u202fStandart'a Uyar<strong>300\u00d7\u202f300mm<\/strong>Paneller ve e\u015fle\u015fmeler<strong>100 mm\u202fKutu boyutu<\/strong>Kolay entegrasyon i\u00e7in.<\/li>\n<li>\n<h2>Bak\u0131m kolayl\u0131\u011f\u0131:<\/h2>\n<p>p\u00fcr\u00fczs\u00fcz y\u00fczey ve eri\u015filebilir yap\u0131\u202ftemizli\u011fi d\u00fcz ileri ve aletsiz hale getirir.<\/li>\n<li>\n<h2>Hafif yap\u0131:<\/h2>\n<p>Sadece\u202fAst\u202fAmpre2.1kg,kurulum basit, g\u00fcvenli ve h\u0131zl\u0131d\u0131r.<\/li>\n<\/ul>\n<hr \/>","protected":false},"featured_media":4820,"comment_status":"open","ping_status":"closed","template":"","meta":{"_acf_changed":false},"product_brand":[],"product_cat":[28],"product_tag":[],"class_list":{"0":"post-4789","1":"product","2":"type-product","3":"status-publish","4":"has-post-thumbnail","6":"product_cat-exhaust-fan","8":"first","9":"outofstock","10":"taxable","11":"shipping-taxable","12":"purchasable","13":"product-type-simple"},"acf":[],"_links":{"self":[{"href":"https:\/\/www.ecvents.com\/tr\/wp-json\/wp\/v2\/product\/4789","targetHints":{"allow":["GET"]}}],"collection":[{"href":"https:\/\/www.ecvents.com\/tr\/wp-json\/wp\/v2\/product"}],"about":[{"href":"https:\/\/www.ecvents.com\/tr\/wp-json\/wp\/v2\/types\/product"}],"replies":[{"embeddable":true,"href":"https:\/\/www.ecvents.com\/tr\/wp-json\/wp\/v2\/comments?post=4789"}],"wp:featuredmedia":[{"embeddable":true,"href":"https:\/\/www.ecvents.com\/tr\/wp-json\/wp\/v2\/media\/4820"}],"wp:attachment":[{"href":"https:\/\/www.ecvents.com\/tr\/wp-json\/wp\/v2\/media?parent=4789"}],"wp:term":[{"taxonomy":"product_brand","embeddable":true,"href":"https:\/\/www.ecvents.com\/tr\/wp-json\/wp\/v2\/product_brand?post=4789"},{"taxonomy":"product_cat","embeddable":true,"href":"https:\/\/www.ecvents.com\/tr\/wp-json\/wp\/v2\/product_cat?post=4789"},{"taxonomy":"product_tag","embeddable":true,"href":"https:\/\/www.ecvents.com\/tr\/wp-json\/wp\/v2\/product_tag?post=4789"}],"curies":[{"name":"zamk","href":"https:\/\/api.w.org\/{rel}","templated":true}]}}