{"id":4790,"date":"2026-03-19T06:04:37","date_gmt":"2026-03-19T11:04:37","guid":{"rendered":"https:\/\/www.ecvents.com\/?post_type=product&#038;p=4790"},"modified":"2026-03-19T06:05:27","modified_gmt":"2026-03-19T11:05:27","slug":"asansor-hava-perdesi","status":"publish","type":"product","link":"https:\/\/www.ecvents.com\/tr\/product\/asansor-hava-perdesi\/","title":{"rendered":"asans\u00f6r hava perdesi"},"content":{"rendered":"<div class=\"someee\">\n<h2><strong>temiz hava. sessiz konfor. Modern asans\u00f6rler i\u00e7in \u00fcretilmi\u015ftir.<\/strong><\/h2>\n<p>bira\u00a0<strong>Asans\u00f6r\u202fAirParta<\/strong>\u00a0sadece makine de\u011fil, insanlarla tasarlanm\u0131\u015ft\u0131r. Kap\u0131lar kapand\u0131\u011f\u0131 anda an\u0131nda rahatl\u0131k hissi yarat\u0131r, kabinin i\u00e7indeki havay\u0131 ikinci bir d\u00fc\u015f\u00fcnce olmadan taze, serin ve ho\u015f bir \u015fekilde dengeler.<\/p>\n<p>A\u00a0<strong>Yerle\u015fik-insan-ind\u00fcksiyonu<\/strong>\u00a0\u00c7al\u0131\u015fmay\u0131 zahmetsiz ve otomatik hale getirir. Fan, yolcular girer girmez harekete ge\u00e7er ve birka\u00e7 dakikal\u0131k hareketsizlikten sonra kendini nazik\u00e7e kapat\u0131r. Bu ak\u0131ll\u0131 tasar\u0131m enerji tasarrufu sa\u011flar, israf\u0131 ortadan kald\u0131r\u0131r ve sistemin yaln\u0131zca ger\u00e7ekten ihtiya\u00e7 duyuldu\u011funda \u00e7al\u0131\u015fmas\u0131n\u0131 sa\u011flar.<\/p>\n<p>Rahatl\u0131k detaylarda. bira\u00a0<strong>15 \u00b0 \u201cAlt\u0131n a\u00e7\u0131\u201d\u202fAirflow<\/strong>\u00a0Sert taslaklar veya s\u0131cakl\u0131k dengesizli\u011fi olmadan ferahlat\u0131c\u0131, do\u011fal bir atmosferi koruyarak y\u00fcze yumu\u015fak, e\u015fit bir esinti y\u00f6nlendirir.<\/p>\n<p>\u0130\u00e7eride, fan sessiz g\u00fc\u00e7 i\u00e7in \u00fcretilmi\u015ftir.\u00a0<strong>Hassas\u202fSteel\u202fRulmanlar<\/strong>\u00a0Uzun servis \u00f6mr\u00fc ve minimum a\u015f\u0131nma i\u00e7in \u00f6nceden ya\u011flan\u0131r, bu da bug\u00fcn duydu\u011funuz ayn\u0131 sessiz u\u011fultunun bundan y\u0131llar sonra da ayn\u0131 \u015fekilde ses \u00e7\u0131karmas\u0131n\u0131 sa\u011flar.<\/p>\n<p>Kompakt, verimli ve otomatik olan Asans\u00f6rAirPurtain, k\u00fc\u00e7\u00fck alanlar\u0131 ince bir konforla yeniden \u015fekillendirir\u2014Yolcular\u0131n her s\u00fcr\u00fc\u015f\u00fc takdir etti\u011fi zarif bir son dokunu\u015f.<\/p>\n<\/div>\n<hr \/>\n<p>Performans:<\/p>\n<div class=\"scroll-table-wrapper\">\n<div class=\"scroll-table\">\n<table id=\"tablepress-53\" class=\"tablepress tablepress-id-53\">\n<thead>\n<tr class=\"row-1\">\n\t<th class=\"column-1\">model<\/th><th class=\"column-2\">Boyutlar(mm)<\/th><th class=\"column-3\">voltaj(v)<\/th><th class=\"column-4\">frekans (Hz)<\/th><th class=\"column-5\">g\u00fc\u00e7(w)<\/th><th class=\"column-6\">H\u0131z (m\/s)<\/th><th class=\"column-7\">Hava ak\u0131\u015f\u0131 (m\u00b3\/saat)<\/th><th class=\"column-8\">G\u00fcr\u00fclt\u00fc(dB)<\/th><th class=\"column-9\">a\u011f\u0131rl\u0131k(kg)<\/th>\n<\/tr>\n<\/thead>\n<tbody class=\"row-striping row-hover\">\n<tr class=\"row-2\">\n\t<td class=\"column-1\">FM-125-08DT<br \/>\n(anahtar anahtar\u0131)<\/td><td class=\"column-2\">800x146x173<\/td><td class=\"column-3\">220<\/td><td class=\"column-4\">50<\/td><td class=\"column-5\">80<\/td><td class=\"column-6\">7.5<\/td><td class=\"column-7\">860<\/td><td class=\"column-8\">\u226449<\/td><td class=\"column-9\">5<\/td>\n<\/tr>\n<tr class=\"row-3\">\n\t<td class=\"column-1\"> FM-125-08DT<br \/>\n(end\u00fcktif anahtar)<\/td><td class=\"column-2\">800\u00d7146x173<\/td><td class=\"column-3\">220<\/td><td class=\"column-4\">50<\/td><td class=\"column-5\">80<\/td><td class=\"column-6\">7.5<\/td><td class=\"column-7\">860<\/td><td class=\"column-8\">\u226449<\/td><td class=\"column-9\">5<\/td>\n<\/tr>\n<\/tbody>\n<\/table>\n<!-- #tablepress-53 from cache --><\/div>\n<\/div>\n<div><\/div>\n<div class=\"woocb\"><a class=\"wocb\" href=\"http:\/\/www.beiaole.com\/wp-content\/uploads\/2025\/10\/d4.1.pdf\" target=\"_blank\" rel=\"noopener\">\u015fekil<\/a><\/div>\n<div><\/div>","protected":false},"excerpt":{"rendered":"<ul>\n<li>\n<h2>Otomatik ind\u00fcksiyon kontrol\u00fc:<\/h2>\n<p>\u201c\u0130nsan-beden\u201d--------------------------------------------------------------------------------------------------------------------------------------------------------------------------------------------------------------------------.<\/li>\n<li>\n<h2>M\u00fckemmel\u202fA\u00e7\u0131k:<\/h2>\n<p>15 derece\u202f\u201cAlt\u0131n a\u00e7\u0131\u201d\u202fTasar\u0131m, taslaks\u0131z yenileyen nazik do\u011fal hava ak\u0131\u015f\u0131n\u0131 sa\u011flar.<\/li>\n<li>\n<h2>\u0130ki kontrol se\u00e7ene\u011fi:<\/h2>\n<p>Esnek i\u015flem i\u00e7in manuel anahtar anahtar\u0131 ile kullan\u0131labilir.<\/li>\n<li>\n<h2>Sessiz performans:<\/h2>\n<p>Seviyeleri, asl\u0131\u202f49DBBLEND'nin, y\u00fckselticinin 'mubl'a's\u0131'na benzer bir \u015fekilde, ''Daha'' ''DB'' ''Daha'' ''DB'' ''DB'' ''Daha'' ''DB'' ''DB'' ''DB'' ''Daha'' ''DB'' ''DB'' ''Daha'' ''DB'' ''DB'' ''Daha'' ''D.<\/li>\n<li>\n<h2>Dayan\u0131kl\u0131 Mekanik:<\/h2>\n<p>\u00c7elik rulmanlar ve d\u00fc\u015f\u00fck titre\u015fimli motor \u00e7al\u0131\u015f\u0131r.<\/li>\n<li>\n<h2>Kompakt Tasar\u0131m:<\/h2>\n<p>Slimbody\u202f(800\u00d7146\u00d7173\u202f\u00d7173\u202fMM)\u202fKanopies veya tavan yap\u0131lar\u0131 kolayl\u0131kla uyum sa\u011flar.<\/li>\n<li>\n<h2>Enerji tasarrufu verimlili\u011fi:<\/h2>\n<p>\u202fSadece\u202f80\u202fG\u00fc\u00e7'\u00fcn g\u00fcc\u00fcne do\u011fru \u00e7eker, hava ak\u0131\u015f\u0131 sa\u011flarken hava ak\u0131\u015f\u0131 860m\u00b3\/Hat\u202f7.5m\/sn.<\/li>\n<\/ul>\n<hr \/>","protected":false},"featured_media":4821,"comment_status":"open","ping_status":"closed","template":"","meta":{"_acf_changed":false},"product_brand":[],"product_cat":[65],"product_tag":[],"class_list":{"0":"post-4790","1":"product","2":"type-product","3":"status-publish","4":"has-post-thumbnail","6":"product_cat-air-curtain","8":"first","9":"instock","10":"taxable","11":"shipping-taxable","12":"purchasable","13":"product-type-variable","14":"has-default-attributes"},"acf":[],"_links":{"self":[{"href":"https:\/\/www.ecvents.com\/tr\/wp-json\/wp\/v2\/product\/4790","targetHints":{"allow":["GET"]}}],"collection":[{"href":"https:\/\/www.ecvents.com\/tr\/wp-json\/wp\/v2\/product"}],"about":[{"href":"https:\/\/www.ecvents.com\/tr\/wp-json\/wp\/v2\/types\/product"}],"replies":[{"embeddable":true,"href":"https:\/\/www.ecvents.com\/tr\/wp-json\/wp\/v2\/comments?post=4790"}],"wp:featuredmedia":[{"embeddable":true,"href":"https:\/\/www.ecvents.com\/tr\/wp-json\/wp\/v2\/media\/4821"}],"wp:attachment":[{"href":"https:\/\/www.ecvents.com\/tr\/wp-json\/wp\/v2\/media?parent=4790"}],"wp:term":[{"taxonomy":"product_brand","embeddable":true,"href":"https:\/\/www.ecvents.com\/tr\/wp-json\/wp\/v2\/product_brand?post=4790"},{"taxonomy":"product_cat","embeddable":true,"href":"https:\/\/www.ecvents.com\/tr\/wp-json\/wp\/v2\/product_cat?post=4790"},{"taxonomy":"product_tag","embeddable":true,"href":"https:\/\/www.ecvents.com\/tr\/wp-json\/wp\/v2\/product_tag?post=4790"}],"curies":[{"name":"zamk","href":"https:\/\/api.w.org\/{rel}","templated":true}]}}