{"id":4797,"date":"2026-03-19T06:05:03","date_gmt":"2026-03-19T11:05:03","guid":{"rendered":"https:\/\/www.ecvents.com\/?post_type=product&#038;p=4797"},"modified":"2026-03-19T06:05:51","modified_gmt":"2026-03-19T11:05:51","slug":"capraz-akisli-hava-perdesi-b-serisi","status":"publish","type":"product","link":"https:\/\/www.ecvents.com\/tr\/product\/capraz-akisli-hava-perdesi-b-serisi\/","title":{"rendered":"\u00c7apraz ak\u0131\u015fl\u0131 hava perdesi B serisi"},"content":{"rendered":"<div class=\"someee\">\n<h2><strong>P\u00fcr\u00fczs\u00fcz hava ak\u0131\u015f\u0131. sessiz g\u00fc\u00e7. G\u00fcnl\u00fck konfor i\u00e7in \u00fcretilmi\u015ftir.<\/strong><\/h2>\n<p>bira\u00a0<strong>\u00c7apraz ak\u0131\u015f\u202fCurtainB Serisi<\/strong>\u00a0En \u00e7ok kulland\u0131\u011f\u0131n\u0131z alanlar i\u00e7in \u00fcretilmi\u015ftir - daha temiz havay\u0131 ve daha istikrarl\u0131 bir atmosferi hak eden kar\u015f\u0131lama alanlar\u0131, restoranlar, ma\u011fazalar ve ofisler. Dikkat gerektirmez; bir kap\u0131 her a\u00e7\u0131ld\u0131\u011f\u0131nda havay\u0131 temiz, dengeli ve rahat tutar, arka planda sessizce \u00e7al\u0131\u015f\u0131r.<\/p>\n<p>A\u00e7\u0131ld\u0131\u011f\u0131nda, hava ak\u0131\u015f\u0131 do\u011fal ve e\u015fit hisseder. bira\u00a0<strong>Y\u00fcksek hassasiyetli ABS\u202f\u00c7apraz ak\u0131\u015f \u00e7ark\u0131<\/strong>\u00a0-\u00a0<strong>Saf bak\u0131r motor<\/strong>\u00a0hareket halinde hareket eden d\u00fczg\u00fcn bir hava bariyeri olu\u015fturmak\u00a0<strong>9\u201311\u202fm\/s<\/strong>. Toz, b\u00f6cek ve istenmeyen kokular\u0131 engellerken klima sisteminizin verimli kalmas\u0131na yard\u0131mc\u0131 olur. Sonu\u00e7, kararl\u0131 s\u0131cakl\u0131k, daha d\u00fc\u015f\u00fck enerji kullan\u0131m\u0131 ve daha temiz hava gibi olmak i\u00e7in daha iyi hissettiren daha taze bir odad\u0131r.<\/p>\n<p>Dayan\u0131kl\u0131l\u0131k ve sessiz zarafet i\u00e7in tasarlanan b\u202fSeries,\u00a0<strong>T\u00fcm metal kabuk<\/strong>\u00a0Rafine konturlar\u0131 ve a\u015f\u0131nmaya ve korozyona dayan\u0131kl\u0131 dayan\u0131kl\u0131 bir y\u00fczeye sahiptir. \u0130\u00e7eride, sistem a\u015f\u0131r\u0131 test edildi\u00a0<strong>8.000 \u202fSaatlik s\u00fcrekli \u00e7al\u0131\u015fma<\/strong>, yani bir kez kurdu\u011funuz ve y\u0131llarca g\u00fcvendi\u011finiz ekipman t\u00fcr\u00fcd\u00fcr.<\/p>\n<p>Kontrol sezgiseldir: bir\u00a0<strong>\u0130ki h\u0131zl\u0131 se\u00e7ici \u202fAnahtar<\/strong>\u00a0Hava ak\u0131\u015f\u0131n\u0131 \u00e7evrenize uygun \u015fekilde ayarlaman\u0131z\u0131 sa\u011flarken,\u00a0<strong>Ayarlanabilir\u202fAir\u202fGuideBar<\/strong>\u00a0Basit bir dokunu\u015fla r\u00fczgar y\u00f6n\u00fcn\u00fc ince ayarlar. Her y\u00f6n\u00fc basit ve pratik hissettirir - gerekti\u011finde g\u00fc\u00e7l\u00fc, tercih edildi\u011finde naziktir.<\/p>\n<p>Verimli, uzun \u00f6m\u00fcrl\u00fc ve sessizce g\u00fcvenilir, \u00e7apraz ak\u0131\u015fl\u0131 perde B serisi, ince bir tatmin t\u00fcr\u00fc getiriyor - temiz, iyi y\u00f6netilen havan\u0131n rahatl\u0131\u011f\u0131, zahmetsizce teslim edildi.<\/p>\n<\/div>\n<hr \/>\n<p>Performans:<\/p>\n<div class=\"scroll-table-wrapper\">\n<div class=\"scroll-table\">\n<table id=\"tablepress-55\" class=\"tablepress tablepress-id-55\">\n<thead>\n<tr class=\"row-1\">\n\t<th class=\"column-1\">model<\/th><th class=\"column-2\">Boyutlar(mm)<\/th><th class=\"column-3\">voltaj(v)<\/th><th class=\"column-4\">frekans (Hz)<\/th><th class=\"column-5\">g\u00fc\u00e7(w)<\/th><th class=\"column-6\">H\u0131z (m\/s)<\/th><th class=\"column-7\">Hava ak\u0131\u015f\u0131 (m\u00b3\/saat)<\/th><th class=\"column-8\">G\u00fcr\u00fclt\u00fc(dB)<\/th><th class=\"column-9\">a\u011f\u0131rl\u0131k(kg)<\/th>\n<\/tr>\n<\/thead>\n<tbody class=\"row-striping row-hover\">\n<tr class=\"row-2\">\n\t<td class=\"column-1\">FM-4009<\/td><td class=\"column-2\">900x175\u00d7210<\/td><td class=\"column-3\">220<\/td><td class=\"column-4\">50<\/td><td class=\"column-5\">160<\/td><td class=\"column-6\">9-11<\/td><td class=\"column-7\">1630<\/td><td class=\"column-8\">53<\/td><td class=\"column-9\">10.5<\/td>\n<\/tr>\n<tr class=\"row-3\">\n\t<td class=\"column-1\">FM-4010<\/td><td class=\"column-2\">1000x175x210<\/td><td class=\"column-3\">220<\/td><td class=\"column-4\">50<\/td><td class=\"column-5\">185<\/td><td class=\"column-6\">9-11<\/td><td class=\"column-7\">1910<\/td><td class=\"column-8\">54<\/td><td class=\"column-9\">11.5<\/td>\n<\/tr>\n<tr class=\"row-4\">\n\t<td class=\"column-1\">FM-4012<\/td><td class=\"column-2\">1200x175\u00d7210<\/td><td class=\"column-3\">220<\/td><td class=\"column-4\">50<\/td><td class=\"column-5\">220<\/td><td class=\"column-6\">9-11<\/td><td class=\"column-7\">2500<\/td><td class=\"column-8\">54<\/td><td class=\"column-9\">13<\/td>\n<\/tr>\n<tr class=\"row-5\">\n\t<td class=\"column-1\">FM-4015<\/td><td class=\"column-2\">1500x175x210<\/td><td class=\"column-3\">220<\/td><td class=\"column-4\">50<\/td><td class=\"column-5\">260<\/td><td class=\"column-6\">9-11<\/td><td class=\"column-7\">3580<\/td><td class=\"column-8\">55<\/td><td class=\"column-9\">15.7<\/td>\n<\/tr>\n<tr class=\"row-6\">\n\t<td class=\"column-1\">FM-4018<\/td><td class=\"column-2\">1800\u00d7175\u00d7210<\/td><td class=\"column-3\">220<\/td><td class=\"column-4\">50<\/td><td class=\"column-5\">320<\/td><td class=\"column-6\">9-11<\/td><td class=\"column-7\">3900<\/td><td class=\"column-8\">56<\/td><td class=\"column-9\">18<\/td>\n<\/tr>\n<tr class=\"row-7\">\n\t<td class=\"column-1\">FM-4020<\/td><td class=\"column-2\">2000x175x210<\/td><td class=\"column-3\">220<\/td><td class=\"column-4\">50<\/td><td class=\"column-5\">350<\/td><td class=\"column-6\">9-11<\/td><td class=\"column-7\">4280<\/td><td class=\"column-8\">56<\/td><td class=\"column-9\">19.1<\/td>\n<\/tr>\n<\/tbody>\n<\/table>\n<!-- #tablepress-55 from cache --><\/div>\n<\/div>\n<div><\/div>\n<div class=\"woocb\"><a class=\"wocb\" href=\"http:\/\/www.beiaole.com\/wp-content\/uploads\/2025\/09\/d4.3.pdf\" target=\"_blank\" rel=\"noopener\">\u015fekil<\/a><\/div>\n<div><\/div>","protected":false},"excerpt":{"rendered":"<ul>\n<li>\n<h2>Sabit hava bariyeri:<\/h2>\n<p>\u202f\u00dcniforma hava ak\u0131\u015f\u0131 sa\u011flar.9\u201311m\/s\u202fAyr\u0131ca kapal\u0131 ve d\u0131\u015f mekan \u00e7evreleri Smooth.<\/li>\n<li>\n<h2>Enerji verimli performans:<\/h2>\n<p>Is\u0131 kayb\u0131n\u0131 azaltarak ve ko\u015fullu havay\u0131 i\u00e7eride tutarak HVAC'\u0131n etkinli\u011fini art\u0131r\u0131r.<\/li>\n<li>\n<h2>Sessiz i\u015flem:<\/h2>\n<p>53\u201356DB'den d\u00fc\u015f\u00fck g\u00fcr\u00fclt\u00fc seviyeleri, restoranlar, ofisler, ve perakende bo\u015fluklar\u0131 i\u00e7in onu ideal k\u0131lar.<\/li>\n<li>\n<h2>Dayan\u0131kl\u0131\u202fT\u00fcm metal-metal Konut:<\/h2>\n<p>Uzun s\u00fcreli kullan\u0131m i\u00e7in 'zarif' kaplanm\u0131\u015f sonland\u0131rma pas ve giyim.<\/li>\n<li>\n<h2>Y\u00fcksek hassasiyetli \u00e7apraz ak\u0131\u015fl\u0131 \u00e7ark:<\/h2>\n<p>\u202fAbs\u202fImpeller ve saf bak\u0131r motorlu-Minimum titre\u015fimli hava ak\u0131\u015f\u0131.<\/li>\n<li>\n<h2>\u00c7ift h\u0131z kontrol\u00fc:<\/h2>\n<p>\u202fBasit\u202fTwo\u2011H\u0131zl\u0131\u202fAnah\u00fcman Hava Ak\u0131\u015f\u0131\u202fAyr\u0131\u011f\u0131n Manuel Hava Ak\u0131\u015f\u0131.<\/li>\n<li>\n<h2>Ayarlanabilir\u202fAir\u202fGuideBar:<\/h2>\n<p>Kolayca havay\u0131 m\u00fckemmel bir kapsama ve rahatl\u0131k i\u00e7in ayarlay\u0131n.<\/li>\n<li>\n<h2>Uzun \u00f6m\u00fcrl\u00fc g\u00fcvenilirlik:<\/h2>\n<p>S\u00fcreklilik 8.000 saatin \u00fczerinde test edildi, performans kayb\u0131 olmadan.<\/li>\n<\/ul>\n<hr \/>","protected":false},"featured_media":4822,"comment_status":"open","ping_status":"closed","template":"","meta":{"_acf_changed":false},"product_brand":[],"product_cat":[65],"product_tag":[],"class_list":{"0":"post-4797","1":"product","2":"type-product","3":"status-publish","4":"has-post-thumbnail","6":"product_cat-air-curtain","8":"first","9":"instock","10":"taxable","11":"shipping-taxable","12":"purchasable","13":"product-type-variable","14":"has-default-attributes"},"acf":[],"_links":{"self":[{"href":"https:\/\/www.ecvents.com\/tr\/wp-json\/wp\/v2\/product\/4797","targetHints":{"allow":["GET"]}}],"collection":[{"href":"https:\/\/www.ecvents.com\/tr\/wp-json\/wp\/v2\/product"}],"about":[{"href":"https:\/\/www.ecvents.com\/tr\/wp-json\/wp\/v2\/types\/product"}],"replies":[{"embeddable":true,"href":"https:\/\/www.ecvents.com\/tr\/wp-json\/wp\/v2\/comments?post=4797"}],"wp:featuredmedia":[{"embeddable":true,"href":"https:\/\/www.ecvents.com\/tr\/wp-json\/wp\/v2\/media\/4822"}],"wp:attachment":[{"href":"https:\/\/www.ecvents.com\/tr\/wp-json\/wp\/v2\/media?parent=4797"}],"wp:term":[{"taxonomy":"product_brand","embeddable":true,"href":"https:\/\/www.ecvents.com\/tr\/wp-json\/wp\/v2\/product_brand?post=4797"},{"taxonomy":"product_cat","embeddable":true,"href":"https:\/\/www.ecvents.com\/tr\/wp-json\/wp\/v2\/product_cat?post=4797"},{"taxonomy":"product_tag","embeddable":true,"href":"https:\/\/www.ecvents.com\/tr\/wp-json\/wp\/v2\/product_tag?post=4797"}],"curies":[{"name":"zamk","href":"https:\/\/api.w.org\/{rel}","templated":true}]}}