{"id":4804,"date":"2026-03-19T06:05:04","date_gmt":"2026-03-19T11:05:04","guid":{"rendered":"https:\/\/www.ecvents.com\/?post_type=product&#038;p=4804"},"modified":"2026-03-19T06:05:51","modified_gmt":"2026-03-19T11:05:51","slug":"x5-santrifuj-serisi-hava-perdesi","status":"publish","type":"product","link":"https:\/\/www.ecvents.com\/tr\/product\/x5-santrifuj-serisi-hava-perdesi\/","title":{"rendered":"X5 Santrif\u00fcj Serisi Hava Perdesi"},"content":{"rendered":"<div class=\"someee\">\n<h2><strong>Rafine g\u00fc\u00e7. Sessiz hassasiyet. Modern giri\u015fler i\u00e7in \u00fcretilmi\u015ftir.<\/strong><\/h2>\n<p>bira\u00a0<strong>X5\u202fCentriFugal Serisi AirPertaj<\/strong>\u00a0Zarafet ve g\u00fcvenilirli\u011fi bir araya getiriyor - her g\u00fcn g\u00fcvenilir, y\u00fcksek performansl\u0131 hava ak\u0131\u015f\u0131 sa\u011flarken modern alanlar\u0131 tamamlayan rafine bir tasar\u0131m. Hem estetik hem de dayan\u0131kl\u0131l\u0131k i\u00e7in haz\u0131rlanm\u0131\u015f, i\u015flev ve stilin bir arada bulunmas\u0131 gereken giri\u015flere sorunsuz bir \u015fekilde entegre olur.<\/p>\n<p>bira\u00a0<strong>T\u00fcm metal g\u00f6vde<\/strong>\u00a0Temiz, minimalist bir g\u00f6r\u00fcn\u00fcm sa\u011flayan \u00f6n hava giri\u015fi ve alt \u00e7\u0131k\u0131\u015f\u0131 ile sa\u011flam ve sofistike bir his verir. \u0130nce detayland\u0131rma ve p\u00fcr\u00fczs\u00fcz y\u00fczey, butik vitrinlerden ofis lobilerine kadar her ortamda evde olmas\u0131n\u0131 sa\u011flar.<\/p>\n<p>Esneklik in\u015fa edilmi\u015ftir. bira\u00a0<strong>Ayarlanabilir\u202fAir\u202fGuideBar<\/strong>\u00a0Optimum kapsama alan\u0131 i\u00e7in hava ak\u0131\u015f\u0131 y\u00f6n\u00fcn\u00fc manuel olarak ince ayar yapman\u0131z\u0131 sa\u011flar.\u00a0<strong>\u00c7ift h\u0131z ayarlar\u0131<\/strong>\u00a0(Y\u00fcksek\/\u202fd\u00fc\u015f\u00fck) Kullan\u0131c\u0131lar\u0131n de\u011fi\u015fen ko\u015fullar veya mevsimler i\u00e7in hava ak\u0131\u015f\u0131n\u0131 ve g\u00fcr\u00fclt\u00fcy\u00fc dengelemelerine izin verin.<\/p>\n<p>\u0130\u00e7eride, hassas m\u00fchendislik parl\u0131yor. bira\u00a0<strong>Santrif\u00fcjl\u00fc-ultra-ince \u00e7ark<\/strong>\u00a0ile uyum i\u00e7inde \u00e7al\u0131\u015f\u0131r\u00a0<strong>Y\u00fcksek h\u0131zl\u0131 saf bak\u0131r motor<\/strong>, g\u00fc\u00e7l\u00fc ama ipeksi p\u00fcr\u00fczs\u00fcz hava ak\u0131\u015f\u0131 \u00fcretir. \u00fczerinde test edilmi\u015f\u00a0<strong>8.000 \u202fSaatlik s\u00fcrekli \u00e7al\u0131\u015fma<\/strong>, hem ticari hem de zorlu ortamlarda g\u00fcnl\u00fck kullan\u0131m i\u00e7in \u00fcretilmi\u015ftir.<\/p>\n<p>X5 Series, \u015f\u0131kl\u0131\u011f\u0131 dayan\u0131kl\u0131l\u0131kla birle\u015ftirir\u2014Modern bir giri\u015fin temiz hatlar\u0131n\u0131 korurken i\u00e7 mekan konforunu ve verimlili\u011fini koruyan sessiz, kendine g\u00fcvenen bir performans sergiler.<\/p>\n<\/div>\n<hr \/>\n<p>Performans:<\/p>\n<div class=\"scroll-table-wrapper\">\n<div class=\"scroll-table\">\n<table id=\"tablepress-56\" class=\"tablepress tablepress-id-56\">\n<thead>\n<tr class=\"row-1\">\n\t<th class=\"column-1\">model<\/th><th class=\"column-2\">Boyutlar(mm)<\/th><th class=\"column-3\">voltaj(v)<\/th><th class=\"column-4\">frekans (Hz)<\/th><th class=\"column-5\">g\u00fc\u00e7(w)<\/th><th class=\"column-6\">H\u0131z (m\/s)<\/th><th class=\"column-7\">Hava ak\u0131\u015f\u0131 (m\u00b3\/saat)<\/th><th class=\"column-8\">G\u00fcr\u00fclt\u00fc(dB)<\/th><th class=\"column-9\">a\u011f\u0131rl\u0131k(kg)<\/th>\n<\/tr>\n<\/thead>\n<tbody class=\"row-striping row-hover\">\n<tr class=\"row-2\">\n\t<td class=\"column-1\">FM-4509-L\/Y<\/td><td class=\"column-2\">900x215\u00d7230<\/td><td class=\"column-3\">220<\/td><td class=\"column-4\">50<\/td><td class=\"column-5\">230<\/td><td class=\"column-6\">16-18<\/td><td class=\"column-7\">1100<\/td><td class=\"column-8\">50<\/td><td class=\"column-9\">13<\/td>\n<\/tr>\n<tr class=\"row-3\">\n\t<td class=\"column-1\">FM-4512-L\/Y<\/td><td class=\"column-2\">1200x215\u00d7230<\/td><td class=\"column-3\">220<\/td><td class=\"column-4\">50<\/td><td class=\"column-5\">290<\/td><td class=\"column-6\">16-18<\/td><td class=\"column-7\">1500<\/td><td class=\"column-8\">52<\/td><td class=\"column-9\">15.5<\/td>\n<\/tr>\n<tr class=\"row-4\">\n\t<td class=\"column-1\">FM-4515-L\/Y<\/td><td class=\"column-2\">1500\u00d7215x230<\/td><td class=\"column-3\">220<\/td><td class=\"column-4\">50<\/td><td class=\"column-5\">380<\/td><td class=\"column-6\">16-18<\/td><td class=\"column-7\">1900<\/td><td class=\"column-8\">53<\/td><td class=\"column-9\">20<\/td>\n<\/tr>\n<tr class=\"row-5\">\n\t<td class=\"column-1\">FM-4518-L\/Y<\/td><td class=\"column-2\">1800x215\u00d7230<\/td><td class=\"column-3\">220<\/td><td class=\"column-4\">50<\/td><td class=\"column-5\">450<\/td><td class=\"column-6\">16-18<\/td><td class=\"column-7\">2280<\/td><td class=\"column-8\">54<\/td><td class=\"column-9\">23.5<\/td>\n<\/tr>\n<\/tbody>\n<\/table>\n<!-- #tablepress-56 from cache --><\/div>\n<\/div>\n<div><\/div>\n<div class=\"woocb\"><a class=\"wocb\" href=\"http:\/\/www.beiaole.com\/wp-content\/uploads\/2025\/09\/d4.4.pdf\" target=\"_blank\" rel=\"noopener\">\u015fekil<\/a><\/div>\n<div><\/div>","protected":false},"excerpt":{"rendered":"<ul>\n<li>\n<h2>\u015e\u0131k \u202fT\u00fcm metal-in\u015faat:<\/h2>\n<p>Dayan\u0131kl\u0131 toz kapl\u0131 \u00e7elik g\u00f6vdesi ile rafine edilmi\u015f biti\u015fe kar\u015f\u0131 direnir ve herhangi bir \u00e7a\u011fda\u015f \u00e7evre.<\/li>\n<li>\n<h2>\u00c7ift\u202fAir\u202fAirt\/OutletTasar\u0131m:<\/h2>\n<p>\u00d6ne al\u0131m ve daha d\u00fc\u015f\u00fck de\u015farj, y\u00fcksek performans i\u00e7in optimize edilmi\u015f hava ak\u0131\u015f\u0131 yarat\u0131r ve d\u00fczenlenmi\u015f g\u00f6r\u00fcn\u00fcm.<\/li>\n<li>\n<h2>Ayarlanabilir\u202fAir\u202fGuideBar:<\/h2>\n<p>Farkl\u0131 kurulumlarda m\u00fckemmel kapsama ve enerji verimlili\u011fi i\u00e7in manuel olarak havay\u0131 y\u00f6nlendirin.<\/li>\n<li>\n<h2>Y\u00fcksek\/\u202fD\u00fc\u015f\u00fck h\u0131z se\u00e7enekleri:<\/h2>\n<p>Basit\u202fTwo\u2011H\u0131zl\u0131 Kontrol\u202fSizin\u202fMaksimum Hava Ak\u0131\u015f\u0131 veya Sessiz \u00c7al\u0131\u015fma Aras\u0131nda Se\u00e7in.<\/li>\n<li>\n<h2>G\u00fcvenilir-santrif\u00fcj \u00e7ark:<\/h2>\n<p>\u202fUltra\u2011\u0130nce Dengeli\u202fFan Blades Teslim,T\u00fcrb\u00fclanss\u0131z\u202fAt16\u201318m\/s.<\/li>\n<li>\n<h2>Uzun \u00f6m\u00fcrl\u00fc saf bak\u0131r motor:<\/h2>\n<p>Y\u00fcksek h\u0131zl\u0131 motor, verimli g\u00fc\u00e7 sa\u011flama ve geni\u015fletilmi\u015f g\u00f6rev d\u00f6ng\u00fcs\u00fc (8.000 saatin \u00fczerinde) sa\u011flar.<\/li>\n<li>\n<h2>Sessiz performans:<\/h2>\n<p>50-54DB aras\u0131nda tutulan g\u00fcr\u00fclt\u00fc \u00e7\u0131kt\u0131s\u0131, bar\u0131\u015f\u00e7\u0131l bir i\u00e7 mekan rahatl\u0131\u011f\u0131 i\u00e7in.<\/li>\n<li>\n<h2>\u00c7oklu uzunluk\u202fconfigurations:<\/h2>\n<p>900'de kullan\u0131labilir---1,800 mm'lik modeller Kap\u0131 geni\u015fliklerinin ve bo\u015fluklar\u0131n \u00e7e\u015fitlili\u011fini s\u0131\u011fd\u0131rmak i\u00e7in.<\/li>\n<\/ul>\n<hr \/>","protected":false},"featured_media":4832,"comment_status":"open","ping_status":"closed","template":"","meta":{"_acf_changed":false},"product_brand":[],"product_cat":[65],"product_tag":[],"class_list":{"0":"post-4804","1":"product","2":"type-product","3":"status-publish","4":"has-post-thumbnail","6":"product_cat-air-curtain","8":"first","9":"instock","10":"taxable","11":"shipping-taxable","12":"purchasable","13":"product-type-variable","14":"has-default-attributes"},"acf":[],"_links":{"self":[{"href":"https:\/\/www.ecvents.com\/tr\/wp-json\/wp\/v2\/product\/4804","targetHints":{"allow":["GET"]}}],"collection":[{"href":"https:\/\/www.ecvents.com\/tr\/wp-json\/wp\/v2\/product"}],"about":[{"href":"https:\/\/www.ecvents.com\/tr\/wp-json\/wp\/v2\/types\/product"}],"replies":[{"embeddable":true,"href":"https:\/\/www.ecvents.com\/tr\/wp-json\/wp\/v2\/comments?post=4804"}],"wp:featuredmedia":[{"embeddable":true,"href":"https:\/\/www.ecvents.com\/tr\/wp-json\/wp\/v2\/media\/4832"}],"wp:attachment":[{"href":"https:\/\/www.ecvents.com\/tr\/wp-json\/wp\/v2\/media?parent=4804"}],"wp:term":[{"taxonomy":"product_brand","embeddable":true,"href":"https:\/\/www.ecvents.com\/tr\/wp-json\/wp\/v2\/product_brand?post=4804"},{"taxonomy":"product_cat","embeddable":true,"href":"https:\/\/www.ecvents.com\/tr\/wp-json\/wp\/v2\/product_cat?post=4804"},{"taxonomy":"product_tag","embeddable":true,"href":"https:\/\/www.ecvents.com\/tr\/wp-json\/wp\/v2\/product_tag?post=4804"}],"curies":[{"name":"zamk","href":"https:\/\/api.w.org\/{rel}","templated":true}]}}