{"id":4809,"date":"2026-03-19T06:05:04","date_gmt":"2026-03-19T11:05:04","guid":{"rendered":"https:\/\/www.ecvents.com\/?post_type=product&#038;p=4809"},"modified":"2026-03-19T06:06:20","modified_gmt":"2026-03-19T11:06:20","slug":"isitma-hava-perdesi","status":"publish","type":"product","link":"https:\/\/www.ecvents.com\/tr\/product\/isitma-hava-perdesi\/","title":{"rendered":"Is\u0131tma hava perdesi"},"content":{"rendered":"<div class=\"someee\">\n<h2><strong>Anl\u0131k s\u0131cakl\u0131k. Sessiz g\u00fcvenlik. G\u00fcnl\u00fck konfor i\u00e7in \u00fcretilmi\u015ftir.<\/strong><\/h2>\n<p>bira\u00a0<strong>Is\u0131tma havas\u0131<\/strong>\u00a0So\u011fuk kap\u0131lar\u0131 s\u0131cak ve davetkar giri\u015flere d\u00f6n\u00fc\u015ft\u00fcr\u00fcr. Konfor ve verimlilik i\u00e7in tasarlanan bu, sessiz bir varl\u0131k ve rafine bir stil sa\u011flarken e\u015fit, yumu\u015fak bir \u0131s\u0131 sa\u011flar - vitrinler, lobiler ve dikkati da\u011f\u0131lmadan s\u0131cakl\u0131k gerektiren yo\u011fun y\u00fcr\u00fcy\u00fc\u015f yollar\u0131 i\u00e7in m\u00fckemmeldir.<\/p>\n<p>Operasyon zahmetsizdir. pek iyi\u00a0<strong>Tam\u202fK\u0131z\u0131l\u00f6tesi\u202fRemote\u202fKontrol\u00f6r<\/strong>\u00a0Odan\u0131n herhangi bir yerinden modlar\u0131, fan h\u0131z\u0131n\u0131 veya zamanlay\u0131c\u0131 ayarlar\u0131n\u0131 ayarlaman\u0131z\u0131 sa\u011flar - eri\u015fim yok, kesinti yok, sadece kolay konfor.<\/p>\n<p>sistemin\u00a0<strong>Y\u00fcksek verimlilik PTC \u202fIs\u0131tma eleman\u0131<\/strong>\u00a0Enerji kullan\u0131m\u0131n\u0131 optimize ederken a\u00e7\u0131k alevleri ortadan kald\u0131rarak havay\u0131 e\u015fit ve g\u00fcvenli bir \u015fekilde \u0131s\u0131t\u0131r. bira\u00a0<strong>Hava giri\u015fi Is\u0131tma tasar\u0131m\u0131<\/strong>\u00a0G\u00fc\u00e7l\u00fc s\u0131cakl\u0131k art\u0131\u015f\u0131 ve d\u00fc\u015f\u00fck \u00e7\u0131k\u0131\u015f direnci sa\u011flar, zorlanmadan rahat hisseden, rahat hisseden do\u011fal bir hava ak\u0131\u015f\u0131 sa\u011flar.<\/p>\n<p>G\u00fcvenlik her ayr\u0131nt\u0131ya yerle\u015ftirilmi\u015ftir. pek iyi\u00a0<strong>60 saniyelik serinlik d\u00fc\u015f\u00fc\u015f\u00fc<\/strong>\u00a0Kapatma sonras\u0131nda i\u00e7 s\u0131cakl\u0131\u011f\u0131 nazik\u00e7e d\u00fc\u015f\u00fcr\u00fcr, motor \u00f6mr\u00fcn\u00fc uzat\u0131r ve art\u0131k \u0131s\u0131 birikimini \u00f6nler.\u00a0<strong>\u00dc\u00e7 s\u0131cakl\u0131k seviyesi<\/strong>\u00a0mevsimsel de\u011fi\u015fimlere ve \u00e7oklu koruma sistemlerine uyum sa\u011flamak\u00a0<strong>A\u015f\u0131r\u0131 s\u0131cakl\u0131k sens\u00f6r\u00fc<\/strong>,\u00a0<strong>Bas\u0131nca duyarl\u0131\u202fProtector<\/strong>, ve\u00a0<strong>sigorta t\u00fcp\u00fc<\/strong>\u00a0\u2014 Saatlerce g\u00fcvenli performans sa\u011flay\u0131n.<\/p>\n<p>bira\u00a0<strong>sessiz motor<\/strong>\u00a0-\u00a0<strong>B\u00fcy\u00fck hacimli r\u00fczgar \u00e7ark\u0131<\/strong>\u00a0G\u00fcr\u00fclt\u00fc seviyelerini minimum diren\u00e7le, minimum diren\u00e7le g\u00fc\u00e7l\u00fc termal sirk\u00fclasyon sa\u011flay\u0131n<strong>55\u201360\u202fDB<\/strong>. Her bile\u015fen uzun \u00f6m\u00fcr, istikrar ve g\u00f6n\u00fcl rahatl\u0131\u011f\u0131 i\u00e7in tasarlanm\u0131\u015ft\u0131r.<\/p>\n<p>Kompakt, sessiz ve g\u00fc\u00e7l\u00fc bir \u015fekilde verimli olan HeatingAir-Curtain, alanlar\u0131 do\u011fal olarak \u0131s\u0131t\u0131r ve konforu istedi\u011finiz yerde ve ait oldu\u011fu yerde so\u011futur.<\/p>\n<\/div>\n<hr \/>\n<p>Performans:<\/p>\n<div class=\"scroll-table-wrapper\">\n<div class=\"scroll-table\">\n<table id=\"tablepress-57\" class=\"tablepress tablepress-id-57\">\n<thead>\n<tr class=\"row-1\">\n\t<th class=\"column-1\">model<\/th><th class=\"column-2\">Boyutlar(mm)<\/th><th class=\"column-3\">voltaj(v)<\/th><th class=\"column-4\">frekans (Hz)<\/th><th class=\"column-5\">g\u00fc\u00e7(w)<br \/>\n  H-L<\/th><th class=\"column-6\">PTC G\u00fcc\u00fc (kW)<br \/>\nH-M-L<\/th><th class=\"column-7\">H\u0131z (m\/s)<br \/>\nH-L<\/th><th class=\"column-8\">Hava ak\u0131\u015f\u0131 (m\u00b3\/saat)<\/th><th class=\"column-9\">tem(k)<\/th><th class=\"column-10\">G\u00fcr\u00fclt\u00fc(dB)<\/th><th class=\"column-11\">a\u011f\u0131rl\u0131k(kg)<\/th>\n<\/tr>\n<\/thead>\n<tbody class=\"row-striping row-hover\">\n<tr class=\"row-2\">\n\t<td class=\"column-1\">RM-1209-D\/Y<\/td><td class=\"column-2\">900\u00d7170x205<\/td><td class=\"column-3\">380\/220<\/td><td class=\"column-4\">50<\/td><td class=\"column-5\">160-110<\/td><td class=\"column-6\">6-4-2<\/td><td class=\"column-7\">8.0-6.5<\/td><td class=\"column-8\">1000<\/td><td class=\"column-9\">34-45<\/td><td class=\"column-10\"><55<\/td><td class=\"column-11\">12<\/td>\n<\/tr>\n<tr class=\"row-3\">\n\t<td class=\"column-1\">RM-1212-D\/Y<\/td><td class=\"column-2\">1200x170x205<\/td><td class=\"column-3\">380\/220<\/td><td class=\"column-4\">50<\/td><td class=\"column-5\">220-150<\/td><td class=\"column-6\">8-6-4<\/td><td class=\"column-7\">8.0-6.5<\/td><td class=\"column-8\">1200<\/td><td class=\"column-9\">35-45<\/td><td class=\"column-10\"><57<\/td><td class=\"column-11\">15.5<\/td>\n<\/tr>\n<tr class=\"row-4\">\n\t<td class=\"column-1\">RM-1215-D\/Y<\/td><td class=\"column-2\">1500x170x205<\/td><td class=\"column-3\">380\/220<\/td><td class=\"column-4\">50<\/td><td class=\"column-5\">260-180<\/td><td class=\"column-6\">10-8-6<\/td><td class=\"column-7\">8.0-6.5<\/td><td class=\"column-8\">1400<\/td><td class=\"column-9\">35-45<\/td><td class=\"column-10\"><58<\/td><td class=\"column-11\">19<\/td>\n<\/tr>\n<tr class=\"row-5\">\n\t<td class=\"column-1\">RM-1218-D\/Y<\/td><td class=\"column-2\">1800x170x205<\/td><td class=\"column-3\">380\/220<\/td><td class=\"column-4\">50<\/td><td class=\"column-5\">320-250<\/td><td class=\"column-6\">12-10-8<\/td><td class=\"column-7\">8.0-6.5<\/td><td class=\"column-8\">1600<\/td><td class=\"column-9\">35-45<\/td><td class=\"column-10\"><60<\/td><td class=\"column-11\">22.5<\/td>\n<\/tr>\n<\/tbody>\n<\/table>\n<\/div>\n<\/div>\n<div><\/div>\n<div class=\"woocb\"><a class=\"wocb\" href=\"http:\/\/www.beiaole.com\/wp-content\/uploads\/2025\/09\/d4.5.pdf\" target=\"_blank\" rel=\"noopener\">\u015fekil<\/a><\/div>\n<div><\/div>","protected":false},"excerpt":{"rendered":"<ul>\n<li>\n<h2>Y\u00fcksek verimlilikPTC \u0131s\u0131tma:<\/h2>\n<p>H\u0131zl\u0131, hatta s\u0131cakl\u0131k, a\u00e7\u0131k alevler olmadan veya oksijen t\u00fckenme Uzun, g\u00fcvenli kullan\u0131m.<\/li>\n<li>\n<h2>Ak\u0131ll\u0131 Uzaktan Kumanda:<\/h2>\n<p>K\u0131z\u0131l\u00f6tesi sistem, h\u0131zl\u0131 eri\u015fime, \u0131s\u0131ya ve zamanlay\u0131c\u0131 i\u015flevlerini odan\u0131n her yerinden sa\u011flar.<\/li>\n<li>\n<h2>\u00dc\u00e7 seviyeli s\u0131cakl\u0131k ayarlar\u0131:<\/h2>\n<p>8\u2013\u202f6\u20134kw opsiyonlar\u0131 Mevsimsel veya \u00e7evre taleplerine adapte.<\/li>\n<li>\n<h2>Yerle\u015fik g\u00fcvenlik sistemi:<\/h2>\n<p>A\u015f\u0131r\u0131 s\u0131cakl\u0131k koruma, bas\u0131n\u00e7 sens\u00f6r\u00fc, ihale t\u00fcp\u00fc,ve\u202f60 saniyelik g\u00fc\u00e7 kapal\u0131 gecikme\u202fG\u00fc\u00e7l\u00fc g\u00fcvenlik i\u00e7in.<\/li>\n<li>\n<h2>Sessiz i\u015flem:<\/h2>\n<p>D\u00fc\u015f\u00fck diren\u00e7li tasar\u0131m ve aerodinamik vantilat\u00f6r rahat, huzurlu performans i\u00e7in 60DB'nin alt\u0131nda g\u00fcr\u00fclt\u00fcy\u00fc tutun.<\/li>\n<li>\n<h2>Enerji tasarrufu performans\u0131:<\/h2>\n<p>Dengeli hava ak\u0131m\u0131 tasar\u0131m\u0131 ve PTC \u00e7ekirde\u011fi, verimlili\u011fi en \u00fcst d\u00fczeye \u00e7\u0131kar\u0131r ve at\u0131klar\u0131 en aza indirir.<\/li>\n<li>\n<h2>Y\u00fcksek hava ak\u0131m\u0131 kapasitesi:<\/h2>\n<p>8\u202fHatlar\u202f8\u202f--\u202f6.5m\/sn ve air\u202fCilt Up'a 1,600m\u00b3\/h\u202fFetitive Is\u0131 Tutma A\u00e7malar.<\/li>\n<li>\n<h2>Dayan\u0131kl\u0131-\u0130n\u015faat:<\/h2>\n<p>Metal g\u00f6vdesi ile korozyona dayan\u0131kl\u0131 bitirme g\u00fcc\u00fc ve uzun s\u00fcreli g\u00f6r\u00fcn\u00fcm sa\u011flar.<\/li>\n<\/ul>\n<hr \/>","protected":false},"featured_media":4833,"comment_status":"open","ping_status":"closed","template":"","meta":{"_acf_changed":false},"product_brand":[],"product_cat":[65],"product_tag":[],"class_list":{"0":"post-4809","1":"product","2":"type-product","3":"status-publish","4":"has-post-thumbnail","6":"product_cat-air-curtain","8":"first","9":"instock","10":"sale","11":"taxable","12":"shipping-taxable","13":"purchasable","14":"product-type-variable","15":"has-default-attributes"},"acf":[],"_links":{"self":[{"href":"https:\/\/www.ecvents.com\/tr\/wp-json\/wp\/v2\/product\/4809","targetHints":{"allow":["GET"]}}],"collection":[{"href":"https:\/\/www.ecvents.com\/tr\/wp-json\/wp\/v2\/product"}],"about":[{"href":"https:\/\/www.ecvents.com\/tr\/wp-json\/wp\/v2\/types\/product"}],"replies":[{"embeddable":true,"href":"https:\/\/www.ecvents.com\/tr\/wp-json\/wp\/v2\/comments?post=4809"}],"wp:featuredmedia":[{"embeddable":true,"href":"https:\/\/www.ecvents.com\/tr\/wp-json\/wp\/v2\/media\/4833"}],"wp:attachment":[{"href":"https:\/\/www.ecvents.com\/tr\/wp-json\/wp\/v2\/media?parent=4809"}],"wp:term":[{"taxonomy":"product_brand","embeddable":true,"href":"https:\/\/www.ecvents.com\/tr\/wp-json\/wp\/v2\/product_brand?post=4809"},{"taxonomy":"product_cat","embeddable":true,"href":"https:\/\/www.ecvents.com\/tr\/wp-json\/wp\/v2\/product_cat?post=4809"},{"taxonomy":"product_tag","embeddable":true,"href":"https:\/\/www.ecvents.com\/tr\/wp-json\/wp\/v2\/product_tag?post=4809"}],"curies":[{"name":"zamk","href":"https:\/\/api.w.org\/{rel}","templated":true}]}}