{"id":4814,"date":"2026-03-19T06:05:05","date_gmt":"2026-03-19T11:05:05","guid":{"rendered":"https:\/\/www.ecvents.com\/?post_type=product&#038;p=4814"},"modified":"2026-03-19T06:06:20","modified_gmt":"2026-03-19T11:06:20","slug":"isitma-hava-perdesi-yuksek-guc","status":"publish","type":"product","link":"https:\/\/www.ecvents.com\/tr\/product\/isitma-hava-perdesi-yuksek-guc\/","title":{"rendered":"Is\u0131tma hava perdesi (y\u00fcksek g\u00fc\u00e7)"},"content":{"rendered":"<div class=\"someee\">\n<h2><strong>H\u0131zl\u0131 \u0131s\u0131. G\u00fcvenli g\u00fc\u00e7. Sert k\u0131\u015flar i\u00e7in \u00fcretilmi\u015ftir.<\/strong><\/h2>\n<p>bira\u00a0<strong>Is\u0131tma\u202fAir\u202fCurtain\u202f(Y\u00fcksek G\u00fc\u00e7)<\/strong>\u00a0her a\u00e7\u0131k kap\u0131n\u0131n \u00fcrperdi\u011fi so\u011fuktan an\u0131nda rahatlama gerektiren alanlar i\u00e7in tasarlanm\u0131\u015ft\u0131r\u2014fi\u015fler, at\u00f6lyeler ve yo\u011fun giri\u015fler. Odalar\u0131 do\u011fal hissettiren, en so\u011fuk g\u00fcnlerde bile konforu sabit tutan p\u00fcr\u00fczs\u00fcz, e\u015fit s\u0131cakl\u0131kla doldurur.<\/p>\n<p>\u00d6z\u00fcnde bir\u00a0<strong>Sa\u011flam metal r\u00fczgar \u00e7ark\u0131<\/strong>\u00a0G\u00fc\u00e7 ve denge i\u00e7in tasarlanm\u0131\u015ft\u0131r. A\u00e7\u0131kl\u0131k boyunca e\u015fit olarak \u0131s\u0131 da\u011f\u0131tan sabit, laminer bir hava ak\u0131\u015f\u0131 \u00fcretir. S\u00fcrekli \u00e7al\u0131\u015facak \u015fekilde \u00fcretilmi\u015ftir, deformasyona ve a\u015f\u0131nmaya kar\u015f\u0131 koyar\u2014unutman\u0131z gereken g\u00fcvenilir bir bile\u015fen, \u00e7\u00fcnk\u00fc sadece performans g\u00f6sterir.<\/p>\n<p>Kontrol zahmetsizdir. pek iyi\u00a0<strong>\u0130ki h\u0131zl\u0131 mekanik \u015falter<\/strong>\u00a0Hassas s\u0131cakl\u0131k kontrol\u00fc i\u00e7in y\u00fcksek ve d\u00fc\u015f\u00fck hava ak\u0131\u015f\u0131 aras\u0131nda an\u0131nda ayarlama sa\u011flar. Basit d\u00fc\u011fmeler, karma\u015f\u0131k aray\u00fczler yok\u2014ihtiyac\u0131n\u0131z oldu\u011funda sadece h\u0131zl\u0131 konfor.<\/p>\n<p>Is\u0131tma ak\u0131ll\u0131 bir\u00a0<strong>PTC\u202f(Pozitif-s\u0131cakl\u0131k-katsay\u0131)\u202fSistem<\/strong>, A\u00e7\u0131k alev veya oksijen t\u00fckenmesi olmadan h\u0131zl\u0131, istikrarl\u0131 s\u0131cakl\u0131k \u00fcreten. \u00dcnite, kuru, yanm\u0131\u015f hava hissi olmadan i\u00e7 ortam s\u0131cakl\u0131\u011f\u0131n\u0131 y\u00fckselterek g\u00fcvenli ve e\u015fit bir \u015fekilde \u0131s\u0131t\u0131r. Yerle\u015fik g\u00fcvenlik cihazlar\u0131\u202f-As\u0131cakl\u0131k kontrol\u00f6r,bas\u0131n\u00e7 duyarl\u0131 koruyucu, sigorta t\u00fcp\u00fc,ve gecikme kapatma fonksiyonu\u2014uzun s\u00fcreli kullan\u0131mda g\u00f6n\u00fcl rahatl\u0131\u011f\u0131 sa\u011flar.<\/p>\n<p>bira\u00a0<strong>PTC\u202fIs\u0131tma \u00c7ubu\u011fu\u202fYap\u0131s\u0131<\/strong>\u00a0Ayr\u0131ca uzun s\u00fcreli verimlilik anlam\u0131na gelir: diren\u00e7 kayb\u0131 d\u00fc\u015f\u00fck kal\u0131r, \u0131s\u0131 \u00e7\u0131k\u0131\u015f\u0131 tutarl\u0131 kal\u0131r ve enerji kullan\u0131m\u0131 optimize kal\u0131r. Sonu\u00e7, s\u0131cak havay\u0131 ait oldu\u011fu yerde tutan g\u00fcvenilir, sessiz performanst\u0131r.\n<\/div>\n<hr \/>\n<p>Performans:<\/p>\n<div class=\"scroll-table-wrapper\">\n<div class=\"scroll-table\">\n<table id=\"tablepress-58\" class=\"tablepress tablepress-id-58\">\n<thead>\n<tr class=\"row-1\">\n\t<th class=\"column-1\">model<\/th><th class=\"column-2\">Boyutlar(mm)<\/th><th class=\"column-3\">voltaj(v)<\/th><th class=\"column-4\">frekans (Hz)<\/th><th class=\"column-5\">g\u00fc\u00e7(w)<br \/>\n  H-L<\/th><th class=\"column-6\">PTC G\u00fcc\u00fc (kW)<br \/>\nH-M-L<\/th><th class=\"column-7\">H\u0131z (m\/s)<br \/>\nH-L<\/th><th class=\"column-8\">Hava ak\u0131\u015f\u0131 (m\u00b3\/saat)<\/th><th class=\"column-9\">tem(k)<\/th><th class=\"column-10\">G\u00fcr\u00fclt\u00fc(dB)<\/th><th class=\"column-11\">a\u011f\u0131rl\u0131k(kg)<\/th>\n<\/tr>\n<\/thead>\n<tbody class=\"row-striping row-hover\">\n<tr class=\"row-2\">\n\t<td class=\"column-1\">RM-1209-D\/Y (Y\u00fcksek G\u00fc\u00e7)<\/td><td class=\"column-2\">900x170x205<\/td><td class=\"column-3\">380<\/td><td class=\"column-4\">50<\/td><td class=\"column-5\">160-110<\/td><td class=\"column-6\">12<\/td><td class=\"column-7\">7.5-6.0<\/td><td class=\"column-8\">1200-1000<\/td><td class=\"column-9\">80-65<\/td><td class=\"column-10\"><61<\/td><td class=\"column-11\">12<\/td>\n<\/tr>\n<tr class=\"row-3\">\n\t<td class=\"column-1\">RM-1212-D\/Y (Y\u00fcksek G\u00fc\u00e7)<\/td><td class=\"column-2\">1200x170x205<\/td><td class=\"column-3\">380<\/td><td class=\"column-4\">50<\/td><td class=\"column-5\">220-150<\/td><td class=\"column-6\">16<\/td><td class=\"column-7\">7.5-6.0<\/td><td class=\"column-8\">1200-1400<\/td><td class=\"column-9\">80-65<\/td><td class=\"column-10\"><62<\/td><td class=\"column-11\">15.5<\/td>\n<\/tr>\n<tr class=\"row-4\">\n\t<td class=\"column-1\">RM-1215-D\/Y (Y\u00fcksek G\u00fc\u00e7)<\/td><td class=\"column-2\">1500\u00d7170x205<\/td><td class=\"column-3\">380<\/td><td class=\"column-4\">50<\/td><td class=\"column-5\">260-180<\/td><td class=\"column-6\">20<\/td><td class=\"column-7\">7.5-6.0<\/td><td class=\"column-8\">1400-1600<\/td><td class=\"column-9\">80-65<\/td><td class=\"column-10\"><63<\/td><td class=\"column-11\">19<\/td>\n<\/tr>\n<tr class=\"row-5\">\n\t<td class=\"column-1\">RM-1218-D\/Y (y\u00fcksek g\u00fc\u00e7)<\/td><td class=\"column-2\">1800x170\u00d7205<\/td><td class=\"column-3\">380<\/td><td class=\"column-4\">50<\/td><td class=\"column-5\">320-250<\/td><td class=\"column-6\">25<\/td><td class=\"column-7\">7.5-6.0<\/td><td class=\"column-8\">1600-1800<\/td><td class=\"column-9\">80-65<\/td><td class=\"column-10\"><64<\/td><td class=\"column-11\">22.5<\/td>\n<\/tr>\n<\/tbody>\n<\/table>\n<!-- #tablepress-58 from cache --><\/div>\n<\/div>\n<div><\/div>\n<div class=\"woocb\"><a class=\"wocb\" href=\"http:\/\/www.beiaole.com\/wp-content\/uploads\/2025\/09\/d4.6.pdf\" target=\"_blank\" rel=\"noopener\">\u015fekil<\/a><\/div>\n<div><\/div>","protected":false},"excerpt":{"rendered":"<ul>\n<li>\n<h2>Y\u00fcksek verimlilikPTC \u0131s\u0131tma:<\/h2>\n<p>Tutarl\u0131 rahatl\u0131k i\u00e7in h\u0131zl\u0131, g\u00fcvenli \u0131s\u0131 \u00fcretimi.<\/li>\n<li>\n<h2>G\u00fc\u00e7l\u00fc hava ak\u0131\u015f\u0131 sistemi:<\/h2>\n<p>Dayan\u0131kl\u0131\u202fmetal\u202fWheel\u202fSmooth, Dengeli Hava Da\u011f\u0131l\u0131m\u0131At\u202f7.5\u20136m\/s.<\/li>\n<li>\n<h2>G\u00fc\u00e7l\u00fc termal \u00e7\u0131k\u0131\u015f:<\/h2>\n<p>Modeller, 12'den 25kW'ye, h\u0131zl\u0131 bir \u015fekilde oda s\u0131cakl\u0131\u011f\u0131n\u0131 y\u00fckselten PTC'den \u0131s\u0131tma g\u00fcc\u00fc \u00fcretir.<\/li>\n<li>\n<h2>Sa\u011flam\u202fT\u00fcm metal yap\u0131:<\/h2>\n<p>Galvanizli ve kaplanm\u0131\u015f \u00e7elik bedene kar\u015f\u0131 direnir, nemlili\u011fe, ve s\u00fcrekli olarak kamuya ve end\u00fcstriyel ortamlara kar\u015f\u0131 kullan\u0131l\u0131r.<\/li>\n<li>\n<h2>Basit \u00e7ift h\u0131z kontrol:<\/h2>\n<p>\u202fMekanik \u0130ki h\u0131z, Y\u00fcksek ve D\u00fc\u015f\u00fck modlar aras\u0131ndaki kolay manuel ayarlama.<\/li>\n<li>\n<h2>G\u00fcvenlik Koruma sistemi:<\/h2>\n<p>S\u0131cakl\u0131k sens\u00f6r\u00fcn\u00fc, bas\u0131n\u00e7 koruyucusu, sigorta t\u00fcp\u00fcn\u00fc,ve gecikmeli g\u00fcvenli \u00e7al\u0131\u015fmay\u0131 sa\u011flamak i\u00e7in gecikmeyi i\u00e7erir.<\/li>\n<li>\n<h2>Sessiz i\u015flem:<\/h2>\n<p>64DB'nin alt\u0131ndaki g\u00fcr\u00fclt\u00fc seviyeleri, kesinti olmadan g\u00fc\u00e7l\u00fc bir performans sa\u011flar.<\/li>\n<li>\n<h2>Enerji verimli performans:<\/h2>\n<p>PTCRod tasar\u0131m\u0131, uzun vadeli verimlilik ve d\u00fc\u015f\u00fck g\u00fc\u00e7 kayb\u0131 i\u00e7in termal bozunmay\u0131 \u00f6nler.<\/li>\n<li>\n<h2>\u00c7oklu boyut se\u00e7enekleri:<\/h2>\n<p>Mevcut 900mm,1,200mm,1,500mm,ve\u202f1,800mm uzunluklar Farkl\u0131 kap\u0131 ve boyutlar\u0131.<\/li>\n<\/ul>\n<hr \/>","protected":false},"featured_media":4852,"comment_status":"open","ping_status":"closed","template":"","meta":{"_acf_changed":false},"product_brand":[],"product_cat":[65],"product_tag":[],"class_list":{"0":"post-4814","1":"product","2":"type-product","3":"status-publish","4":"has-post-thumbnail","6":"product_cat-air-curtain","8":"first","9":"outofstock","10":"taxable","11":"shipping-taxable","12":"purchasable","13":"product-type-variable"},"acf":[],"_links":{"self":[{"href":"https:\/\/www.ecvents.com\/tr\/wp-json\/wp\/v2\/product\/4814","targetHints":{"allow":["GET"]}}],"collection":[{"href":"https:\/\/www.ecvents.com\/tr\/wp-json\/wp\/v2\/product"}],"about":[{"href":"https:\/\/www.ecvents.com\/tr\/wp-json\/wp\/v2\/types\/product"}],"replies":[{"embeddable":true,"href":"https:\/\/www.ecvents.com\/tr\/wp-json\/wp\/v2\/comments?post=4814"}],"wp:featuredmedia":[{"embeddable":true,"href":"https:\/\/www.ecvents.com\/tr\/wp-json\/wp\/v2\/media\/4852"}],"wp:attachment":[{"href":"https:\/\/www.ecvents.com\/tr\/wp-json\/wp\/v2\/media?parent=4814"}],"wp:term":[{"taxonomy":"product_brand","embeddable":true,"href":"https:\/\/www.ecvents.com\/tr\/wp-json\/wp\/v2\/product_brand?post=4814"},{"taxonomy":"product_cat","embeddable":true,"href":"https:\/\/www.ecvents.com\/tr\/wp-json\/wp\/v2\/product_cat?post=4814"},{"taxonomy":"product_tag","embeddable":true,"href":"https:\/\/www.ecvents.com\/tr\/wp-json\/wp\/v2\/product_tag?post=4814"}],"curies":[{"name":"zamk","href":"https:\/\/api.w.org\/{rel}","templated":true}]}}