{"id":4823,"date":"2026-03-19T06:05:30","date_gmt":"2026-03-19T11:05:30","guid":{"rendered":"https:\/\/www.ecvents.com\/?post_type=product&#038;p=4823"},"modified":"2026-03-19T06:06:20","modified_gmt":"2026-03-19T11:06:20","slug":"endustriyel-hava-perdesi","status":"publish","type":"product","link":"https:\/\/www.ecvents.com\/tr\/product\/endustriyel-hava-perdesi\/","title":{"rendered":"End\u00fcstriyel hava perdesi"},"content":{"rendered":"<div class=\"someee\">\n<h2><strong>G\u00fc\u00e7l\u00fc kalkan. M\u00fchendislik hassasiyeti. End\u00fcstriyel performans i\u00e7in \u00fcretilmi\u015ftir.<\/strong><\/h2>\n<p>bira\u00a0<strong>End\u00fcstriyel hava perdesi<\/strong>\u00a0Ortamlar\u0131 verimli ve ekonomik olarak ay\u0131rmak i\u00e7in tasarlanm\u0131\u015f g\u00f6r\u00fcnmez bir hava duvar\u0131 olu\u015fturur. 30 m\/s'ye kadar hava h\u0131zlar\u0131 sunarak, s\u0131cakl\u0131k kayb\u0131n\u0131 \u00f6nler, toz ve b\u00f6cekleri bloke eder ve b\u00fcy\u00fck fabrika veya depo a\u00e7\u0131kl\u0131klar\u0131nda temiz, kararl\u0131 i\u00e7 mekan ko\u015fullar\u0131 sa\u011flar.<\/p>\n<p>dan in\u015fa edilmi\u015f\u00a0<strong>Toz kapl\u0131 \u00e7elik<\/strong>\u00a0G\u00fc\u00e7lendirilmi\u015f, per\u00e7inlenmi\u015f bir \u00e7er\u00e7eve ile s\u00fcrekli kullan\u0131mda korozyona, titre\u015fime ve deformasyona kar\u015f\u0131 dayan\u0131kl\u0131d\u0131r. bira\u00a0<strong>S\u0131cak-dip galvanizli santrif\u00fcj \u00e7ark<\/strong>\u00a0Mekanik denge ve uzun vadeli g\u00fcvenilirlik sa\u011flarken\u00a0<strong>Saf bak\u0131r \u00e7ekirdekli motor<\/strong>\u00a08.000 saatten fazla test edilmi\u015f \u00e7al\u0131\u015fma i\u00e7in sabit hava ak\u0131\u015f\u0131n\u0131 sa\u011flar.<\/p>\n<p>\u00c7\u0131k\u0131\u015f\u0131na ra\u011fmen, sistem kararl\u0131 ve kontroll\u00fc kal\u0131r. Optimize edilmi\u015f dahili kanal geometrisi, hava ak\u0131\u015f\u0131n\u0131 t\u00fcm \u00e7\u0131k\u0131\u015f geni\u015fli\u011fi boyunca e\u015fit olarak kanalize ederek, t\u00fcrb\u00fclans\u0131 azalt\u0131r ve g\u00fcr\u00fclt\u00fcy\u00fc 70\u201373dB i\u00e7inde tutar. Hassas fan aral\u0131\u011f\u0131 ve verimli hava ak\u0131\u015f\u0131 y\u00f6netimi sayesinde enerji t\u00fcketimi performansa g\u00f6re d\u00fc\u015f\u00fck kal\u0131r.<\/p>\n<p>Kurulumu esnek ve kullan\u0131m\u0131 basit, her birim bir\u00a0<strong>\u00c7ift \u2011h\u0131z\u202fAnahtar\u202fAnahtar kontrol\u00fc<\/strong>\u00a0(Opsiyonel uzaktan \u00e7al\u0131\u015ft\u0131rma ile) D\u00fc\u015f\u00fck ve y\u00fcksek h\u0131z aras\u0131nda h\u0131zl\u0131 ayarlama i\u00e7in. 900 ila 2000 mm uzunlu\u011fundaki modellerde mevcuttur, end\u00fcstriyel hava perdesi, kap\u0131 boyutu ve end\u00fcstriyel yerle\u015fim aral\u0131\u011f\u0131n\u0131 bar\u0131nd\u0131r\u0131r.<\/p>\n<\/div>\n<hr \/>\n<p>Performans:<\/p>\n<div class=\"scroll-table-wrapper\">\n<div class=\"scroll-table\">\n<table id=\"tablepress-59\" class=\"tablepress tablepress-id-59\">\n<thead>\n<tr class=\"row-1\">\n\t<th class=\"column-1\">model<\/th><th class=\"column-2\">Boyutlar(mm)<\/th><th class=\"column-3\">voltaj(v)<\/th><th class=\"column-4\">frekans (Hz)<\/th><th class=\"column-5\">g\u00fc\u00e7(w)<\/th><th class=\"column-6\">H\u0131z (m\/s)<\/th><th class=\"column-7\">Hava ak\u0131\u015f\u0131 (m\u00b3\/saat)<\/th><th class=\"column-8\">G\u00fcr\u00fclt\u00fc(dB)<\/th><th class=\"column-9\">a\u011f\u0131rl\u0131k(kg)<\/th>\n<\/tr>\n<\/thead>\n<tbody class=\"row-striping row-hover\">\n<tr class=\"row-2\">\n\t<td class=\"column-1\">FM-6509<\/td><td class=\"column-2\">900\u00d7352x306<\/td><td class=\"column-3\">380<\/td><td class=\"column-4\">50<\/td><td class=\"column-5\">1350<\/td><td class=\"column-6\">30<\/td><td class=\"column-7\">4510<\/td><td class=\"column-8\">70<\/td><td class=\"column-9\">35<\/td>\n<\/tr>\n<tr class=\"row-3\">\n\t<td class=\"column-1\">FM-6512<\/td><td class=\"column-2\">1200x352x306<\/td><td class=\"column-3\">380<\/td><td class=\"column-4\">50<\/td><td class=\"column-5\">2100<\/td><td class=\"column-6\">30<\/td><td class=\"column-7\">6760<\/td><td class=\"column-8\">71<\/td><td class=\"column-9\">50<\/td>\n<\/tr>\n<tr class=\"row-4\">\n\t<td class=\"column-1\">FM-6515<\/td><td class=\"column-2\">1500x352x306<\/td><td class=\"column-3\">380<\/td><td class=\"column-4\">50<\/td><td class=\"column-5\">2700<\/td><td class=\"column-6\">30<\/td><td class=\"column-7\">9000<\/td><td class=\"column-8\">72<\/td><td class=\"column-9\">64<\/td>\n<\/tr>\n<tr class=\"row-5\">\n\t<td class=\"column-1\">FM-6518<\/td><td class=\"column-2\">1800x352x306<\/td><td class=\"column-3\">380<\/td><td class=\"column-4\">50<\/td><td class=\"column-5\">2900<\/td><td class=\"column-6\">30<\/td><td class=\"column-7\">10000<\/td><td class=\"column-8\">73<\/td><td class=\"column-9\">67<\/td>\n<\/tr>\n<tr class=\"row-6\">\n\t<td class=\"column-1\">FM-6520<\/td><td class=\"column-2\">2000\u00d7352x306<\/td><td class=\"column-3\">380<\/td><td class=\"column-4\">50<\/td><td class=\"column-5\">3400<\/td><td class=\"column-6\">30<\/td><td class=\"column-7\">11200<\/td><td class=\"column-8\">71<\/td><td class=\"column-9\">78<\/td>\n<\/tr>\n<\/tbody>\n<\/table>\n<!-- #tablepress-59 from cache --><\/div>\n<\/div>\n<div><\/div>\n<div class=\"woocb\"><a class=\"wocb\" href=\"http:\/\/www.beiaole.com\/wp-content\/uploads\/2025\/09\/d4.7.pdf\" target=\"_blank\" rel=\"noopener\">\u015fekil<\/a><\/div>\n<div><\/div>","protected":false},"excerpt":{"rendered":"<ul>\n<li>\n<h2>Y\u00fcksek h\u0131zda hava bariyerleri:<\/h2>\n<p>Hava h\u0131z\u0131 yukar\u0131y\u013130'a kadar kapal\u0131 ve d\u0131\u015f ortamlar\u0131 verimli bir \u015fekilde \u00fcretir.<\/li>\n<li>\n<h2>Dayan\u0131kl\u0131\u202fSteel\u202fStructure:<\/h2>\n<p>Toz p\u00fcsk\u00fcrtmeli, paslanma ge\u00e7irmez g\u00f6vde ile sa\u011flam per\u00e7inli \u00e7er\u00e7eve korozyona ve deformasyona kar\u015f\u0131 koyar.<\/li>\n<li>\n<h2>Verimli-santrif\u00fcj \u00e7ark:<\/h2>\n<p>\u202fHot\u2011Dip\u202fgalvanizli\u202fSteel\u202fSureSures\u202fUzun-termli mekanik denge ve g\u00fcvenilirlik sa\u011flar.<\/li>\n<li>\n<h2>Y\u00fcksek performansl\u0131 motor:<\/h2>\n<p>8.000+saatlik s\u00fcreklilik i\u00e7in test edilmi\u015f saf bak\u0131r \u00e7ekirdek motor.<\/li>\n<li>\n<h2>sessiz ve kararl\u0131 i\u015flem:<\/h2>\n<p>Optimize edilmi\u015f hava kanallar\u0131, g\u00fcr\u00fclt\u00fcy\u00fc azalt\u0131r (70\u201373\u202fDB)\u202fS\u00fcrekli hava ak\u0131\u015f\u0131n\u0131 s\u00fcrd\u00fcr\u00fcr.<\/li>\n<li>\n<h2>Uygun kontrol se\u00e7enekleri:<\/h2>\n<p>Esnek \u00e7al\u0131\u015fma i\u00e7in anahtarl\u0131k ikili h\u0131z ayarlar\u0131 ve opsiyonel uzaktan kumanda ile ge\u00e7i\u015f yap\u0131n.<\/li>\n<li>\n<h2>Enerji verimli tasar\u0131m:<\/h2>\n<p>Geni\u015f \u00e7\u0131k\u0131\u015f ve hassasl\u0131k-fan bo\u015fluklar\u0131, minimum hava ak\u0131m\u0131 ile minimum elektriksel \u00e7ekili\u015f sa\u011flar.<\/li>\n<li>\n<h2>\u00c7oklu boyut se\u00e7enekleri:<\/h2>\n<p>900\u20132000 mm uzunluklar\u0131, herhangi bir end\u00fcstriyel d\u00fczenin kap\u0131lar\u0131na s\u0131\u011fd\u0131rmak i\u00e7in kullan\u0131labilir.<\/li>\n<\/ul>\n<hr \/>","protected":false},"featured_media":4853,"comment_status":"open","ping_status":"closed","template":"","meta":{"_acf_changed":false},"product_brand":[],"product_cat":[65],"product_tag":[],"class_list":{"0":"post-4823","1":"product","2":"type-product","3":"status-publish","4":"has-post-thumbnail","6":"product_cat-air-curtain","8":"first","9":"instock","10":"taxable","11":"shipping-taxable","12":"purchasable","13":"product-type-variable","14":"has-default-attributes"},"acf":[],"_links":{"self":[{"href":"https:\/\/www.ecvents.com\/tr\/wp-json\/wp\/v2\/product\/4823","targetHints":{"allow":["GET"]}}],"collection":[{"href":"https:\/\/www.ecvents.com\/tr\/wp-json\/wp\/v2\/product"}],"about":[{"href":"https:\/\/www.ecvents.com\/tr\/wp-json\/wp\/v2\/types\/product"}],"replies":[{"embeddable":true,"href":"https:\/\/www.ecvents.com\/tr\/wp-json\/wp\/v2\/comments?post=4823"}],"wp:featuredmedia":[{"embeddable":true,"href":"https:\/\/www.ecvents.com\/tr\/wp-json\/wp\/v2\/media\/4853"}],"wp:attachment":[{"href":"https:\/\/www.ecvents.com\/tr\/wp-json\/wp\/v2\/media?parent=4823"}],"wp:term":[{"taxonomy":"product_brand","embeddable":true,"href":"https:\/\/www.ecvents.com\/tr\/wp-json\/wp\/v2\/product_brand?post=4823"},{"taxonomy":"product_cat","embeddable":true,"href":"https:\/\/www.ecvents.com\/tr\/wp-json\/wp\/v2\/product_cat?post=4823"},{"taxonomy":"product_tag","embeddable":true,"href":"https:\/\/www.ecvents.com\/tr\/wp-json\/wp\/v2\/product_tag?post=4823"}],"curies":[{"name":"zamk","href":"https:\/\/api.w.org\/{rel}","templated":true}]}}