{"id":4851,"date":"2026-03-19T06:05:56","date_gmt":"2026-03-19T11:05:56","guid":{"rendered":"https:\/\/www.ecvents.com\/?post_type=product&#038;p=4851"},"modified":"2026-03-19T06:06:47","modified_gmt":"2026-03-19T11:06:47","slug":"tasinabilir-endustrial-nem-alma-cihazi","status":"publish","type":"product","link":"https:\/\/www.ecvents.com\/tr\/product\/tasinabilir-endustrial-nem-alma-cihazi\/","title":{"rendered":"Ta\u015f\u0131nabilir End\u00fcstrial Nem Alma Cihaz\u0131"},"content":{"rendered":"<div class=\"someee\">\n<h2><strong>G\u00fcvenilir g\u00fc\u00e7. Ak\u0131ll\u0131 kontrol. Zorlu ortamlar i\u00e7in \u00fcretilmi\u015ftir.<\/strong><\/h2>\n<p>bira\u00a0<strong>Ta\u015f\u0131nabilir \u202fEnd\u00fcstriyel\u202fNem giderici<\/strong>\u00a0S\u00fcrekli performans gerektiren depolar, at\u00f6lyeler, ar\u015fivler ve son kurutma uygulamalar\u0131 gibi nemin sorun haline geldi\u011fi her yerde nemi h\u0131zl\u0131 ve verimli bir \u015fekilde uzakla\u015ft\u0131racak \u015fekilde tasarlanm\u0131\u015ft\u0131r. Kompakt \u00e7er\u00e7evesinin arkas\u0131nda elektronik kontrol\u00fcn hassasiyeti, end\u00fcstriyel bile\u015fenlerin g\u00fcc\u00fc ve ger\u00e7ek tak ve \u00e7al\u0131\u015ft\u0131rma tasar\u0131m\u0131n\u0131n basitli\u011fi yat\u0131yor.<\/p>\n<p>\u00d6z\u00fcnde, bir\u00a0<strong>Ak\u0131ll\u0131 mikro bilgisayar sistemi<\/strong>\u00a0S\u0131cakl\u0131k ve nemi ger\u00e7ek zamanl\u0131 olarak izler, ko\u015fullar\u0131 1\u202f% do\u011frulu\u011fu ile d\u00fczenler.\u00a0<strong>otomatik buz \u00e7\u00f6zme<\/strong>\u00a0D\u00fc\u015f\u00fck s\u0131cakl\u0131k b\u00f6lgelerinde tutarl\u0131 \u00e7al\u0131\u015fma sa\u011flarken,\u00a0<strong>Programlanabilir 24 saat zamanlay\u0131c\u0131<\/strong>\u00a0Kat\u0131l\u0131ms\u0131z saatlerde verimlilik i\u00e7in zamanlanm\u0131\u015f kapatmalar\u0131 etkinle\u015ftirir. bira\u00a0<strong>LCD aray\u00fcz\u00fc<\/strong>\u00a0Bir bak\u0131\u015fta net, uygulanabilir veriler sa\u011flar: nem, s\u0131cakl\u0131k ve sistem durumu.<\/p>\n<p>Her eleman dayan\u0131kl\u0131l\u0131k i\u00e7in in\u015fa edilmi\u015ftir. pek iyi\u00a0<strong>Toz kapl\u0131 \u00e7elik \u015fasi<\/strong>\u00a0Dahili bile\u015fenleri korur,\u00a0<strong>End\u00fcstriyel s\u0131n\u0131f tekerlekler<\/strong>\u00a0Engebeli zeminlerde yer de\u011fi\u015ftirmeyi zahmetsiz hale getirin. i\u00e7inde, bir\u00a0<strong>Premium d\u00f6ner kompres\u00f6r<\/strong>\u00a0-\u00a0<strong>Santrif\u00fcj Fan Sistemi<\/strong>\u00a0S\u0131cakl\u0131k aral\u0131klar\u0131nda y\u00fcksek ekstraksiyon h\u0131zlar\u0131n\u0131 koruyarak, azalt\u0131lm\u0131\u015f titre\u015fim ve d\u00fc\u015f\u00fck g\u00fcr\u00fclt\u00fc ile g\u00fc\u00e7l\u00fc hava ak\u0131\u015f\u0131 olu\u015fturun. Direkt hortum ba\u011flant\u0131s\u0131 \u00fczerinden s\u00fcrekli drenaj, kesintisiz g\u00f6revleri destekler.<\/p>\n<p>ikisi de\u00a0<strong>ticari<\/strong>\u00a0-\u00a0<strong>End\u00fcstriyel Yap\u0131land\u0131rmalar<\/strong>\u00a0Ayn\u0131 tasar\u0131m felsefesini payla\u015f\u0131n - dayan\u0131kl\u0131l\u0131k, hassasiyet ve hizmet kolayl\u0131\u011f\u0131. Her birim, ar\u0131zalar\u0131 an\u0131nda tan\u0131mlayan, ar\u0131za s\u00fcresini en aza indiren ve bak\u0131m \u00e7abas\u0131n\u0131 azaltan kendi kendine te\u015fhis devresi ile korunur.\n<\/div>\n<hr \/>\n<p>Performans:<\/p>\n<h2 class=\"woocommerce-loop-product__title\" style=\"text-align: center;\">ticari<\/h2>\n<p><img loading=\"lazy\" decoding=\"async\" class=\"size-medium wp-image-16327 aligncenter\" src=\"http:\/\/www.beiaole.com\/wp-content\/uploads\/2025\/08\/3-e1755167554774-300x300.png\" alt=\"Portable Induatrial Dehumidifier\" width=\"300\" height=\"300\" data-no-translation=\"\" \/><\/p>\n<div class=\"scroll-table-wrapper\">\n<div class=\"scroll-table\">\n<table id=\"tablepress-63\" class=\"tablepress tablepress-id-63\">\n<thead>\n<tr class=\"row-1\">\n\t<th class=\"column-1\">model<\/th><th class=\"column-2\">YDA-870EB<\/th><th class=\"column-3\">YDA-890EB<\/th><th class=\"column-4\">YDA-8138EB<\/th><th class=\"column-5\">YDA-8158EB<\/th>\n<\/tr>\n<\/thead>\n<tbody class=\"row-striping row-hover\">\n<tr class=\"row-2\">\n\t<td class=\"column-1\">Nem ayar aral\u0131\u011f\u0131<\/td><td class=\"column-2\">10% 99%RH<\/td><td class=\"column-3\">10% 99%RH<\/td><td class=\"column-4\">10% 99%RH<\/td><td class=\"column-5\">10% ~ 99%RH<\/td>\n<\/tr>\n<tr class=\"row-3\">\n\t<td class=\"column-1\">Nem Kontrol\u00fc Do\u011frulu\u011fu<\/td><td class=\"column-2\">\u00b13%rh<\/td><td class=\"column-3\">\u00b13%rh<\/td><td class=\"column-4\">\u00b13%rh<\/td><td class=\"column-5\">\u00b13%rh<\/td>\n<\/tr>\n<tr class=\"row-4\">\n\t<td class=\"column-1\">Voltaj (V-Hz)<\/td><td class=\"column-2\">220V ~ 50Hz<\/td><td class=\"column-3\">220V ~ 50Hz<\/td><td class=\"column-4\">220V ~ 50Hz<\/td><td class=\"column-5\">220V ~ 50Hz<\/td>\n<\/tr>\n<tr class=\"row-5\">\n\t<td class=\"column-1\">Nem alma kapasitesi (27\u2103\/60%RH)<\/td><td class=\"column-2\">1.75kg\/saat<\/td><td class=\"column-3\">1.9kg\/saat<\/td><td class=\"column-4\">2.45kg\/saat<\/td><td class=\"column-5\">3.75kg\/saat<\/td>\n<\/tr>\n<tr class=\"row-6\">\n\t<td class=\"column-1\">Nem alma kapasitesi (30\u2103\/80%RH)<\/td><td class=\"column-2\">70L\/D<\/td><td class=\"column-3\">90L\/D<\/td><td class=\"column-4\">110L\/D<\/td><td class=\"column-5\">158L\/D<\/td>\n<\/tr>\n<tr class=\"row-7\">\n\t<td class=\"column-1\">Nem alma kapasitesi (35\u2103\/90%RH)<\/td><td class=\"column-2\">90L\/D<\/td><td class=\"column-3\">115L\/D<\/td><td class=\"column-4\">138L\/D<\/td><td class=\"column-5\">180L\/D<\/td>\n<\/tr>\n<tr class=\"row-8\">\n\t<td class=\"column-1\">G\u00fc\u00e7 (27\u2103\/60%RH)<\/td><td class=\"column-2\">830W<\/td><td class=\"column-3\">860w<\/td><td class=\"column-4\">1000W<\/td><td class=\"column-5\">1550w<\/td>\n<\/tr>\n<tr class=\"row-9\">\n\t<td class=\"column-1\">Y\u00fcksek s\u0131cakl\u0131k g\u00fcc\u00fc (30 \u2103\/80%RH)<\/td><td class=\"column-2\">950W<\/td><td class=\"column-3\">1050W<\/td><td class=\"column-4\">1300W<\/td><td class=\"column-5\">1900W<\/td>\n<\/tr>\n<tr class=\"row-10\">\n\t<td class=\"column-1\">Maksimum g\u00fc\u00e7 (35\u2103\/90%RH)<\/td><td class=\"column-2\">1180w<\/td><td class=\"column-3\">1250W<\/td><td class=\"column-4\">1550w<\/td><td class=\"column-5\">2200W<\/td>\n<\/tr>\n<tr class=\"row-11\">\n\t<td class=\"column-1\">hava ak\u0131m\u0131<\/td><td class=\"column-2\">350m\u00b3\/saat<\/td><td class=\"column-3\">550m\u00b3\/saat<\/td><td class=\"column-4\">650m\u00b3\/saat<\/td><td class=\"column-5\">900m\u00b3\/saat<\/td>\n<\/tr>\n<tr class=\"row-12\">\n\t<td class=\"column-1\">so\u011futucu<\/td><td class=\"column-2\">R22<\/td><td class=\"column-3\">R22<\/td><td class=\"column-4\">R22<\/td><td class=\"column-5\">R22<\/td>\n<\/tr>\n<tr class=\"row-13\">\n\t<td class=\"column-1\">Elektrik \u00e7arpmas\u0131na kar\u015f\u0131 koruma s\u0131n\u0131f\u0131<\/td><td class=\"column-2\">S\u0131n\u0131f<\/td><td class=\"column-3\">S\u0131n\u0131f<\/td><td class=\"column-4\">S\u0131n\u0131f<\/td><td class=\"column-5\">S\u0131n\u0131f<\/td>\n<\/tr>\n<tr class=\"row-14\">\n\t<td class=\"column-1\">Drenaj modu<\/td><td class=\"column-2\">su borusu drenaj\u0131<\/td><td class=\"column-3\">su borusu drenaj\u0131<\/td><td class=\"column-4\">su borusu drenaj\u0131<\/td><td class=\"column-5\">su borusu drenaj\u0131<\/td>\n<\/tr>\n<tr class=\"row-15\">\n\t<td class=\"column-1\">\u00f6l\u00e7\u00fcler<br \/>\n(uzunluk x geni\u015flik x y\u00fckseklik)<\/td><td class=\"column-2\">480*365*885mm<\/td><td class=\"column-3\">480*435*950mm<\/td><td class=\"column-4\">480*435*950mm<\/td><td class=\"column-5\">550*435*1080mm<\/td>\n<\/tr>\n<tr class=\"row-16\">\n\t<td class=\"column-1\">tart\u0131<\/td><td class=\"column-2\">40kg<\/td><td class=\"column-3\">45kg<\/td><td class=\"column-4\">50kg<\/td><td class=\"column-5\">68kg<\/td>\n<\/tr>\n<tr class=\"row-17\">\n\t<td class=\"column-1\">Uygulama Alan\u0131<\/td><td class=\"column-2\">70-90m\u00b2<\/td><td class=\"column-3\">90-110m\u00b2<\/td><td class=\"column-4\">130-150m\u00b2<\/td><td class=\"column-5\">150-180\u00b2<\/td>\n<\/tr>\n<\/tbody>\n<\/table>\n<!-- #tablepress-63 from cache --><\/div>\n<\/div>\n<div><\/div>\n<div class=\"woocb\"><a class=\"wocb\" href=\"http:\/\/www.beiaole.com\/wp-content\/uploads\/2025\/09\/d5.2.1.pdf\" target=\"_blank\" rel=\"noopener\">\u015fekil<\/a><\/div>\n<div><\/div>\n<h2 class=\"woocommerce-loop-product__title\" style=\"text-align: center;\">sanayi<\/h2>\n<p><img loading=\"lazy\" decoding=\"async\" class=\"size-medium wp-image-16328 aligncenter\" src=\"http:\/\/www.beiaole.com\/wp-content\/uploads\/2025\/08\/2-e1755167471248-300x300.png\" alt=\"Portable Induatrial Dehumidifier\" width=\"300\" height=\"300\" data-no-translation=\"\" \/><\/p>\n<div class=\"scroll-table-wrapper\">\n<div class=\"scroll-table\">\n<table id=\"tablepress-64\" class=\"tablepress tablepress-id-64\">\n<thead>\n<tr class=\"row-1\">\n\t<th class=\"column-1\">model<\/th><th class=\"column-2\">CF6.8DT<\/th><th class=\"column-3\">CF7.5KT<\/th><th class=\"column-4\">CF8.8KT<\/th><th class=\"column-5\">CF10KT<\/th><th class=\"column-6\">CF12KT<\/th>\n<\/tr>\n<\/thead>\n<tbody class=\"row-striping row-hover\">\n<tr class=\"row-2\">\n\t<td class=\"column-1\">Nem ayar aral\u0131\u011f\u0131<\/td><td class=\"column-2\">10% ~ 98%RH<\/td><td class=\"column-3\">10% 98%RH<\/td><td class=\"column-4\">10% 98%RH<\/td><td class=\"column-5\">10% 98%RH<\/td><td class=\"column-6\">10% ~ 98%RH<\/td>\n<\/tr>\n<tr class=\"row-3\">\n\t<td class=\"column-1\">Nem Kontrol\u00fc Do\u011frulu\u011fu<\/td><td class=\"column-2\">\u00b13%rh<\/td><td class=\"column-3\">\u00b13%rh<\/td><td class=\"column-4\">\u00b13%rh<\/td><td class=\"column-5\">\u00b13%rh<\/td><td class=\"column-6\">\u00b13%rh<\/td>\n<\/tr>\n<tr class=\"row-4\">\n\t<td class=\"column-1\">Voltaj (V-Hz)<\/td><td class=\"column-2\">220V ~ 50Hz<\/td><td class=\"column-3\">380V 3N ~ 50Hz<\/td><td class=\"column-4\">380V 3N ~ 50Hz<\/td><td class=\"column-5\">380V 3N ~ 50Hz<\/td><td class=\"column-6\">380V 3N ~ 50Hz<\/td>\n<\/tr>\n<tr class=\"row-5\">\n\t<td class=\"column-1\">Nem alma kapasitesi (27\u2103\/60%RH)<\/td><td class=\"column-2\">4.0kg\/saat<\/td><td class=\"column-3\">4.3kg\/saat<\/td><td class=\"column-4\">5.0kg\/saat<\/td><td class=\"column-5\">6.0kg\/saat<\/td><td class=\"column-6\">6.8kg\/saat<\/td>\n<\/tr>\n<tr class=\"row-6\">\n\t<td class=\"column-1\">Nem alma kapasitesi (30\u2103\/80%RH)<\/td><td class=\"column-2\">6.8kg\/saat<\/td><td class=\"column-3\">7.5kg\/saat<\/td><td class=\"column-4\">8.8kg\/saat<\/td><td class=\"column-5\">10kg\/saat<\/td><td class=\"column-6\">12kg\/saat<\/td>\n<\/tr>\n<tr class=\"row-7\">\n\t<td class=\"column-1\">Nem alma kapasitesi (35\u2103\/90%RH)<\/td><td class=\"column-2\">8.5kg\/saat<\/td><td class=\"column-3\">9.0kg\/saat<\/td><td class=\"column-4\">11kg\/saat<\/td><td class=\"column-5\">13kg\/saat<\/td><td class=\"column-6\">14.5kg\/saat<\/td>\n<\/tr>\n<tr class=\"row-8\">\n\t<td class=\"column-1\">G\u00fc\u00e7 (27\u2103\/60%RH)<\/td><td class=\"column-2\">1900W<\/td><td class=\"column-3\">2200W<\/td><td class=\"column-4\">2500W<\/td><td class=\"column-5\">2650W<\/td><td class=\"column-6\">3200W<\/td>\n<\/tr>\n<tr class=\"row-9\">\n\t<td class=\"column-1\">Y\u00fcksek s\u0131cakl\u0131k g\u00fcc\u00fc (30 \u2103\/80%RH)<\/td><td class=\"column-2\">2300W<\/td><td class=\"column-3\">2700W<\/td><td class=\"column-4\">3150W<\/td><td class=\"column-5\">3400w<\/td><td class=\"column-6\">4000W<\/td>\n<\/tr>\n<tr class=\"row-10\">\n\t<td class=\"column-1\">Maksimum g\u00fc\u00e7 (35\u2103\/90%RH)<\/td><td class=\"column-2\">2900W<\/td><td class=\"column-3\">3300W<\/td><td class=\"column-4\">3800W<\/td><td class=\"column-5\">4150W<\/td><td class=\"column-6\">5000W<\/td>\n<\/tr>\n<tr class=\"row-11\">\n\t<td class=\"column-1\">hava ak\u0131m\u0131<\/td><td class=\"column-2\">1200m\u00b3\/saat<\/td><td class=\"column-3\">1200m\u00b3\/saat<\/td><td class=\"column-4\">1300m\u00b3\/saat<\/td><td class=\"column-5\">1800m\u00b3\/saat<\/td><td class=\"column-6\">2000m\u00b3\/saat<\/td>\n<\/tr>\n<tr class=\"row-12\">\n\t<td class=\"column-1\">so\u011futucu<\/td><td class=\"column-2\">R22<\/td><td class=\"column-3\">R22<\/td><td class=\"column-4\">R22<\/td><td class=\"column-5\">R22<\/td><td class=\"column-6\">R410A<\/td>\n<\/tr>\n<tr class=\"row-13\">\n\t<td class=\"column-1\">Elektrik \u00e7arpmas\u0131na kar\u015f\u0131 koruma s\u0131n\u0131f\u0131<\/td><td class=\"column-2\">S\u0131n\u0131f<\/td><td class=\"column-3\">S\u0131n\u0131f<\/td><td class=\"column-4\">S\u0131n\u0131f<\/td><td class=\"column-5\">S\u0131n\u0131f<\/td><td class=\"column-6\">S\u0131n\u0131f<\/td>\n<\/tr>\n<tr class=\"row-14\">\n\t<td class=\"column-1\">Drenaj modu<\/td><td class=\"column-2\">su borusu drenaj\u0131<\/td><td class=\"column-3\">su borusu drenaj\u0131<\/td><td class=\"column-4\">su borusu drenaj\u0131<\/td><td class=\"column-5\">su borusu drenaj\u0131<\/td><td class=\"column-6\">su borusu drenaj\u0131<\/td>\n<\/tr>\n<tr class=\"row-15\">\n\t<td class=\"column-1\">\u00f6l\u00e7\u00fcler<br \/>\n(uzunluk x geni\u015flik x y\u00fckseklik)<\/td><td class=\"column-2\">615 * 405 * 1550mm<\/td><td class=\"column-3\">615 * 405 * 1550mm<\/td><td class=\"column-4\">600*405*1660mm<\/td><td class=\"column-5\">763*472*1680mm<\/td><td class=\"column-6\">763*472*1680mm<\/td>\n<\/tr>\n<tr class=\"row-16\">\n\t<td class=\"column-1\">tart\u0131<\/td><td class=\"column-2\">84kg<\/td><td class=\"column-3\">88kg<\/td><td class=\"column-4\">98kg<\/td><td class=\"column-5\">128kg<\/td><td class=\"column-6\">125kg<\/td>\n<\/tr>\n<tr class=\"row-17\">\n\t<td class=\"column-1\">Uygulama Alan\u0131<\/td><td class=\"column-2\">200-250m\u00b2<\/td><td class=\"column-3\">200-250m\u00b2<\/td><td class=\"column-4\">200-300m\u00b2<\/td><td class=\"column-5\">300-350m\u00b2<\/td><td class=\"column-6\">300-380m\u00b2<\/td>\n<\/tr>\n<\/tbody>\n<\/table>\n<!-- #tablepress-64 from cache --><\/div>\n<\/div>\n<div><\/div>\n<div class=\"woocb\"><a class=\"wocb\" href=\"http:\/\/www.beiaole.com\/wp-content\/uploads\/2025\/09\/d5.2.2.pdf\" target=\"_blank\" rel=\"noopener\">\u015fekil<\/a><\/div>\n<div><\/div>","protected":false},"excerpt":{"rendered":"<ul>\n<li>\n<h2>Ak\u0131ll\u0131 Mikrobilgisayar Kontrol\u00fc:<\/h2>\n<p>Otomatik s\u0131cakl\u0131k ve nem izleme ile izleme % art\u0131\u015flar\u0131.<\/li>\n<li>\n<h2>Ger\u00e7ek zamanl\u0131\u202fLCD\u202fG\u00f6r\u00fcnt\u00fc:<\/h2>\n<p>\u202fA\u00e7\u0131k\u00e7a bir denetim i\u00e7in s\u0131cakl\u0131k, nem, ve \u00e7al\u0131\u015f\u0131r durumda olan durumu g\u00f6sterir.<\/li>\n<li>\n<h2>Geni\u015f nem aral\u0131\u011f\u0131:<\/h2>\n<p>Ayarlanabilir10\u201398% RH aral\u0131\u011f\u0131 ile\u202f\u00b13\u202f3%rrh Kontrol Do\u011fruluk Farkl\u0131 ortamlar i\u00e7in.<\/li>\n<li>\n<h2>Otomatik \u202fSistem sistemi:<\/h2>\n<p>D\u00fc\u015f\u00fck s\u0131cakl\u0131k uygulamalar\u0131nda istikrarl\u0131 bir operasyonu s\u00fcrd\u00fcrmek i\u00e7in donma olu\u015fumunu \u00f6nler.<\/li>\n<li>\n<h2>Programlanabilir Zamanlay\u0131c\u0131:<\/h2>\n<p>1\u201124 saat zamanlay\u0131c\u0131ya izin verir, insans\u0131z kullan\u0131m ve enerji tasarrufu i\u00e7in programl\u0131 bir kapanma.<\/li>\n<li>\n<h2>Kendi kendine te\u015fhis fonksiyonu:<\/h2>\n<p>\u202fHatada yerle\u015fik\u202fHata alg\u0131lama ve g\u00f6r\u00fcnt\u00fclenme i\u00e7in h\u0131zl\u0131 sorun giderme ve minimum kesinti s\u00fcresi.<\/li>\n<li>\n<h2>S\u00fcrekli \u202fDrenaj:<\/h2>\n<p>Su borusu bo\u015falt\u0131m\u0131, manuel m\u00fcdahale olmadan durdurulmayan \u00e7al\u0131\u015fmay\u0131 destekler.<\/li>\n<li>\n<h2>Dayan\u0131kl\u0131 Hareketlilik:<\/h2>\n<p>End\u00fcstriyel \u00e7elik \u015fasi ve a\u011f\u0131r hizmetli tekerler, kolay yer de\u011fi\u015ftirme ile birlikte istikrarl\u0131l\u0131k.<\/li>\n<li>\n<h2>Y\u00fcksek performansl\u0131 hava sistemi:<\/h2>\n<p>Merkezka\u00e7 Fan, verimli hava ak\u0131\u015f\u0131n\u0131, verimli bir nem kald\u0131rma i\u00e7in d\u00fc\u015f\u00fck g\u00fcr\u00fclt\u00fc ile sa\u011flar.<\/li>\n<li>\n<h2>Premium kompres\u00f6r:<\/h2>\n<p>Uluslararas\u0131 s\u0131n\u0131f kompres\u00f6r, uzun hizmetin hayata ge\u00e7irilmesini ve s\u00fcrekli nem alma g\u00fcc\u00fcn\u00fc sa\u011flar.<\/li>\n<\/ul>\n<hr \/>","protected":false},"featured_media":4882,"comment_status":"open","ping_status":"closed","template":"","meta":{"_acf_changed":false},"product_brand":[],"product_cat":[64],"product_tag":[],"class_list":{"0":"post-4851","1":"product","2":"type-product","3":"status-publish","4":"has-post-thumbnail","6":"product_cat-dehumidifier-series","8":"first","9":"outofstock","10":"taxable","11":"shipping-taxable","12":"purchasable","13":"product-type-variable"},"acf":[],"_links":{"self":[{"href":"https:\/\/www.ecvents.com\/tr\/wp-json\/wp\/v2\/product\/4851","targetHints":{"allow":["GET"]}}],"collection":[{"href":"https:\/\/www.ecvents.com\/tr\/wp-json\/wp\/v2\/product"}],"about":[{"href":"https:\/\/www.ecvents.com\/tr\/wp-json\/wp\/v2\/types\/product"}],"replies":[{"embeddable":true,"href":"https:\/\/www.ecvents.com\/tr\/wp-json\/wp\/v2\/comments?post=4851"}],"wp:featuredmedia":[{"embeddable":true,"href":"https:\/\/www.ecvents.com\/tr\/wp-json\/wp\/v2\/media\/4882"}],"wp:attachment":[{"href":"https:\/\/www.ecvents.com\/tr\/wp-json\/wp\/v2\/media?parent=4851"}],"wp:term":[{"taxonomy":"product_brand","embeddable":true,"href":"https:\/\/www.ecvents.com\/tr\/wp-json\/wp\/v2\/product_brand?post=4851"},{"taxonomy":"product_cat","embeddable":true,"href":"https:\/\/www.ecvents.com\/tr\/wp-json\/wp\/v2\/product_cat?post=4851"},{"taxonomy":"product_tag","embeddable":true,"href":"https:\/\/www.ecvents.com\/tr\/wp-json\/wp\/v2\/product_tag?post=4851"}],"curies":[{"name":"zamk","href":"https:\/\/api.w.org\/{rel}","templated":true}]}}