{"id":4870,"date":"2026-03-19T06:06:24","date_gmt":"2026-03-19T11:06:24","guid":{"rendered":"https:\/\/www.ecvents.com\/?post_type=product&#038;p=4870"},"modified":"2026-03-19T06:06:45","modified_gmt":"2026-03-19T11:06:45","slug":"tek-kisilik-oda-hrv-vt501-wifi-2","status":"publish","type":"product","link":"https:\/\/www.ecvents.com\/tr\/product\/tek-kisilik-oda-hrv-vt501-wifi-2\/","title":{"rendered":"Tek Ki\u015filik Oda HRV VT501-WiFi"},"content":{"rendered":"<div class=\"someee\">\n<h2><strong>sessiz tazelik. ak\u0131ll\u0131 kontrol. fortless comfort i\u00e7in in\u015fa edilmi\u015ftir.<\/strong><\/h2>\n<p>bira\u00a0<strong>Tek ki\u015filik oda HRV\u202fVT501\u2011WiFi<\/strong>\u00a0Dikkat \u00e7ekmeden i\u00e7 mekan havas\u0131n\u0131 sessizce d\u00f6n\u00fc\u015ft\u00fcr\u00fcr. \u00c7al\u0131\u015ft\u0131\u011f\u0131n\u0131 duymuyorsunuz - havan\u0131n do\u011fru hissetti\u011fini fark ediyorsunuz: m\u00fckemmel bir g\u00fcnde a\u00e7\u0131k bir pencere gibi taze, dengeli ve do\u011fal olarak rahat.<\/p>\n<p>Kompakt \u00e7er\u00e7evesi i\u00e7inde gizlenmi\u015f bir\u00a0<strong>Seramik \u0131s\u0131 geri kazan\u0131m \u00e7ekirde\u011fi<\/strong>\u00a0Gelen ve giden hava aras\u0131nda s\u00fcrekli enerji al\u0131\u015fveri\u015fi yapar. K\u0131\u015f\u0131n s\u0131cakl\u0131\u011f\u0131 korur, yaz\u0131n fazla \u0131s\u0131y\u0131 giderir ve HVAC sistemlerindeki i\u015f y\u00fck\u00fcn\u00fc azalt\u0131r - t\u00fcm y\u0131l boyunca sabit ve konforlu bir ortam sa\u011flar.<\/p>\n<p>Hava kalitesi bir \u015fekilde rafine edilir\u00a0<strong>\u00c7ift filtreli a\u011f<\/strong>\u00a0birle\u015ftirmek\u00a0<strong>HEPA Filtresi<\/strong>\u00a00.3\u03bcm kadar k\u00fc\u00e7\u00fck par\u00e7ac\u0131klar\u0131 yakalar ve\u00a0<strong>aktif karbon tabakas\u0131<\/strong>\u00a0kokular\u0131 ve VOC'leri emer. Hava do\u011fal olarak temiz hissettirir - asla yapay veya a\u015f\u0131r\u0131 tedavi edilmez.<\/p>\n<p>Neredeyse sessizce \u00e7al\u0131\u015fan sistem, sadece 8,5 W g\u00fc\u00e7te 60 \u202f m\u00b3\/s hava ak\u0131\u015f\u0131 sa\u011flar. Kontrol, basit ve hassast\u0131r\u00a0<strong>Wifi ve Tuya\u202fApp<\/strong>, do\u011frudan telefonunuzdan h\u0131z ayarlar\u0131na, programlara ve hava kalitesi izlemeye tam eri\u015fim sa\u011flar.<\/p>\n<p>Uzun \u00f6m\u00fcr i\u00e7in tasarlanan VT501\u2011WiFi, bir\u00a0<strong>Korozyona dayan\u0131kl\u0131 seramik \u00e7ekirdek<\/strong>\u00a0bir i\u00e7inde\u00a0<strong>Y\u00fcksek mukavemetli ABS g\u00f6vdesi<\/strong>, nemli veya de\u011fi\u015fken ko\u015fullarda uzun vadeli g\u00fcvenilirlik sa\u011flamak. Bak\u0131m basittir; filtreler ve seramik \u00e7ekirdek, aletsiz dakikalar i\u00e7inde de\u011fi\u015ftirilebilir veya temizlenebilir.<\/p>\n<\/div>\n<hr \/>\n<p>Boyutlar (birim: mm):<\/p>\n<div class=\"scroll-table-wrapper\">\n<div class=\"scroll-table\">[1] Tablo \u201c74\u201d bulunamad\u0131 \/]<br \/>\n<\/div>\n<\/div>\n<div><\/div>\n<div><a class=\"wocb\" href=\"https:\/\/www.beiaole.com\/wp-content\/uploads\/2025\/12\/VT501-table1.pdf\" target=\"_blank\" rel=\"noopener\">\u015fekil<\/a><\/div>\n<div><\/div>\n<div><img loading=\"lazy\" decoding=\"async\" class=\"aligncenter wp-image-21029 size-full\" src=\"https:\/\/www.beiaole.com\/wp-content\/uploads\/2025\/12\/VT501-size.png\" alt=\"VT501-size\" width=\"1087\" height=\"197\" data-no-translation=\"\" \/><\/div>\n<div><\/div>\n<p>Performans:<\/p>\n<div class=\"scroll-table-wrapper\">\n<div class=\"scroll-table\">[1] Tablo \u201c75\u201d bulunamad\u0131 \/]<br \/>\n<\/div>\n<\/div>\n<div><\/div>\n<div class=\"woocb\"><a class=\"wocb\" href=\"https:\/\/www.beiaole.com\/wp-content\/uploads\/2025\/12\/VT501-table2.pdf\" target=\"_blank\" rel=\"noopener\">\u015fekil<\/a><\/div>\n<div><\/div>\n<div class=\"viddd\">\n<div class=\"lyte-wrapper\" style=\"width:560px;max-width:100%;margin:5px auto;\"><div class=\"lyMe\" id=\"WYL_jN-8IWCc7CA\"><div id=\"lyte_jN-8IWCc7CA\" data-src=\"https:\/\/www.ecvents.com\/wp-content\/plugins\/wp-youtube-lyte\/lyteCache.php?origThumbUrl=%2F%2Fi.ytimg.com%2Fvi%2FjN-8IWCc7CA%2Fhqdefault.jpg\" class=\"pL\"><div class=\"tC\"><div class=\"tT\"><\/div><\/div><div class=\"play\"><\/div><div class=\"ctrl\"><div class=\"Lctrl\"><\/div><div class=\"Rctrl\"><\/div><\/div><\/div><noscript><a href=\"https:\/\/youtu.be\/jN-8IWCc7CA\" rel=\"nofollow noopener\" target=\"_blank\"><img loading=\"lazy\" decoding=\"async\" src=\"https:\/\/www.ecvents.com\/wp-content\/plugins\/wp-youtube-lyte\/lyteCache.php?origThumbUrl=https%3A%2F%2Fi.ytimg.com%2Fvi%2FjN-8IWCc7CA%2F0.jpg\" alt=\"YouTube video thumbnail\" width=\"560\" height=\"295\" data-no-translation=\"\" \/><br \/>Bu videoyu youtube'da izleyin<\/a><\/noscript><\/div><\/div><div class=\"lL\" style=\"max-width:100%;width:560px;margin:5px auto;\"><\/div><\/p>\n<\/div>\n<p><img loading=\"lazy\" decoding=\"async\" class=\"aligncenter wp-image-3772 size-full\" src=\"https:\/\/www.beiaole.com\/wp-content\/uploads\/2025\/12\/VT501m1.jpg\" alt=\"Single Room HRV VT501-Wifi1\" width=\"1000\" height=\"621\" data-no-translation=\"\" \/><\/p>\n<p><img loading=\"lazy\" decoding=\"async\" class=\"aligncenter wp-image-3773 size-full\" src=\"https:\/\/www.beiaole.com\/wp-content\/uploads\/2025\/12\/VT501m2.jpg\" alt=\"Single Room HRV VT501-Wifi2\" width=\"1000\" height=\"1457\" data-no-translation=\"\" \/><\/p>\n<p><img loading=\"lazy\" decoding=\"async\" class=\"aligncenter wp-image-3774 size-full\" src=\"https:\/\/www.beiaole.com\/wp-content\/uploads\/2025\/12\/VT501m3.jpg\" alt=\"Single Room HRV VT501-Wifi3\" width=\"1000\" height=\"1009\" data-no-translation=\"\" \/><\/p>\n<p><img loading=\"lazy\" decoding=\"async\" class=\"aligncenter wp-image-3775 size-full\" src=\"https:\/\/www.beiaole.com\/wp-content\/uploads\/2025\/12\/VT501m4.jpg\" alt=\"Single Room HRV VT501-Wifi4\" width=\"1000\" height=\"745\" data-no-translation=\"\" \/><\/p>\n<p><img loading=\"lazy\" decoding=\"async\" class=\"aligncenter wp-image-3776 size-full\" src=\"https:\/\/www.beiaole.com\/wp-content\/uploads\/2025\/12\/VT501m5.jpg\" alt=\"Single Room HRV VT501-Wifi5\" width=\"1000\" height=\"1039\" data-no-translation=\"\" \/><\/p>\n<p><img loading=\"lazy\" decoding=\"async\" class=\"aligncenter wp-image-22702 size-large\" src=\"https:\/\/www.beiaole.com\/wp-content\/uploads\/2025\/12\/VT501m6-569x1024.jpg\" alt=\"VT501m6\" width=\"569\" height=\"1024\" data-no-translation=\"\" \/><\/p>","protected":false},"excerpt":{"rendered":"<ul>\n<li>\n<h2>Y\u00fcksek \u0131s\u0131 geri kazan\u0131m verimlili\u011fi:<\/h2>\n<p>Seramik \u00e7ekirdek, y\u0131ld\u00f6n\u00fcm\u00fc i\u00e7in %'ye kadar, yo\u011fun enerji ve y\u0131l boyunca t\u00fcketim ak\u0131\u015flar\u0131 aras\u0131ndaki termal enerjinin 90'a kadar\u0131n\u0131 yeniden kazan\u0131r.<\/li>\n<li>\n<h2>\u00c7ok a\u015famal\u0131 filtrasyon:<\/h2>\n<p>HEPA Filtresi tozu ve polenini ortadan kald\u0131r\u0131r; aktive edilmi\u015f karbon tabakas\u0131 kokular\u0131 n\u00f6tralize eder ve ince kirleticiler.<\/li>\n<li>\n<h2>Ultra sessiz i\u015flem:<\/h2>\n<p>Yatak odalar\u0131 ve \u00e7al\u0131\u015fma alanlar\u0131 i\u00e7in yeterli seviyeler yeterlidir\u2014sadece yumu\u015fak bir arka plan hum.<\/li>\n<li>\n<h2>WiFiSmart\u202fKontrol:<\/h2>\n<p>tuya\u202fApp Entegrasyon, Uzaktan H\u0131z Ayar\u0131, Ger\u00e7ek Zamanl\u0131 Hava Kalitesi Verileri ve Planlanm\u0131\u015f Modlar\u0131 Etkinle\u015ftirir.<\/li>\n<li>\n<h2>Enerji verimli motor:<\/h2>\n<p>Geli\u015fmi\u015f DCDrive\u202fSadece2.5\u20138.5W\u202fS\u00fcrekli \u00c7al\u0131\u015fma s\u0131ras\u0131nda T\u00fcketim.<\/li>\n<li>\n<h2>Dengeli hava ak\u0131\u015f\u0131:<\/h2>\n<p>d\u00f6rt h\u0131z ayar\u0131 arz arz\u013120\u201360m\u00b3\/h\u202fTutarl\u0131 bas\u0131n\u00e7 ve hatta da\u011f\u0131l\u0131m.<\/li>\n<li>\n<h2>Dayan\u0131kl\u0131-\u0130n\u015faat:<\/h2>\n<p>Ceramic is\u0131 de\u011fi\u015ftirici ve abs konut korozyonu ve uzun vadeli nem maruziyeti.<\/li>\n<li>\n<h2>Basit bak\u0131m:<\/h2>\n<p>\u202fTa\u015f\u0131mas\u0131z Filtre Eri\u015fimi Temizlik ve Yenilik\u00e7ilik Yapar ve sezgiseldir.<\/li>\n<\/ul>\n<hr \/>\n<div class=\"woodp\"><a class=\"wodp button\" href=\"https:\/\/www.beiaole.com\/wp-content\/uploads\/2025\/12\/VT501-t.pdf\" target=\"_blank\" rel=\"noopener\"><i class=\"fa-solid fa-file-pdf\"><\/i>katalog<\/a><\/div>","protected":false},"featured_media":4884,"comment_status":"open","ping_status":"closed","template":"","meta":{"_acf_changed":false},"product_brand":[],"product_cat":[73],"product_tag":[],"class_list":{"0":"post-4870","1":"product","2":"type-product","3":"status-publish","4":"has-post-thumbnail","6":"product_cat-single-room-hrv-2","7":"pa_control-mode-remote-control","8":"pa_control-mode-wifi-control","10":"first","11":"outofstock","12":"sale","13":"taxable","14":"shipping-taxable","15":"product-type-variable","16":"has-default-attributes"},"acf":[],"_links":{"self":[{"href":"https:\/\/www.ecvents.com\/tr\/wp-json\/wp\/v2\/product\/4870","targetHints":{"allow":["GET"]}}],"collection":[{"href":"https:\/\/www.ecvents.com\/tr\/wp-json\/wp\/v2\/product"}],"about":[{"href":"https:\/\/www.ecvents.com\/tr\/wp-json\/wp\/v2\/types\/product"}],"replies":[{"embeddable":true,"href":"https:\/\/www.ecvents.com\/tr\/wp-json\/wp\/v2\/comments?post=4870"}],"wp:featuredmedia":[{"embeddable":true,"href":"https:\/\/www.ecvents.com\/tr\/wp-json\/wp\/v2\/media\/4884"}],"wp:attachment":[{"href":"https:\/\/www.ecvents.com\/tr\/wp-json\/wp\/v2\/media?parent=4870"}],"wp:term":[{"taxonomy":"product_brand","embeddable":true,"href":"https:\/\/www.ecvents.com\/tr\/wp-json\/wp\/v2\/product_brand?post=4870"},{"taxonomy":"product_cat","embeddable":true,"href":"https:\/\/www.ecvents.com\/tr\/wp-json\/wp\/v2\/product_cat?post=4870"},{"taxonomy":"product_tag","embeddable":true,"href":"https:\/\/www.ecvents.com\/tr\/wp-json\/wp\/v2\/product_tag?post=4870"}],"curies":[{"name":"zamk","href":"https:\/\/api.w.org\/{rel}","templated":true}]}}