{"id":4871,"date":"2026-03-19T06:06:24","date_gmt":"2026-03-19T11:06:24","guid":{"rendered":"https:\/\/www.ecvents.com\/?post_type=product&#038;p=4871"},"modified":"2026-03-19T06:13:59","modified_gmt":"2026-03-19T11:13:59","slug":"uc-katli-hava-hepa-karbon-filtreler","status":"publish","type":"product","link":"https:\/\/www.ecvents.com\/tr\/product\/uc-katli-hava-hepa-karbon-filtreler\/","title":{"rendered":"\u00dc\u00e7 Katl\u0131 Hava Hepa Karbon Filtreler"},"content":{"rendered":"<div class=\"someee\">\n<h2><strong>Temiz katmanlar. Ak\u0131ll\u0131 filtrasyon. Daha sa\u011fl\u0131kl\u0131 hava ak\u0131\u015f\u0131 i\u00e7in \u00fcretilmi\u015ftir.<\/strong><\/h2>\n<p>bira\u00a0<strong>Oda ventilat\u00f6rler i\u00e7in \u00fc\u00e7 katmanl\u0131Hepa karbon filtresi ve hava ikmal edici<\/strong>\u00a0Temiz havay\u0131 g\u00fcnl\u00fck ya\u015fam\u0131n s\u00fcrekli bir par\u00e7as\u0131 haline getirmek i\u00e7in tasarlanm\u0131\u015ft\u0131r. Geli\u015fmi\u015f filtrasyon ve ak\u0131ll\u0131 enerji geri kazan\u0131m\u0131n\u0131 birle\u015ftirerek, s\u0131radan havaland\u0131rmay\u0131 yenileyen, koruyan ve s\u00fcrd\u00fcren dengeli, y\u00fcksek verimli bir hava sistemine d\u00f6n\u00fc\u015ft\u00fcr\u00fcr.<\/p>\n<p>\u00f6z\u00fcnde bir\u00a0<strong>\u00dc\u00e7 a\u015famal\u0131Hepa\u202fCarbon\u202fFilter<\/strong>\u00a0PM2.5 partik\u00fcllerini, havadaki alerjenleri ve 0.3\u03bcm kadar k\u00fc\u00e7\u00fck bakterileri yakalamak i\u00e7in tasarlanm\u0131\u015ft\u0131r. bira\u00a0<strong>aktif-karbon katman\u0131<\/strong>\u00a0Kokular\u0131 ve u\u00e7ucu bile\u015fikleri n\u00f6tralize ederken, birincil filtre, hava ak\u0131\u015f\u0131n\u0131 sabit tutmak i\u00e7in daha b\u00fcy\u00fck toz ve kal\u0131nt\u0131lar\u0131 bloke eder. Bu filtreler birlikte her nefesin safla\u015ft\u0131r\u0131lm\u0131\u015f, rahat havan\u0131n netli\u011fini ta\u015f\u0131mas\u0131n\u0131 sa\u011flar.<\/p>\n<p>Sistem, ak\u0131ll\u0131 havaland\u0131rma \u00fcniteleriyle sorunsuz bir \u015fekilde b\u00fct\u00fcnle\u015fir. onun sayesinde\u00a0<strong>Uygulama tabanl\u0131 kontrol<\/strong>, kullan\u0131c\u0131lar modlar\u0131 ayarlayabilir, i\u00e7 mekan ko\u015fullar\u0131n\u0131 izleyebilir veya uzaktan \u00e7al\u0131\u015fmay\u0131 zamanlayabilir. \u00fczerine in\u015fa edilmi\u015f<strong>Manyetik montaj plakas\u0131<\/strong>, filtreler rutin bak\u0131m\u0131 kolayla\u015ft\u0131rarak saniyeler i\u00e7inde de\u011fi\u015ftirilebilir.<\/p>\n<p>Her d\u00f6ng\u00fc otomatik olarak ger\u00e7ek ko\u015fullara uyum sa\u011flar. birlik\u00a0<strong>\u00c7\u0131karma ve arz modlar\u0131 aras\u0131nda ge\u00e7i\u015f yapar Her 65 saniye<\/strong>, dengeli hava ak\u0131\u015f\u0131n\u0131 s\u00fcrd\u00fcrmek<strong>Seramik Is\u0131tma De\u011fi\u015ftirici<\/strong>\u00a090'a kadar %'ye kadar \u0131s\u0131 veya so\u011futma g\u00fcc\u00fcn\u00fc bo\u015fa harcamadan odalar\u0131 taze tutar. Dayan\u0131kl\u0131 malzemeler, sessiz \u00e7al\u0131\u015fma ve kompakt profil, onu evler, ofisler ve enerji bilincine sahip yenileme projeleri i\u00e7in m\u00fckemmel bir uyum sa\u011flar.<\/p>\n<\/div>\n<hr \/>","protected":false},"excerpt":{"rendered":"<ul>\n<li>\n<h2>Dayan\u0131kl\u0131 ve eri\u015filebilir tasar\u0131m:<\/h2>\n<p>Sa\u011flam Manyetik \u00c7er\u00e7eve\u202fFiltreleri h\u0131zl\u0131 ve ara\u00e7s\u0131z hale getirir.<\/li>\n<li>\n<h2>\u00dc\u00e7 katmanl\u0131 filtrasyon:<\/h2>\n<p>\u00d6n filtre,HEPA katman\u0131,ve aktifle\u015ftirilmi\u015f karbon eleman\u0131 yakalama tozu,pm2.5,\u202fVir\u00fcsler,ve-kokular.<\/li>\n<li>\n<h2>SmartApp\u202fControl:<\/h2>\n<p>Havaland\u0131rma modlar\u0131n\u0131n ve kapal\u0131 hava ko\u015fullar\u0131n\u0131n uzaktan izleme ve ayarlanmas\u0131.<\/li>\n<li>\n<h2>Otomatik mod de\u011fi\u015ftirme:<\/h2>\n<p>Dengeli hava de\u011fi\u015fimi i\u00e7in her 65 saniyelik a\u015f\u0131r\u0131 ve arz aras\u0131ndaki de\u011fi\u015fimler.<\/li>\n<li>\n<h2>Termal Enerji Kurtarma:<\/h2>\n<p>\u202fCamik \u0131s\u0131 de\u011fi\u015ftirici, daha d\u00fc\u015f\u00fck \u0131s\u0131tma ve so\u011futma maliyetlerini i\u00e7in termal enerjiyi geri kazan\u0131r.<\/li>\n<li>\n<h2>D\u00fc\u015f\u00fck bak\u0131m i\u015flemi:<\/h2>\n<p>Filtre ikame ve temizleme dakikalar al\u0131r, s\u00fcrekli kullan\u0131m\u0131 destekler.<\/li>\n<\/ul>\n<hr \/>","protected":false},"featured_media":4909,"comment_status":"open","ping_status":"closed","template":"","meta":{"_acf_changed":false},"product_brand":[],"product_cat":[72,73],"product_tag":[],"class_list":{"0":"post-4871","1":"product","2":"type-product","3":"status-publish","4":"has-post-thumbnail","6":"product_cat-filter","7":"product_cat-single-room-hrv-2","9":"first","10":"instock","11":"sale","12":"taxable","13":"shipping-taxable","14":"purchasable","15":"product-type-simple"},"acf":[],"_links":{"self":[{"href":"https:\/\/www.ecvents.com\/tr\/wp-json\/wp\/v2\/product\/4871","targetHints":{"allow":["GET"]}}],"collection":[{"href":"https:\/\/www.ecvents.com\/tr\/wp-json\/wp\/v2\/product"}],"about":[{"href":"https:\/\/www.ecvents.com\/tr\/wp-json\/wp\/v2\/types\/product"}],"replies":[{"embeddable":true,"href":"https:\/\/www.ecvents.com\/tr\/wp-json\/wp\/v2\/comments?post=4871"}],"wp:featuredmedia":[{"embeddable":true,"href":"https:\/\/www.ecvents.com\/tr\/wp-json\/wp\/v2\/media\/4909"}],"wp:attachment":[{"href":"https:\/\/www.ecvents.com\/tr\/wp-json\/wp\/v2\/media?parent=4871"}],"wp:term":[{"taxonomy":"product_brand","embeddable":true,"href":"https:\/\/www.ecvents.com\/tr\/wp-json\/wp\/v2\/product_brand?post=4871"},{"taxonomy":"product_cat","embeddable":true,"href":"https:\/\/www.ecvents.com\/tr\/wp-json\/wp\/v2\/product_cat?post=4871"},{"taxonomy":"product_tag","embeddable":true,"href":"https:\/\/www.ecvents.com\/tr\/wp-json\/wp\/v2\/product_tag?post=4871"}],"curies":[{"name":"zamk","href":"https:\/\/api.w.org\/{rel}","templated":true}]}}