{"id":4876,"date":"2026-03-19T06:06:25","date_gmt":"2026-03-19T11:06:25","guid":{"rendered":"https:\/\/www.ecvents.com\/?post_type=product&#038;p=4876"},"modified":"2026-03-25T05:30:03","modified_gmt":"2026-03-25T10:30:03","slug":"termostatli-taze-hava-valfi","status":"publish","type":"product","link":"https:\/\/www.ecvents.com\/tr\/product\/termostatli-taze-hava-valfi\/","title":{"rendered":"Termostatl\u0131 taze hava valfi"},"content":{"rendered":"<h2 class=\"wp-block-heading\"><strong>Basit tasar\u0131m. ak\u0131ll\u0131 kontrol. fortless fresh au i\u00e7in in\u015fa edilmi\u015ftir.<\/strong><\/h2>\n\n\n\n<p>bira&nbsp;<strong>Termostatl\u0131 taze hava valfi<\/strong>&nbsp;Ak\u0131ll\u0131 basitli\u011fin sessiz bir somutla\u015fm\u0131\u015f halidir - enerji kayb\u0131n\u0131 azalt\u0131rken i\u00e7 mekan havas\u0131n\u0131 taze tutan kompakt, kendi kendini ayarlayan bir sistemdir. Kablolama yok, motor yok, elektrik yok - sadece d\u0131\u015f ortam ko\u015fullar\u0131na otomatik olarak uyum sa\u011flayan ak\u0131ll\u0131 fizik taraf\u0131ndan y\u00f6nlendirilen do\u011fal hava ak\u0131\u015f\u0131.<\/p>\n\n\n\n<p>\u00d6z\u00fcnde, bir&nbsp;<strong>mekanik termostat<\/strong>&nbsp;D\u0131\u015f s\u0131cakl\u0131\u011f\u0131 alg\u0131lar ve ger\u00e7ek zamanl\u0131 olarak hava ak\u0131\u015f\u0131n\u0131 ayarlar. +10\u00b0C'nin \u00fczerine \u00e7\u0131kt\u0131\u011f\u0131nda, valf sabit bir taze hava ak\u0131\u015f\u0131 sa\u011flamak i\u00e7in tamamen a\u00e7\u0131l\u0131r. S\u0131cakl\u0131klar \u20135\u00b0C'nin alt\u0131na d\u00fc\u015ft\u00fc\u011f\u00fcnde, yava\u015f yava\u015f kapan\u0131r, so\u011fuk cereyanlar\u0131 \u00f6nler ve i\u00e7 s\u0131cakl\u0131\u011f\u0131 korur. kesin \u00fczerine in\u015fa edilmi\u015f&nbsp;<strong>Termal Geni\u015fleme Mekani\u011fi<\/strong>, tasar\u0131m g\u00fcr\u00fclt\u00fc, elektronik veya bak\u0131m olmadan s\u00fcrekli \u00e7al\u0131\u015f\u0131r.<\/p>\n\n\n\n<p>Daha fazla esneklik i\u00e7in, valf manuel olarak da kapat\u0131labilir ve gerekti\u011finde havaland\u0131rma \u00fczerinde h\u0131zl\u0131, sezgisel kontrol sa\u011flar. Kompakt, sessiz ve tamamen pasif, gece ve g\u00fcnd\u00fcz zahmetsiz hisseden arka planda temiz hava sa\u011flar.<\/p>\n\n\n\n<p>Evler, ofisler, mutfaklar ve toplant\u0131 alanlar\u0131 i\u00e7in ideal&nbsp;<strong>Termostatl\u0131 taze hava valfi<\/strong>&nbsp;Saf mekanik zeka ile s\u00fcrd\u00fcr\u00fclebilir konfor sunar - sessizce kendini y\u00f6neten hava yenileme.<\/p>\n\n\n\n<hr class=\"wp-block-separator has-alpha-channel-opacity\"\/>\n\n\n\n<figure class=\"wp-block-image aligncenter\"><img decoding=\"async\" src=\"https:\/\/www.beiaole.com\/wp-content\/uploads\/2025\/12\/FRESH-AIR-VALVE-WITH-THERMOSTAT-size1.png\" alt=\"FRESH-AIR-VALVE-WITH-THERMOSTAT-size1\" class=\"wp-image-21315\" data-no-translation=\"\"\/><\/figure>\n\n\n\n<figure class=\"wp-block-image aligncenter\"><img decoding=\"async\" src=\"https:\/\/www.beiaole.com\/wp-content\/uploads\/2025\/12\/FRESH-AIR-VALVE-WITH-THERMOSTAT-size2.png\" alt=\"FRESH-AIR-VALVE-WITH-THERMOSTAT-size2\" class=\"wp-image-21316\" data-no-translation=\"\"\/><\/figure>\n\n\n\n<p>Boyutlar (birim: mm):<\/p>\n\n\n\n<figure class=\"wp-block-table\"><table><thead><tr><th>Kanal Boyutu<\/th><th>Uzat\u0131lm\u0131\u015f kanal uzunlu\u011fu<\/th><th>\u0130zin verilen maksimum hava ak\u0131\u015f\u0131<\/th><th>ses seviyesi<\/th><th>Uygulama Alan\u0131<\/th><\/tr><\/thead><tbody><tr><td>100 mm<\/td><td>250 \u2013 500mm<\/td><td>30m\u00b3\/saat<\/td><td>20 \u2013 35dB<\/td><td>10m\u00b2<\/td><\/tr><\/tbody><\/table><\/figure>\n\n\n<div class=\"someee\">\u00a0<\/div>\n<p>\u00a0<\/p>","protected":false},"excerpt":{"rendered":"<ul>\n<li>\n<h2>Otomatik Termal D\u00fczenleme:<\/h2>\n<p>A\u00e7\u0131klar Mekanik Termostat, D\u0131\u015f Mekanda A\u00e7\u0131l\u0131r ve Kapan\u0131r.<\/li>\n<li>\n<h2>Enerji tasarrufu i\u015flemi:<\/h2>\n<p>Yukar\u0131ya kadar +10\u00b0C\u202fA\u00e7\u0131k hava giri\u015fi ve kapal\u0131lar--------------------------------------------------------------------------------------------------------------------------------------------------------------------------------------------------.<\/li>\n<li>\n<h2>Manuel\u202fAyarlama:<\/h2>\n<p>Kullan\u0131c\u0131n\u0131n kontroll\u00fc hava ak\u0131\u015f\u0131na izin verir, ki\u015fisel\u202fki\u015fisel havaland\u0131rma tercihleri i\u00e7in.<\/li>\n<li>\n<h2>Sessiz fonksiyon:<\/h2>\n<p>20\u201335\u202fDB, yatak odalar\u0131 ve ofisleri i\u00e7in sessiz performans sa\u011flamak.<\/li>\n<li>\n<h2>Sabit hava de\u011fi\u015fimi:<\/h2>\n<p>250\u2013500 mm uzunlu\u011fundaki kanallar boyunca do\u011fal hava ak\u0131\u015f\u0131n\u0131n 30m\u00b3\/h'ye kadar\u0131n\u0131 sa\u011flar.<\/li>\n<li>\n<h2>Bak\u0131ms\u0131z tasar\u0131m:<\/h2>\n<p>Tamamen mekanik sistem, no\u202fFilters, motorlar, veya programlanm\u0131\u015f servis gerektirir.<\/li>\n<li>\n<h2>Standart uyumluluk:<\/h2>\n<p>100mm kanallar\u0131, varolu\u015fsuz havaland\u0131rma a\u011flar\u0131na kusursuz bir entegrasyon i\u00e7in uyar.<\/li>\n<\/ul>\n<hr \/>\n<div class=\"woodp\"><a class=\"wodp button\" href=\"https:\/\/www.beiaole.com\/wp-content\/uploads\/2025\/12\/FRESH-AIR-VALVE-WITH-THERMOSTAT-t.pdf\" target=\"_blank\" rel=\"noopener\"><i class=\"fa-solid fa-file-pdf\"><\/i>katalog<\/a><\/div>","protected":false},"featured_media":4902,"comment_status":"open","ping_status":"closed","template":"","meta":{"_acf_changed":false},"product_brand":[],"product_cat":[73],"product_tag":[],"class_list":{"0":"post-4876","1":"product","2":"type-product","3":"status-publish","4":"has-post-thumbnail","6":"product_cat-single-room-hrv-2","8":"first","9":"instock","10":"sale","11":"taxable","12":"shipping-taxable","13":"purchasable","14":"product-type-simple"},"acf":[],"_links":{"self":[{"href":"https:\/\/www.ecvents.com\/tr\/wp-json\/wp\/v2\/product\/4876","targetHints":{"allow":["GET"]}}],"collection":[{"href":"https:\/\/www.ecvents.com\/tr\/wp-json\/wp\/v2\/product"}],"about":[{"href":"https:\/\/www.ecvents.com\/tr\/wp-json\/wp\/v2\/types\/product"}],"replies":[{"embeddable":true,"href":"https:\/\/www.ecvents.com\/tr\/wp-json\/wp\/v2\/comments?post=4876"}],"wp:featuredmedia":[{"embeddable":true,"href":"https:\/\/www.ecvents.com\/tr\/wp-json\/wp\/v2\/media\/4902"}],"wp:attachment":[{"href":"https:\/\/www.ecvents.com\/tr\/wp-json\/wp\/v2\/media?parent=4876"}],"wp:term":[{"taxonomy":"product_brand","embeddable":true,"href":"https:\/\/www.ecvents.com\/tr\/wp-json\/wp\/v2\/product_brand?post=4876"},{"taxonomy":"product_cat","embeddable":true,"href":"https:\/\/www.ecvents.com\/tr\/wp-json\/wp\/v2\/product_cat?post=4876"},{"taxonomy":"product_tag","embeddable":true,"href":"https:\/\/www.ecvents.com\/tr\/wp-json\/wp\/v2\/product_tag?post=4876"}],"curies":[{"name":"zamk","href":"https:\/\/api.w.org\/{rel}","templated":true}]}}