{"id":4877,"date":"2026-03-19T06:06:25","date_gmt":"2026-03-19T11:06:25","guid":{"rendered":"https:\/\/www.ecvents.com\/?post_type=product&#038;p=4877"},"modified":"2026-03-19T06:13:59","modified_gmt":"2026-03-19T11:13:59","slug":"isi-geri-kazanim-ventilatoru-vt100-2","status":"publish","type":"product","link":"https:\/\/www.ecvents.com\/tr\/product\/isi-geri-kazanim-ventilatoru-vt100-2\/","title":{"rendered":"Is\u0131 Geri Kazan\u0131m Ventilat\u00f6r\u00fc VT100"},"content":{"rendered":"<div class=\"someee\">\n<h2><strong>sessiz denge. taze hava. Her g\u00fcn ya\u015famak i\u00e7in in\u015fa edilmi\u015ftir.<\/strong><\/h2>\n<p>bira\u00a0<strong>VT100\u202fHeat\u202fRecovery\u202fAntilator<\/strong>\u00a0i\u00e7 mekan konforunu sessizce d\u00f6n\u00fc\u015ft\u00fcren kompakt bir m\u00fchendislik par\u00e7as\u0131d\u0131r. Arka planda sessizce \u00e7al\u0131\u015farak havay\u0131 taze, s\u0131cakl\u0131klar\u0131 dengeli ve enerji t\u00fcketimini do\u011fal olarak d\u00fc\u015f\u00fck tutar; her alan\u0131n dikkat gerektirmeden daha iyi hissetmesini sa\u011flayan g\u00f6r\u00fcnmez bir y\u00fckseltmedir.<\/p>\n<p>merkezde bir\u00a0<strong>Y\u00fcksek verimlilik seramik \u0131s\u0131 de\u011fi\u015fim mod\u00fcl\u00fc<\/strong>\u00a0Bu, giden ve gelen hava ak\u0131\u015flar\u0131 aras\u0131nda termal enerjiyi aktar\u0131r. K\u0131\u015f\u0131n, temiz hava \u00f6nceden \u0131s\u0131t\u0131l\u0131r, yaz aylar\u0131nda so\u011fuk hava dola\u015f\u0131rken fazla \u0131s\u0131 d\u0131\u015far\u0131da kal\u0131r. Sonu\u00e7, her mevsimde p\u00fcr\u00fczs\u00fcz, dengeli havaland\u0131rmad\u0131r; \u0131s\u0131tma veya so\u011futmaya zaten yat\u0131r\u0131lan enerjiden \u00f6d\u00fcn vermeden konfor sa\u011flar.<\/p>\n<p>taraf\u0131ndan g\u00fc\u00e7lendirilmi\u015f\u00a0<strong>EC\u202f(Elektronik olarak de\u011fi\u015ftirilmi\u015f)\u202fMotor<\/strong>, VT100, 20'den 50'ye kadar sessiz hava ak\u0131\u015f\u0131 sa\u011flarken sadece 2,5\u20133,8w g\u00fc\u00e7 t\u00fcketir. Nazik uyku ayar\u0131nda bile yatak odalar\u0131, \u00e7al\u0131\u015fmalar veya di\u011fer sessiz ortamlar i\u00e7in uygun s\u00fcrekli hava de\u011fi\u015fimi sa\u011flar.<\/p>\n<p>Kurulum h\u0131zl\u0131d\u0131r. bira\u00a0<strong>Kompakt, hafif g\u00f6vde<\/strong>\u00a0\u0130\u00e7 duvarlara temiz bir \u015fekilde monte edilir, bu da onu daha b\u00fcy\u00fck kanall\u0131 sistemlerin m\u00fcmk\u00fcn olmad\u0131\u011f\u0131 daireler, ev ofisleri veya k\u00fc\u00e7\u00fck ticari alanlar i\u00e7in ideal hale getirir. pek iyi\u00a0<strong>Y\u0131kanabilir \u00f6n filtre<\/strong>\u00a0Toz ve daha b\u00fcy\u00fck par\u00e7ac\u0131klar\u0131 hapseder, bak\u0131m\u0131 basitle\u015ftirirken havan\u0131n temiz kalmas\u0131n\u0131 sa\u011flar - \u00e7\u0131kar\u0131n, durulay\u0131n, de\u011fi\u015ftirin, bitti.<\/p>\n<\/div>\n<hr \/>\n<p>Boyutlar (birim: mm):<\/p>\n<div class=\"lightbox-container\"><img loading=\"lazy\" decoding=\"async\" class=\"aligncenter wp-image-21313 size-full\" src=\"https:\/\/www.beiaole.com\/wp-content\/uploads\/2025\/12\/VT100-size.png\" alt=\"VT100-size\" width=\"852\" height=\"261\" data-no-translation=\"\" \/><\/div>\n<p>Performans:<\/p>\n<div class=\"scroll-table-wrapper\">\n<div class=\"scroll-table\">[1] Tablo \u201c77\u201d bulunamad\u0131 \/]<br \/>\n<\/div>\n<\/div>\n<div class=\"woocb\"><a class=\"wocb\" href=\"https:\/\/www.beiaole.com\/wp-content\/uploads\/2025\/12\/VT100-table.pdf\" target=\"_blank\" rel=\"noopener\">\u015fekil<\/a><\/div>","protected":false},"excerpt":{"rendered":"<ul>\n<li>\n<h2>Y\u00fcksek \u0131s\u0131 geri kazan\u0131m verimlili\u011fi:<\/h2>\n<p>CeramiCramik \u00e7ekirdek, y\u0131l boyunca rahatl\u0131k ve enerji tasarrufu i\u00e7in \u0131s\u0131 enerjisinin 90'a %'sine kadar iyile\u015fir.<\/li>\n<li>\n<h2>Ultra sessiz i\u015flem:<\/h2>\n<p>D\u00fc\u015f\u00fck g\u00fcr\u00fclt\u00fcl\u00fc ecmotor, yatak odalar\u0131 ve \u00e7al\u0131\u015fma alanlar\u0131 i\u00e7in ideal bir havaland\u0131rmay\u0131 idealeterler.<\/li>\n<li>\n<h2>Enerji verimli tasar\u0131m:<\/h2>\n<p>T\u00fcketimler sadece2.5\u20133.8w\u202f20'den 50m\u00b3\/h'ye kadar hava ak\u0131\u015f\u0131n\u0131n s\u00fcrd\u00fcr\u00fclmesi.<\/li>\n<li>\n<h2>Kompakt ve hafif:<\/h2>\n<p>Slim Profile Uyumluluklar Kolayca duvarlarda veya s\u0131n\u0131rl\u0131 bo\u015fluklar Daha b\u00fcy\u00fck havaland\u0131rma birimleri i\u00e7in uygun de\u011fildir.<\/li>\n<li>\n<h2>Dayan\u0131kl\u0131-\u0130n\u015faat:<\/h2>\n<p>Korozyona dayan\u0131kl\u0131 seramik \u0131s\u0131 e\u015fanj\u00f6r ve ABS Konutlar\u0131 Uzun vadeli g\u00fcvenilirlik sa\u011flar.<\/li>\n<li>\n<h2>\u00d6n filtre korumas\u0131:<\/h2>\n<p>Temizleyici hava ve tutarl\u0131 ak\u0131\u015f i\u00e7in \u00e7\u0131kar\u0131labilir filtre tozu ve debris.<\/li>\n<li>\n<h2>Basit kullan\u0131c\u0131 kontrol\u00fc:<\/h2>\n<p>\u00dc\u00e7 hayran h\u0131zlar\u0131 art\u0131 uyku modu g\u00fcnl\u00fck ko\u015fullara kolay uyum sa\u011flar.<\/li>\n<li>\n<h2>D\u00fc\u015f\u00fck bak\u0131m:<\/h2>\n<p>\u202fTekersiz\u202fFilter H\u0131zl\u0131, uygun bak\u0131m i\u00e7in temizlenmesi.<\/li>\n<\/ul>\n<hr \/>","protected":false},"featured_media":4903,"comment_status":"open","ping_status":"closed","template":"","meta":{"_acf_changed":false},"product_brand":[],"product_cat":[73],"product_tag":[],"class_list":{"0":"post-4877","1":"product","2":"type-product","3":"status-publish","4":"has-post-thumbnail","6":"product_cat-single-room-hrv-2","7":"pa_control-mode-remote-control","8":"pa_control-mode-wifi-control","10":"first","11":"instock","12":"taxable","13":"shipping-taxable","14":"purchasable","15":"product-type-variable","16":"has-default-attributes"},"acf":[],"_links":{"self":[{"href":"https:\/\/www.ecvents.com\/tr\/wp-json\/wp\/v2\/product\/4877","targetHints":{"allow":["GET"]}}],"collection":[{"href":"https:\/\/www.ecvents.com\/tr\/wp-json\/wp\/v2\/product"}],"about":[{"href":"https:\/\/www.ecvents.com\/tr\/wp-json\/wp\/v2\/types\/product"}],"replies":[{"embeddable":true,"href":"https:\/\/www.ecvents.com\/tr\/wp-json\/wp\/v2\/comments?post=4877"}],"wp:featuredmedia":[{"embeddable":true,"href":"https:\/\/www.ecvents.com\/tr\/wp-json\/wp\/v2\/media\/4903"}],"wp:attachment":[{"href":"https:\/\/www.ecvents.com\/tr\/wp-json\/wp\/v2\/media?parent=4877"}],"wp:term":[{"taxonomy":"product_brand","embeddable":true,"href":"https:\/\/www.ecvents.com\/tr\/wp-json\/wp\/v2\/product_brand?post=4877"},{"taxonomy":"product_cat","embeddable":true,"href":"https:\/\/www.ecvents.com\/tr\/wp-json\/wp\/v2\/product_cat?post=4877"},{"taxonomy":"product_tag","embeddable":true,"href":"https:\/\/www.ecvents.com\/tr\/wp-json\/wp\/v2\/product_tag?post=4877"}],"curies":[{"name":"zamk","href":"https:\/\/api.w.org\/{rel}","templated":true}]}}