{"id":669,"date":"2022-05-06T17:39:29","date_gmt":"2022-05-06T17:39:29","guid":{"rendered":"https:\/\/startersites.io\/blocksy\/gadgets\/?post_type=product&#038;p=669"},"modified":"2026-01-08T04:22:17","modified_gmt":"2026-01-08T09:22:17","slug":"tek-kisilik-oda-hrv-vt501-wifi","status":"publish","type":"product","link":"https:\/\/www.ecvents.com\/tr\/product\/tek-kisilik-oda-hrv-vt501-wifi\/","title":{"rendered":"KCVENTS VT501-Uzak veya WiFi Is\u0131 Geri Kazan\u0131ml\u0131 Havaland\u0131rma (HRV) Duvara monte oda Seramik HEPA filtreli havaland\u0131rma sistemi 6 in\u00e7"},"content":{"rendered":"<h4 class=\"mcb-wrap-background-overlay\">Boyutlar (birim: mm):<\/h4>\n<h4 class=\"mcb-wrap-background-overlay\"><img loading=\"lazy\" decoding=\"async\" class=\"alignnone wp-image-4156 size-full\" src=\"https:\/\/www.ecvents.com\/wp-content\/uploads\/2022\/05\/KCVENTS-VT501-Product-Size-Diagram-\u2013-Panel-220\u00d7240-mm-Duct-Length-200\u2013500-mm.png\" alt=\"Product size drawing of the KCVENTS VT501 single-room heat recovery ventilator showing a 220\u00d7240 mm front panel and two duct length options: 200 mm and 500 mm.\" width=\"1326\" height=\"375\" srcset=\"https:\/\/www.ecvents.com\/wp-content\/uploads\/2022\/05\/KCVENTS-VT501-Product-Size-Diagram-\u2013-Panel-220\u00d7240-mm-Duct-Length-200\u2013500-mm.png 1326w, https:\/\/www.ecvents.com\/wp-content\/uploads\/2022\/05\/KCVENTS-VT501-Product-Size-Diagram-\u2013-Panel-220\u00d7240-mm-Duct-Length-200\u2013500-mm-300x85.png 300w, https:\/\/www.ecvents.com\/wp-content\/uploads\/2022\/05\/KCVENTS-VT501-Product-Size-Diagram-\u2013-Panel-220\u00d7240-mm-Duct-Length-200\u2013500-mm-1024x290.png 1024w, https:\/\/www.ecvents.com\/wp-content\/uploads\/2022\/05\/KCVENTS-VT501-Product-Size-Diagram-\u2013-Panel-220\u00d7240-mm-Duct-Length-200\u2013500-mm-768x217.png 768w, https:\/\/www.ecvents.com\/wp-content\/uploads\/2022\/05\/KCVENTS-VT501-Product-Size-Diagram-\u2013-Panel-220\u00d7240-mm-Duct-Length-200\u2013500-mm-18x5.png 18w, https:\/\/www.ecvents.com\/wp-content\/uploads\/2022\/05\/KCVENTS-VT501-Product-Size-Diagram-\u2013-Panel-220\u00d7240-mm-Duct-Length-200\u2013500-mm-500x141.png 500w\" sizes=\"auto, (max-width: 1326px) 100vw, 1326px\" data-no-translation=\"\" \/><\/h4>\n<table>\n<thead>\n<tr id=\"thblue\">\n<th>\u00e7ap birimi<\/th>\n<th>d\u0131\u015f boru<\/th>\n<th>\u00c7ap\/duvar kal\u0131nl\u0131\u011f\u0131<\/th>\n<th>Kurulum t\u00fcp\u00fc (kesilebilir)<\/th>\n<th>\u0130\u00e7 Kapak<\/th>\n<\/tr>\n<\/thead>\n<tbody>\n<tr>\n<td>160 mm<\/td>\n<td>163 mm<\/td>\n<td>Standart : 250 mm \u2013 500 mm<\/td>\n<td>250 mm ila 500 mm<\/td>\n<td>242 mm x 242 mm<\/td>\n<\/tr>\n<\/tbody>\n<\/table>\n<div class=\"column mcb-column mcb-item-juqkkdtft one laptop-one tablet-one mobile-one column_column vb-item\">\n<div class=\"mcb-column-inner mfn-module-wrapper mcb-column-inner-juqkkdtft mcb-item-column-inner\">\n<div class=\"column_attr mfn-inline-editor clearfix\">\n<h4>Parametre tablosu:<\/h4>\n<table>\n<tbody>\n<tr id=\"thblue\">\n<th>h\u0131z<\/th>\n<th>uyku<\/th>\n<th>\u2160<\/th>\n<th>\u2161<\/th>\n<th>\u2162<\/th>\n<\/tr>\n<tr>\n<td>torpil<\/td>\n<td colspan=\"5\">12VDC veya 100 \u2013 240V 50 \u2013 60Hz<\/td>\n<\/tr>\n<tr>\n<td>Ventilat\u00f6r Toplam G\u00fc\u00e7 (W)<\/td>\n<td>2.5<\/td>\n<td>3.0<\/td>\n<td>4.5<\/td>\n<td>8.5<\/td>\n<\/tr>\n<tr>\n<td>Ventilat\u00f6r ak\u0131m\u0131(A)<\/td>\n<td>0.025<\/td>\n<td>0.030<\/td>\n<td>0.045<\/td>\n<td>0.070<\/td>\n<\/tr>\n<tr>\n<td>Hava ak\u0131\u015f\u0131 (m\u00b3\/saat)<\/td>\n<td>20<\/td>\n<td>48<\/td>\n<td>54<\/td>\n<td>60<\/td>\n<\/tr>\n<tr>\n<td>H\u0131z (rpm)<\/td>\n<td>630<\/td>\n<td>1100<\/td>\n<td>1600<\/td>\n<td>2200<\/td>\n<\/tr>\n<tr>\n<td>Ta\u015f\u0131nan hava s\u0131cakl\u0131\u011f\u0131<\/td>\n<td colspan=\"5\">-20\u00b0C(-4\u00b0F) ila +50\u00b0C(122\u00b0F)<\/td>\n<\/tr>\n<tr>\n<td>Is\u0131 de\u011fi\u015fim verimlili\u011fi<\/td>\n<td colspan=\"5\">90%'ye kadar<\/td>\n<\/tr>\n<tr>\n<td>\u0131s\u0131 de\u011fi\u015ftirici \u00e7ekirdek<\/td>\n<td colspan=\"5\">seramik<\/td>\n<\/tr>\n<\/tbody>\n<\/table>\n<h4>\u00a0\u00d6zellikler:<\/h4>\n<table class=\"min-w-full\">\n<tbody>\n<tr>\n<td class=\"px-3 py-2\" data-sentry-component=\"TableCellComponent\" data-sentry-source-file=\"table.tsx\"><strong>\u00f6zel tasar\u0131m<\/strong><\/td>\n<td class=\"px-3 py-2\" data-sentry-component=\"TableCellComponent\" data-sentry-source-file=\"table.tsx\">modern<\/td>\n<td class=\"px-3 py-2\" data-sentry-component=\"TableCellComponent\" data-sentry-source-file=\"table.tsx\"><strong>men\u015fe yeri<\/strong><\/td>\n<td class=\"px-3 py-2\" data-sentry-component=\"TableCellComponent\" data-sentry-source-file=\"table.tsx\">Guangdong, \u00c7in<\/td>\n<\/tr>\n<tr>\n<td class=\"px-3 py-2\" data-sentry-component=\"TableCellComponent\" data-sentry-source-file=\"table.tsx\"><strong>marka<\/strong><\/td>\n<td class=\"px-3 py-2\" data-sentry-component=\"TableCellComponent\" data-sentry-source-file=\"table.tsx\">Kcvents<\/td>\n<td class=\"px-3 py-2\" data-sentry-component=\"TableCellComponent\" data-sentry-source-file=\"table.tsx\"><strong>model numaras\u0131<\/strong><\/td>\n<td class=\"px-3 py-2\" data-sentry-component=\"TableCellComponent\" data-sentry-source-file=\"table.tsx\">VT501<\/td>\n<\/tr>\n<tr>\n<td class=\"px-3 py-2\" data-sentry-component=\"TableCellComponent\" data-sentry-source-file=\"table.tsx\"><strong>\u00dcr\u00fcn Ad\u0131<\/strong><\/td>\n<td class=\"px-3 py-2\" data-sentry-component=\"TableCellComponent\" data-sentry-source-file=\"table.tsx\">tek ki\u015filik oda \u0131s\u0131 geri kazan\u0131ml\u0131 vantilat\u00f6r<\/td>\n<td class=\"px-3 py-2\" data-sentry-component=\"TableCellComponent\" data-sentry-source-file=\"table.tsx\"><strong>maddi<\/strong><\/td>\n<td class=\"px-3 py-2\" data-sentry-component=\"TableCellComponent\" data-sentry-source-file=\"table.tsx\">kar\u0131n kaslar\u0131<\/td>\n<\/tr>\n<tr>\n<td class=\"px-3 py-2\" data-sentry-component=\"TableCellComponent\" data-sentry-source-file=\"table.tsx\"><strong>g\u00fc\u00e7 kayna\u011f\u0131<\/strong><\/td>\n<td class=\"px-3 py-2\" data-sentry-component=\"TableCellComponent\" data-sentry-source-file=\"table.tsx\">100 ~ 240V 50\/60Hz<\/td>\n<td class=\"px-3 py-2\" data-sentry-component=\"TableCellComponent\" data-sentry-source-file=\"table.tsx\"><strong>i\u015flev<\/strong><\/td>\n<td class=\"px-3 py-2\" data-sentry-component=\"TableCellComponent\" data-sentry-source-file=\"table.tsx\">\u0131s\u0131 geri kazan\u0131m\u0131<\/td>\n<\/tr>\n<tr>\n<td class=\"px-3 py-2\" data-sentry-component=\"TableCellComponent\" data-sentry-source-file=\"table.tsx\"><strong>tesis<\/strong><\/td>\n<td class=\"px-3 py-2\" data-sentry-component=\"TableCellComponent\" data-sentry-source-file=\"table.tsx\">duvara monte kurulum<\/td>\n<td class=\"px-3 py-2\" data-sentry-component=\"TableCellComponent\" data-sentry-source-file=\"table.tsx\"><strong>ruhsat<\/strong><\/td>\n<td class=\"px-3 py-2\" data-sentry-component=\"TableCellComponent\" data-sentry-source-file=\"table.tsx\">CE, SAA<\/td>\n<\/tr>\n<tr>\n<td class=\"px-3 py-2\" data-sentry-component=\"TableCellComponent\" data-sentry-source-file=\"table.tsx\"><strong>\u00f6zellik<\/strong><\/td>\n<td class=\"px-3 py-2\" data-sentry-component=\"TableCellComponent\" data-sentry-source-file=\"table.tsx\">enerji tasarrufu<\/td>\n<td class=\"px-3 py-2\" data-sentry-component=\"TableCellComponent\" data-sentry-source-file=\"table.tsx\"><strong>s\u0131kl\u0131k<\/strong><\/td>\n<td class=\"px-3 py-2\" data-sentry-component=\"TableCellComponent\" data-sentry-source-file=\"table.tsx\">20-45cm duvar kal\u0131nl\u0131\u011f\u0131<\/td>\n<\/tr>\n<tr>\n<td class=\"px-3 py-2\" data-sentry-component=\"TableCellComponent\" data-sentry-source-file=\"table.tsx\"><strong>renk<\/strong><\/td>\n<td class=\"px-3 py-2\" data-sentry-component=\"TableCellComponent\" data-sentry-source-file=\"table.tsx\">beyaz<\/td>\n<td class=\"px-3 py-2\" data-sentry-component=\"TableCellComponent\" data-sentry-source-file=\"table.tsx\"><strong>e\u015fanj\u00f6r<\/strong><\/td>\n<td class=\"px-3 py-2\" data-sentry-component=\"TableCellComponent\" data-sentry-source-file=\"table.tsx\">seramik<\/td>\n<\/tr>\n<\/tbody>\n<\/table>\n<div class=\"button_align align_center\">\n<div class=\"column mcb-column mcb-item-bvrppphfe one laptop-one tablet-one mobile-one column_column vb-item\">\n<div class=\"mcb-column-inner mfn-module-wrapper mcb-column-inner-bvrppphfe mcb-item-column-inner\">\n<div class=\"column_attr mfn-inline-editor clearfix\"><div class=\"lyte-wrapper\" style=\"width:560px;max-width:100%;margin:5px auto;\"><div class=\"lyMe\" id=\"WYL_jN-8IWCc7CA\"><div id=\"lyte_jN-8IWCc7CA\" data-src=\"https:\/\/www.ecvents.com\/wp-content\/plugins\/wp-youtube-lyte\/lyteCache.php?origThumbUrl=%2F%2Fi.ytimg.com%2Fvi%2FjN-8IWCc7CA%2Fhqdefault.jpg\" class=\"pL\"><div class=\"tC\"><div class=\"tT\"><\/div><\/div><div class=\"play\"><\/div><div class=\"ctrl\"><div class=\"Lctrl\"><\/div><div class=\"Rctrl\"><\/div><\/div><\/div><noscript><a href=\"https:\/\/youtu.be\/jN-8IWCc7CA\" rel=\"nofollow noopener\" target=\"_blank\"><img loading=\"lazy\" decoding=\"async\" src=\"https:\/\/www.ecvents.com\/wp-content\/plugins\/wp-youtube-lyte\/lyteCache.php?origThumbUrl=https%3A%2F%2Fi.ytimg.com%2Fvi%2FjN-8IWCc7CA%2F0.jpg\" alt=\"YouTube video thumbnail\" width=\"560\" height=\"295\" data-no-translation=\"\" \/><br \/>Bu videoyu youtube'da izleyin<\/a><\/noscript><\/div><\/div><div class=\"lL\" style=\"max-width:100%;width:560px;margin:5px auto;\"><\/div><\/div>\n<\/div>\n<\/div>\n<div class=\"column mcb-column mcb-item-juqkkdtft one laptop-one tablet-one mobile-one column_column vb-item\">\n<div class=\"mcb-column-inner mfn-module-wrapper mcb-column-inner-juqkkdtft mcb-item-column-inner\">\n<div class=\"column_attr mfn-inline-editor clearfix\">\n<p><strong>\u00dcr\u00fcn Ba\u015fl\u0131\u011f\u0131: WiFi ve HEPA Filtrasyonlu VT501 Ak\u0131ll\u0131 Duvara Monte Is\u0131 Geri Kazan\u0131m Ventilat\u00f6r\u00fc<\/strong><\/p>\n<p><strong>Daha temiz nefes al, daha iyi ya\u015fa<\/strong><br \/>\nKcvents VT501 ile i\u00e7 mekan hava kalitenizi de\u011fi\u015ftirin. Modern evler i\u00e7in tasarlanan bu tek odal\u0131 \u0131s\u0131 geri kazan\u0131ml\u0131 vantilat\u00f6r (HRV), odan\u0131z\u0131n s\u0131cakl\u0131\u011f\u0131n\u0131 korurken, eski, kirli i\u00e7 havay\u0131 taze, filtrelenmi\u015f d\u0131\u015f havayla de\u011fi\u015ftirir.<\/p>\n<p><img loading=\"lazy\" decoding=\"async\" class=\"alignnone size-medium wp-image-3807\" src=\"https:\/\/www.ecvents.com\/wp-content\/uploads\/2022\/05\/S6917d1fed2bd4259a13a9507fedddf9b7-206x300.webp\" alt=\"\" width=\"206\" height=\"300\" srcset=\"https:\/\/www.ecvents.com\/wp-content\/uploads\/2022\/05\/S6917d1fed2bd4259a13a9507fedddf9b7-206x300.webp 206w, https:\/\/www.ecvents.com\/wp-content\/uploads\/2022\/05\/S6917d1fed2bd4259a13a9507fedddf9b7-500x729.webp 500w, https:\/\/www.ecvents.com\/wp-content\/uploads\/2022\/05\/S6917d1fed2bd4259a13a9507fedddf9b7-703x1024.webp 703w, https:\/\/www.ecvents.com\/wp-content\/uploads\/2022\/05\/S6917d1fed2bd4259a13a9507fedddf9b7-600x874.webp 600w, https:\/\/www.ecvents.com\/wp-content\/uploads\/2022\/05\/S6917d1fed2bd4259a13a9507fedddf9b7.webp 750w\" sizes=\"auto, (max-width: 206px) 100vw, 206px\" data-no-translation=\"\" \/><\/p>\n<p><strong>Maksimum verimlilik, minimum maliyet<\/strong><br \/>\nVT501'in kalbinde y\u00fcksek teknolojili bir seramik \u0131s\u0131 e\u015fanj\u00f6r\u00fc \u00e7ekirde\u011fi bulunur. kadar iyile\u015fir\u00a0<strong>90% termal enerji<\/strong>, yani k\u0131\u015f\u0131n havaland\u0131r\u0131rken \u0131s\u0131 kaybetmezsiniz. aras\u0131nda \u00e7al\u0131\u015fma g\u00fcc\u00fc ile\u00a0<strong>2W ve 6W<\/strong>, inan\u0131lmaz derecede enerji verimlidir.<\/p>\n<p><img loading=\"lazy\" decoding=\"async\" class=\"alignnone size-medium wp-image-3809\" src=\"https:\/\/www.ecvents.com\/wp-content\/uploads\/2022\/05\/Sbd7e9cc2e8ec48c7bb53e6c581a7e3ffz-298x300.webp\" alt=\"\" width=\"298\" height=\"300\" srcset=\"https:\/\/www.ecvents.com\/wp-content\/uploads\/2022\/05\/Sbd7e9cc2e8ec48c7bb53e6c581a7e3ffz-298x300.webp 298w, https:\/\/www.ecvents.com\/wp-content\/uploads\/2022\/05\/Sbd7e9cc2e8ec48c7bb53e6c581a7e3ffz-500x504.webp 500w, https:\/\/www.ecvents.com\/wp-content\/uploads\/2022\/05\/Sbd7e9cc2e8ec48c7bb53e6c581a7e3ffz-150x150.webp 150w, https:\/\/www.ecvents.com\/wp-content\/uploads\/2022\/05\/Sbd7e9cc2e8ec48c7bb53e6c581a7e3ffz-600x605.webp 600w, https:\/\/www.ecvents.com\/wp-content\/uploads\/2022\/05\/Sbd7e9cc2e8ec48c7bb53e6c581a7e3ffz-100x100.webp 100w, https:\/\/www.ecvents.com\/wp-content\/uploads\/2022\/05\/Sbd7e9cc2e8ec48c7bb53e6c581a7e3ffz.webp 750w\" sizes=\"auto, (max-width: 298px) 100vw, 298px\" data-no-translation=\"\" \/><\/p>\n<p><strong>Sa\u011fl\u0131kl\u0131 bir ev i\u00e7in ak\u0131ll\u0131 teknoloji<\/strong><br \/>\nNeden hava kalitenizi tahmin ediyorsunuz? bira\u00a0<strong>VT501-WF Modeli<\/strong>\u00a0sorunsuz bir \u015fekilde ba\u011flan\u0131r\u00a0<strong>Tuya uygulamas\u0131<\/strong>, ger\u00e7ek zamanl\u0131 CO\u2082 seviyelerini izlemenizi ve cihaz\u0131 ak\u0131ll\u0131 telefonunuzdan kontrol etmenizi sa\u011flar. Kokular\u0131 gidermeniz, daha d\u00fc\u015f\u00fck nemi veya alerjenleri filtrelemeniz gereksin, WiFi veya birlikte verilen uzaktan kumanda ile tam kontrole sahip olursunuz.<\/p>\n<p><img loading=\"lazy\" decoding=\"async\" class=\"alignnone size-medium wp-image-3828\" src=\"https:\/\/www.ecvents.com\/wp-content\/uploads\/2022\/05\/vt501-\u4e09\u6a21\u5f0f-300x166.jpg\" alt=\"\" width=\"300\" height=\"166\" srcset=\"https:\/\/www.ecvents.com\/wp-content\/uploads\/2022\/05\/vt501-\u4e09\u6a21\u5f0f-300x166.jpg 300w, https:\/\/www.ecvents.com\/wp-content\/uploads\/2022\/05\/vt501-\u4e09\u6a21\u5f0f-500x276.jpg 500w, https:\/\/www.ecvents.com\/wp-content\/uploads\/2022\/05\/vt501-\u4e09\u6a21\u5f0f-1024x565.jpg 1024w, https:\/\/www.ecvents.com\/wp-content\/uploads\/2022\/05\/vt501-\u4e09\u6a21\u5f0f-768x424.jpg 768w, https:\/\/www.ecvents.com\/wp-content\/uploads\/2022\/05\/vt501-\u4e09\u6a21\u5f0f-600x331.jpg 600w, https:\/\/www.ecvents.com\/wp-content\/uploads\/2022\/05\/vt501-\u4e09\u6a21\u5f0f.jpg 1392w\" sizes=\"auto, (max-width: 300px) 100vw, 300px\" data-no-translation=\"\" \/><\/p>\n<p><strong>f\u0131s\u0131ldayarak sessiz performans<\/strong><br \/>\nG\u00fcr\u00fclt\u00fc olmadan temiz havan\u0131n tad\u0131n\u0131 \u00e7\u0131kar\u0131n. Geli\u015fmi\u015f olmas\u0131 sayesinde\u00a0<strong>f\u0131r\u00e7as\u0131z motor<\/strong>\u00a0ve ses yal\u0131t\u0131ml\u0131 tasar\u0131m, VT501 maksimum d\u00fczeyde \u00e7al\u0131\u015f\u0131r\u00a0<strong>30dB<\/strong>. Sessizli\u011fin alt\u0131n oldu\u011fu yatak odalar\u0131na, kre\u015flere veya ev ofislerine m\u00fckemmel bir ektir.<\/p>\n<p><img loading=\"lazy\" decoding=\"async\" class=\"alignnone size-medium wp-image-3816\" src=\"https:\/\/www.ecvents.com\/wp-content\/uploads\/2022\/05\/vt501-\u9759\u97f3\u7761\u7720-300x224.webp\" alt=\"\" width=\"300\" height=\"224\" srcset=\"https:\/\/www.ecvents.com\/wp-content\/uploads\/2022\/05\/vt501-\u9759\u97f3\u7761\u7720-300x224.webp 300w, https:\/\/www.ecvents.com\/wp-content\/uploads\/2022\/05\/vt501-\u9759\u97f3\u7761\u7720-500x373.webp 500w, https:\/\/www.ecvents.com\/wp-content\/uploads\/2022\/05\/vt501-\u9759\u97f3\u7761\u7720-600x447.webp 600w, https:\/\/www.ecvents.com\/wp-content\/uploads\/2022\/05\/vt501-\u9759\u97f3\u7761\u7720.webp 750w\" sizes=\"auto, (max-width: 300px) 100vw, 300px\" data-no-translation=\"\" \/><\/p>\n<p><strong>Sorunsuz kurulum (karma\u015f\u0131k kanal sistemi gerektirmez)<\/strong><br \/>\nGeleneksel merkezi havaland\u0131rma sistemlerinden farkl\u0131 olarak, KCVENTS VT501, kolay ve tek delikli kurulum i\u00e7in tasarlanm\u0131\u015ft\u0131r. Tavan raylar\u0131na veya pahal\u0131 profesyonel kanal i\u015flerine gerek yoktur. Sadece bir d\u0131\u015f duvardan bir delik a\u00e7\u0131n, teleskopik kanal\u0131 tak\u0131n, \u00fcniteyi monte edin ve tak\u0131n. Odan\u0131z\u0131n hava kalitesini dakikalar i\u00e7inde y\u00fckseltmek i\u00e7in m\u00fckemmel bir DIY \u00e7\u00f6z\u00fcm\u00fcd\u00fcr.<\/p>\n<p><img loading=\"lazy\" decoding=\"async\" class=\"alignnone size-medium wp-image-3826\" src=\"https:\/\/www.ecvents.com\/wp-content\/uploads\/2022\/05\/Haec0125c2fd14ec7b8198a16821a5acbv-300x300.webp\" alt=\"\" width=\"300\" height=\"300\" srcset=\"https:\/\/www.ecvents.com\/wp-content\/uploads\/2022\/05\/Haec0125c2fd14ec7b8198a16821a5acbv-300x300.webp 300w, https:\/\/www.ecvents.com\/wp-content\/uploads\/2022\/05\/Haec0125c2fd14ec7b8198a16821a5acbv-500x500.webp 500w, https:\/\/www.ecvents.com\/wp-content\/uploads\/2022\/05\/Haec0125c2fd14ec7b8198a16821a5acbv-150x150.webp 150w, https:\/\/www.ecvents.com\/wp-content\/uploads\/2022\/05\/Haec0125c2fd14ec7b8198a16821a5acbv-768x768.webp 768w, https:\/\/www.ecvents.com\/wp-content\/uploads\/2022\/05\/Haec0125c2fd14ec7b8198a16821a5acbv-600x600.webp 600w, https:\/\/www.ecvents.com\/wp-content\/uploads\/2022\/05\/Haec0125c2fd14ec7b8198a16821a5acbv-100x100.webp 100w, https:\/\/www.ecvents.com\/wp-content\/uploads\/2022\/05\/Haec0125c2fd14ec7b8198a16821a5acbv.webp 1001w\" sizes=\"auto, (max-width: 300px) 100vw, 300px\" data-no-translation=\"\" \/><\/p>\n<p><strong>Temel \u00d6zellikler:<\/strong><\/p>\n<ul>\n<li><strong>3 havaland\u0131rma modu:<\/strong>\u00a0Taze hava modu, egzoz modu ve 65S \u00e7evrim modu.<\/li>\n<li><strong>\u00dcst\u00fcn filtrasyon:<\/strong>\u00a0Kombine HEPA ve aktif karbon filtreler, partik\u00fcl madde ve kokular\u0131 giderir.<\/li>\n<li><strong>G\u00fc\u00e7l\u00fc hava ak\u0131\u015f\u0131:<\/strong>\u00a028 CFM ila 35 CFM kapasitesi.<\/li>\n<li><strong>D\u00fc\u015f\u00fck bak\u0131m:<\/strong>\u00a0Kolay temizlenebilir seramik \u00e7ekirdek ve eri\u015filebilir filtreler.<\/li>\n<li><strong>Komple Paket:<\/strong>\u00a0Montaj kiti, uzaktan kumanda ve g\u00f6n\u00fcl rahatl\u0131\u011f\u0131 i\u00e7in 36 ay garanti i\u00e7erir.<\/li>\n<\/ul>\n<p>KCVENTS konut HRV'leri, evleri veya i\u015fyerlerini havaland\u0131rmak i\u00e7in en iyi se\u00e7imdir. Bu \u00fcniteler, d\u0131\u015far\u0131ya e\u015fit miktarda bayat havay\u0131 t\u00fcketirken binaya temiz hava sa\u011flamak i\u00e7in tasarlanm\u0131\u015ft\u0131r. Is\u0131tma mevsimi boyunca, KCVENTS \u0131s\u0131 geri kazan\u0131ml\u0131 vantilat\u00f6rler (HRVS), evlerde ve i\u015fyerlerinde bayat havay\u0131 temiz havayla de\u011fi\u015ftirerek nem birikmesini, toksik kal\u0131p ve \u00e7\u00fcr\u00fcmeyi \u00f6nlemeye yard\u0131mc\u0131 olur.<\/p>\n<p>&nbsp;<\/p>\n<p><img loading=\"lazy\" decoding=\"async\" class=\"alignnone size-medium wp-image-3808\" src=\"https:\/\/www.ecvents.com\/wp-content\/uploads\/2022\/05\/S94788fd13e3a4be8baa96211f292aef3j-300x300.webp\" alt=\"\" width=\"300\" height=\"300\" srcset=\"https:\/\/www.ecvents.com\/wp-content\/uploads\/2022\/05\/S94788fd13e3a4be8baa96211f292aef3j-300x300.webp 300w, https:\/\/www.ecvents.com\/wp-content\/uploads\/2022\/05\/S94788fd13e3a4be8baa96211f292aef3j-500x500.webp 500w, https:\/\/www.ecvents.com\/wp-content\/uploads\/2022\/05\/S94788fd13e3a4be8baa96211f292aef3j-150x150.webp 150w, https:\/\/www.ecvents.com\/wp-content\/uploads\/2022\/05\/S94788fd13e3a4be8baa96211f292aef3j-768x768.webp 768w, https:\/\/www.ecvents.com\/wp-content\/uploads\/2022\/05\/S94788fd13e3a4be8baa96211f292aef3j-600x600.webp 600w, https:\/\/www.ecvents.com\/wp-content\/uploads\/2022\/05\/S94788fd13e3a4be8baa96211f292aef3j-100x100.webp 100w, https:\/\/www.ecvents.com\/wp-content\/uploads\/2022\/05\/S94788fd13e3a4be8baa96211f292aef3j.webp 1000w\" sizes=\"auto, (max-width: 300px) 100vw, 300px\" data-no-translation=\"\" \/><img loading=\"lazy\" decoding=\"async\" class=\"alignnone size-medium wp-image-3829\" src=\"https:\/\/www.ecvents.com\/wp-content\/uploads\/2022\/05\/S96b33c9e87b844f28da187cc39456a16f-167x300.webp\" alt=\"\" width=\"167\" height=\"300\" srcset=\"https:\/\/www.ecvents.com\/wp-content\/uploads\/2022\/05\/S96b33c9e87b844f28da187cc39456a16f-167x300.webp 167w, https:\/\/www.ecvents.com\/wp-content\/uploads\/2022\/05\/S96b33c9e87b844f28da187cc39456a16f-500x899.webp 500w, https:\/\/www.ecvents.com\/wp-content\/uploads\/2022\/05\/S96b33c9e87b844f28da187cc39456a16f-569x1024.webp 569w, https:\/\/www.ecvents.com\/wp-content\/uploads\/2022\/05\/S96b33c9e87b844f28da187cc39456a16f-768x1381.webp 768w, https:\/\/www.ecvents.com\/wp-content\/uploads\/2022\/05\/S96b33c9e87b844f28da187cc39456a16f-854x1536.webp 854w, https:\/\/www.ecvents.com\/wp-content\/uploads\/2022\/05\/S96b33c9e87b844f28da187cc39456a16f-600x1079.webp 600w, https:\/\/www.ecvents.com\/wp-content\/uploads\/2022\/05\/S96b33c9e87b844f28da187cc39456a16f.webp 1001w\" sizes=\"auto, (max-width: 167px) 100vw, 167px\" data-no-translation=\"\" \/><\/p>\n<h4>Sertifika:<\/h4>\n<p><img loading=\"lazy\" decoding=\"async\" class=\"alignnone size-medium wp-image-4175\" src=\"https:\/\/www.ecvents.com\/wp-content\/uploads\/2022\/05\/KCvents-VT501-Heat-Recovery-Ventilation-Device-Wall-Mounted-Room-Fresh-Air-Fan-Certificate1-213x300.jpeg\" alt=\"RED Declaration of Conformity certificate for heat recovery ventilator (models VT501, VT501S, VT502, etc.)\" width=\"213\" height=\"300\" srcset=\"https:\/\/www.ecvents.com\/wp-content\/uploads\/2022\/05\/KCvents-VT501-Heat-Recovery-Ventilation-Device-Wall-Mounted-Room-Fresh-Air-Fan-Certificate1-213x300.jpeg 213w, https:\/\/www.ecvents.com\/wp-content\/uploads\/2022\/05\/KCvents-VT501-Heat-Recovery-Ventilation-Device-Wall-Mounted-Room-Fresh-Air-Fan-Certificate1-9x12.jpeg 9w, https:\/\/www.ecvents.com\/wp-content\/uploads\/2022\/05\/KCvents-VT501-Heat-Recovery-Ventilation-Device-Wall-Mounted-Room-Fresh-Air-Fan-Certificate1-500x704.jpeg 500w, https:\/\/www.ecvents.com\/wp-content\/uploads\/2022\/05\/KCvents-VT501-Heat-Recovery-Ventilation-Device-Wall-Mounted-Room-Fresh-Air-Fan-Certificate1.jpeg 599w\" sizes=\"auto, (max-width: 213px) 100vw, 213px\" data-no-translation=\"\" \/> <img loading=\"lazy\" decoding=\"async\" class=\"alignnone size-medium wp-image-4176\" src=\"https:\/\/www.ecvents.com\/wp-content\/uploads\/2022\/05\/KCvents-VT501-Heat-Recovery-Ventilation-Device-Wall-Mounted-Room-Fresh-Air-Fan-Certificate2-218x300.jpeg\" alt=\"CE Certificate of Conformity for heat recovery ventilator (models VT501-WF, VT150, etc.)\" width=\"218\" height=\"300\" srcset=\"https:\/\/www.ecvents.com\/wp-content\/uploads\/2022\/05\/KCvents-VT501-Heat-Recovery-Ventilation-Device-Wall-Mounted-Room-Fresh-Air-Fan-Certificate2-218x300.jpeg 218w, https:\/\/www.ecvents.com\/wp-content\/uploads\/2022\/05\/KCvents-VT501-Heat-Recovery-Ventilation-Device-Wall-Mounted-Room-Fresh-Air-Fan-Certificate2-9x12.jpeg 9w, https:\/\/www.ecvents.com\/wp-content\/uploads\/2022\/05\/KCvents-VT501-Heat-Recovery-Ventilation-Device-Wall-Mounted-Room-Fresh-Air-Fan-Certificate2-500x688.jpeg 500w, https:\/\/www.ecvents.com\/wp-content\/uploads\/2022\/05\/KCvents-VT501-Heat-Recovery-Ventilation-Device-Wall-Mounted-Room-Fresh-Air-Fan-Certificate2.jpeg 595w\" sizes=\"auto, (max-width: 218px) 100vw, 218px\" data-no-translation=\"\" \/><\/p>\n<p>&nbsp;<\/p>\n<\/div>\n<\/div>\n<\/div>\n<\/div>\n<\/div>\n<\/div>\n<\/div>","protected":false},"excerpt":{"rendered":"<p><strong>Odan\u0131z\u0131 temiz hava ekosistemine y\u00fckseltin.<\/strong><br \/>\nVT501 serisi, \u0131s\u0131 kayb\u0131 olmadan yeni d\u0131\u015f hava ile eskimi\u015f i\u00e7 havay\u0131 s\u00fcrekli olarak de\u011fi\u015ftirir. aras\u0131nda se\u00e7im yap\u0131n\u00a0<strong>Standart Uzaktan Kumanda<\/strong>\u00a0model veya\u00a0<strong>ak\u0131ll\u0131 wifi<\/strong>\u00a0\u0130htiya\u00e7lar\u0131n\u0131za uygun model.<\/p>\n<ul>\n<li><strong>90% \u0131s\u0131 geri kazan\u0131m\u0131:<\/strong>\u00a0Seramik \u00e7ekirdek enerji tasarrufu sa\u011flar ve k\u0131\u015f\u0131n sizi s\u0131cak tutar.<\/li>\n<li><strong>Ak\u0131ll\u0131 kontrol se\u00e7enekleri:<\/strong>\n<ul>\n<li><em>Wifi modeli:<\/em>\u00a0Tuya Uygulama Kontrol\u00fc, CO\u2082 \u0130zleme ve Otomasyon.<\/li>\n<li><em>Uzak Model:<\/em>\u00a0Kullan\u0131m\u0131 kolay IR uzaktan kumanda dahil.<\/li>\n<\/ul>\n<\/li>\n<li><strong>\u00c7ift filtrasyon:<\/strong>\u00a0HEPA + karbon filtreleri polen, toz ve d\u0131\u015f mekan kokular\u0131n\u0131 engeller.<\/li>\n<li><strong>F\u0131s\u0131lda\u015f sessizli\u011fi<\/strong>\u00a0F\u0131r\u00e7as\u0131z DC motor alt\u0131nda \u00e7al\u0131\u015f\u0131r\u00a0<strong>30dB<\/strong>\u00a0Rahats\u0131z edilmemi\u015f uyku i\u00e7in.<\/li>\n<li><strong>Kolay DIY kurulumu:<\/strong>\u00a0Kanala gerek yok - duvardan sadece tek bir delik.<\/li>\n<\/ul>\n<p><a class=\"button button_right button_size_2\" title=\"\" href=\"https:\/\/www.kcvents.com\/wp-content\/uploads\/2025\/07\/VT501.pdf\" target=\"_blank\" rel=\"noopener\"><span class=\"button_label\">katalog<\/span><\/a><\/p>","protected":false},"featured_media":781,"comment_status":"open","ping_status":"closed","template":"","meta":{"_acf_changed":false},"product_brand":[],"product_cat":[25],"product_tag":[],"class_list":{"0":"post-669","1":"product","2":"type-product","3":"status-publish","4":"has-post-thumbnail","6":"product_cat-single-room-hrv","7":"pa_control-mode-remote-control","8":"pa_control-mode-wifi-control","10":"first","11":"instock","12":"sale","13":"taxable","14":"shipping-taxable","15":"purchasable","16":"product-type-variable","17":"has-default-attributes"},"acf":[],"_links":{"self":[{"href":"https:\/\/www.ecvents.com\/tr\/wp-json\/wp\/v2\/product\/669","targetHints":{"allow":["GET"]}}],"collection":[{"href":"https:\/\/www.ecvents.com\/tr\/wp-json\/wp\/v2\/product"}],"about":[{"href":"https:\/\/www.ecvents.com\/tr\/wp-json\/wp\/v2\/types\/product"}],"replies":[{"embeddable":true,"href":"https:\/\/www.ecvents.com\/tr\/wp-json\/wp\/v2\/comments?post=669"}],"wp:featuredmedia":[{"embeddable":true,"href":"https:\/\/www.ecvents.com\/tr\/wp-json\/wp\/v2\/media\/781"}],"wp:attachment":[{"href":"https:\/\/www.ecvents.com\/tr\/wp-json\/wp\/v2\/media?parent=669"}],"wp:term":[{"taxonomy":"product_brand","embeddable":true,"href":"https:\/\/www.ecvents.com\/tr\/wp-json\/wp\/v2\/product_brand?post=669"},{"taxonomy":"product_cat","embeddable":true,"href":"https:\/\/www.ecvents.com\/tr\/wp-json\/wp\/v2\/product_cat?post=669"},{"taxonomy":"product_tag","embeddable":true,"href":"https:\/\/www.ecvents.com\/tr\/wp-json\/wp\/v2\/product_tag?post=669"}],"curies":[{"name":"zamk","href":"https:\/\/api.w.org\/{rel}","templated":true}]}}