{"id":673,"date":"2022-05-06T17:41:29","date_gmt":"2022-05-06T17:41:29","guid":{"rendered":"https:\/\/startersites.io\/blocksy\/gadgets\/?post_type=product&#038;p=673"},"modified":"2025-10-29T02:45:06","modified_gmt":"2025-10-29T07:45:06","slug":"isi-geri-kazanim-ventilatoru-vt100","status":"publish","type":"product","link":"https:\/\/www.ecvents.com\/tr\/product\/isi-geri-kazanim-ventilatoru-vt100\/","title":{"rendered":"Is\u0131 Geri Kazan\u0131m Ventilat\u00f6r\u00fc VT100"},"content":{"rendered":"<h4>Boyutlar (birim: mm):<\/h4>\n<p><img loading=\"lazy\" decoding=\"async\" class=\"alignnone wp-image-2555\" src=\"https:\/\/www.kcvents.com\/wp-content\/uploads\/2025\/07\/VT100-size.png\" alt=\"\" width=\"1200\" height=\"368\" data-no-translation=\"\" \/><\/p>\n<h4>Parametre tablosu:<\/h4>\n<table border=\"1\" cellspacing=\"0\" cellpadding=\"6\" data-doubao-line=\"1\" data-doubao-column=\"1\" data-doubao-key=\"0\">\n<tbody data-doubao-key=\"1\">\n<tr id=\"thblue\" data-doubao-line=\"3\" data-doubao-column=\"3\" data-doubao-key=\"2\">\n<th data-doubao-line=\"4\" data-doubao-column=\"5\" data-doubao-key=\"3\">h\u0131z<\/th>\n<th data-doubao-line=\"5\" data-doubao-column=\"5\" data-doubao-key=\"4\">uyku<\/th>\n<th data-doubao-line=\"6\" data-doubao-column=\"5\" data-doubao-key=\"5\">I<\/th>\n<th data-doubao-line=\"7\" data-doubao-column=\"5\" data-doubao-key=\"6\">II<\/th>\n<th data-doubao-line=\"8\" data-doubao-column=\"5\" data-doubao-key=\"7\">ihale<\/th>\n<\/tr>\n<tr data-doubao-line=\"11\" data-doubao-column=\"3\" data-doubao-key=\"8\">\n<td data-doubao-line=\"12\" data-doubao-column=\"5\" data-doubao-key=\"9\">torpil<\/td>\n<td colspan=\"4\" data-doubao-line=\"13\" data-doubao-column=\"5\" data-doubao-key=\"10\">100 \u2013 240V 50 \u2013 60Hz<\/td>\n<\/tr>\n<tr data-doubao-line=\"16\" data-doubao-column=\"3\" data-doubao-key=\"11\">\n<td data-doubao-line=\"17\" data-doubao-column=\"5\" data-doubao-key=\"12\">Maksimum G\u00fc\u00e7<\/td>\n<td colspan=\"4\" data-doubao-line=\"18\" data-doubao-column=\"5\" data-doubao-key=\"13\">5W<\/td>\n<\/tr>\n<tr data-doubao-line=\"21\" data-doubao-column=\"3\" data-doubao-key=\"14\">\n<td data-doubao-line=\"22\" data-doubao-column=\"5\" data-doubao-key=\"15\">Ventilat\u00f6r Toplam G\u00fc\u00e7 (W)<\/td>\n<td data-doubao-line=\"23\" data-doubao-column=\"5\" data-doubao-key=\"16\">2.5<\/td>\n<td data-doubao-line=\"24\" data-doubao-column=\"5\" data-doubao-key=\"17\">3.0<\/td>\n<td data-doubao-line=\"25\" data-doubao-column=\"5\" data-doubao-key=\"18\">3.5<\/td>\n<td data-doubao-line=\"26\" data-doubao-column=\"5\" data-doubao-key=\"19\">3.8<\/td>\n<\/tr>\n<tr data-doubao-line=\"29\" data-doubao-column=\"3\" data-doubao-key=\"20\">\n<td data-doubao-line=\"30\" data-doubao-column=\"5\" data-doubao-key=\"21\">Hava ak\u0131\u015f\u0131 (m\u00b3\/saat)<\/td>\n<td data-doubao-line=\"31\" data-doubao-column=\"5\" data-doubao-key=\"22\">20<\/td>\n<td data-doubao-line=\"32\" data-doubao-column=\"5\" data-doubao-key=\"23\">30<\/td>\n<td data-doubao-line=\"33\" data-doubao-column=\"5\" data-doubao-key=\"24\">40<\/td>\n<td data-doubao-line=\"34\" data-doubao-column=\"5\" data-doubao-key=\"25\">50<\/td>\n<\/tr>\n<tr data-doubao-line=\"37\" data-doubao-column=\"3\" data-doubao-key=\"26\">\n<td data-doubao-line=\"38\" data-doubao-column=\"5\" data-doubao-key=\"27\">H\u0131z (rpm)<\/td>\n<td data-doubao-line=\"39\" data-doubao-column=\"5\" data-doubao-key=\"28\">1000<\/td>\n<td data-doubao-line=\"40\" data-doubao-column=\"5\" data-doubao-key=\"29\">1500<\/td>\n<td data-doubao-line=\"41\" data-doubao-column=\"5\" data-doubao-key=\"30\">2000<\/td>\n<td data-doubao-line=\"42\" data-doubao-column=\"5\" data-doubao-key=\"31\">2500<\/td>\n<\/tr>\n<tr data-doubao-line=\"45\" data-doubao-column=\"3\" data-doubao-key=\"32\">\n<td data-doubao-line=\"46\" data-doubao-column=\"5\" data-doubao-key=\"33\">Ta\u015f\u0131nan hava s\u0131cakl\u0131\u011f\u0131<\/td>\n<td colspan=\"4\" data-doubao-line=\"47\" data-doubao-column=\"5\" data-doubao-key=\"34\">-20\u00b0C (-4\u00b0F) ila +50\u00b0C (122\u00b0F)<\/td>\n<\/tr>\n<tr data-doubao-line=\"50\" data-doubao-column=\"3\" data-doubao-key=\"35\">\n<td data-doubao-line=\"51\" data-doubao-column=\"5\" data-doubao-key=\"36\">Is\u0131 de\u011fi\u015fim verimlili\u011fi<\/td>\n<td colspan=\"4\" data-doubao-line=\"52\" data-doubao-column=\"5\" data-doubao-key=\"37\">90%'ye kadar<\/td>\n<\/tr>\n<tr data-doubao-line=\"55\" data-doubao-column=\"3\" data-doubao-key=\"38\">\n<td data-doubao-line=\"56\" data-doubao-column=\"5\" data-doubao-key=\"39\">\u0131s\u0131 de\u011fi\u015ftirici \u00e7ekirdek<\/td>\n<td colspan=\"4\" data-doubao-line=\"57\" data-doubao-column=\"5\" data-doubao-key=\"40\">seramik<\/td>\n<\/tr>\n<\/tbody>\n<\/table>\n<p>&nbsp;<\/p>\n<div class=\"button_align align_center\"><a class=\"button button_right button_size_2\" title=\"\" href=\"mailto:info@kcvents.com\" target=\"_blank\" rel=\"noopener\"><i class=\"icon-direction\" aria-hidden=\"true\"><\/i><span class=\"button_label\">soru\u015fturma<\/span><\/a><\/div>","protected":false},"excerpt":{"rendered":"<p>1. Y\u00fcksek verimli \u0131s\u0131 geri kazan\u0131ml\u0131 vantilat\u00f6r (temel)<br \/>\nEnerji tasarruflu \u0131s\u0131 geri kazan\u0131m\u0131: Egzoz havas\u0131ndan \u0131s\u0131y\u0131 verimli bir \u015fekilde geri kazand\u0131r\u0131r, enerji t\u00fcketimini azalt\u0131r ve tutarl\u0131 i\u00e7 mekan hava kalitesi sa\u011flar. Evlerde ve k\u00fc\u00e7\u00fck ticari alanlarda enerji tasarrufu i\u00e7in uygun maliyetli bir \u00e7\u00f6z\u00fcmd\u00fcr.<\/p>\n<p>2.Sessiz \u00e7al\u0131\u015fma: D\u00fc\u015f\u00fck g\u00fcr\u00fclt\u00fcl\u00fc bir EC motoru ile tasarlanm\u0131\u015f, performanstan \u00f6d\u00fcn vermeden sessiz havaland\u0131rma sa\u011flar.<\/p>\n<p>3. Kompakt ve esnek kurulum: Duvarlara veya dar alanlara kolayca monte edilebilen kompakt bir tasar\u0131ma sahiptir.<\/p>\n<p>4. G\u00fcvenilir hava filtreleme: VT100, temiz ve temiz havay\u0131 koruyan toz ve daha b\u00fcy\u00fck par\u00e7ac\u0131klar\u0131 gideren bir \u00f6n filtre ile donat\u0131lm\u0131\u015ft\u0131r.<\/p>\n<p>5.Kullan\u0131c\u0131 dostu kontroller: VT100, kolay bak\u0131m i\u00e7in sezgisel kontrollere sahip kullan\u0131c\u0131 dostu bir aray\u00fcze sahiptir.<\/p>\n<p>&nbsp;<\/p>\n<p><a class=\"button button_right button_size_2\" title=\"\" href=\"mailto:info@kcvents.com\" target=\"_blank\" rel=\"noopener\"><i class=\"icon-direction\" aria-hidden=\"true\"><\/i><span class=\"button_label\">soru\u015fturma<\/span><\/a>\u00a0<a class=\"button button_right button_size_2\" title=\"\" href=\"https:\/\/www.kcvents.com\/wp-content\/uploads\/2025\/07\/VT125.pdf\" target=\"_blank\" rel=\"noopener\"><i class=\"icon-acrobat\" aria-hidden=\"true\"><\/i><span class=\"button_label\">katalog<\/span><\/a><\/p>","protected":false},"featured_media":914,"comment_status":"open","ping_status":"closed","template":"","meta":{"_acf_changed":false},"product_brand":[],"product_cat":[25],"product_tag":[],"class_list":{"0":"post-673","1":"product","2":"type-product","3":"status-publish","4":"has-post-thumbnail","6":"product_cat-single-room-hrv","8":"first","9":"instock","10":"taxable","11":"shipping-taxable","12":"purchasable","13":"product-type-variable","14":"has-default-attributes"},"acf":[],"_links":{"self":[{"href":"https:\/\/www.ecvents.com\/tr\/wp-json\/wp\/v2\/product\/673","targetHints":{"allow":["GET"]}}],"collection":[{"href":"https:\/\/www.ecvents.com\/tr\/wp-json\/wp\/v2\/product"}],"about":[{"href":"https:\/\/www.ecvents.com\/tr\/wp-json\/wp\/v2\/types\/product"}],"replies":[{"embeddable":true,"href":"https:\/\/www.ecvents.com\/tr\/wp-json\/wp\/v2\/comments?post=673"}],"wp:featuredmedia":[{"embeddable":true,"href":"https:\/\/www.ecvents.com\/tr\/wp-json\/wp\/v2\/media\/914"}],"wp:attachment":[{"href":"https:\/\/www.ecvents.com\/tr\/wp-json\/wp\/v2\/media?parent=673"}],"wp:term":[{"taxonomy":"product_brand","embeddable":true,"href":"https:\/\/www.ecvents.com\/tr\/wp-json\/wp\/v2\/product_brand?post=673"},{"taxonomy":"product_cat","embeddable":true,"href":"https:\/\/www.ecvents.com\/tr\/wp-json\/wp\/v2\/product_cat?post=673"},{"taxonomy":"product_tag","embeddable":true,"href":"https:\/\/www.ecvents.com\/tr\/wp-json\/wp\/v2\/product_tag?post=673"}],"curies":[{"name":"zamk","href":"https:\/\/api.w.org\/{rel}","templated":true}]}}