{"id":958,"date":"2025-08-21T07:13:38","date_gmt":"2025-08-21T07:13:38","guid":{"rendered":"https:\/\/ecvents.com\/?post_type=product&#038;p=958"},"modified":"2026-02-06T04:50:03","modified_gmt":"2026-02-06T09:50:03","slug":"kademesiz-hiz-ile-ec-inline-fan","status":"publish","type":"product","link":"https:\/\/www.ecvents.com\/tr\/product\/kademesiz-hiz-ile-ec-inline-fan\/","title":{"rendered":"4\/6\/8-inch Inline kanal havaland\u0131rma fan\u0131 EC taze hava fan\u0131 WiFi ile h\u0131z kontrol\u00fc seralar evler i\u00e7in uygun egzoz fan\u0131"},"content":{"rendered":"<div class=\"wp-block-stackable-columns stk-block-columns stk-block stk-1c6457f\" data-block-id=\"1c6457f\"><div class=\"stk-row stk-inner-blocks stk-block-content stk-content-align stk-1c6457f-column\">\n<div class=\"wp-block-stackable-column stk-block-column stk-column stk-block stk-0567ae9\" data-v=\"4\" data-block-id=\"0567ae9\"><div class=\"stk-column-wrapper stk-block-column__content stk-container stk-0567ae9-container stk--no-background stk--no-padding\"><div class=\"stk-block-content stk-inner-blocks stk-0567ae9-inner-blocks\">\n<p>Zorlu havaland\u0131rma kurulumlar\u0131 i\u00e7in tasarlanan bu&nbsp;<strong>EC Kar\u0131\u015f\u0131k Ak\u0131\u015fl\u0131 Hat \u0130\u00e7i Kanal Fan Kiti<\/strong>&nbsp;Y\u00fcksek statik bas\u0131n\u00e7 performans\u0131n\u0131 ultra sessiz \u00e7al\u0131\u015fma ile birle\u015ftirir. Kar\u0131\u015f\u0131k ak\u0131\u015fl\u0131 tasar\u0131m, kanallar\u0131n, b\u00fck\u00fclmelerin ve filtrelerin aras\u0131ndan hava ak\u0131\u015f\u0131n\u0131n korunmas\u0131na yard\u0131mc\u0131 olurken,&nbsp;<strong>EC Motor + PWM Kontrol\u00fc<\/strong>&nbsp;T\u00fcm h\u0131z aral\u0131\u011f\u0131nda enerji tasarruflu, istikrarl\u0131 performans sa\u011flar.<\/p>\n\n\n\n<p>Ak\u0131ll\u0131 kontrol\u00f6r ve entegre s\u0131cakl\u0131k\/nem izleme \u00f6zelli\u011fi ile fan, hedef ortam\u0131n\u0131z\u0131 korumak i\u00e7in otomatik olarak yukar\u0131 veya a\u015fa\u011f\u0131 h\u0131zlanabilir; bu da b\u00fcy\u00fcme alanlar\u0131, ev havaland\u0131rma projeleri ve ekipman so\u011futmas\u0131 i\u00e7in idealdir.<\/p>\n<\/div><\/div><\/div>\n\n\n\n<div class=\"wp-block-stackable-column stk-block-column stk-column stk-block stk-03bc00f\" data-v=\"4\" data-block-id=\"03bc00f\"><div class=\"stk-column-wrapper stk-block-column__content stk-container stk-03bc00f-container stk--no-background stk--no-padding\"><div class=\"stk-block-content stk-inner-blocks stk-03bc00f-inner-blocks\"><figure class=\"wp-block-embed-youtube wp-block-embed is-type-video is-provider-youtube wp-embed-aspect-16-9 wp-has-aspect-ratio\"><div class=\"lyte-wrapper\" style=\"width:560px;max-width:100%;margin:5px auto;\"><div class=\"lyMe\" id=\"WYL_yY-lsTz0Fk4\"><div id=\"lyte_yY-lsTz0Fk4\" data-src=\"https:\/\/www.ecvents.com\/wp-content\/plugins\/wp-youtube-lyte\/lyteCache.php?origThumbUrl=%2F%2Fi.ytimg.com%2Fvi%2FyY-lsTz0Fk4%2Fhqdefault.jpg\" class=\"pL\"><div class=\"tC\"><div class=\"tT\"><\/div><\/div><div class=\"play\"><\/div><div class=\"ctrl\"><div class=\"Lctrl\"><\/div><div class=\"Rctrl\"><\/div><\/div><\/div><noscript><a href=\"https:\/\/youtu.be\/yY-lsTz0Fk4\" rel=\"nofollow noopener\" target=\"_blank\"><img loading=\"lazy\" decoding=\"async\" src=\"https:\/\/www.ecvents.com\/wp-content\/plugins\/wp-youtube-lyte\/lyteCache.php?origThumbUrl=https%3A%2F%2Fi.ytimg.com%2Fvi%2FyY-lsTz0Fk4%2F0.jpg\" alt=\"YouTube video thumbnail\" width=\"560\" height=\"295\" data-no-translation=\"\" \/><br \/>Bu videoyu youtube'da izleyin<\/a><\/noscript><\/div><\/div><div class=\"lL\" style=\"max-width:100%;width:560px;margin:5px auto;\"><\/div><figcaption><\/figcaption><\/figure><\/div><\/div><\/div>\n<\/div><\/div>\n\n\n\n<hr class=\"wp-block-separator has-alpha-channel-opacity\"\/>\n\n\n\n<h2 class=\"wp-block-heading\">neden seveceksin<\/h2>\n\n\n\n<h3 class=\"wp-block-heading\">1) Kar\u0131\u015f\u0131k ak\u0131\u015f tasar\u0131m\u0131 = daha g\u00fc\u00e7l\u00fc bas\u0131n\u00e7, daha iyi kanal performans\u0131<\/h3>\n\n\n\n<ul class=\"wp-block-list\">\n<li>gelen direnci idare eder\u00a0<strong>Uzun kanallar, dirsekler, \u0131zgaralar ve karbon filtreler<\/strong>\u00a0Standart eksenel fanlardan daha etkili<\/li>\n\n\n\n<li>Daha tutarl\u0131 havaland\u0131rma sonu\u00e7lar\u0131 i\u00e7in sabit hava ak\u0131\u015f\u0131n\u0131 korur<\/li>\n<\/ul>\n\n\n\n<h3 class=\"wp-block-heading\">2) EC motor = sessiz, verimli, uzun \u00f6m\u00fcrl\u00fc<\/h3>\n\n\n\n<ul class=\"wp-block-list\">\n<li>Geleneksel AC motorlara g\u00f6re daha d\u00fc\u015f\u00fck enerji t\u00fcketimi<\/li>\n\n\n\n<li>Daha sessiz \u00e7al\u0131\u015fma i\u00e7in azalt\u0131lm\u0131\u015f titre\u015fim ile daha p\u00fcr\u00fczs\u00fcz \u00e7al\u0131\u015f\u0131r<\/li>\n\n\n\n<li>S\u00fcrekli hizmet havaland\u0131rma uygulamalar\u0131 i\u00e7in \u00fcretilmi\u015ftir<\/li>\n<\/ul>\n\n\n\n<h3 class=\"wp-block-heading\">3) PWM kademesiz h\u0131z reg\u00fclasyonu<\/h3>\n\n\n\n<ul class=\"wp-block-list\">\n<li>Hava ak\u0131\u015f\u0131n\u0131 tam olarak ihtiya\u00e7lar\u0131n\u0131za g\u00f6re ince ayar yap\u0131n<\/li>\n\n\n\n<li>aras\u0131ndaki dengede aramak i\u00e7in m\u00fckemmel\u00a0<strong>G\u00fcr\u00fclt\u00fc seviyesi ve performans<\/strong><\/li>\n\n\n\n<li>Aral\u0131k genelinde kararl\u0131, p\u00fcr\u00fczs\u00fcz RPM kontrol\u00fc<\/li>\n<\/ul>\n\n\n\n<div class=\"wp-block-stackable-columns stk-block-columns stk-block stk-3ec5d2d\" data-block-id=\"3ec5d2d\"><style>.stk-3ec5d2d {margin-bottom:0px !important;}<\/style><div class=\"stk-row stk-inner-blocks stk-block-content stk-content-align stk-3ec5d2d-column\">\n<div class=\"wp-block-stackable-column stk-block-column stk-column stk-block stk-d92ef25\" data-v=\"4\" data-block-id=\"d92ef25\"><div class=\"stk-column-wrapper stk-block-column__content stk-container stk-d92ef25-container stk--no-background stk--no-padding\"><div class=\"stk-block-content stk-inner-blocks stk-d92ef25-inner-blocks\">\n<h3 class=\"wp-block-heading\">4) Ak\u0131ll\u0131 s\u0131cakl\u0131k ve nem kontrol\u00fc (otomatik mod)<\/h3>\n\n\n\n<ul class=\"wp-block-list\">\n<li>Entegre s\u0131cakl\u0131k ve nem sens\u00f6rleri \u00e7evreyi ger\u00e7ek zamanl\u0131 olarak izler<\/li>\n\n\n\n<li>Fan h\u0131z\u0131 de\u011fi\u015fen ko\u015fullara g\u00f6re otomatik olarak ayarlan\u0131r<\/li>\n\n\n\n<li>B\u00fcy\u00fcme odas\u0131 ikliminin dengelenmesine ve genel hava de\u011fi\u015fim verimlili\u011finin art\u0131r\u0131lmas\u0131na yard\u0131mc\u0131 olur<\/li>\n<\/ul>\n<\/div><\/div><\/div>\n\n\n\n<div class=\"wp-block-stackable-column stk-block-column stk-column stk-block stk-0677f2f\" data-v=\"4\" data-block-id=\"0677f2f\"><div class=\"stk-column-wrapper stk-block-column__content stk-container stk-0677f2f-container stk--no-background stk--no-padding\"><div class=\"stk-block-content stk-inner-blocks stk-0677f2f-inner-blocks\">\n<div class=\"wp-block-stackable-image stk-block-image stk-block stk-0560e25\" data-block-id=\"0560e25\"><style>.stk-0560e25 {margin-bottom:4px !important;}<\/style><figure><span class=\"stk-img-wrapper stk-image--shape-stretch\"><img loading=\"lazy\" decoding=\"async\" class=\"stk-img wp-image-4467\" src=\"https:\/\/www.ecvents.com\/wp-content\/uploads\/2025\/08\/kcvents-A-WiFi-Smart-Controller-for-EC-Mixed-Flow-Inline-Duct-Fan-Temp-Humidity-Auto-Control-1.jpg\" width=\"2000\" height=\"2000\" alt=\"Close-up of WiFi smart controller display showing temperature, humidity, fan speed, timer and auto mode for an EC mixed-flow inline duct fan\" srcset=\"https:\/\/www.ecvents.com\/wp-content\/uploads\/2025\/08\/kcvents-A-WiFi-Smart-Controller-for-EC-Mixed-Flow-Inline-Duct-Fan-Temp-Humidity-Auto-Control-1.jpg 2000w, https:\/\/www.ecvents.com\/wp-content\/uploads\/2025\/08\/kcvents-A-WiFi-Smart-Controller-for-EC-Mixed-Flow-Inline-Duct-Fan-Temp-Humidity-Auto-Control-1-300x300.jpg 300w, https:\/\/www.ecvents.com\/wp-content\/uploads\/2025\/08\/kcvents-A-WiFi-Smart-Controller-for-EC-Mixed-Flow-Inline-Duct-Fan-Temp-Humidity-Auto-Control-1-1024x1024.jpg 1024w, https:\/\/www.ecvents.com\/wp-content\/uploads\/2025\/08\/kcvents-A-WiFi-Smart-Controller-for-EC-Mixed-Flow-Inline-Duct-Fan-Temp-Humidity-Auto-Control-1-150x150.jpg 150w, https:\/\/www.ecvents.com\/wp-content\/uploads\/2025\/08\/kcvents-A-WiFi-Smart-Controller-for-EC-Mixed-Flow-Inline-Duct-Fan-Temp-Humidity-Auto-Control-1-768x768.jpg 768w, https:\/\/www.ecvents.com\/wp-content\/uploads\/2025\/08\/kcvents-A-WiFi-Smart-Controller-for-EC-Mixed-Flow-Inline-Duct-Fan-Temp-Humidity-Auto-Control-1-1536x1536.jpg 1536w, https:\/\/www.ecvents.com\/wp-content\/uploads\/2025\/08\/kcvents-A-WiFi-Smart-Controller-for-EC-Mixed-Flow-Inline-Duct-Fan-Temp-Humidity-Auto-Control-1-12x12.jpg 12w, https:\/\/www.ecvents.com\/wp-content\/uploads\/2025\/08\/kcvents-A-WiFi-Smart-Controller-for-EC-Mixed-Flow-Inline-Duct-Fan-Temp-Humidity-Auto-Control-1-500x500.jpg 500w, https:\/\/www.ecvents.com\/wp-content\/uploads\/2025\/08\/kcvents-A-WiFi-Smart-Controller-for-EC-Mixed-Flow-Inline-Duct-Fan-Temp-Humidity-Auto-Control-1-80x80.jpg 80w\" sizes=\"auto, (max-width: 2000px) 100vw, 2000px\" data-no-translation=\"\" \/><\/span><\/figure><\/div>\n<\/div><\/div><\/div>\n<\/div><\/div>\n\n\n\n<h3 class=\"wp-block-heading\">5) net ekran + basit kontroller<\/h3>\n\n\n\n<ul class=\"wp-block-list\">\n<li>Ger\u00e7ek zamanl\u0131 g\u00f6r\u00fcnt\u00fc\u00a0<strong>S\u0131cakl\u0131k, nem, fan h\u0131z\u0131\/rpm<\/strong>, ve \u00e7al\u0131\u015fma durumu<\/li>\n\n\n\n<li>Kolay mod de\u011fi\u015ftirme (\u00f6rn., A\u00c7IK\/KAPALI, ZAMANLAYICI, AUTO\u2014kontrol\u00f6r fonksiyonlar\u0131n\u0131za ba\u011fl\u0131 olarak)<\/li>\n<\/ul>\n\n\n\n<div class=\"wp-block-stackable-columns stk-block-columns stk-block stk-24c7662\" data-block-id=\"24c7662\"><div class=\"stk-row stk-inner-blocks stk-block-content stk-content-align stk-24c7662-column\">\n<div class=\"wp-block-stackable-column stk-block-column stk-column stk-block stk-1ac7d66\" data-v=\"4\" data-block-id=\"1ac7d66\"><div class=\"stk-column-wrapper stk-block-column__content stk-container stk-1ac7d66-container stk--no-background stk--no-padding\"><div class=\"stk-block-content stk-inner-blocks stk-1ac7d66-inner-blocks\">\n<h2 class=\"wp-block-heading\">i\u00e7in ideal<\/h2>\n\n\n\n<ul class=\"wp-block-list\">\n<li><strong>\u00c7ad\u0131r yeti\u015ftirme \/ oda havaland\u0131rmas\u0131<\/strong>\u00a0(Hidroponik, kapal\u0131 bah\u00e7eler, seralar)<\/li>\n\n\n\n<li><strong>koku giderici<\/strong>\u00a0(bir karbon filtre ile e\u015fle\u015ftirin)<\/li>\n\n\n\n<li><strong>Is\u0131\/So\u011futma Hava Transferi<\/strong>\u00a0Odalar aras\u0131nda<\/li>\n\n\n\n<li><strong>Hava sirk\u00fclasyonu ve havaland\u0131rma y\u00fckseltmeleri<\/strong>\u00a0Faydal\u0131 alanlarda<\/li>\n\n\n\n<li><strong>So\u011futma AV Raflar\u0131 \/ Medya Dolaplar\u0131 \/ A\u011f Dolaplar\u0131<\/strong><\/li>\n<\/ul>\n<\/div><\/div><\/div>\n\n\n\n<div class=\"wp-block-stackable-column stk-block-column stk-column stk-block stk-6d0a8cf\" data-v=\"4\" data-block-id=\"6d0a8cf\"><div class=\"stk-column-wrapper stk-block-column__content stk-container stk-6d0a8cf-container stk--no-background stk--no-padding\"><div class=\"stk-block-content stk-inner-blocks stk-6d0a8cf-inner-blocks\">\n<div class=\"wp-block-stackable-image stk-block-image stk-block stk-0776733\" data-block-id=\"0776733\"><figure><span class=\"stk-img-wrapper stk-image--shape-stretch\"><img loading=\"lazy\" decoding=\"async\" class=\"stk-img wp-image-4469\" src=\"https:\/\/www.ecvents.com\/wp-content\/uploads\/2025\/08\/EC-Mixed-Flow-Inline-Duct-Fan-for-Grow-Tent-Greenhouse-Kitchen-and-Garage-Ventilation-1.jpg\" width=\"1000\" height=\"1000\" alt=\"EC mixed-flow inline duct fan for ventilation and exhaust in garage, greenhouse, kitchen and indoor grow rooms, showing airflow direction\" srcset=\"https:\/\/www.ecvents.com\/wp-content\/uploads\/2025\/08\/EC-Mixed-Flow-Inline-Duct-Fan-for-Grow-Tent-Greenhouse-Kitchen-and-Garage-Ventilation-1.jpg 1000w, https:\/\/www.ecvents.com\/wp-content\/uploads\/2025\/08\/EC-Mixed-Flow-Inline-Duct-Fan-for-Grow-Tent-Greenhouse-Kitchen-and-Garage-Ventilation-1-300x300.jpg 300w, https:\/\/www.ecvents.com\/wp-content\/uploads\/2025\/08\/EC-Mixed-Flow-Inline-Duct-Fan-for-Grow-Tent-Greenhouse-Kitchen-and-Garage-Ventilation-1-150x150.jpg 150w, https:\/\/www.ecvents.com\/wp-content\/uploads\/2025\/08\/EC-Mixed-Flow-Inline-Duct-Fan-for-Grow-Tent-Greenhouse-Kitchen-and-Garage-Ventilation-1-768x768.jpg 768w, https:\/\/www.ecvents.com\/wp-content\/uploads\/2025\/08\/EC-Mixed-Flow-Inline-Duct-Fan-for-Grow-Tent-Greenhouse-Kitchen-and-Garage-Ventilation-1-12x12.jpg 12w, https:\/\/www.ecvents.com\/wp-content\/uploads\/2025\/08\/EC-Mixed-Flow-Inline-Duct-Fan-for-Grow-Tent-Greenhouse-Kitchen-and-Garage-Ventilation-1-500x500.jpg 500w, https:\/\/www.ecvents.com\/wp-content\/uploads\/2025\/08\/EC-Mixed-Flow-Inline-Duct-Fan-for-Grow-Tent-Greenhouse-Kitchen-and-Garage-Ventilation-1-80x80.jpg 80w\" sizes=\"auto, (max-width: 1000px) 100vw, 1000px\" data-no-translation=\"\" \/><\/span><\/figure><\/div>\n<\/div><\/div><\/div>\n<\/div><\/div>\n\n\n\n<h4 class=\"wp-block-heading\">\u00dcr\u00fcn Tablosu (in\u00e7):<\/h4>\n\n\n\n<figure class=\"wp-block-table\"><table><thead><tr><th>model<\/th><th>Boyutlar (L\u00d7G\u00d7Y, in\u00e7)<\/th><th>Kanal \u00c7ap\u0131<\/th><th>torpil<\/th><th>g\u00fc\u00e7<\/th><th>azami h\u0131z<\/th><th>Maksimum hava ak\u0131\u015f\u0131<\/th><th>g\u00fcr\u00fclt\u00fc etmek<\/th><th>G\u00fc\u00e7 kablosu uzunlu\u011fu<\/th><th>Fan-denetleyici kablosu<\/th><\/tr><\/thead><tbody><tr><td>KC100-A<\/td><td>11,93 \u00d7 7,95 \u00d7 7,48 in\u00e7<\/td><td>4 in\u00e7<\/td><td>AC 110\u2013240V, 50\/60Hz<\/td><td>30 W<\/td><td>2700 rpm<\/td><td>205 CFM<\/td><td>28 db<\/td><td>59.1<\/td><td>98.4<\/td><\/tr><tr><td>KC150-A<\/td><td>12.40 \u00d7 8.89 \u00d7 8.28 in\u00e7<\/td><td>6<\/td><td>AC 110\u2013240V, 50\/60Hz<\/td><td>50 W<\/td><td>2500 rpm<\/td><td>350 CFM<\/td><td>32 dB<\/td><td>59.1<\/td><td>98.4<\/td><\/tr><tr><td>KC200-A<\/td><td>12,99 \u00d7 9,92 \u00d7 9,25 in\u00e7<\/td><td>8 in\u00e7<\/td><td>AC 110\u2013240V, 50\/60Hz<\/td><td>70 W<\/td><td>2300 rpm<\/td><td>500 CFM<\/td><td>40 dB<\/td><td>59.1<\/td><td>98.4<\/td><\/tr><\/tbody><\/table><\/figure>\n\n\n\n<h4 class=\"wp-block-heading\">E\u011friler:<\/h4>\n\n\n\n<figure class=\"wp-block-image\"><img decoding=\"async\" src=\"https:\/\/www.kcvents.com\/wp-content\/uploads\/2025\/07\/%E6%9B%B2%E7%BA%BF%E5%9B%BEKC-A-M.jpg\" alt=\"\" class=\"wp-image-2391\" data-no-translation=\"\"\/><\/figure>\n\n\n\n<hr class=\"wp-block-separator has-alpha-channel-opacity\"\/>\n\n\n\n<h2 class=\"wp-block-heading\">Neler Dahil (Komple Kit)<\/h2>\n\n\n\n<ul class=\"wp-block-list\">\n<li>Sat\u0131r i\u00e7i kar\u0131\u015f\u0131k ak\u0131\u015fl\u0131 kanal fan\u0131 \u00d7 1<\/li>\n\n\n\n<li>Ak\u0131ll\u0131 kontrol\u00f6r\/ekran \u00d71<\/li>\n\n\n\n<li><strong>kablolu sens\u00f6r probu<\/strong>\u00a0(S\u0131cakl\u0131k ve Nem) \u00d71<\/li>\n\n\n\n<li>AC g\u00fc\u00e7 fi\u015fi \/ g\u00fc\u00e7 adapt\u00f6r\u00fc \u00d7 1<\/li>\n\n\n\n<li>Kanal Kelep\u00e7eleri \u00d72<\/li>\n\n\n\n<li>Montaj Donan\u0131m\u0131 \u00d7 1 Set<\/li>\n\n\n\n<li>Kurulum k\u0131lavuzu \u00d71<\/li>\n<\/ul>\n\n\n\n<p><\/p>","protected":false},"excerpt":{"rendered":"<ul>\n<li data-imt-p=\"1\"><strong>Ger\u00e7ek sessiz + y\u00fcksek verimlilik<\/strong>: Kar\u0131\u015f\u0131k ak\u0131\u015fl\u0131 \u00e7ark, bir\u00a0<strong>EC Motoru<\/strong>\u00a0D\u00fc\u015f\u00fck g\u00fcr\u00fclt\u00fc ve d\u00fc\u015f\u00fck g\u00fc\u00e7 \u00e7eki\u015fi ile g\u00fc\u00e7l\u00fc hava ak\u0131\u015f\u0131 sa\u011flar.<\/li>\n<li data-imt-p=\"1\"><strong>PWM kademesiz h\u0131z kontrol\u00fc<\/strong>: P\u00fcr\u00fczs\u00fcz, hassas h\u0131z ayar\u0131\u2014Ayarlar aras\u0131nda \u201catlama\u201d yok.<\/li>\n<li data-imt-p=\"1\"><strong>Otomatik iklim kontrol\u00fc<\/strong>: yerle\u015fik\u00a0<strong>S\u0131cakl\u0131k ve Nem Sens\u00f6rleri<\/strong>\u00a0Ger\u00e7ek zamanl\u0131 ko\u015fullara g\u00f6re otomatik fan h\u0131z\u0131 ayar\u0131n\u0131 etkinle\u015ftirin.<\/li>\n<li data-imt-p=\"1\"><strong>Kullan\u0131c\u0131 dostu ekran<\/strong>: Canl\u0131 okumalar\u00a0<strong>Fan h\u0131z\u0131, s\u0131cakl\u0131k ve nem<\/strong>, art\u0131 kolay mod de\u011fi\u015ftirme.<\/li>\n<li data-imt-p=\"1\"><strong>Hepsi bir arada kit<\/strong>: Sens\u00f6r probu, AC g\u00fc\u00e7 fi\u015fi\/adapt\u00f6r, kelep\u00e7eler ve montaja haz\u0131r montaj donan\u0131m\u0131 i\u00e7erir.<\/li>\n<\/ul>","protected":false},"featured_media":4463,"comment_status":"open","ping_status":"closed","template":"","meta":{"_acf_changed":false},"product_brand":[],"product_cat":[27],"product_tag":[],"class_list":{"0":"post-958","1":"product","2":"type-product","3":"status-publish","4":"has-post-thumbnail","6":"product_cat-inline-duct-fan","8":"first","9":"instock","10":"purchasable","11":"product-type-variable","12":"has-default-attributes"},"acf":[],"_links":{"self":[{"href":"https:\/\/www.ecvents.com\/tr\/wp-json\/wp\/v2\/product\/958","targetHints":{"allow":["GET"]}}],"collection":[{"href":"https:\/\/www.ecvents.com\/tr\/wp-json\/wp\/v2\/product"}],"about":[{"href":"https:\/\/www.ecvents.com\/tr\/wp-json\/wp\/v2\/types\/product"}],"replies":[{"embeddable":true,"href":"https:\/\/www.ecvents.com\/tr\/wp-json\/wp\/v2\/comments?post=958"}],"wp:featuredmedia":[{"embeddable":true,"href":"https:\/\/www.ecvents.com\/tr\/wp-json\/wp\/v2\/media\/4463"}],"wp:attachment":[{"href":"https:\/\/www.ecvents.com\/tr\/wp-json\/wp\/v2\/media?parent=958"}],"wp:term":[{"taxonomy":"product_brand","embeddable":true,"href":"https:\/\/www.ecvents.com\/tr\/wp-json\/wp\/v2\/product_brand?post=958"},{"taxonomy":"product_cat","embeddable":true,"href":"https:\/\/www.ecvents.com\/tr\/wp-json\/wp\/v2\/product_cat?post=958"},{"taxonomy":"product_tag","embeddable":true,"href":"https:\/\/www.ecvents.com\/tr\/wp-json\/wp\/v2\/product_tag?post=958"}],"curies":[{"name":"zamk","href":"https:\/\/api.w.org\/{rel}","templated":true}]}}