{"id":972,"date":"2025-08-21T07:59:38","date_gmt":"2025-08-21T07:59:38","guid":{"rendered":"https:\/\/ecvents.com\/?post_type=product&#038;p=972"},"modified":"2025-10-29T02:10:43","modified_gmt":"2025-10-29T07:10:43","slug":"ec-motor-deklansor-egzoz-fani","status":"publish","type":"product","link":"https:\/\/www.ecvents.com\/tr\/product\/ec-motor-deklansor-egzoz-fani\/","title":{"rendered":"EC motor deklan\u015f\u00f6r egzoz fan\u0131"},"content":{"rendered":"<div class=\"column mcb-column mcb-item-ef2dc8aa4 one laptop-one tablet-one mobile-one column_column vb-item\">\n<div class=\"mcb-column-inner mfn-module-wrapper mcb-column-inner-ef2dc8aa4 mcb-item-column-inner\">\n<div class=\"column_attr mfn-inline-editor clearfix\">\n<div class=\"mcb-wrap-background-overlay\">Parametre tablosu:<\/div>\n<div class=\"column mcb-column mcb-item-ef2dc8aa4 one laptop-one tablet-one mobile-one column_column vb-item\">\n<div class=\"mcb-column-inner mfn-module-wrapper mcb-column-inner-ef2dc8aa4 mcb-item-column-inner\">\n<div class=\"column_attr mfn-inline-editor clearfix\">\n<table class=\"w-fit min-w-(--thread-content-width)\" data-start=\"254\" data-end=\"2568\">\n<thead data-start=\"254\" data-end=\"431\">\n<tr data-start=\"254\" data-end=\"431\">\n<th data-start=\"254\" data-end=\"278\" data-col-size=\"sm\"><strong data-start=\"256\" data-end=\"273\">belirtme<\/strong><\/th>\n<th data-start=\"278\" data-end=\"431\" data-col-size=\"md\"><strong data-start=\"280\" data-end=\"291\">titiz<\/strong><\/th>\n<\/tr>\n<\/thead>\n<tbody data-start=\"610\" data-end=\"2568\">\n<tr data-start=\"610\" data-end=\"787\">\n<td data-start=\"610\" data-end=\"634\" data-col-size=\"sm\"><strong data-start=\"612\" data-end=\"624\">yelpaze boyutu<\/strong><\/td>\n<td data-col-size=\"md\" data-start=\"634\" data-end=\"787\">16 in\u00e7 (40,6 cm)<\/td>\n<\/tr>\n<tr data-start=\"788\" data-end=\"965\">\n<td data-start=\"788\" data-end=\"812\" data-col-size=\"sm\"><strong data-start=\"790\" data-end=\"812\">Genel boyutlar<\/strong><\/td>\n<td data-start=\"812\" data-end=\"965\" data-col-size=\"md\">19.09\" \u00d7 19.09\u2033 \u00d7 7.72\u2033 (48.5 \u00d7 48.5 \u00d7 19.6 cm)<\/td>\n<\/tr>\n<tr data-start=\"966\" data-end=\"1144\">\n<td data-start=\"966\" data-end=\"990\" data-col-size=\"sm\"><strong data-start=\"968\" data-end=\"990\">Montaj Deli\u011fi Boyutu<\/strong><\/td>\n<td data-start=\"990\" data-end=\"1144\" data-col-size=\"md\">Yakla\u015f\u0131k 16,92\" \u00d7 16,92\" (43 \u00d7 43 cm)<\/td>\n<\/tr>\n<tr data-start=\"1145\" data-end=\"1322\">\n<td data-start=\"1145\" data-end=\"1169\" data-col-size=\"sm\"><strong data-start=\"1147\" data-end=\"1167\">Hava Ak\u0131\u015f\u0131 Kapasitesi<\/strong><\/td>\n<td data-start=\"1169\" data-end=\"1322\" data-col-size=\"md\">2.560 CFM (y\u00fcksek verimli havaland\u0131rma)<\/td>\n<\/tr>\n<tr data-start=\"1323\" data-end=\"1501\">\n<td data-start=\"1323\" data-end=\"1347\" data-col-size=\"sm\"><strong data-start=\"1325\" data-end=\"1344\">statik bas\u0131n\u00e7<\/strong><\/td>\n<td data-col-size=\"md\" data-start=\"1347\" data-end=\"1501\">25,9 mm-H\u2082O (yakla\u015f\u0131k 96 Pa)<\/td>\n<\/tr>\n<tr data-start=\"1502\" data-end=\"1678\">\n<td data-start=\"1502\" data-end=\"1526\" data-col-size=\"sm\"><strong data-start=\"1504\" data-end=\"1519\">g\u00fcr\u00fclt\u00fc seviyesi<\/strong><\/td>\n<td data-start=\"1526\" data-end=\"1678\" data-col-size=\"md\">Tipik olarak 70 dBA (kaynaklar aras\u0131nda 67-70 dBA aras\u0131nda de\u011fi\u015fir)<\/td>\n<\/tr>\n<tr data-start=\"1679\" data-end=\"1856\">\n<td data-start=\"1679\" data-end=\"1703\" data-col-size=\"sm\"><strong data-start=\"1681\" data-end=\"1700\">S\u00fcr\u00fcc\u00fc ve Kontrol<\/strong><\/td>\n<td data-start=\"1703\" data-end=\"1856\" data-col-size=\"md\">PWM ak\u0131ll\u0131 mod\u00fclasyon, 10 vitesli (baz\u0131 modeller 8 vitesli), bellek fonksiyonu ile<\/td>\n<\/tr>\n<tr data-start=\"1857\" data-end=\"2034\">\n<td data-start=\"1857\" data-end=\"1881\" data-col-size=\"sm\"><strong data-start=\"1859\" data-end=\"1873\">motor tipi<\/strong><\/td>\n<td data-start=\"1881\" data-end=\"2034\" data-col-size=\"md\">EC (elektronik olarak de\u011fi\u015ftirilmi\u015f) enerji tasarruflu motor, d\u00fc\u015f\u00fck g\u00fcr\u00fclt\u00fc, y\u00fcksek verimlilik<\/td>\n<\/tr>\n<tr data-start=\"2035\" data-end=\"2212\">\n<td data-start=\"2035\" data-end=\"2059\" data-col-size=\"sm\"><strong data-start=\"2037\" data-end=\"2056\">G\u00fc\u00e7 \/ Ak\u0131m<\/strong><\/td>\n<td data-start=\"2059\" data-end=\"2212\" data-col-size=\"md\">100 W \/ 1,5 A (100\u2013240 V AC, 50\/60 Hz)<\/td>\n<\/tr>\n<tr data-start=\"2213\" data-end=\"2390\">\n<td data-start=\"2213\" data-end=\"2238\" data-col-size=\"sm\"><strong data-start=\"2215\" data-end=\"2238\">Rulmanlar ve \u00d6mr\u00fc<\/strong><\/td>\n<td data-start=\"2238\" data-end=\"2390\" data-col-size=\"md\">\u00c7ift bilyal\u0131 rulmanlar, 67.000 saat s\u00fcreyle L10 \u00f6mr\u00fc<\/td>\n<\/tr>\n<tr data-start=\"2391\" data-end=\"2568\">\n<td data-start=\"2391\" data-end=\"2415\" data-col-size=\"sm\"><strong data-start=\"2393\" data-end=\"2415\">Giri\u015f Korumas\u0131<\/strong><\/td>\n<td data-start=\"2415\" data-end=\"2568\" data-col-size=\"md\">IP-44 dereceli, toza ve suya dayan\u0131kl\u0131; korozyona dayan\u0131kl\u0131 yap\u0131sal tasar\u0131m<\/td>\n<\/tr>\n<\/tbody>\n<\/table>\n<\/div>\n<\/div>\n<\/div>\n<\/div>\n<\/div>\n<\/div>\n<div class=\"column mcb-column mcb-item-95b6ace20 one laptop-one tablet-one mobile-one column_column vb-item\">\n<div class=\"mcb-column-inner mfn-module-wrapper mcb-column-inner-95b6ace20 mcb-item-column-inner\">\n<div class=\"column_attr mfn-inline-editor clearfix\">\n<div class=\"button_align align_center\"><a class=\"button button_right button_size_2\" title=\"\" href=\"mailto:info@kcvents.com\" target=\"_blank\" rel=\"noopener\"><i class=\"icon-direction\" aria-hidden=\"true\"><\/i><span class=\"button_label\">\u8be2\u95ee<\/span><\/a><\/div>\n<\/div>\n<\/div>\n<\/div>","protected":false},"excerpt":{"rendered":"<h2>EC motor deklan\u015f\u00f6r egzoz fan\u0131<\/h2>\n<hr \/>\n<ol>\n<li>10 vitesli kontrol\u00f6rl\u00fc 16 in\u00e7 deklan\u015f\u00f6r, EC motor - hangarlar, tavan aralar\u0131, at\u00f6lyeler ve sera i\u00e7in duvara monte havaland\u0131rma ve so\u011futma.<\/li>\n<li>Verimli havaland\u0131rma: Y\u00fcksek hava ak\u0131ml\u0131 deklan\u015f\u00f6r fan\u0131 tasar\u0131m\u0131, 2560 CFM hava ak\u0131\u015f\u0131yla \u0131s\u0131y\u0131, nemi ve kokular\u0131 h\u0131zla giderir.<\/li>\n<li>Dayan\u0131kl\u0131 metal konstr\u00fcksiyon: Korozyona dayan\u0131kl\u0131 \u00e7elik panjurlar ve al\u00fcminyum b\u0131\u00e7aklar uzun \u00f6m\u00fcrl\u00fcd\u00fcr.<\/li>\n<li>P\u00fcr\u00fczs\u00fcz ve sessiz \u00e7al\u0131\u015fma: PWM'li EC motor sessiz performans (~70 dBA) sunar.<\/li>\n<li>Enerji tasarrufu ve ak\u0131ll\u0131 kullan\u0131ma haz\u0131r: Verimlilik i\u00e7in EC Motor + PWM; Ak\u0131ll\u0131 entegrasyon i\u00e7in UIS-platform uyumlu.<\/li>\n<li>Hassas ve \u00e7ok y\u00f6nl\u00fc: \u00d6zel ortamlar i\u00e7in bellekli 10 vitesli manuel kontrol\u00f6r.<\/li>\n<li>Ticari s\u0131n\u0131f tasar\u0131m: IP-44 dereceli, \u00e7ift bilyal\u0131 rulmanlar, zorlu uygulamalar i\u00e7in 67.000 saatlik kullan\u0131m \u00f6mr\u00fc.<\/li>\n<\/ol>\n<p><a class=\"button button_right button_size_2\" title=\"\" href=\"mailto:info@kcvents.com\" target=\"_blank\" rel=\"noopener\"><i class=\"icon-direction\" aria-hidden=\"true\"><\/i><span class=\"button_label\">soru\u015fturma<\/span><\/a>\u00a0 \u00a0 <a class=\"button button_right button_size_2\" title=\"\" href=\"https:\/\/www.kcvents.com\/portfolio-item\/ec-motor-shutter-exhaust-fan\" target=\"_blank\" rel=\"noopener\"><i class=\"icon-acrobat\" aria-hidden=\"true\"><\/i><span class=\"button_label\">katalog<\/span><\/a><\/p>","protected":false},"featured_media":976,"comment_status":"open","ping_status":"closed","template":"","meta":{"_acf_changed":false},"product_brand":[],"product_cat":[28],"product_tag":[],"class_list":{"0":"post-972","1":"product","2":"type-product","3":"status-publish","4":"has-post-thumbnail","6":"product_cat-exhaust-fan","8":"first","9":"instock","10":"taxable","11":"shipping-taxable","12":"purchasable","13":"product-type-simple"},"acf":[],"_links":{"self":[{"href":"https:\/\/www.ecvents.com\/tr\/wp-json\/wp\/v2\/product\/972","targetHints":{"allow":["GET"]}}],"collection":[{"href":"https:\/\/www.ecvents.com\/tr\/wp-json\/wp\/v2\/product"}],"about":[{"href":"https:\/\/www.ecvents.com\/tr\/wp-json\/wp\/v2\/types\/product"}],"replies":[{"embeddable":true,"href":"https:\/\/www.ecvents.com\/tr\/wp-json\/wp\/v2\/comments?post=972"}],"wp:featuredmedia":[{"embeddable":true,"href":"https:\/\/www.ecvents.com\/tr\/wp-json\/wp\/v2\/media\/976"}],"wp:attachment":[{"href":"https:\/\/www.ecvents.com\/tr\/wp-json\/wp\/v2\/media?parent=972"}],"wp:term":[{"taxonomy":"product_brand","embeddable":true,"href":"https:\/\/www.ecvents.com\/tr\/wp-json\/wp\/v2\/product_brand?post=972"},{"taxonomy":"product_cat","embeddable":true,"href":"https:\/\/www.ecvents.com\/tr\/wp-json\/wp\/v2\/product_cat?post=972"},{"taxonomy":"product_tag","embeddable":true,"href":"https:\/\/www.ecvents.com\/tr\/wp-json\/wp\/v2\/product_tag?post=972"}],"curies":[{"name":"zamk","href":"https:\/\/api.w.org\/{rel}","templated":true}]}}